{"id":243,"date":"2015-01-07T16:01:12","date_gmt":"2015-01-07T15:01:12","guid":{"rendered":"http:\/\/agora.xtec.cat\/escolarambletadelclot\/?page_id=243"},"modified":"2026-02-20T07:08:04","modified_gmt":"2026-02-20T06:08:04","slug":"consellescolar","status":"publish","type":"page","link":"https:\/\/agora.xtec.cat\/escolarambletadelclot\/consellescolar\/","title":{"rendered":"Consell Escolar"},"content":{"rendered":"<p><img loading=\"lazy\" decoding=\"async\" class=\"alignnone size-full wp-image-5000\" src=\"https:\/\/agora.xtec.cat\/escolarambletadelclot\/wp-content\/uploads\/usu436\/2020\/12\/consellescolar.jpg\" alt=\"\" width=\"2240\" height=\"1260\" srcset=\"https:\/\/agora.xtec.cat\/escolarambletadelclot\/wp-content\/uploads\/usu436\/2020\/12\/consellescolar.jpg 2240w, https:\/\/agora.xtec.cat\/escolarambletadelclot\/wp-content\/uploads\/usu436\/2020\/12\/consellescolar-300x169.jpg 300w, https:\/\/agora.xtec.cat\/escolarambletadelclot\/wp-content\/uploads\/usu436\/2020\/12\/consellescolar-768x432.jpg 768w, https:\/\/agora.xtec.cat\/escolarambletadelclot\/wp-content\/uploads\/usu436\/2020\/12\/consellescolar-1024x576.jpg 1024w\" sizes=\"auto, (max-width: 2240px) 100vw, 2240px\" \/><\/p>\n<p>El consell escolar del centre \u00e9s l&#8217;<strong>\u00f2rgan col\u00b7legiat de participaci\u00f3<\/strong> de la comunitat escolar en el govern del centre. En el consell escolar hi ha representats tots els col\u00b7lectius que intervenen en la comunitat educativa: <strong>equip directiu, professorat, alumnat, personal d&#8217;administraci\u00f3 i serveis, etc.<\/strong><\/p>\n<p>En els centres p\u00fablics, la funci\u00f3 principal del consell escolar \u00e9s <strong>participar en la presa de decisions en relaci\u00f3 amb aquells temes importants per al funcionament i l&#8217;organitzaci\u00f3 del centre<\/strong>: el projecte educatiu, la programaci\u00f3 general, la gesti\u00f3 econ\u00f2mica, etc.<\/p>\n<p>Els <strong>membres del consell escolar s\u00f3n elegits per un per\u00edode de quatre anys<\/strong> i es renoven per meitats cada dos anys. Com ja sabeu, enguany s&#8217;havien de celebrar les eleccions per a la renovaci\u00f3 parcial dels\u00a0consells\u00a0escolars, que s&#8217;organitzen el mes de novembre dels anys parells en els centres educatius.<\/p>\n<p>Totes les fam\u00edlies que vulguin contactar amb les fam\u00edlies representants al consell escolar ho poden fer a trav\u00e9s del correu consell.escolar@rambletadelclot.cat o amb el seg\u00fcent <a href=\"https:\/\/drive.google.com\/file\/d\/1JR6UCiug1D_QmmUa5R6gg9_y-4q-x6-4\/view?usp=drive_link\">formulari<\/a>.<\/p>\n<p>Els seg\u00fcents son els <strong>actuals representants del nostre consell escolar<\/strong>:<\/p>\n<p>&nbsp;<\/p>\n<table style=\"border-collapse: collapse; width: 100%;\">\n<tbody>\n<tr>\n<td style=\"width: 50%;\"><strong>Mares i pares:<\/strong><\/p>\n<p class=\"gmail_default\">Urtzi B.<\/p>\n<p class=\"gmail_default\">Anna R.<\/p>\n<p class=\"gmail_default\">Eli L. (AFA)<\/p>\n<p class=\"gmail_default\">Tanya M.<\/p>\n<p class=\"gmail_default\">Diego T.<\/p>\n<p>Ana T.<\/td>\n<td style=\"width: 50%;\"><strong>Equip directiu:<\/strong><\/p>\n<p class=\"gmail_default\">Ferran E.<\/p>\n<p>Elisenda B.<\/p>\n<p>Anna M.<\/td>\n<\/tr>\n<tr>\n<td style=\"width: 50%;\">\n<p class=\"gmail_default\"><strong>Mestres:<\/strong><\/p>\n<p class=\"gmail_default\">Marta B.<\/p>\n<p class=\"gmail_default\">Anna G.<\/p>\n<p class=\"gmail_default\">Ana G.<\/p>\n<p class=\"gmail_default\">Ricard M.<\/p>\n<p class=\"gmail_default\">Daniel P.<\/p>\n<p class=\"gmail_default\">Pilar Q.<\/p>\n<\/td>\n<td style=\"width: 50%;\"><strong>PAS i PAE:<\/strong><\/p>\n<p class=\"gmail_default\">Dolors M.<\/p>\n<p>Laura M.<\/p>\n<p><strong>Representant Municipal:<\/strong><\/p>\n<p>Cristina C.<\/td>\n<\/tr>\n<\/tbody>\n<\/table>\n<p><em>***Podeu consultar els resums de les \u00faltimes reunions del Consell Escolar aqu\u00ed:<\/em><\/p>\n<table style=\"border-collapse: collapse; width: 100%; height: 886px;\">\n<tbody>\n<tr style=\"height: 18px;\">\n<td style=\"width: 246.885px; height: 18px;\"><\/td>\n<td style=\"width: 246.885px; height: 18px;\"><\/td>\n<td style=\"width: 246.896px; height: 18px;\"><\/td>\n<\/tr>\n<tr style=\"height: 217px;\">\n<td style=\"width: 246.885px; height: 217px;\"><a href=\"https:\/\/drive.google.com\/file\/d\/1wH4di0WghiicGLNW7-0RRg6z9evnbigS\/view?usp=sharing\" target=\"_blank\" rel=\"noopener\"><img loading=\"lazy\" decoding=\"async\" class=\"alignnone wp-image-5060\" src=\"https:\/\/agora.xtec.cat\/escolarambletadelclot\/wp-content\/uploads\/usu436\/2021\/01\/pdf-icon.png\" alt=\"\" width=\"137\" height=\"137\" srcset=\"https:\/\/agora.xtec.cat\/escolarambletadelclot\/wp-content\/uploads\/usu436\/2021\/01\/pdf-icon.png 256w, https:\/\/agora.xtec.cat\/escolarambletadelclot\/wp-content\/uploads\/usu436\/2021\/01\/pdf-icon-150x150.png 150w\" sizes=\"auto, (max-width: 137px) 100vw, 137px\" \/><\/a><\/p>\n<p>Reuni\u00f3 CE 05\/02\/26<\/td>\n<td style=\"width: 246.885px; height: 217px;\"><a href=\"https:\/\/drive.google.com\/file\/d\/1iOI1CcletvmQPjWCQwIqJAcL30mZqd9r\/view?usp=sharing\" target=\"_blank\" rel=\"noopener\"><img loading=\"lazy\" decoding=\"async\" class=\"alignnone wp-image-5060\" src=\"https:\/\/agora.xtec.cat\/escolarambletadelclot\/wp-content\/uploads\/usu436\/2021\/01\/pdf-icon.png\" alt=\"\" width=\"137\" height=\"137\" srcset=\"https:\/\/agora.xtec.cat\/escolarambletadelclot\/wp-content\/uploads\/usu436\/2021\/01\/pdf-icon.png 256w, https:\/\/agora.xtec.cat\/escolarambletadelclot\/wp-content\/uploads\/usu436\/2021\/01\/pdf-icon-150x150.png 150w\" sizes=\"auto, (max-width: 137px) 100vw, 137px\" \/><\/a><\/p>\n<p>Reuni\u00f3 CE 11\/12\/25<\/td>\n<td style=\"width: 246.896px; height: 217px;\"><a href=\"https:\/\/drive.google.com\/file\/d\/1hbYQxjfzuVNymjq9druP1Ey2NiPdwez7\/view?usp=sharing\" target=\"_blank\" rel=\"noopener\"><img loading=\"lazy\" decoding=\"async\" class=\"alignnone wp-image-5060\" src=\"https:\/\/agora.xtec.cat\/escolarambletadelclot\/wp-content\/uploads\/usu436\/2021\/01\/pdf-icon.png\" alt=\"\" width=\"137\" height=\"137\" srcset=\"https:\/\/agora.xtec.cat\/escolarambletadelclot\/wp-content\/uploads\/usu436\/2021\/01\/pdf-icon.png 256w, https:\/\/agora.xtec.cat\/escolarambletadelclot\/wp-content\/uploads\/usu436\/2021\/01\/pdf-icon-150x150.png 150w\" sizes=\"auto, (max-width: 137px) 100vw, 137px\" \/><\/a><\/p>\n<p>Reuni\u00f3 CE 16\/11\/25<\/td>\n<\/tr>\n<tr style=\"height: 217px;\">\n<td style=\"width: 246.885px; height: 217px;\"><a href=\"https:\/\/drive.google.com\/file\/d\/13qvY0BJXI5uDRd3eXdZ89PyjPqodNVn3\/view?usp=sharing\" target=\"_blank\" rel=\"noopener\"><img loading=\"lazy\" decoding=\"async\" class=\"alignnone wp-image-5060\" src=\"https:\/\/agora.xtec.cat\/escolarambletadelclot\/wp-content\/uploads\/usu436\/2021\/01\/pdf-icon.png\" alt=\"\" width=\"137\" height=\"137\" srcset=\"https:\/\/agora.xtec.cat\/escolarambletadelclot\/wp-content\/uploads\/usu436\/2021\/01\/pdf-icon.png 256w, https:\/\/agora.xtec.cat\/escolarambletadelclot\/wp-content\/uploads\/usu436\/2021\/01\/pdf-icon-150x150.png 150w\" sizes=\"auto, (max-width: 137px) 100vw, 137px\" \/><\/a><\/p>\n<p>Reuni\u00f3 CE 26\/06\/25<\/td>\n<td style=\"width: 246.885px; height: 217px;\"><a href=\"https:\/\/drive.google.com\/file\/d\/1biuU1IfWTd-eU9d4EW9J62nBewlBkdTg\/view?usp=drive_link\" target=\"_blank\" rel=\"noopener\"><img loading=\"lazy\" decoding=\"async\" class=\"alignnone wp-image-5060\" src=\"https:\/\/agora.xtec.cat\/escolarambletadelclot\/wp-content\/uploads\/usu436\/2021\/01\/pdf-icon.png\" alt=\"\" width=\"137\" height=\"137\" srcset=\"https:\/\/agora.xtec.cat\/escolarambletadelclot\/wp-content\/uploads\/usu436\/2021\/01\/pdf-icon.png 256w, https:\/\/agora.xtec.cat\/escolarambletadelclot\/wp-content\/uploads\/usu436\/2021\/01\/pdf-icon-150x150.png 150w\" sizes=\"auto, (max-width: 137px) 100vw, 137px\" \/><\/a><\/p>\n<p>Reuni\u00f3 10\/04\/25<\/td>\n<td style=\"width: 246.896px; height: 217px;\"><a href=\"https:\/\/drive.google.com\/file\/d\/1VOCb9GsZxta9-2fPRH70bmYUrtd8aIHq\/view?usp=drive_link\" target=\"_blank\" rel=\"noopener\"><img loading=\"lazy\" decoding=\"async\" class=\"alignnone wp-image-5060\" src=\"https:\/\/agora.xtec.cat\/escolarambletadelclot\/wp-content\/uploads\/usu436\/2021\/01\/pdf-icon.png\" alt=\"\" width=\"137\" height=\"137\" srcset=\"https:\/\/agora.xtec.cat\/escolarambletadelclot\/wp-content\/uploads\/usu436\/2021\/01\/pdf-icon.png 256w, https:\/\/agora.xtec.cat\/escolarambletadelclot\/wp-content\/uploads\/usu436\/2021\/01\/pdf-icon-150x150.png 150w\" sizes=\"auto, (max-width: 137px) 100vw, 137px\" \/><\/a><\/p>\n<p>Reuni\u00f3 13\/02\/25<\/td>\n<\/tr>\n<tr style=\"height: 217px;\">\n<td style=\"width: 246.885px; height: 217px;\"><a href=\"https:\/\/drive.google.com\/file\/d\/1lIWmgQCJPqwdcfODH-vNZXTtS32Yw9yb\/view?usp=drive_link\" target=\"_blank\" rel=\"noopener\"><img loading=\"lazy\" decoding=\"async\" class=\"alignnone wp-image-5060\" src=\"https:\/\/agora.xtec.cat\/escolarambletadelclot\/wp-content\/uploads\/usu436\/2021\/01\/pdf-icon.png\" alt=\"\" width=\"137\" height=\"137\" srcset=\"https:\/\/agora.xtec.cat\/escolarambletadelclot\/wp-content\/uploads\/usu436\/2021\/01\/pdf-icon.png 256w, https:\/\/agora.xtec.cat\/escolarambletadelclot\/wp-content\/uploads\/usu436\/2021\/01\/pdf-icon-150x150.png 150w\" sizes=\"auto, (max-width: 137px) 100vw, 137px\" \/><\/a><\/p>\n<p>Reuni\u00f3 30\/01\/24<\/td>\n<td style=\"width: 246.885px; height: 217px;\"><a href=\"https:\/\/drive.google.com\/file\/d\/1PkpZ32E0NhzZeQC8wCcfxYa6Kt5ta7O9\/view?usp=drive_link\" target=\"_blank\" rel=\"noopener\"><img loading=\"lazy\" decoding=\"async\" class=\"alignnone wp-image-5060\" src=\"https:\/\/agora.xtec.cat\/escolarambletadelclot\/wp-content\/uploads\/usu436\/2021\/01\/pdf-icon.png\" alt=\"\" width=\"137\" height=\"137\" srcset=\"https:\/\/agora.xtec.cat\/escolarambletadelclot\/wp-content\/uploads\/usu436\/2021\/01\/pdf-icon.png 256w, https:\/\/agora.xtec.cat\/escolarambletadelclot\/wp-content\/uploads\/usu436\/2021\/01\/pdf-icon-150x150.png 150w\" sizes=\"auto, (max-width: 137px) 100vw, 137px\" \/><\/a><\/p>\n<p>Reuni\u00f3 CE 19\/02\/24<\/td>\n<td style=\"width: 246.896px; height: 217px;\"><a style=\"color: #2795b6;\" href=\"https:\/\/drive.google.com\/file\/d\/17djWwC5P9n2GlVUA3NGX6yZY874yd55M\/view?usp=drive_link\" target=\"_blank\" rel=\"noopener\"><img loading=\"lazy\" decoding=\"async\" class=\"alignnone wp-image-5060\" src=\"https:\/\/agora.xtec.cat\/escolarambletadelclot\/wp-content\/uploads\/usu436\/2021\/01\/pdf-icon.png\" alt=\"\" width=\"137\" height=\"137\" srcset=\"https:\/\/agora.xtec.cat\/escolarambletadelclot\/wp-content\/uploads\/usu436\/2021\/01\/pdf-icon.png 256w, https:\/\/agora.xtec.cat\/escolarambletadelclot\/wp-content\/uploads\/usu436\/2021\/01\/pdf-icon-150x150.png 150w\" sizes=\"auto, (max-width: 137px) 100vw, 137px\" \/><\/a><\/p>\n<p>Reuni\u00f3 CE 21\/11\/2024<\/td>\n<\/tr>\n<tr style=\"height: 217px;\">\n<td style=\"width: 246.885px; height: 217px;\"><a style=\"color: #2795b6;\" href=\"https:\/\/drive.google.com\/file\/d\/1XcxsKRir4QHuIUt8ngOGTPDU0ZDAWO-F\/view?usp=share_link\" target=\"_blank\" rel=\"noopener\"><img loading=\"lazy\" decoding=\"async\" class=\"alignnone wp-image-5060\" src=\"https:\/\/agora.xtec.cat\/escolarambletadelclot\/wp-content\/uploads\/usu436\/2021\/01\/pdf-icon.png\" alt=\"\" width=\"137\" height=\"137\" srcset=\"https:\/\/agora.xtec.cat\/escolarambletadelclot\/wp-content\/uploads\/usu436\/2021\/01\/pdf-icon.png 256w, https:\/\/agora.xtec.cat\/escolarambletadelclot\/wp-content\/uploads\/usu436\/2021\/01\/pdf-icon-150x150.png 150w\" sizes=\"auto, (max-width: 137px) 100vw, 137px\" \/><\/a><\/p>\n<p>Reuni\u00f3 CE 25\/05\/23<\/td>\n<td style=\"width: 246.885px; height: 217px;\"><a style=\"color: #2795b6;\" href=\"https:\/\/drive.google.com\/file\/d\/1_DP4LmV_Tlc4-89txIz5Hq4drODQ0hSN\/view?usp=drive_link\" target=\"_blank\" rel=\"noopener\"><img loading=\"lazy\" decoding=\"async\" class=\"alignnone wp-image-5060\" src=\"https:\/\/agora.xtec.cat\/escolarambletadelclot\/wp-content\/uploads\/usu436\/2021\/01\/pdf-icon.png\" alt=\"\" width=\"137\" height=\"137\" srcset=\"https:\/\/agora.xtec.cat\/escolarambletadelclot\/wp-content\/uploads\/usu436\/2021\/01\/pdf-icon.png 256w, https:\/\/agora.xtec.cat\/escolarambletadelclot\/wp-content\/uploads\/usu436\/2021\/01\/pdf-icon-150x150.png 150w\" sizes=\"auto, (max-width: 137px) 100vw, 137px\" \/><\/a><\/p>\n<p>Reuni\u00f3 CE 19\/10\/23<\/td>\n<td style=\"width: 246.896px; height: 217px;\"><a style=\"color: #2795b6;\" href=\"https:\/\/drive.google.com\/file\/d\/1SRp6-99y47NgihJ4Q4rJap8DpH-GS-rx\/view?usp=drive_link\" target=\"_blank\" rel=\"noopener\"><img loading=\"lazy\" decoding=\"async\" class=\"alignnone wp-image-5060\" src=\"https:\/\/agora.xtec.cat\/escolarambletadelclot\/wp-content\/uploads\/usu436\/2021\/01\/pdf-icon.png\" alt=\"\" width=\"137\" height=\"137\" srcset=\"https:\/\/agora.xtec.cat\/escolarambletadelclot\/wp-content\/uploads\/usu436\/2021\/01\/pdf-icon.png 256w, https:\/\/agora.xtec.cat\/escolarambletadelclot\/wp-content\/uploads\/usu436\/2021\/01\/pdf-icon-150x150.png 150w\" sizes=\"auto, (max-width: 137px) 100vw, 137px\" \/><\/a><\/p>\n<p>Reuni\u00f3 CE 28\/06\/23<\/td>\n<\/tr>\n<\/tbody>\n<\/table>\n<div><\/div>\n<div><\/div>\n<div><\/div>\n<div><\/div>\n<div>\n<div><\/div>\n<div><\/div>\n<div><\/div>\n<\/div>\n<div><\/div>\n<div><\/div>\n<p>&nbsp;<\/p>\n<div><\/div>\n<div><\/div>\n<p>&nbsp;<\/p>\n<div><\/div>\n<div><\/div>\n<p>&nbsp;<\/p>\n<div><\/div>\n","protected":false},"excerpt":{"rendered":"<p>El consell escolar del centre \u00e9s l&#8217;\u00f2rgan col\u00b7legiat de participaci\u00f3 de la comunitat escolar en el govern del centre. En el consell escolar hi ha representats tots els col\u00b7lectius que intervenen en la comunitat educativa: equip directiu, professorat, alumnat, personal d&#8217;administraci\u00f3 i serveis, etc. En els centres p\u00fablics, la funci\u00f3 principal del consell escolar \u00e9s [&hellip;]<\/p>\n","protected":false},"author":1,"featured_media":0,"parent":0,"menu_order":20,"comment_status":"closed","ping_status":"closed","template":"","meta":{"_bbp_topic_count":0,"_bbp_reply_count":0,"_bbp_total_topic_count":0,"_bbp_total_reply_count":0,"_bbp_voice_count":0,"_bbp_anonymous_reply_count":0,"_bbp_topic_count_hidden":0,"_bbp_reply_count_hidden":0,"_bbp_forum_subforum_count":0,"site-sidebar-layout":"default","site-content-layout":"","ast-site-content-layout":"default","site-content-style":"default","site-sidebar-style":"default","ast-global-header-display":"","ast-banner-title-visibility":"","ast-main-header-display":"","ast-hfb-above-header-display":"","ast-hfb-below-header-display":"","ast-hfb-mobile-header-display":"","site-post-title":"","ast-breadcrumbs-content":"","ast-featured-img":"","footer-sml-layout":"","theme-transparent-header-meta":"default","adv-header-id-meta":"","stick-header-meta":"","header-above-stick-meta":"","header-main-stick-meta":"","header-below-stick-meta":"","astra-migrate-meta-layouts":"set","ast-page-background-enabled":"default","ast-page-background-meta":{"desktop":{"background-color":"var(--ast-global-color-4)","background-image":"","background-repeat":"repeat","background-position":"center center","background-size":"auto","background-attachment":"scroll","background-type":"","background-media":"","overlay-type":"","overlay-color":"","overlay-opacity":"","overlay-gradient":""},"tablet":{"background-color":"","background-image":"","background-repeat":"repeat","background-position":"center center","background-size":"auto","background-attachment":"scroll","background-type":"","background-media":"","overlay-type":"","overlay-color":"","overlay-opacity":"","overlay-gradient":""},"mobile":{"background-color":"","background-image":"","background-repeat":"repeat","background-position":"center center","background-size":"auto","background-attachment":"scroll","background-type":"","background-media":"","overlay-type":"","overlay-color":"","overlay-opacity":"","overlay-gradient":""}},"ast-content-background-meta":{"desktop":{"background-color":"var(--ast-global-color-5)","background-image":"","background-repeat":"repeat","background-position":"center center","background-size":"auto","background-attachment":"scroll","background-type":"","background-media":"","overlay-type":"","overlay-color":"","overlay-opacity":"","overlay-gradient":""},"tablet":{"background-color":"var(--ast-global-color-5)","background-image":"","background-repeat":"repeat","background-position":"center center","background-size":"auto","background-attachment":"scroll","background-type":"","background-media":"","overlay-type":"","overlay-color":"","overlay-opacity":"","overlay-gradient":""},"mobile":{"background-color":"var(--ast-global-color-5)","background-image":"","background-repeat":"repeat","background-position":"center center","background-size":"auto","background-attachment":"scroll","background-type":"","background-media":"","overlay-type":"","overlay-color":"","overlay-opacity":"","overlay-gradient":""}},"footnotes":""},"class_list":["post-243","page","type-page","status-publish","hentry"],"post_mailing_queue_ids":[],"_links":{"self":[{"href":"https:\/\/agora.xtec.cat\/escolarambletadelclot\/wp-json\/wp\/v2\/pages\/243","targetHints":{"allow":["GET"]}}],"collection":[{"href":"https:\/\/agora.xtec.cat\/escolarambletadelclot\/wp-json\/wp\/v2\/pages"}],"about":[{"href":"https:\/\/agora.xtec.cat\/escolarambletadelclot\/wp-json\/wp\/v2\/types\/page"}],"author":[{"embeddable":true,"href":"https:\/\/agora.xtec.cat\/escolarambletadelclot\/wp-json\/wp\/v2\/users\/1"}],"replies":[{"embeddable":true,"href":"https:\/\/agora.xtec.cat\/escolarambletadelclot\/wp-json\/wp\/v2\/comments?post=243"}],"version-history":[{"count":6,"href":"https:\/\/agora.xtec.cat\/escolarambletadelclot\/wp-json\/wp\/v2\/pages\/243\/revisions"}],"predecessor-version":[{"id":6468,"href":"https:\/\/agora.xtec.cat\/escolarambletadelclot\/wp-json\/wp\/v2\/pages\/243\/revisions\/6468"}],"wp:attachment":[{"href":"https:\/\/agora.xtec.cat\/escolarambletadelclot\/wp-json\/wp\/v2\/media?parent=243"}],"curies":[{"name":"wp","href":"https:\/\/api.w.org\/{rel}","templated":true}]}}