{"id":164,"date":"2015-01-07T11:54:48","date_gmt":"2015-01-07T10:54:48","guid":{"rendered":"http:\/\/agora.xtec.cat\/escolarambletadelclot\/?page_id=164"},"modified":"2026-01-29T13:54:32","modified_gmt":"2026-01-29T12:54:32","slug":"equip-huma","status":"publish","type":"page","link":"https:\/\/agora.xtec.cat\/escolarambletadelclot\/lescola\/equip-huma\/","title":{"rendered":"Equip hum\u00e0"},"content":{"rendered":"<p>A m\u00e9s dels i les <strong>mestres tutores<\/strong>, tenim mestres <strong>especialistes de m\u00fasica<\/strong>, en <strong>educaci\u00f3 f\u00edsica<\/strong>, <strong>llengua anglesa<\/strong>, <strong>cultura digital<\/strong> i mestres de <strong>suport a la inclusi\u00f3<\/strong>. Comptem tamb\u00e9 amb suport intensiu per a l&#8217;<strong>escolaritzaci\u00f3 inclusiva<\/strong> (SIEI).<\/p>\n<p>Els alumnes de la comunitat de <strong>Menudes<\/strong> tenen el suport d&#8217;una TEEI (<strong>T\u00e8cnica d&#8217;Educaci\u00f3 Infantil<\/strong>). Hi ha un suport setmanal de l&#8217;equip d&#8217;<strong>assessorament psicopedag\u00f2gic<\/strong> de la zona (EAP) i d&#8217;un <strong>assessor de llengua, interculturalitat i cohesi\u00f3 social<\/strong> (LIC).<\/p>\n<div class=\"dclr\">\n<h2><a href=\"https:\/\/agora.xtec.cat\/escolarambletadelclot\/wp-content\/uploads\/usu436\/2026\/01\/Captura-de-pantalla-2026-01-29-135311.png\"><img loading=\"lazy\" decoding=\"async\" class=\"wp-image-6369 size-full aligncenter\" src=\"https:\/\/agora.xtec.cat\/escolarambletadelclot\/wp-content\/uploads\/usu436\/2026\/01\/Captura-de-pantalla-2026-01-29-135311.png\" alt=\"\" width=\"1003\" height=\"565\" srcset=\"https:\/\/agora.xtec.cat\/escolarambletadelclot\/wp-content\/uploads\/usu436\/2026\/01\/Captura-de-pantalla-2026-01-29-135311.png 1003w, https:\/\/agora.xtec.cat\/escolarambletadelclot\/wp-content\/uploads\/usu436\/2026\/01\/Captura-de-pantalla-2026-01-29-135311-300x169.png 300w, https:\/\/agora.xtec.cat\/escolarambletadelclot\/wp-content\/uploads\/usu436\/2026\/01\/Captura-de-pantalla-2026-01-29-135311-768x433.png 768w\" sizes=\"auto, (max-width: 1003px) 100vw, 1003px\" \/><\/a><\/h2>\n<h2><strong><span style=\"text-decoration: underline;\">Equip Directiu:<\/span><\/strong><\/h2>\n<p>Secret\u00e0ria: Anna M.<\/p>\n<p>Cap d&#8217;Estudis: Eli B.<\/p>\n<p>Director: Ferran E.<\/p>\n<\/div>\n<div>\n<div id=\"id_1\">\n<h2><strong><span style=\"text-decoration: underline;\">Personal d&#8217;administraci\u00f3 i serveis:<\/span><\/strong><\/h2>\n<p>Conserge: Dolors M.<\/p>\n<p>Administrativa: Marta G.<\/p>\n<p>Coordinadora de Temps de Migdia: C\u00e8lia M.<\/p>\n<\/div>\n<\/div>\n","protected":false},"excerpt":{"rendered":"<p>A m\u00e9s dels i les mestres tutores, tenim mestres especialistes de m\u00fasica, en educaci\u00f3 f\u00edsica, llengua anglesa, cultura digital i mestres de suport a la inclusi\u00f3. Comptem tamb\u00e9 amb suport intensiu per a l&#8217;escolaritzaci\u00f3 inclusiva (SIEI). Els alumnes de la comunitat de Menudes tenen el suport d&#8217;una TEEI (T\u00e8cnica d&#8217;Educaci\u00f3 Infantil). Hi ha un suport [&hellip;]<\/p>\n","protected":false},"author":1,"featured_media":0,"parent":22,"menu_order":30,"comment_status":"closed","ping_status":"closed","template":"","meta":{"_bbp_topic_count":0,"_bbp_reply_count":0,"_bbp_total_topic_count":0,"_bbp_total_reply_count":0,"_bbp_voice_count":0,"_bbp_anonymous_reply_count":0,"_bbp_topic_count_hidden":0,"_bbp_reply_count_hidden":0,"_bbp_forum_subforum_count":0,"site-sidebar-layout":"default","site-content-layout":"","ast-site-content-layout":"default","site-content-style":"default","site-sidebar-style":"default","ast-global-header-display":"","ast-banner-title-visibility":"","ast-main-header-display":"","ast-hfb-above-header-display":"","ast-hfb-below-header-display":"","ast-hfb-mobile-header-display":"","site-post-title":"","ast-breadcrumbs-content":"","ast-featured-img":"","footer-sml-layout":"","theme-transparent-header-meta":"default","adv-header-id-meta":"","stick-header-meta":"","header-above-stick-meta":"","header-main-stick-meta":"","header-below-stick-meta":"","astra-migrate-meta-layouts":"set","ast-page-background-enabled":"default","ast-page-background-meta":{"desktop":{"background-color":"var(--ast-global-color-4)","background-image":"","background-repeat":"repeat","background-position":"center center","background-size":"auto","background-attachment":"scroll","background-type":"","background-media":"","overlay-type":"","overlay-color":"","overlay-opacity":"","overlay-gradient":""},"tablet":{"background-color":"","background-image":"","background-repeat":"repeat","background-position":"center center","background-size":"auto","background-attachment":"scroll","background-type":"","background-media":"","overlay-type":"","overlay-color":"","overlay-opacity":"","overlay-gradient":""},"mobile":{"background-color":"","background-image":"","background-repeat":"repeat","background-position":"center center","background-size":"auto","background-attachment":"scroll","background-type":"","background-media":"","overlay-type":"","overlay-color":"","overlay-opacity":"","overlay-gradient":""}},"ast-content-background-meta":{"desktop":{"background-color":"var(--ast-global-color-5)","background-image":"","background-repeat":"repeat","background-position":"center center","background-size":"auto","background-attachment":"scroll","background-type":"","background-media":"","overlay-type":"","overlay-color":"","overlay-opacity":"","overlay-gradient":""},"tablet":{"background-color":"var(--ast-global-color-5)","background-image":"","background-repeat":"repeat","background-position":"center center","background-size":"auto","background-attachment":"scroll","background-type":"","background-media":"","overlay-type":"","overlay-color":"","overlay-opacity":"","overlay-gradient":""},"mobile":{"background-color":"var(--ast-global-color-5)","background-image":"","background-repeat":"repeat","background-position":"center center","background-size":"auto","background-attachment":"scroll","background-type":"","background-media":"","overlay-type":"","overlay-color":"","overlay-opacity":"","overlay-gradient":""}},"footnotes":""},"class_list":["post-164","page","type-page","status-publish","hentry"],"post_mailing_queue_ids":[],"_links":{"self":[{"href":"https:\/\/agora.xtec.cat\/escolarambletadelclot\/wp-json\/wp\/v2\/pages\/164","targetHints":{"allow":["GET"]}}],"collection":[{"href":"https:\/\/agora.xtec.cat\/escolarambletadelclot\/wp-json\/wp\/v2\/pages"}],"about":[{"href":"https:\/\/agora.xtec.cat\/escolarambletadelclot\/wp-json\/wp\/v2\/types\/page"}],"author":[{"embeddable":true,"href":"https:\/\/agora.xtec.cat\/escolarambletadelclot\/wp-json\/wp\/v2\/users\/1"}],"replies":[{"embeddable":true,"href":"https:\/\/agora.xtec.cat\/escolarambletadelclot\/wp-json\/wp\/v2\/comments?post=164"}],"version-history":[{"count":6,"href":"https:\/\/agora.xtec.cat\/escolarambletadelclot\/wp-json\/wp\/v2\/pages\/164\/revisions"}],"predecessor-version":[{"id":6370,"href":"https:\/\/agora.xtec.cat\/escolarambletadelclot\/wp-json\/wp\/v2\/pages\/164\/revisions\/6370"}],"up":[{"embeddable":true,"href":"https:\/\/agora.xtec.cat\/escolarambletadelclot\/wp-json\/wp\/v2\/pages\/22"}],"wp:attachment":[{"href":"https:\/\/agora.xtec.cat\/escolarambletadelclot\/wp-json\/wp\/v2\/media?parent=164"}],"curies":[{"name":"wp","href":"https:\/\/api.w.org\/{rel}","templated":true}]}}