{"id":1187,"date":"2015-03-26T18:18:55","date_gmt":"2015-03-26T17:18:55","guid":{"rendered":"http:\/\/agora.xtec.cat\/escolarambletadelclot\/?page_id=1187"},"modified":"2015-03-28T17:45:09","modified_gmt":"2015-03-28T16:45:09","slug":"projecte-de-quart-guio-de-treball","status":"publish","type":"page","link":"https:\/\/agora.xtec.cat\/escolarambletadelclot\/projecte-de-quart-guio-de-treball\/","title":{"rendered":"Projecte de quart (Gui\u00f3 de treball)"},"content":{"rendered":"<h1>LA MEDITERR\u00c0NIA<\/h1>\n<h4>QU\u00c8 POT TREBALLAR CADA GRUP?<\/h4>\n<table>\n<tbody>\n<tr>\n<td style=\"width: 80px; text-align: center; background-color: #8ed3f5;\" width=\"41\"><strong>GRUP 1<\/strong><\/td>\n<td width=\"667\">\n<ul>\n<li>Qu\u00e8 vol dir \u201cMediterr\u00e0nia\u201d? I \u201cmare nostrum\u201d?<\/li>\n<li>Continents que conflueixen a la Mediterr\u00e0nia.<\/li>\n<li>Mapa i llista dels pa\u00efsos de la Mediterr\u00e0nia.<\/li>\n<li>Capitals de cada pa\u00eds de la Mediterr\u00e0nia. Mapa.<\/li>\n<li>Banderes de cada pa\u00eds.<\/li>\n<li>Les lleng\u00fces de cada pa\u00eds de la Mediterr\u00e0nia. Alfabets diferents.<\/li>\n<li>Origen d\u2019algunes paraules.<\/li>\n<li>Les religions m\u00e9s importants de la Mediterr\u00e0nia. Mapa.<\/li>\n<li>Poblaci\u00f3: pa\u00efsos amb m\u00e9s poblaci\u00f3 i amb menys poblaci\u00f3.<\/li>\n<li>Monuments m\u00e9s representatius de cada pa\u00eds.<\/li>\n<li>Petit resum d\u2019hist\u00f2ria dels pa\u00efsos de la Mediterr\u00e0nia.<\/li>\n<li>Antigues civilitzacions: els grecs, els romans, l\u2019antic Egipte,&#8230;<\/li>\n<li>\u00c8poca dels pirates de la Mediterr\u00e0nia. Les \u201ctorres de guaita\u201d de la costa.<\/li>\n<li>Conflictes actuals als pa\u00efsos mediterranis. Guerres.<\/li>\n<li>&#8230;<\/li>\n<\/ul>\n<\/td>\n<\/tr>\n<tr>\n<td style=\"width: 41px; text-align: center; background-color: #9cffdc;\" width=\"41\"><strong>GRUP 2<\/strong><\/td>\n<td width=\"667\">\n<ul>\n<li>Fauna m\u00e9s representativa de la Mediterr\u00e0nia.<\/li>\n<li>Exemples d\u2019animals vertebrats. Exemples d\u2019animals invertebrats.<\/li>\n<li>Animals del fons mar\u00ed m\u00e9s significatius: peixos, mol\u00b7luscs,&#8230;<\/li>\n<li>Explicar un animal: com \u00e9s, com es despla\u00e7a, com s\u2019alimenta, com es reprodueix,&#8230;<\/li>\n<li>Animals (de la Mediterr\u00e0nia) en perill d\u2019extinci\u00f3.<\/li>\n<li>Vegetaci\u00f3 m\u00e9s representativa de la Mediterr\u00e0nia.<\/li>\n<li>Exemples d\u2019arbres. Exemples d\u2019arbusts. Exemples d\u2019herbes.<\/li>\n<li>Explicar un arbre (per exemple l\u2019alzina surera): nom, tipus de fulla, flors, fruits, utilitat, fotos,&#8230;<\/li>\n<li>L&#8217;olivera.<\/li>\n<li>La vinya.<\/li>\n<li>Bolets dels boscos mediterranis.<\/li>\n<li>Algues del fons mar\u00ed.<\/li>\n<li>&#8230;<\/li>\n<\/ul>\n<\/td>\n<\/tr>\n<tr>\n<td style=\"width: 41px; text-align: center; background-color: #f5f298;\" width=\"41\"><strong>GRUP 3<\/strong><\/td>\n<td width=\"667\">\n<ul>\n<li>El medi f\u00edsic: el relleu, les muntanyes m\u00e9s altes, cadenes de muntanyes, les illes m\u00e9s grans, pen\u00ednsules, caps i golfs, estrets, volcans, illes d\u2019origen volc\u00e0nic,&#8230;<\/li>\n<li>Els \u201cmars\u201d de la Mediterr\u00e0nia.<\/li>\n<li>Mapa del relleu terrestre. Mapa del relleu del fons del mar.<\/li>\n<li>Com \u00e9s el clima mediterrani: temperatures, precipitacions,&#8230;<\/li>\n<li>Temperatures i precipitacions a cada estaci\u00f3 de l\u2019any.<\/li>\n<li>Llocs del m\u00f3n que tenen clima Mediterrani.<\/li>\n<li>La rosa dels vents. Noms dels 8 vents.<\/li>\n<li>El cicle de l\u2019aigua.<\/li>\n<li>Ecosistema del fons del mar.<\/li>\n<li>Ecosistema del bosc mediterrani.<\/li>\n<li>Ecosistema de la bassa d\u2019aigua dol\u00e7a.<\/li>\n<li>Cadenes aliment\u00e0ries.<\/li>\n<li>Perills que amenacen els ecosistemes. Com afecta el canvi clim\u00e0tic?<\/li>\n<li>Principals causes de la contaminaci\u00f3 del mar. Conseq\u00fc\u00e8ncies.<\/li>\n<li>Llocs m\u00e9s contaminats de la Mediterr\u00e0nia.<\/li>\n<li>Tractament de l\u2019agua. Depuradores.<\/li>\n<li>Espais protegits. Explicar un exemple: el Delta de l\u2019Ebre, Do\u00f1ana,&#8230;<\/li>\n<li>Fonts d\u2019energia. Energies renovables. Energies no renovables.<\/li>\n<li>&#8230;<\/li>\n<\/ul>\n<\/td>\n<\/tr>\n<tr>\n<td style=\"width: 41px; text-align: center; background-color: #ffabab;\" width=\"41\"><strong>GRUP 4<\/strong><\/td>\n<td width=\"667\">\n<ul>\n<li>Tipus de pesca. Arts de pesca. Oficis relacionats amb el mar.<\/li>\n<li>Tipus de vaixells de pesca.<\/li>\n<li>La dieta mediterr\u00e0nia: en qu\u00e8 consisteix, per qu\u00e8 \u00e9s tant saludable,&#8230;<\/li>\n<li>Aliments principals de la dieta mediterr\u00e0nia.<\/li>\n<li>Un men\u00fa t\u00edpic de la dieta mediterr\u00e0nia.<\/li>\n<li>L\u2019olivera. Com es fa l\u2019oli. La vinya. Com es fa el vi.<\/li>\n<li>Sectors productius dels pa\u00efsos de la Mediterr\u00e0nia.<\/li>\n<li>Els mitjans de transport mar\u00edtim: mercaderies, passatgers, esportius,&#8230;<\/li>\n<li>Els fars de la costa.<\/li>\n<li>El turisme. Principals centres tur\u00edstics. Les platges m\u00e9s famoses.<\/li>\n<li>Perills del turisme.<\/li>\n<li>Hist\u00f2ries de pirates.<\/li>\n<li>&#8230;<\/li>\n<\/ul>\n<\/td>\n<\/tr>\n<tr>\n<td style=\"width: 41px; text-align: center; background-color: #ffffff;\" width=\"41\"><\/td>\n<td width=\"667\">\u00a0Cliqueu \u00a0<a title=\"LINKS\" href=\"http:\/\/agora.xtec.cat\/escolarambletadelclot\/la-mediterrania\/\">AQU\u00cd<\/a> \u00a0per veure molts links que us poden ajudar a fer el vostre treball<\/td>\n<\/tr>\n<\/tbody>\n<\/table>\n","protected":false},"excerpt":{"rendered":"<p>LA MEDITERR\u00c0NIA QU\u00c8 POT TREBALLAR CADA GRUP? GRUP 1 Qu\u00e8 vol dir \u201cMediterr\u00e0nia\u201d? I \u201cmare nostrum\u201d? Continents que conflueixen a la Mediterr\u00e0nia. Mapa i llista dels pa\u00efsos de la Mediterr\u00e0nia. Capitals de cada pa\u00eds de la Mediterr\u00e0nia. Mapa. Banderes de cada pa\u00eds. Les lleng\u00fces de cada pa\u00eds de la Mediterr\u00e0nia. Alfabets diferents. Origen d\u2019algunes paraules. [&hellip;]<\/p>\n","protected":false},"author":1,"featured_media":0,"parent":0,"menu_order":0,"comment_status":"closed","ping_status":"closed","template":"","meta":{"_bbp_topic_count":0,"_bbp_reply_count":0,"_bbp_total_topic_count":0,"_bbp_total_reply_count":0,"_bbp_voice_count":0,"_bbp_anonymous_reply_count":0,"_bbp_topic_count_hidden":0,"_bbp_reply_count_hidden":0,"_bbp_forum_subforum_count":0,"site-sidebar-layout":"default","site-content-layout":"","ast-site-content-layout":"","site-content-style":"default","site-sidebar-style":"default","ast-global-header-display":"","ast-banner-title-visibility":"","ast-main-header-display":"","ast-hfb-above-header-display":"","ast-hfb-below-header-display":"","ast-hfb-mobile-header-display":"","site-post-title":"","ast-breadcrumbs-content":"","ast-featured-img":"","footer-sml-layout":"","theme-transparent-header-meta":"","adv-header-id-meta":"","stick-header-meta":"","header-above-stick-meta":"","header-main-stick-meta":"","header-below-stick-meta":"","astra-migrate-meta-layouts":"default","ast-page-background-enabled":"default","ast-page-background-meta":{"desktop":{"background-color":"var(--ast-global-color-4)","background-image":"","background-repeat":"repeat","background-position":"center center","background-size":"auto","background-attachment":"scroll","background-type":"","background-media":"","overlay-type":"","overlay-color":"","overlay-opacity":"","overlay-gradient":""},"tablet":{"background-color":"","background-image":"","background-repeat":"repeat","background-position":"center center","background-size":"auto","background-attachment":"scroll","background-type":"","background-media":"","overlay-type":"","overlay-color":"","overlay-opacity":"","overlay-gradient":""},"mobile":{"background-color":"","background-image":"","background-repeat":"repeat","background-position":"center center","background-size":"auto","background-attachment":"scroll","background-type":"","background-media":"","overlay-type":"","overlay-color":"","overlay-opacity":"","overlay-gradient":""}},"ast-content-background-meta":{"desktop":{"background-color":"var(--ast-global-color-5)","background-image":"","background-repeat":"repeat","background-position":"center center","background-size":"auto","background-attachment":"scroll","background-type":"","background-media":"","overlay-type":"","overlay-color":"","overlay-opacity":"","overlay-gradient":""},"tablet":{"background-color":"var(--ast-global-color-5)","background-image":"","background-repeat":"repeat","background-position":"center center","background-size":"auto","background-attachment":"scroll","background-type":"","background-media":"","overlay-type":"","overlay-color":"","overlay-opacity":"","overlay-gradient":""},"mobile":{"background-color":"var(--ast-global-color-5)","background-image":"","background-repeat":"repeat","background-position":"center center","background-size":"auto","background-attachment":"scroll","background-type":"","background-media":"","overlay-type":"","overlay-color":"","overlay-opacity":"","overlay-gradient":""}},"footnotes":""},"class_list":["post-1187","page","type-page","status-publish","hentry"],"post_mailing_queue_ids":[],"_links":{"self":[{"href":"https:\/\/agora.xtec.cat\/escolarambletadelclot\/wp-json\/wp\/v2\/pages\/1187","targetHints":{"allow":["GET"]}}],"collection":[{"href":"https:\/\/agora.xtec.cat\/escolarambletadelclot\/wp-json\/wp\/v2\/pages"}],"about":[{"href":"https:\/\/agora.xtec.cat\/escolarambletadelclot\/wp-json\/wp\/v2\/types\/page"}],"author":[{"embeddable":true,"href":"https:\/\/agora.xtec.cat\/escolarambletadelclot\/wp-json\/wp\/v2\/users\/1"}],"replies":[{"embeddable":true,"href":"https:\/\/agora.xtec.cat\/escolarambletadelclot\/wp-json\/wp\/v2\/comments?post=1187"}],"version-history":[{"count":4,"href":"https:\/\/agora.xtec.cat\/escolarambletadelclot\/wp-json\/wp\/v2\/pages\/1187\/revisions"}],"predecessor-version":[{"id":1228,"href":"https:\/\/agora.xtec.cat\/escolarambletadelclot\/wp-json\/wp\/v2\/pages\/1187\/revisions\/1228"}],"wp:attachment":[{"href":"https:\/\/agora.xtec.cat\/escolarambletadelclot\/wp-json\/wp\/v2\/media?parent=1187"}],"curies":[{"name":"wp","href":"https:\/\/api.w.org\/{rel}","templated":true}]}}