{"id":38,"date":"2014-09-18T12:34:08","date_gmt":"2014-09-18T10:34:08","guid":{"rendered":"http:\/\/agora.xtec.cat\/escolaprogres\/?page_id=38"},"modified":"2020-07-08T18:56:09","modified_gmt":"2020-07-08T16:56:09","slug":"personal","status":"publish","type":"page","link":"https:\/\/agora.xtec.cat\/escolaprogres\/curs-20192020\/personal\/","title":{"rendered":"Personal del centre 20"},"content":{"rendered":"<p class=\"Estilo2\">EQUIP PEDAG\u00d2GIC 20<\/p>\n<p class=\"Estilo2\">EDUCACI\u00d3 INFANTIL<\/p>\n<table border=\"1\" width=\"610\">\n<tbody>\n<tr>\n<td class=\"Estilo2\" style=\"width: 61.6px;\" height=\"39\">P3A<\/td>\n<td class=\"Estilo2\" style=\"width: 122.4px;\"><\/td>\n<td class=\"Estilo2\" style=\"width: 48px;\">P3B<\/td>\n<td class=\"Estilo2\" style=\"width: 126.4px;\"><\/td>\n<td class=\"Estilo2\" style=\"width: 48px;\"><\/td>\n<td class=\"Estilo2\" style=\"width: 190.4px;\"><\/td>\n<\/tr>\n<tr>\n<td class=\"Estilo2\" style=\"width: 61.6px;\" height=\"38\">P4A<\/td>\n<td class=\"Estilo2\" style=\"width: 122.4px;\"><\/td>\n<td class=\"Estilo2\" style=\"width: 48px;\">P4B<\/td>\n<td class=\"Estilo2\" style=\"width: 126.4px;\"><\/td>\n<td class=\"Estilo2\" style=\"width: 48px;\">P4C<\/td>\n<td class=\"Estilo2\" style=\"width: 190.4px;\"><\/td>\n<\/tr>\n<tr>\n<td class=\"Estilo2\" style=\"width: 61.6px;\" height=\"35\">P5A<\/td>\n<td class=\"Estilo2\" style=\"width: 122.4px;\"><\/td>\n<td class=\"Estilo2\" style=\"width: 48px;\">P5B<\/td>\n<td class=\"Estilo2\" style=\"width: 126.4px;\"><\/td>\n<td class=\"Estilo2\" style=\"width: 48px;\"><\/td>\n<td class=\"Estilo2\" style=\"width: 190.4px;\"><\/td>\n<\/tr>\n<tr>\n<td class=\"Estilo2\" style=\"width: 61.6px;\" height=\"37\">Refor\u00e7<\/td>\n<td class=\"Estilo2\" style=\"width: 541.6px;\" colspan=\"5\"><\/td>\n<\/tr>\n<tr>\n<td class=\"Estilo2\" style=\"width: 61.6px;\" height=\"36\">TEI<\/td>\n<td class=\"Estilo2\" style=\"width: 541.6px;\" colspan=\"5\"><\/td>\n<\/tr>\n<\/tbody>\n<\/table>\n<p class=\"Estilo2\">\u00a0EDUCACI\u00d3 PRIM\u00c0RIA<\/p>\n<table style=\"height: 226px;\" border=\"1\" width=\"606\">\n<tbody>\n<tr style=\"height: 33px;\">\n<td class=\"Estilo2\" style=\"height: 33px; width: 92.1833px;\">1rA<\/td>\n<td class=\"Estilo2\" style=\"height: 33px; width: 170.45px;\"><\/td>\n<td class=\"Estilo2\" style=\"height: 33px; width: 47.5833px;\">1rB<\/td>\n<td class=\"Estilo2\" style=\"height: 33px; width: 284.017px;\"><\/td>\n<\/tr>\n<tr style=\"height: 33px;\">\n<td class=\"Estilo2\" style=\"height: 33px; width: 92.1833px;\">2nA<\/td>\n<td class=\"Estilo2\" style=\"height: 33px; width: 170.45px;\"><\/td>\n<td class=\"Estilo2\" style=\"height: 33px; width: 47.5833px;\">2nB<\/td>\n<td class=\"Estilo2\" style=\"height: 33px; width: 284.017px;\"><\/td>\n<\/tr>\n<tr style=\"height: 33px;\">\n<td class=\"Estilo2\" style=\"height: 33px; width: 92.1833px;\">3rA<\/td>\n<td class=\"Estilo2\" style=\"height: 33px; width: 170.45px;\"><\/td>\n<td class=\"Estilo2\" style=\"height: 33px; width: 47.5833px;\">3rB<\/td>\n<td class=\"Estilo2\" style=\"height: 33px; width: 284.017px;\"><\/td>\n<\/tr>\n<tr style=\"height: 28px;\">\n<td class=\"Estilo2\" style=\"height: 28px; width: 92.1833px;\">4tA<\/td>\n<td class=\"Estilo2\" style=\"height: 28px; width: 170.45px;\"><\/td>\n<td class=\"Estilo2\" style=\"height: 28px; width: 47.5833px;\">4tB<\/td>\n<td class=\"Estilo2\" style=\"height: 28px; width: 284.017px;\"><\/td>\n<\/tr>\n<tr style=\"height: 33px;\">\n<td class=\"Estilo2\" style=\"height: 33px; width: 92.1833px;\" height=\"32\">5\u00e8A<\/td>\n<td class=\"Estilo2\" style=\"height: 33px; width: 170.45px;\"><\/td>\n<td class=\"Estilo2\" style=\"height: 33px; width: 47.5833px;\">5\u00e8B<\/td>\n<td class=\"Estilo2\" style=\"height: 33px; width: 284.017px;\"><\/td>\n<\/tr>\n<tr style=\"height: 33px;\">\n<td class=\"Estilo2\" style=\"height: 33px; width: 92.1833px;\">6\u00e8A<\/td>\n<td class=\"Estilo2\" style=\"height: 33px; width: 170.45px;\"><\/td>\n<td class=\"Estilo2\" style=\"height: 33px; width: 47.5833px;\">6\u00e8B<\/td>\n<td class=\"Estilo2\" style=\"height: 33px; width: 284.017px;\"><\/td>\n<\/tr>\n<tr style=\"height: 33px;\">\n<td class=\"Estilo2\" style=\"height: 33px; width: 92.1833px;\"><\/td>\n<td class=\"Estilo2\" style=\"height: 33px; width: 506.05px;\" colspan=\"3\"><\/td>\n<\/tr>\n<\/tbody>\n<\/table>\n<p class=\"Estilo2\">\u00a0ESPECIALITATS<\/p>\n<table style=\"height: 417px;\" border=\"1\" width=\"745\">\n<tbody>\n<tr style=\"height: 147px;\">\n<td class=\"Estilo2\" style=\"height: 147px; width: 116px;\" height=\"104\">ANGL\u00c8S<\/td>\n<td class=\"Estilo2\" style=\"height: 147px; width: 291.2px;\">&nbsp;<\/td>\n<td class=\"Estilo2\" style=\"height: 147px; width: 108px;\">USEE<\/td>\n<td class=\"Estilo2\" style=\"height: 147px; width: 220px;\">&nbsp;<\/p>\n<p>&nbsp;<\/td>\n<\/tr>\n<tr style=\"height: 175px;\">\n<td class=\"Estilo2\" style=\"height: 175px; width: 116px;\" height=\"81\">E.F i PSICO<\/td>\n<td class=\"Estilo2\" style=\"height: 175px; width: 291.2px;\">&nbsp;<\/p>\n<p>&nbsp;<\/td>\n<td class=\"Estilo2\" style=\"height: 175px; width: 108px;\">EE<\/td>\n<td class=\"Estilo2\" style=\"height: 175px; width: 220px;\">&nbsp;<\/td>\n<\/tr>\n<tr style=\"height: 95px;\">\n<td class=\"Estilo2\" style=\"height: 95px; width: 116px;\" height=\"51\">M\u00daSICA<\/td>\n<td class=\"Estilo2\" style=\"height: 95px; width: 291.2px;\">&nbsp;<\/td>\n<td class=\"Estilo2\" style=\"height: 95px; width: 108px;\">Auxiliar EE<\/td>\n<td class=\"Estilo2\" style=\"height: 95px; width: 220px;\"><\/td>\n<\/tr>\n<\/tbody>\n<\/table>\n<p class=\"Estilo2\">\u00a0EQUIP DIRECTIU<\/p>\n<table border=\"1\" width=\"325\">\n<tbody>\n<tr>\n<td class=\"Estilo2\" width=\"124\" height=\"49\">Directora<\/td>\n<td class=\"Estilo2\" width=\"185\"><\/td>\n<\/tr>\n<tr>\n<td class=\"Estilo2\" height=\"34\">Cap d&#8217;estudis<\/td>\n<td class=\"Estilo2\"><\/td>\n<\/tr>\n<tr>\n<td class=\"Estilo2\" height=\"43\">Secret\u00e0ria<\/td>\n<td class=\"Estilo2\"><\/td>\n<\/tr>\n<\/tbody>\n<\/table>\n<p class=\"Estilo2\">\n<div id=\"gtx-trans\" style=\"position: absolute; left: 138px; top: 1233.09px;\">\n<div class=\"gtx-trans-icon\"><\/div>\n<\/div>\n","protected":false},"excerpt":{"rendered":"<p>EQUIP PEDAG\u00d2GIC 20 EDUCACI\u00d3 INFANTIL P3A P3B P4A P4B P4C P5A P5B Refor\u00e7 TEI \u00a0EDUCACI\u00d3 PRIM\u00c0RIA 1rA 1rB 2nA 2nB 3rA 3rB 4tA 4tB 5\u00e8A 5\u00e8B 6\u00e8A 6\u00e8B \u00a0ESPECIALITATS ANGL\u00c8S &nbsp; USEE &nbsp; &nbsp; E.F i PSICO &nbsp; &nbsp; EE &nbsp; M\u00daSICA &nbsp; Auxiliar EE \u00a0EQUIP DIRECTIU Directora Cap d&#8217;estudis Secret\u00e0ria<\/p>\n","protected":false},"author":2,"featured_media":0,"parent":201,"menu_order":80,"comment_status":"closed","ping_status":"closed","template":"page-templates\/side-menu.php","meta":{"_bbp_topic_count":0,"_bbp_reply_count":0,"_bbp_total_topic_count":0,"_bbp_total_reply_count":0,"_bbp_voice_count":0,"_bbp_anonymous_reply_count":0,"_bbp_topic_count_hidden":0,"_bbp_reply_count_hidden":0,"_bbp_forum_subforum_count":0,"site-sidebar-layout":"default","site-content-layout":"","ast-site-content-layout":"","site-content-style":"default","site-sidebar-style":"default","ast-global-header-display":"","ast-banner-title-visibility":"","ast-main-header-display":"","ast-hfb-above-header-display":"","ast-hfb-below-header-display":"","ast-hfb-mobile-header-display":"","site-post-title":"","ast-breadcrumbs-content":"","ast-featured-img":"","footer-sml-layout":"","theme-transparent-header-meta":"","adv-header-id-meta":"","stick-header-meta":"","header-above-stick-meta":"","header-main-stick-meta":"","header-below-stick-meta":"","astra-migrate-meta-layouts":"default","ast-page-background-enabled":"default","ast-page-background-meta":{"desktop":{"background-color":"var(--ast-global-color-4)","background-image":"","background-repeat":"repeat","background-position":"center center","background-size":"auto","background-attachment":"scroll","background-type":"","background-media":"","overlay-type":"","overlay-color":"","overlay-opacity":"","overlay-gradient":""},"tablet":{"background-color":"","background-image":"","background-repeat":"repeat","background-position":"center center","background-size":"auto","background-attachment":"scroll","background-type":"","background-media":"","overlay-type":"","overlay-color":"","overlay-opacity":"","overlay-gradient":""},"mobile":{"background-color":"","background-image":"","background-repeat":"repeat","background-position":"center center","background-size":"auto","background-attachment":"scroll","background-type":"","background-media":"","overlay-type":"","overlay-color":"","overlay-opacity":"","overlay-gradient":""}},"ast-content-background-meta":{"desktop":{"background-color":"var(--ast-global-color-5)","background-image":"","background-repeat":"repeat","background-position":"center center","background-size":"auto","background-attachment":"scroll","background-type":"","background-media":"","overlay-type":"","overlay-color":"","overlay-opacity":"","overlay-gradient":""},"tablet":{"background-color":"var(--ast-global-color-5)","background-image":"","background-repeat":"repeat","background-position":"center center","background-size":"auto","background-attachment":"scroll","background-type":"","background-media":"","overlay-type":"","overlay-color":"","overlay-opacity":"","overlay-gradient":""},"mobile":{"background-color":"var(--ast-global-color-5)","background-image":"","background-repeat":"repeat","background-position":"center center","background-size":"auto","background-attachment":"scroll","background-type":"","background-media":"","overlay-type":"","overlay-color":"","overlay-opacity":"","overlay-gradient":""}},"footnotes":""},"class_list":["post-38","page","type-page","status-publish","hentry"],"post_mailing_queue_ids":[],"_links":{"self":[{"href":"https:\/\/agora.xtec.cat\/escolaprogres\/wp-json\/wp\/v2\/pages\/38","targetHints":{"allow":["GET"]}}],"collection":[{"href":"https:\/\/agora.xtec.cat\/escolaprogres\/wp-json\/wp\/v2\/pages"}],"about":[{"href":"https:\/\/agora.xtec.cat\/escolaprogres\/wp-json\/wp\/v2\/types\/page"}],"author":[{"embeddable":true,"href":"https:\/\/agora.xtec.cat\/escolaprogres\/wp-json\/wp\/v2\/users\/2"}],"replies":[{"embeddable":true,"href":"https:\/\/agora.xtec.cat\/escolaprogres\/wp-json\/wp\/v2\/comments?post=38"}],"version-history":[{"count":4,"href":"https:\/\/agora.xtec.cat\/escolaprogres\/wp-json\/wp\/v2\/pages\/38\/revisions"}],"predecessor-version":[{"id":1975,"href":"https:\/\/agora.xtec.cat\/escolaprogres\/wp-json\/wp\/v2\/pages\/38\/revisions\/1975"}],"up":[{"embeddable":true,"href":"https:\/\/agora.xtec.cat\/escolaprogres\/wp-json\/wp\/v2\/pages\/201"}],"wp:attachment":[{"href":"https:\/\/agora.xtec.cat\/escolaprogres\/wp-json\/wp\/v2\/media?parent=38"}],"curies":[{"name":"wp","href":"https:\/\/api.w.org\/{rel}","templated":true}]}}