{"id":3643,"date":"2026-03-10T15:42:35","date_gmt":"2026-03-10T14:42:35","guid":{"rendered":"https:\/\/agora.xtec.cat\/escolaprogres\/?page_id=3643"},"modified":"2026-03-10T15:43:43","modified_gmt":"2026-03-10T14:43:43","slug":"xcb-xarxa-de-competencies-basiques","status":"publish","type":"page","link":"https:\/\/agora.xtec.cat\/escolaprogres\/projecte-educatiu\/pacte-laboratori-de-transformacio-educativa\/xcb-xarxa-de-competencies-basiques\/","title":{"rendered":"XCB-Xarxa de compet\u00e8ncies b\u00e0siques"},"content":{"rendered":"<p>&nbsp;<\/p>\n<p><a href=\"https:\/\/agora.xtec.cat\/escolaprogres\/wp-content\/uploads\/usu82\/2026\/03\/baixa.jpg\"><img loading=\"lazy\" decoding=\"async\" class=\"aligncenter size-medium wp-image-3646\" src=\"https:\/\/agora.xtec.cat\/escolaprogres\/wp-content\/uploads\/usu82\/2026\/03\/baixa-300x106.jpg\" alt=\"\" width=\"300\" height=\"106\" srcset=\"https:\/\/agora.xtec.cat\/escolaprogres\/wp-content\/uploads\/usu82\/2026\/03\/baixa-300x106.jpg 300w, https:\/\/agora.xtec.cat\/escolaprogres\/wp-content\/uploads\/usu82\/2026\/03\/baixa.jpg 377w\" sizes=\"auto, (max-width: 300px) 100vw, 300px\" \/><\/a><\/p>\n<p>&nbsp;<\/p>\n<p>La <strong>Xarxa de Compet\u00e8ncies<\/strong> \u00e9s una modalitat de formaci\u00f3 i desenvolupament professional docent basat en l\u2019aprenentatge entre iguals i en xarxa, promoguda pel Departament d\u2019Educaci\u00f3, dins el seu pla de formaci\u00f3 permanent. La Xarxa de Compet\u00e8ncies est\u00e0 formada per equips docents de centres d\u2019educaci\u00f3 infantil, prim\u00e0ria, secund\u00e0ria i batxillerat que volen iniciar, mantenir o consolidar processos de reflexi\u00f3-acci\u00f3 en equip i en xarxa per transformar l\u2019escola en un espai que afavoreixi l\u2019aprenentatge i ajudi els docents a millorar el seu desenvolupament professional i als centres a constituir-se en organitzacions que aprenen. Actualment est\u00e0 formada per m\u00e9s de 700 centres, tant de prim\u00e0ria com de secund\u00e0ria, organitzats en xarxes territorials, i implica m\u00e9s de 10.000 docents.<\/p>\n<p>&nbsp;<\/p>\n<p>Per saber-ne m\u00e9s: <a href=\"https:\/\/xtec.gencat.cat\/ca\/curriculum\/xarxa-de-competencies\/\">https:\/\/xtec.gencat.cat\/ca\/curriculum\/xarxa-de-competencies\/<\/a><\/p>\n<p>&nbsp;<\/p>\n","protected":false},"excerpt":{"rendered":"<p>&nbsp; &nbsp; La Xarxa de Compet\u00e8ncies \u00e9s una modalitat de formaci\u00f3 i desenvolupament professional docent basat en l\u2019aprenentatge entre iguals i en xarxa, promoguda pel Departament d\u2019Educaci\u00f3, dins el seu pla de formaci\u00f3 permanent. La Xarxa de Compet\u00e8ncies est\u00e0 formada per equips docents de centres d\u2019educaci\u00f3 infantil, prim\u00e0ria, secund\u00e0ria i batxillerat que volen iniciar, mantenir [&hellip;]<\/p>\n","protected":false},"author":1,"featured_media":0,"parent":2934,"menu_order":1,"comment_status":"closed","ping_status":"closed","template":"","meta":{"_bbp_topic_count":0,"_bbp_reply_count":0,"_bbp_total_topic_count":0,"_bbp_total_reply_count":0,"_bbp_voice_count":0,"_bbp_anonymous_reply_count":0,"_bbp_topic_count_hidden":0,"_bbp_reply_count_hidden":0,"_bbp_forum_subforum_count":0,"site-sidebar-layout":"left-sidebar","site-content-layout":"","ast-site-content-layout":"default","site-content-style":"default","site-sidebar-style":"default","ast-global-header-display":"","ast-banner-title-visibility":"","ast-main-header-display":"","ast-hfb-above-header-display":"","ast-hfb-below-header-display":"","ast-hfb-mobile-header-display":"","site-post-title":"","ast-breadcrumbs-content":"","ast-featured-img":"","footer-sml-layout":"","theme-transparent-header-meta":"default","adv-header-id-meta":"","stick-header-meta":"","header-above-stick-meta":"","header-main-stick-meta":"","header-below-stick-meta":"","astra-migrate-meta-layouts":"set","ast-page-background-enabled":"default","ast-page-background-meta":{"desktop":{"background-color":"var(--ast-global-color-4)","background-image":"","background-repeat":"repeat","background-position":"center center","background-size":"auto","background-attachment":"scroll","background-type":"","background-media":"","overlay-type":"","overlay-color":"","overlay-opacity":"","overlay-gradient":""},"tablet":{"background-color":"","background-image":"","background-repeat":"repeat","background-position":"center center","background-size":"auto","background-attachment":"scroll","background-type":"","background-media":"","overlay-type":"","overlay-color":"","overlay-opacity":"","overlay-gradient":""},"mobile":{"background-color":"","background-image":"","background-repeat":"repeat","background-position":"center center","background-size":"auto","background-attachment":"scroll","background-type":"","background-media":"","overlay-type":"","overlay-color":"","overlay-opacity":"","overlay-gradient":""}},"ast-content-background-meta":{"desktop":{"background-color":"var(--ast-global-color-5)","background-image":"","background-repeat":"repeat","background-position":"center center","background-size":"auto","background-attachment":"scroll","background-type":"","background-media":"","overlay-type":"","overlay-color":"","overlay-opacity":"","overlay-gradient":""},"tablet":{"background-color":"var(--ast-global-color-5)","background-image":"","background-repeat":"repeat","background-position":"center center","background-size":"auto","background-attachment":"scroll","background-type":"","background-media":"","overlay-type":"","overlay-color":"","overlay-opacity":"","overlay-gradient":""},"mobile":{"background-color":"var(--ast-global-color-5)","background-image":"","background-repeat":"repeat","background-position":"center center","background-size":"auto","background-attachment":"scroll","background-type":"","background-media":"","overlay-type":"","overlay-color":"","overlay-opacity":"","overlay-gradient":""}},"footnotes":""},"class_list":["post-3643","page","type-page","status-publish","hentry"],"post_mailing_queue_ids":[],"_links":{"self":[{"href":"https:\/\/agora.xtec.cat\/escolaprogres\/wp-json\/wp\/v2\/pages\/3643","targetHints":{"allow":["GET"]}}],"collection":[{"href":"https:\/\/agora.xtec.cat\/escolaprogres\/wp-json\/wp\/v2\/pages"}],"about":[{"href":"https:\/\/agora.xtec.cat\/escolaprogres\/wp-json\/wp\/v2\/types\/page"}],"author":[{"embeddable":true,"href":"https:\/\/agora.xtec.cat\/escolaprogres\/wp-json\/wp\/v2\/users\/1"}],"replies":[{"embeddable":true,"href":"https:\/\/agora.xtec.cat\/escolaprogres\/wp-json\/wp\/v2\/comments?post=3643"}],"version-history":[{"count":5,"href":"https:\/\/agora.xtec.cat\/escolaprogres\/wp-json\/wp\/v2\/pages\/3643\/revisions"}],"predecessor-version":[{"id":3650,"href":"https:\/\/agora.xtec.cat\/escolaprogres\/wp-json\/wp\/v2\/pages\/3643\/revisions\/3650"}],"up":[{"embeddable":true,"href":"https:\/\/agora.xtec.cat\/escolaprogres\/wp-json\/wp\/v2\/pages\/2934"}],"wp:attachment":[{"href":"https:\/\/agora.xtec.cat\/escolaprogres\/wp-json\/wp\/v2\/media?parent=3643"}],"curies":[{"name":"wp","href":"https:\/\/api.w.org\/{rel}","templated":true}]}}