{"id":3477,"date":"2025-02-03T17:50:18","date_gmt":"2025-02-03T16:50:18","guid":{"rendered":"https:\/\/agora.xtec.cat\/escolaprogres\/?page_id=3477"},"modified":"2025-04-22T11:02:33","modified_gmt":"2025-04-22T09:02:33","slug":"xarxa-descoles-blaves","status":"publish","type":"page","link":"https:\/\/agora.xtec.cat\/escolaprogres\/projecte-educatiu\/pacte-laboratori-de-transformacio-educativa\/xarxa-descoles-blaves\/","title":{"rendered":"Xarxa d&#8217;Escoles Blaves"},"content":{"rendered":"<p><strong>Formem part de la Xarxa d\u2019Escoles Blaves Europees!<\/strong><\/p>\n<p>L\u2019escola Progr\u00e9s ha rebut el <strong>certificat<\/strong> que l\u2019acredita com a membre de la\u00a0<a href=\"https:\/\/maritime-forum.ec.europa.eu\/theme\/ocean-literacy-and-blue-skills\/ocean-literacy\/network-european-blue-schools_en\"><strong>xarxa europea d\u2019Escoles Blaves<\/strong><\/a>\u00a0pel projecte <strong>\u201c\u2018A Sea of Experiences\u201c,<\/strong> que es va iniciar fa dos cursos i en el que participen els diferents nivells educatius.<\/p>\n<p>Actualment, aquesta <strong>xarxa<\/strong> integra <strong>577 escoles<\/strong> d\u2019arreu de la <strong>Uni\u00f3 Europea<\/strong>, es caracteritzen per ser\u00a0 una escola que, a trav\u00e9s de l&#8217;aprenentatge basat en projectes, involucra als infants amb temes vinculats amb el mar, creant consci\u00e8ncia i sentiment de responsabilitat pel nostre oce\u00e0.<\/p>\n<p>L\u2019escola Progr\u00e9s, s\u2019ha anat vinculant a aquestes activitats que han anat generant aquesta necessitat de protegir l\u2019oce\u00e0, les seves esp\u00e8cies i la seva conservaci\u00f3. Tal i com es recull en, <strong>la Xarxa d&#8217;Escoles Blaves Europees,<\/strong><em>\u00a0<\/em><em>\u201c\u00e9s un dels tres pilars de la Coalici\u00f3, establerta com un centre per a totes les escoles i professors que s&#8217;esforcen per involucrar els estudiants amb temes oce\u00e0nics i educar una nova generaci\u00f3 d\u2019alumnat<strong> alfabetitzats oce\u00e0nics\u201d<\/strong><\/em>. Formar part d\u2019aquesta xarxa ens possibilita col\u00b7laborar amb escoles properes al nostre territori i d\u2019altres pa\u00efsos europeus, per enriquir-nos i compartir experi\u00e8ncies.<\/p>\n<p>L\u2019escola, <strong>col\u00b7labora amb l\u2019ICM (Institut de les Ci\u00e8ncies del Mar)<\/strong> que ens ajuda a con\u00e8ixer i aprofundir en com \u00e9s el nostre oce\u00e0 i com poder sensibilitzar al nostre entorn de la seva cura. Hem portat a terme <strong>activitats<\/strong> com: seguiment de l\u2019expedici\u00f3 a l\u2019Ant\u00e0rtida, participaci\u00f3 en el projecte de \u201cpetits ocean\u00f2grafs\u201d, practicar activitats que ens vinculen amb el mar, com per exemple: el \u201ctastet de vela\u201d, la psicomotricitat i l\u2019esbarjo a la platja. Aix\u00ed com projectes integrats a diferents nivells des d\u2019infantil fins a prim\u00e0ria.<\/p>\n<p>Clica aqu\u00ed per veure el <span style=\"color: #0000ff;\">c<a href=\"https:\/\/agora.xtec.cat\/escolaprogres\/wp-content\/uploads\/usu82\/2025\/04\/European_Blue_Schools_Certificate-20222023-675.pdf\">ertificat<\/a><\/span><\/p>\n<p>&nbsp;<\/p>\n<table style=\"border-collapse: collapse; width: 100%; height: 348px;\">\n<tbody>\n<tr style=\"height: 348px;\">\n<td style=\"width: 50%; height: 348px;\"><a href=\"https:\/\/agora.xtec.cat\/escolaprogres\/wp-content\/uploads\/usu82\/2025\/02\/IMG_4282.jpg\"><img loading=\"lazy\" decoding=\"async\" class=\"aligncenter size-medium wp-image-3481\" src=\"https:\/\/agora.xtec.cat\/escolaprogres\/wp-content\/uploads\/usu82\/2025\/02\/IMG_4282-257x300.jpg\" alt=\"\" width=\"257\" height=\"300\" srcset=\"https:\/\/agora.xtec.cat\/escolaprogres\/wp-content\/uploads\/usu82\/2025\/02\/IMG_4282-257x300.jpg 257w, https:\/\/agora.xtec.cat\/escolaprogres\/wp-content\/uploads\/usu82\/2025\/02\/IMG_4282-768x895.jpg 768w, https:\/\/agora.xtec.cat\/escolaprogres\/wp-content\/uploads\/usu82\/2025\/02\/IMG_4282.jpg 814w\" sizes=\"auto, (max-width: 257px) 100vw, 257px\" \/><\/a><\/td>\n<td style=\"width: 50%; height: 348px;\"><a href=\"https:\/\/agora.xtec.cat\/escolaprogres\/wp-content\/uploads\/usu82\/2025\/02\/IMG_4280.jpg\"><img loading=\"lazy\" decoding=\"async\" class=\"aligncenter size-medium wp-image-3480\" src=\"https:\/\/agora.xtec.cat\/escolaprogres\/wp-content\/uploads\/usu82\/2025\/02\/IMG_4280-300x300.jpg\" alt=\"\" width=\"300\" height=\"300\" srcset=\"https:\/\/agora.xtec.cat\/escolaprogres\/wp-content\/uploads\/usu82\/2025\/02\/IMG_4280-300x300.jpg 300w, https:\/\/agora.xtec.cat\/escolaprogres\/wp-content\/uploads\/usu82\/2025\/02\/IMG_4280-150x150.jpg 150w, https:\/\/agora.xtec.cat\/escolaprogres\/wp-content\/uploads\/usu82\/2025\/02\/IMG_4280-768x766.jpg 768w, https:\/\/agora.xtec.cat\/escolaprogres\/wp-content\/uploads\/usu82\/2025\/02\/IMG_4280.jpg 938w\" sizes=\"auto, (max-width: 300px) 100vw, 300px\" \/><\/a><\/td>\n<\/tr>\n<\/tbody>\n<\/table>\n<p>&nbsp;<\/p>\n","protected":false},"excerpt":{"rendered":"<p>Formem part de la Xarxa d\u2019Escoles Blaves Europees! L\u2019escola Progr\u00e9s ha rebut el certificat que l\u2019acredita com a membre de la\u00a0xarxa europea d\u2019Escoles Blaves\u00a0pel projecte \u201c\u2018A Sea of Experiences\u201c, que es va iniciar fa dos cursos i en el que participen els diferents nivells educatius. Actualment, aquesta xarxa integra 577 escoles d\u2019arreu de la Uni\u00f3 [&hellip;]<\/p>\n","protected":false},"author":1,"featured_media":0,"parent":2934,"menu_order":1,"comment_status":"closed","ping_status":"closed","template":"page-templates\/side-menu.php","meta":{"_bbp_topic_count":0,"_bbp_reply_count":0,"_bbp_total_topic_count":0,"_bbp_total_reply_count":0,"_bbp_voice_count":0,"_bbp_anonymous_reply_count":0,"_bbp_topic_count_hidden":0,"_bbp_reply_count_hidden":0,"_bbp_forum_subforum_count":0,"site-sidebar-layout":"default","site-content-layout":"","ast-site-content-layout":"","site-content-style":"default","site-sidebar-style":"default","ast-global-header-display":"","ast-banner-title-visibility":"","ast-main-header-display":"","ast-hfb-above-header-display":"","ast-hfb-below-header-display":"","ast-hfb-mobile-header-display":"","site-post-title":"","ast-breadcrumbs-content":"","ast-featured-img":"","footer-sml-layout":"","theme-transparent-header-meta":"","adv-header-id-meta":"","stick-header-meta":"","header-above-stick-meta":"","header-main-stick-meta":"","header-below-stick-meta":"","astra-migrate-meta-layouts":"default","ast-page-background-enabled":"default","ast-page-background-meta":{"desktop":{"background-color":"var(--ast-global-color-4)","background-image":"","background-repeat":"repeat","background-position":"center center","background-size":"auto","background-attachment":"scroll","background-type":"","background-media":"","overlay-type":"","overlay-color":"","overlay-opacity":"","overlay-gradient":""},"tablet":{"background-color":"","background-image":"","background-repeat":"repeat","background-position":"center center","background-size":"auto","background-attachment":"scroll","background-type":"","background-media":"","overlay-type":"","overlay-color":"","overlay-opacity":"","overlay-gradient":""},"mobile":{"background-color":"","background-image":"","background-repeat":"repeat","background-position":"center center","background-size":"auto","background-attachment":"scroll","background-type":"","background-media":"","overlay-type":"","overlay-color":"","overlay-opacity":"","overlay-gradient":""}},"ast-content-background-meta":{"desktop":{"background-color":"var(--ast-global-color-5)","background-image":"","background-repeat":"repeat","background-position":"center center","background-size":"auto","background-attachment":"scroll","background-type":"","background-media":"","overlay-type":"","overlay-color":"","overlay-opacity":"","overlay-gradient":""},"tablet":{"background-color":"var(--ast-global-color-5)","background-image":"","background-repeat":"repeat","background-position":"center center","background-size":"auto","background-attachment":"scroll","background-type":"","background-media":"","overlay-type":"","overlay-color":"","overlay-opacity":"","overlay-gradient":""},"mobile":{"background-color":"var(--ast-global-color-5)","background-image":"","background-repeat":"repeat","background-position":"center center","background-size":"auto","background-attachment":"scroll","background-type":"","background-media":"","overlay-type":"","overlay-color":"","overlay-opacity":"","overlay-gradient":""}},"footnotes":""},"class_list":["post-3477","page","type-page","status-publish","hentry"],"post_mailing_queue_ids":[],"_links":{"self":[{"href":"https:\/\/agora.xtec.cat\/escolaprogres\/wp-json\/wp\/v2\/pages\/3477","targetHints":{"allow":["GET"]}}],"collection":[{"href":"https:\/\/agora.xtec.cat\/escolaprogres\/wp-json\/wp\/v2\/pages"}],"about":[{"href":"https:\/\/agora.xtec.cat\/escolaprogres\/wp-json\/wp\/v2\/types\/page"}],"author":[{"embeddable":true,"href":"https:\/\/agora.xtec.cat\/escolaprogres\/wp-json\/wp\/v2\/users\/1"}],"replies":[{"embeddable":true,"href":"https:\/\/agora.xtec.cat\/escolaprogres\/wp-json\/wp\/v2\/comments?post=3477"}],"version-history":[{"count":5,"href":"https:\/\/agora.xtec.cat\/escolaprogres\/wp-json\/wp\/v2\/pages\/3477\/revisions"}],"predecessor-version":[{"id":3508,"href":"https:\/\/agora.xtec.cat\/escolaprogres\/wp-json\/wp\/v2\/pages\/3477\/revisions\/3508"}],"up":[{"embeddable":true,"href":"https:\/\/agora.xtec.cat\/escolaprogres\/wp-json\/wp\/v2\/pages\/2934"}],"wp:attachment":[{"href":"https:\/\/agora.xtec.cat\/escolaprogres\/wp-json\/wp\/v2\/media?parent=3477"}],"curies":[{"name":"wp","href":"https:\/\/api.w.org\/{rel}","templated":true}]}}