{"id":2890,"date":"2025-11-07T10:05:31","date_gmt":"2025-11-07T09:05:31","guid":{"rendered":"https:\/\/agora.xtec.cat\/escolaprogres\/?page_id=2890"},"modified":"2025-11-07T10:38:07","modified_gmt":"2025-11-07T09:38:07","slug":"proces-consell-escolar","status":"publish","type":"page","link":"https:\/\/agora.xtec.cat\/escolaprogres\/consell-escolar\/proces-consell-escolar\/","title":{"rendered":"PROC\u00c9S CONSELL ESCOLAR 2025"},"content":{"rendered":"<p>Nombre de <strong><span style=\"color: #003366;\">representants<\/span><\/strong> que <span style=\"color: #003366;\"><strong>renoven<\/strong><\/span> en la present convocat\u00f2ria:<\/p>\n<table style=\"width: 78.5506%; height: 20px;\" width=\"63%\">\n<tbody>\n<tr style=\"height: 10px;\">\n<td style=\"height: 10px;\" width=\"34%\"><span style=\"font-size: 12pt;\">\u00a0Sector Fam\u00edlies<\/span><\/td>\n<td style=\"height: 10px;\" width=\"30%\"><span style=\"font-size: 12pt;\">\u00a0Sector mestres<\/span><\/td>\n<td style=\"height: 10px;\" width=\"34%\"><span style=\"font-size: 12pt;\">\u00a0Sector PAE<\/span><\/td>\n<\/tr>\n<tr style=\"height: 10px;\">\n<td style=\"height: 10px;\" width=\"34%\"><span style=\"font-size: 12pt;\">\u00a02 membres<\/span><\/td>\n<td style=\"height: 10px;\" width=\"30%\"><span style=\"font-size: 12pt;\">\u00a03 membres<\/span><\/td>\n<td style=\"height: 10px;\" width=\"34%\"><span style=\"font-size: 12pt;\">\u00a01 membre<\/span><\/td>\n<\/tr>\n<\/tbody>\n<\/table>\n<p>&nbsp;<\/p>\n<p>S&#8217;ha d&#8217;escollir pels sectors corresponents (sector fam\u00edlies, sector mestres, sector serveis). Excepte:<\/p>\n<ul>\n<li>La directora, la cap d\u2019estudis i la secret\u00e0ria<\/li>\n<li>La representant de l\u2019Ajuntament.<\/li>\n<li>La representant de l\u2019AFA que la designa la pr\u00f2pia associaci\u00f3.<\/li>\n<\/ul>\n<p><span style=\"color: #003366;\"><strong>Qui t\u00e9 dret de vot?<\/strong><\/span><\/p>\n<p>Tots els pares, mares i els\/les tutors\/es legals, els fills i filles dels quals estiguin matriculats\/des al centre en el moment de la convocat\u00f2ria de les eleccions.<\/p>\n<p><span style=\"color: #003366;\"><strong>Model de papereta de votaci\u00f3<\/strong><\/span> <a href=\"https:\/\/agora.xtec.cat\/escolaprogres\/wp-content\/uploads\/usu82\/2021\/11\/MODEL-DE-PAPERETA-DE-VOTACIO.doc\"><img loading=\"lazy\" decoding=\"async\" class=\"alignnone\" src=\"https:\/\/s.w.org\/images\/core\/emoji\/13.0.1\/svg\/1f4c4.svg\" alt=\"\ud83d\udcc4\" width=\"26\" height=\"26\" \/><\/a><\/p>\n<p>Procediment d&#8217;elecci\u00f3 o renovaci\u00f3 dels membres del Consell Escolar<\/p>\n<p><strong><u>Calendari de la convocat\u00f2ria d\u2019eleccions al Consell Escolar<\/u><\/strong><\/p>\n<table style=\"width: 76.7669%; height: 1239px;\">\n<tbody>\n<tr>\n<td width=\"192\"><strong>Data<\/strong><\/td>\n<td width=\"460\"><strong>Actuacions <\/strong><\/td>\n<\/tr>\n<tr>\n<td width=\"192\"><strong>Dilluns 27 d\u2019Octubre de 2025<\/strong><\/td>\n<td width=\"460\">-Convocat\u00f2ria d\u2019eleccions.<\/p>\n<p>-Publicaci\u00f3 del censos provisionals.<\/p>\n<p>-Sol\u00b7licitud a l\u2019Ajuntament i a l\u2019AFA de la designaci\u00f3 del seu representant.<\/p>\n<p>-Inici presentaci\u00f3 de candidatures (demanar document a direcci\u00f3 o despatx AFA)<\/td>\n<\/tr>\n<tr>\n<td width=\"192\"><strong>Del dilluns 27 al dimecres 29 d\u2019octubre de 2025<\/strong><\/td>\n<td width=\"460\">-Per\u00edode de reclamacions al cens electoral.<\/td>\n<\/tr>\n<tr>\n<td width=\"192\"><strong>Dijous 30 d\u2019octubre de 2025<\/strong><\/td>\n<td width=\"460\">&#8211; Sorteig per designar els membres vocals de la mesa electoral.<\/td>\n<\/tr>\n<tr>\n<td width=\"192\"><strong>Dimarts 4 de novembre de 2025<\/strong><\/td>\n<td width=\"460\">-Constituci\u00f3 de les meses electorals.<\/p>\n<p>-Resoluci\u00f3 de les reclamacions als censos electorals.<\/p>\n<p>-Aprovaci\u00f3 i publicaci\u00f3 dels censos electorals definitius.<\/td>\n<\/tr>\n<tr>\n<td width=\"192\"><strong>Dimecres 5 de novembre de 2025<\/strong><\/td>\n<td width=\"460\">-Darrer dia per presentar les candidatures de cada sector.<\/p>\n<p>-Darrer dia per presentar la sol\u00b7licitud per actuar com a supervisor o supervisora del sector de fam\u00edlies.<\/td>\n<\/tr>\n<tr>\n<td width=\"192\"><strong>Dijous 6 de novembre de 2025<\/strong><\/td>\n<td width=\"460\">-Darrer dia per publicar les candidatures de cada sector.<\/td>\n<\/tr>\n<tr>\n<td width=\"192\"><strong>Abans del dilluns 10 de novembre de 2025<\/strong><\/td>\n<td width=\"460\">-Data l\u00edmit en que es poden donar a con\u00e8ixer les candidatures.<\/td>\n<\/tr>\n<tr>\n<td width=\"192\"><strong>Dimecres 19 de novembre de 2025<\/strong><\/td>\n<td width=\"460\">-Eleccions sector MESTRES.<\/p>\n<p>-Eleccions sector PAS.<\/td>\n<\/tr>\n<tr>\n<td width=\"192\"><strong>Divendres 21 de novembre de 2025<\/strong><\/td>\n<td width=\"460\"><strong>&#8211; Eleccions sector FAM\u00cdLIES :<\/strong><\/p>\n<p>8:30-8:55 Vest\u00edbul escola<\/p>\n<p>9:00-9:15 Pati de prim\u00e0ria<\/p>\n<p>16:20- 17:20 Pati de prim\u00e0ria<\/td>\n<\/tr>\n<tr>\n<td width=\"192\"><strong>Dimarts 2 de desembre de 2025<\/strong><\/td>\n<td width=\"460\">&#8211; Constituci\u00f3 del consell escolar i presa de possessi\u00f3 dels seus membres.<\/p>\n<p>&#8211; \u00daltim dia per a la comunicaci\u00f3 de dades de participaci\u00f3.<\/td>\n<\/tr>\n<\/tbody>\n<\/table>\n<p>&nbsp;<\/p>\n<p><strong><span style=\"color: #003366;\">Model Presentaci\u00f3 de la candidatura<\/span><\/strong> \u00a0<a href=\"https:\/\/agora.xtec.cat\/escolaprogres\/wp-content\/uploads\/usu82\/2021\/11\/MODEL-DOCUMENT-CANDIDATURES.pdf\"><img loading=\"lazy\" decoding=\"async\" class=\"alignnone\" src=\"https:\/\/s.w.org\/images\/core\/emoji\/13.0.1\/svg\/1f4c4.svg\" alt=\"\ud83d\udcc4\" width=\"26\" height=\"26\" \/><\/a><\/p>\n<ul>\n<li><span style=\"color: #003366;\"><strong><u>Votacions<\/u><\/strong><\/span>: les votacions s\u00f3n personals, directes i secretes. Pot votar tant el pare com la mare o tutor\/a legal dels infants escolaritzats en el Centre.<\/li>\n<li><span style=\"color: #003366;\"><strong><u>Mesa electoral<\/u>:<\/strong><\/span> A la mesa electoral hi haur\u00e0 el director i dos membres del sector fam\u00edlies que els hi hagi toca per sorteig. Actuar\u00e0 de secretari\/a el pare o mare de menys edat.<\/li>\n<\/ul>\n","protected":false},"excerpt":{"rendered":"<p>Nombre de representants que renoven en la present convocat\u00f2ria: \u00a0Sector Fam\u00edlies \u00a0Sector mestres \u00a0Sector PAE \u00a02 membres \u00a03 membres \u00a01 membre &nbsp; S&#8217;ha d&#8217;escollir pels sectors corresponents (sector fam\u00edlies, sector mestres, sector serveis). Excepte: La directora, la cap d\u2019estudis i la secret\u00e0ria La representant de l\u2019Ajuntament. La representant de l\u2019AFA que la designa la pr\u00f2pia [&hellip;]<\/p>\n","protected":false},"author":1,"featured_media":0,"parent":28,"menu_order":1,"comment_status":"closed","ping_status":"closed","template":"","meta":{"_bbp_topic_count":0,"_bbp_reply_count":0,"_bbp_total_topic_count":0,"_bbp_total_reply_count":0,"_bbp_voice_count":0,"_bbp_anonymous_reply_count":0,"_bbp_topic_count_hidden":0,"_bbp_reply_count_hidden":0,"_bbp_forum_subforum_count":0,"site-sidebar-layout":"default","site-content-layout":"","ast-site-content-layout":"default","site-content-style":"default","site-sidebar-style":"default","ast-global-header-display":"","ast-banner-title-visibility":"","ast-main-header-display":"","ast-hfb-above-header-display":"","ast-hfb-below-header-display":"","ast-hfb-mobile-header-display":"","site-post-title":"","ast-breadcrumbs-content":"","ast-featured-img":"","footer-sml-layout":"","theme-transparent-header-meta":"default","adv-header-id-meta":"","stick-header-meta":"","header-above-stick-meta":"","header-main-stick-meta":"","header-below-stick-meta":"","astra-migrate-meta-layouts":"set","ast-page-background-enabled":"default","ast-page-background-meta":{"desktop":{"background-color":"var(--ast-global-color-4)","background-image":"","background-repeat":"repeat","background-position":"center center","background-size":"auto","background-attachment":"scroll","background-type":"","background-media":"","overlay-type":"","overlay-color":"","overlay-opacity":"","overlay-gradient":""},"tablet":{"background-color":"","background-image":"","background-repeat":"repeat","background-position":"center center","background-size":"auto","background-attachment":"scroll","background-type":"","background-media":"","overlay-type":"","overlay-color":"","overlay-opacity":"","overlay-gradient":""},"mobile":{"background-color":"","background-image":"","background-repeat":"repeat","background-position":"center center","background-size":"auto","background-attachment":"scroll","background-type":"","background-media":"","overlay-type":"","overlay-color":"","overlay-opacity":"","overlay-gradient":""}},"ast-content-background-meta":{"desktop":{"background-color":"var(--ast-global-color-5)","background-image":"","background-repeat":"repeat","background-position":"center center","background-size":"auto","background-attachment":"scroll","background-type":"","background-media":"","overlay-type":"","overlay-color":"","overlay-opacity":"","overlay-gradient":""},"tablet":{"background-color":"var(--ast-global-color-5)","background-image":"","background-repeat":"repeat","background-position":"center center","background-size":"auto","background-attachment":"scroll","background-type":"","background-media":"","overlay-type":"","overlay-color":"","overlay-opacity":"","overlay-gradient":""},"mobile":{"background-color":"var(--ast-global-color-5)","background-image":"","background-repeat":"repeat","background-position":"center center","background-size":"auto","background-attachment":"scroll","background-type":"","background-media":"","overlay-type":"","overlay-color":"","overlay-opacity":"","overlay-gradient":""}},"footnotes":""},"class_list":["post-2890","page","type-page","status-publish","hentry"],"post_mailing_queue_ids":[],"_links":{"self":[{"href":"https:\/\/agora.xtec.cat\/escolaprogres\/wp-json\/wp\/v2\/pages\/2890","targetHints":{"allow":["GET"]}}],"collection":[{"href":"https:\/\/agora.xtec.cat\/escolaprogres\/wp-json\/wp\/v2\/pages"}],"about":[{"href":"https:\/\/agora.xtec.cat\/escolaprogres\/wp-json\/wp\/v2\/types\/page"}],"author":[{"embeddable":true,"href":"https:\/\/agora.xtec.cat\/escolaprogres\/wp-json\/wp\/v2\/users\/1"}],"replies":[{"embeddable":true,"href":"https:\/\/agora.xtec.cat\/escolaprogres\/wp-json\/wp\/v2\/comments?post=2890"}],"version-history":[{"count":6,"href":"https:\/\/agora.xtec.cat\/escolaprogres\/wp-json\/wp\/v2\/pages\/2890\/revisions"}],"predecessor-version":[{"id":3570,"href":"https:\/\/agora.xtec.cat\/escolaprogres\/wp-json\/wp\/v2\/pages\/2890\/revisions\/3570"}],"up":[{"embeddable":true,"href":"https:\/\/agora.xtec.cat\/escolaprogres\/wp-json\/wp\/v2\/pages\/28"}],"wp:attachment":[{"href":"https:\/\/agora.xtec.cat\/escolaprogres\/wp-json\/wp\/v2\/media?parent=2890"}],"curies":[{"name":"wp","href":"https:\/\/api.w.org\/{rel}","templated":true}]}}