{"id":2580,"date":"2021-02-09T09:00:06","date_gmt":"2021-02-09T08:00:06","guid":{"rendered":"https:\/\/agora.xtec.cat\/escolaprogres\/?page_id=2580"},"modified":"2025-11-07T11:08:29","modified_gmt":"2025-11-07T10:08:29","slug":"documents-del-centre","status":"publish","type":"page","link":"https:\/\/agora.xtec.cat\/escolaprogres\/documents-del-centre\/","title":{"rendered":"Documents del centre"},"content":{"rendered":"<div style=\"height: 50px;\"><\/div>\n<div class=\"columna_1\">\n<table style=\"border-collapse: collapse; width: 100%;\">\n<tbody>\n<tr>\n<td style=\"width: 33.3333%;\">\n<p style=\"text-align: center;\"><a href=\"https:\/\/drive.google.com\/file\/d\/1kwuU7wA8yP00RKxUd5rckOiRLDB_IX5o\/view\" target=\"_blank\" rel=\"noopener\"><img loading=\"lazy\" decoding=\"async\" class=\"aligncenter wp-image-3564\" src=\"https:\/\/agora.xtec.cat\/escolaprogres\/wp-content\/uploads\/usu82\/2025\/06\/documents-300x300.webp\" alt=\"\" width=\"70\" height=\"70\" srcset=\"https:\/\/agora.xtec.cat\/escolaprogres\/wp-content\/uploads\/usu82\/2025\/06\/documents-300x300.webp 300w, https:\/\/agora.xtec.cat\/escolaprogres\/wp-content\/uploads\/usu82\/2025\/06\/documents-150x150.webp 150w, https:\/\/agora.xtec.cat\/escolaprogres\/wp-content\/uploads\/usu82\/2025\/06\/documents.webp 512w\" sizes=\"auto, (max-width: 70px) 100vw, 70px\" \/><\/a><\/p>\n<p style=\"text-align: center;\"><strong style=\"font-size: 16px; font-style: normal;\">Projecte educatiu de centre <\/strong><\/p>\n<p style=\"text-align: center;\"><strong style=\"font-size: 16px; font-style: normal;\">(En renovaci\u00f3)<\/strong><\/p>\n<p style=\"text-align: left;\">\n<\/td>\n<td style=\"width: 33.3333%;\"><a href=\"https:\/\/agora.xtec.cat\/escolaprogres\/wp-content\/uploads\/usu82\/2025\/06\/documents.webp\"><img loading=\"lazy\" decoding=\"async\" class=\"aligncenter wp-image-3564\" src=\"https:\/\/agora.xtec.cat\/escolaprogres\/wp-content\/uploads\/usu82\/2025\/06\/documents-300x300.webp\" alt=\"\" width=\"70\" height=\"70\" srcset=\"https:\/\/agora.xtec.cat\/escolaprogres\/wp-content\/uploads\/usu82\/2025\/06\/documents-300x300.webp 300w, https:\/\/agora.xtec.cat\/escolaprogres\/wp-content\/uploads\/usu82\/2025\/06\/documents-150x150.webp 150w, https:\/\/agora.xtec.cat\/escolaprogres\/wp-content\/uploads\/usu82\/2025\/06\/documents.webp 512w\" sizes=\"auto, (max-width: 70px) 100vw, 70px\" \/><\/a><\/p>\n<p style=\"text-align: center;\"><strong style=\"font-size: 16px; font-style: normal;\">NOFC &#8211; Normes d&#8217;oganitzaci\u00f3 i funcionament (En renovaci\u00f3)<\/strong><\/p>\n<p style=\"text-align: center;\"><a style=\"font-size: 16px; font-style: normal; font-weight: 400; transition-property: all; color: #3a3a3a;\" href=\"https:\/\/agora.xtec.cat\/escolaprogres\/wp-content\/uploads\/usu82\/2021\/06\/NOFC-novembre-2019.pdf\" target=\"_blank\" rel=\"noopener noreferrer\">Descarrega<\/a><\/p>\n<\/td>\n<td style=\"width: 33.3333%;\"><a href=\"https:\/\/agora.xtec.cat\/escolaprogres\/wp-content\/uploads\/usu82\/2025\/06\/documents.webp\"><img loading=\"lazy\" decoding=\"async\" class=\"aligncenter wp-image-3564\" src=\"https:\/\/agora.xtec.cat\/escolaprogres\/wp-content\/uploads\/usu82\/2025\/06\/documents-300x300.webp\" alt=\"\" width=\"70\" height=\"70\" srcset=\"https:\/\/agora.xtec.cat\/escolaprogres\/wp-content\/uploads\/usu82\/2025\/06\/documents-300x300.webp 300w, https:\/\/agora.xtec.cat\/escolaprogres\/wp-content\/uploads\/usu82\/2025\/06\/documents-150x150.webp 150w, https:\/\/agora.xtec.cat\/escolaprogres\/wp-content\/uploads\/usu82\/2025\/06\/documents.webp 512w\" sizes=\"auto, (max-width: 70px) 100vw, 70px\" \/><\/a><\/p>\n<p style=\"text-align: center;\"><strong style=\"font-size: 16px; font-style: normal;\">Projecte ling\u00fc\u00edstic<\/strong><\/p>\n<p style=\"text-align: center;\"><a style=\"font-size: 16px; font-style: normal; font-weight: 400; transition-property: all; color: #3a3a3a;\" href=\"https:\/\/drive.google.com\/file\/d\/1Q72Bh2bKq7kKD0llflPUr4w4VQ0UjGQN\/view\" target=\"_blank\" rel=\"noopener noreferrer\">Descarrega<\/a><\/p>\n<\/td>\n<\/tr>\n<tr>\n<td style=\"width: 33.3333%; text-align: center;\"><img loading=\"lazy\" decoding=\"async\" class=\"aligncenter\" src=\"https:\/\/agora.xtec.cat\/escolaprogres\/wp-content\/uploads\/usu82\/2025\/06\/documents-300x300.webp\" width=\"58\" height=\"58\" \/><br \/>\n<strong style=\"font-size: 16px; font-style: normal;\">Carta de comprom\u00eds educatiu<\/strong><\/p>\n<div class=\"boto\" style=\"font-size: 16px; font-style: normal; font-weight: 400; text-align: center;\"><a style=\"font-size: 16px; transition-property: all;\" href=\"https:\/\/agora.xtec.cat\/escolaprogres\/wp-content\/uploads\/usu82\/2021\/01\/carta-de-comprom%C3%ADs-1.pdf\" target=\"_blank\" rel=\"noopener noreferrer\">Descarrega<\/a><\/div>\n<\/td>\n<td style=\"width: 33.3333%; text-align: center;\"><img loading=\"lazy\" decoding=\"async\" class=\"aligncenter\" src=\"https:\/\/agora.xtec.cat\/escolaprogres\/wp-content\/uploads\/usu82\/2025\/06\/documents-300x300.webp\" width=\"58\" height=\"58\" \/><br \/>\n<strong style=\"font-size: 16px; font-style: normal;\">Projecte de conviv\u00e8ncia<\/strong><\/p>\n<div class=\"boto\" style=\"font-size: 16px; font-style: normal; font-weight: 400; text-align: center;\"><a style=\"font-size: 16px; transition-property: all;\" href=\"https:\/\/drive.google.com\/file\/d\/1E5lM09eDADBz0zVTYccvBOLnV1Jwudjc\/view\" target=\"_blank\" rel=\"noopener noreferrer\">Descarrega<\/a><\/div>\n<\/td>\n<td style=\"width: 33.3333%; text-align: center;\"><img loading=\"lazy\" decoding=\"async\" class=\"aligncenter\" src=\"https:\/\/agora.xtec.cat\/escolaprogres\/wp-content\/uploads\/usu82\/2025\/06\/documents-300x300.webp\" width=\"58\" height=\"58\" \/><br \/>\n<strong style=\"font-size: 16px; font-style: normal;\">Pla TAC<\/strong><\/p>\n<div class=\"boto\" style=\"font-size: 16px; font-style: normal; font-weight: 400; text-align: center;\"><a style=\"font-size: 16px; transition-property: all;\" href=\"https:\/\/agora.xtec.cat\/escolaprogres\/wp-content\/uploads\/usu82\/2020\/11\/PLA-TAC-DEFINITIU-JUNY-2016.pdf\" target=\"_blank\" rel=\"noopener noreferrer\">Descarrega<\/a><\/div>\n<\/td>\n<\/tr>\n<tr>\n<td style=\"width: 33.3333%; text-align: center;\"><img loading=\"lazy\" decoding=\"async\" class=\"aligncenter\" src=\"https:\/\/agora.xtec.cat\/escolaprogres\/wp-content\/uploads\/usu82\/2025\/06\/documents-300x300.webp\" width=\"58\" height=\"58\" \/><br \/>\n<strong style=\"font-size: 16px; font-style: normal;\">Projecte de Direcci\u00f3<\/strong><\/p>\n<div class=\"boto\" style=\"font-size: 16px; font-style: normal; font-weight: 400; text-align: center;\"><a style=\"font-size: 16px; transition-property: all;\" href=\"https:\/\/agora.xtec.cat\/escolaprogres\/wp-content\/uploads\/usu82\/2020\/11\/PDD-Escola-Progr\u00e9s-.pdf\" target=\"_blank\" rel=\"noopener noreferrer\">Descarrega<\/a><\/div>\n<\/td>\n<td style=\"width: 33.3333%; text-align: center;\"><img loading=\"lazy\" decoding=\"async\" class=\"aligncenter\" src=\"https:\/\/agora.xtec.cat\/escolaprogres\/wp-content\/uploads\/usu82\/2025\/06\/documents-300x300.webp\" width=\"58\" height=\"58\" \/><br \/>\n<strong style=\"font-size: 16px; font-style: normal;\">Conveni\u00a0 \u00fas\u00a0 social<\/strong><\/p>\n<div class=\"boto\" style=\"font-size: 16px; font-style: normal; font-weight: 400;\">Descarrega<\/div>\n<\/td>\n<td style=\"width: 33.3333%;\"><\/td>\n<\/tr>\n<\/tbody>\n<\/table>\n<\/div>\n<div class=\"columna_3\"><\/div>\n<div style=\"clear: both;\"><\/div>\n<div class=\"columna_3\"><\/div>\n","protected":false},"excerpt":{"rendered":"<p>Projecte educatiu de centre (En renovaci\u00f3) NOFC &#8211; Normes d&#8217;oganitzaci\u00f3 i funcionament (En renovaci\u00f3) Descarrega Projecte ling\u00fc\u00edstic Descarrega Carta de comprom\u00eds educatiu Descarrega Projecte de conviv\u00e8ncia Descarrega Pla TAC Descarrega Projecte de Direcci\u00f3 Descarrega Conveni\u00a0 \u00fas\u00a0 social Descarrega<\/p>\n","protected":false},"author":19,"featured_media":0,"parent":0,"menu_order":0,"comment_status":"closed","ping_status":"closed","template":"","meta":{"_bbp_topic_count":0,"_bbp_reply_count":0,"_bbp_total_topic_count":0,"_bbp_total_reply_count":0,"_bbp_voice_count":0,"_bbp_anonymous_reply_count":0,"_bbp_topic_count_hidden":0,"_bbp_reply_count_hidden":0,"_bbp_forum_subforum_count":0,"site-sidebar-layout":"default","site-content-layout":"","ast-site-content-layout":"default","site-content-style":"default","site-sidebar-style":"default","ast-global-header-display":"","ast-banner-title-visibility":"","ast-main-header-display":"","ast-hfb-above-header-display":"","ast-hfb-below-header-display":"","ast-hfb-mobile-header-display":"","site-post-title":"","ast-breadcrumbs-content":"","ast-featured-img":"","footer-sml-layout":"","theme-transparent-header-meta":"default","adv-header-id-meta":"","stick-header-meta":"","header-above-stick-meta":"","header-main-stick-meta":"","header-below-stick-meta":"","astra-migrate-meta-layouts":"set","ast-page-background-enabled":"default","ast-page-background-meta":{"desktop":{"background-color":"var(--ast-global-color-4)","background-image":"","background-repeat":"repeat","background-position":"center center","background-size":"auto","background-attachment":"scroll","background-type":"","background-media":"","overlay-type":"","overlay-color":"","overlay-opacity":"","overlay-gradient":""},"tablet":{"background-color":"","background-image":"","background-repeat":"repeat","background-position":"center center","background-size":"auto","background-attachment":"scroll","background-type":"","background-media":"","overlay-type":"","overlay-color":"","overlay-opacity":"","overlay-gradient":""},"mobile":{"background-color":"","background-image":"","background-repeat":"repeat","background-position":"center center","background-size":"auto","background-attachment":"scroll","background-type":"","background-media":"","overlay-type":"","overlay-color":"","overlay-opacity":"","overlay-gradient":""}},"ast-content-background-meta":{"desktop":{"background-color":"var(--ast-global-color-5)","background-image":"","background-repeat":"repeat","background-position":"center center","background-size":"auto","background-attachment":"scroll","background-type":"","background-media":"","overlay-type":"","overlay-color":"","overlay-opacity":"","overlay-gradient":""},"tablet":{"background-color":"var(--ast-global-color-5)","background-image":"","background-repeat":"repeat","background-position":"center center","background-size":"auto","background-attachment":"scroll","background-type":"","background-media":"","overlay-type":"","overlay-color":"","overlay-opacity":"","overlay-gradient":""},"mobile":{"background-color":"var(--ast-global-color-5)","background-image":"","background-repeat":"repeat","background-position":"center center","background-size":"auto","background-attachment":"scroll","background-type":"","background-media":"","overlay-type":"","overlay-color":"","overlay-opacity":"","overlay-gradient":""}},"footnotes":""},"class_list":["post-2580","page","type-page","status-publish","hentry"],"post_mailing_queue_ids":[],"_links":{"self":[{"href":"https:\/\/agora.xtec.cat\/escolaprogres\/wp-json\/wp\/v2\/pages\/2580","targetHints":{"allow":["GET"]}}],"collection":[{"href":"https:\/\/agora.xtec.cat\/escolaprogres\/wp-json\/wp\/v2\/pages"}],"about":[{"href":"https:\/\/agora.xtec.cat\/escolaprogres\/wp-json\/wp\/v2\/types\/page"}],"author":[{"embeddable":true,"href":"https:\/\/agora.xtec.cat\/escolaprogres\/wp-json\/wp\/v2\/users\/19"}],"replies":[{"embeddable":true,"href":"https:\/\/agora.xtec.cat\/escolaprogres\/wp-json\/wp\/v2\/comments?post=2580"}],"version-history":[{"count":7,"href":"https:\/\/agora.xtec.cat\/escolaprogres\/wp-json\/wp\/v2\/pages\/2580\/revisions"}],"predecessor-version":[{"id":3585,"href":"https:\/\/agora.xtec.cat\/escolaprogres\/wp-json\/wp\/v2\/pages\/2580\/revisions\/3585"}],"wp:attachment":[{"href":"https:\/\/agora.xtec.cat\/escolaprogres\/wp-json\/wp\/v2\/media?parent=2580"}],"curies":[{"name":"wp","href":"https:\/\/api.w.org\/{rel}","templated":true}]}}