{"id":2526,"date":"2021-02-03T20:14:32","date_gmt":"2021-02-03T19:14:32","guid":{"rendered":"https:\/\/agora.xtec.cat\/escolaprogres\/?page_id=2526"},"modified":"2021-02-09T14:12:48","modified_gmt":"2021-02-09T13:12:48","slug":"moments-descola","status":"publish","type":"page","link":"https:\/\/agora.xtec.cat\/escolaprogres\/projecte-educatiu\/moments-descola\/","title":{"rendered":"Moments d&#8217;escola"},"content":{"rendered":"\t\t\t\t\t\t<style>\r\n\t\t\t\t\r\n\t\t\t\t\t#tab_container_2245 {\r\n\toverflow:hidden;\r\n\tdisplay:block;\r\n\twidth:100%;\r\n\tborder:0px solid #ddd;\r\n\tmargin-bottom:30px;\r\n\t}\r\n\r\n#tab_container_2245 .tab-content{\r\n\tpadding:20px;\r\n\tborder: 1px solid #e6e6e6 !important;\r\n\tmargin-top: 0px;\r\n\tbackground-color:#ffffff !important;\r\n\tcolor: #444444 !important;\r\n\tfont-size:14px !important;\r\n\tfont-family: Arial !important;\r\n\t\r\n\t\t\tborder: 0px solid #e6e6e6 !important;\r\n\t\t\r\n\t}\r\n#tab_container_2245 .wpsm_nav-tabs {\r\n    border-bottom: 0px solid #ddd;\r\n}\r\n#tab_container_2245 .wpsm_nav-tabs > li.active > a, #tab_container_2245 .wpsm_nav-tabs > li.active > a:hover, #tab_container_2245 .wpsm_nav-tabs > li.active > a:focus {\r\n\tcolor: #444444 !important;\r\n\tcursor: default;\r\n\tbackground-color: #ffffff !important;\r\n\tborder: 1px solid #e6e6e6 !important;\r\n}\r\n\r\n#tab_container_2245 .wpsm_nav-tabs > li > a {\r\n    margin-right: 0px !important; \r\n    line-height: 1.42857143 !important;\r\n    border: 1px solid #1c4a4a !important;\r\n    border-radius: 0px 0px 0 0 !important; \r\n\tbackground-color: #2f5d5d !important;\r\n\tcolor: #ffffff !important;\r\n\tpadding: 15px 18px 15px 18px !important;\r\n\ttext-decoration: none !important;\r\n\tfont-size: 12px !important;\r\n\ttext-align:center !important;\r\n\tfont-family: Arial !important;\r\n}\r\n#tab_container_2245 .wpsm_nav-tabs > li > a:focus {\r\noutline: 0px !important;\r\n}\r\n\r\n#tab_container_2245 .wpsm_nav-tabs > li > a:before {\r\n\tdisplay:none !important;\r\n}\r\n#tab_container_2245 .wpsm_nav-tabs > li > a:after {\r\n\tdisplay:none !important ;\r\n}\r\n#tab_container_2245 .wpsm_nav-tabs > li{\r\npadding:0px !important ;\r\nmargin:0px;\r\n}\r\n\r\n#tab_container_2245 .wpsm_nav-tabs > li > a:hover , #tab_container_2245 .wpsm_nav-tabs > li > a:focus {\r\n    color: #ffffff !important;\r\n    background-color: #2f5d5d !important;\r\n\tborder: 1px solid #1c4a4a !important;\r\n\t\r\n}\r\n#tab_container_2245 .wpsm_nav-tabs > li > a .fa{\r\n\r\nmargin-right:5px !important;\r\n\r\nmargin-left:5px !important;\r\n\r\n\r\n}\r\n\r\n\t\t#tab_container_2245 .wpsm_nav-tabs a{\r\n\t\t\tbackground-image: none;\r\n\t\t\tbackground-position: 0 0;\r\n\t\t\tbackground-repeat: repeat-x;\r\n\t\t}\r\n\t\t\t\r\n\r\n\r\n#tab_container_2245 .wpsm_nav-tabs > li {\r\n    float: left;\r\n    margin-bottom: -1px !important;\r\n\tmargin-right:0px !important; \r\n}\r\n\r\n\r\n#tab_container_2245 .tab-content{\r\noverflow:hidden !important;\r\n}\r\n\r\n\r\n@media (min-width: 769px) {\r\n\r\n\t#tab_container_2245 .wpsm_nav-tabs > li{\r\n\t\tfloat:left !important ;\r\n\t\t\t\tmargin-right:-1px !important;\r\n\t\t\t\t\t}\r\n\t#tab_container_2245 .wpsm_nav-tabs{\r\n\t\tfloat:none !important;\r\n\t\tmargin:0px !important;\r\n\t}\r\n\r\n\t#tab_container_2245 .wpsm_nav-tabs > li {\r\n\t\t\t\t\r\n\t}\r\n\t#tab_container_2245 .wpsm_nav{\r\n\t\t\t}\r\n\r\n}\r\n\r\n\r\n\r\n@media (max-width: 768px) {\r\n\t#tab_container_2245 .wpsm_nav-tabs > li {\r\n\t\t\t\t\r\n\t}\r\n\t#tab_container_2245 .wpsm_nav{\r\n\t\t\t}\r\n}\r\n\r\n\r\n\t.wpsm_nav-tabs li:before{\r\n\t\tdisplay:none !important;\r\n\t}\r\n\r\n\t@media (max-width: 768px) {\r\n\t\t\t\t\r\n\t\t\t\t\t\r\n\t\t\t#tab_container_2245 .wpsm_nav-tabs  li  a  i{\r\n\t\t\t\tdisplay: none !important;\r\n\t\t\t}\r\n\t\t\t\r\n\t\t\t\t.wpsm_nav-tabs{\r\n\t\t\tmargin-left:0px !important;\r\n\t\t\tmargin-right:0px !important; \r\n\t\t\t\r\n\t\t}\r\n\t\t\t\t#tab_container_2245 .wpsm_nav-tabs > li{\r\n\t\t\tfloat:none !important;\r\n\t\t}\r\n\t\t\t\r\n\t}\t\t\t\t<\/style>\r\n\t\t\t\t<div id=\"tab_container_2245\" >\r\n\t \r\n\t\t\t\t\t<ul class=\"wpsm_nav wpsm_nav-tabs\" role=\"tablist\" id=\"myTab_2245\">\r\n\t\t\t\t\t\t\t\r\n\t\t\t\t\t\t\t<li role=\"presentation\"  class=\"active\"  onclick=\"do_resize()\">\r\n\r\n\t\t\t\t\t\t\t\t<!-- XTEC ************ MODIFICAT - Disable scrolling on tab change. Fixes error in option \"Tabs Description Animation\" -->\r\n\t\t\t\t\t\t\t\t<!-- 2021.12.01 @aginard -->\r\n\t\t\t\t\t\t\t\t<a href=\"javascript:void(0);\" aria-controls=\"tabs_desc_2245_1\" role=\"tab\" data-toggle=\"tab\" data-target=\"#tabs_desc_2245_1\">\r\n\t\t\t\t\t\t\t\t<!-- ORIGINAL\r\n\t\t\t\t\t\t\t\t<a href=\"#tabs_desc_2245_1\" aria-controls=\"tabs_desc_2245_1\" role=\"tab\" data-toggle=\"tab\">\r\n\t\t\t\t\t\t\t\t-->\r\n\t\t\t\t\t\t\t\t<!-- ************ FI -->\r\n\t\t\t\t\t\t\t\t\t\r\n\t\t\t\t\t\t\t\t\t\t\t\t\t\t\t\t\t\t\t\t\t\t\t\t\t\t\t\t\r\n\t\t\t\t\t\t\t\t\t\t\t\t\t\t\t\t\t\t\r\n\t\t\t\t\t\t\t\t\t<span>L\u2019ACOLLIDA I L\u2019ENTRADA RELAXADA<\/span>\r\n\t\t\t\t\t\t\t\t\t\r\n\t\t\t\t\t\t\t\t\t\t\t\t\t\t\t\t\t\t\r\n\t\t\t\t\t\t\t\t\t\t\t\t\t\t\t\t\t\t\t\t\r\n\t\t\t\t\t\t\t\t\t\r\n\t\t\t\t\t\t\t\t<\/a>\r\n\t\t\t\t\t\t\t<\/li>\r\n\t\t\t\t\t\t\t\r\n\t\t\t\t\t\t\t<li role=\"presentation\"  onclick=\"do_resize()\">\r\n\r\n\t\t\t\t\t\t\t\t<!-- XTEC ************ MODIFICAT - Disable scrolling on tab change. Fixes error in option \"Tabs Description Animation\" -->\r\n\t\t\t\t\t\t\t\t<!-- 2021.12.01 @aginard -->\r\n\t\t\t\t\t\t\t\t<a href=\"javascript:void(0);\" aria-controls=\"tabs_desc_2245_2\" role=\"tab\" data-toggle=\"tab\" data-target=\"#tabs_desc_2245_2\">\r\n\t\t\t\t\t\t\t\t<!-- ORIGINAL\r\n\t\t\t\t\t\t\t\t<a href=\"#tabs_desc_2245_2\" aria-controls=\"tabs_desc_2245_2\" role=\"tab\" data-toggle=\"tab\">\r\n\t\t\t\t\t\t\t\t-->\r\n\t\t\t\t\t\t\t\t<!-- ************ FI -->\r\n\t\t\t\t\t\t\t\t\t\r\n\t\t\t\t\t\t\t\t\t\t\t\t\t\t\t\t\t\t\t\t\t\t\t\t\t\t\t\t\r\n\t\t\t\t\t\t\t\t\t\t\t\t\t\t\t\t\t\t\r\n\t\t\t\t\t\t\t\t\t<span>ASSEMBLEA<\/span>\r\n\t\t\t\t\t\t\t\t\t\r\n\t\t\t\t\t\t\t\t\t\t\t\t\t\t\t\t\t\t\r\n\t\t\t\t\t\t\t\t\t\t\t\t\t\t\t\t\t\t\t\t\r\n\t\t\t\t\t\t\t\t\t\r\n\t\t\t\t\t\t\t\t<\/a>\r\n\t\t\t\t\t\t\t<\/li>\r\n\t\t\t\t\t\t\t\r\n\t\t\t\t\t\t\t<li role=\"presentation\"  onclick=\"do_resize()\">\r\n\r\n\t\t\t\t\t\t\t\t<!-- XTEC ************ MODIFICAT - Disable scrolling on tab change. Fixes error in option \"Tabs Description Animation\" -->\r\n\t\t\t\t\t\t\t\t<!-- 2021.12.01 @aginard -->\r\n\t\t\t\t\t\t\t\t<a href=\"javascript:void(0);\" aria-controls=\"tabs_desc_2245_3\" role=\"tab\" data-toggle=\"tab\" data-target=\"#tabs_desc_2245_3\">\r\n\t\t\t\t\t\t\t\t<!-- ORIGINAL\r\n\t\t\t\t\t\t\t\t<a href=\"#tabs_desc_2245_3\" aria-controls=\"tabs_desc_2245_3\" role=\"tab\" data-toggle=\"tab\">\r\n\t\t\t\t\t\t\t\t-->\r\n\t\t\t\t\t\t\t\t<!-- ************ FI -->\r\n\t\t\t\t\t\t\t\t\t\r\n\t\t\t\t\t\t\t\t\t\t\t\t\t\t\t\t\t\t\t\t\t\t\t\t\t\t\t\t\r\n\t\t\t\t\t\t\t\t\t\t\t\t\t\t\t\t\t\t\r\n\t\t\t\t\t\t\t\t\t<span>TREBALL GLOBALITZAT<\/span>\r\n\t\t\t\t\t\t\t\t\t\r\n\t\t\t\t\t\t\t\t\t\t\t\t\t\t\t\t\t\t\r\n\t\t\t\t\t\t\t\t\t\t\t\t\t\t\t\t\t\t\t\t\r\n\t\t\t\t\t\t\t\t\t\r\n\t\t\t\t\t\t\t\t<\/a>\r\n\t\t\t\t\t\t\t<\/li>\r\n\t\t\t\t\t\t\t\r\n\t\t\t\t\t\t\t<li role=\"presentation\"  onclick=\"do_resize()\">\r\n\r\n\t\t\t\t\t\t\t\t<!-- XTEC ************ MODIFICAT - Disable scrolling on tab change. Fixes error in option \"Tabs Description Animation\" -->\r\n\t\t\t\t\t\t\t\t<!-- 2021.12.01 @aginard -->\r\n\t\t\t\t\t\t\t\t<a href=\"javascript:void(0);\" aria-controls=\"tabs_desc_2245_4\" role=\"tab\" data-toggle=\"tab\" data-target=\"#tabs_desc_2245_4\">\r\n\t\t\t\t\t\t\t\t<!-- ORIGINAL\r\n\t\t\t\t\t\t\t\t<a href=\"#tabs_desc_2245_4\" aria-controls=\"tabs_desc_2245_4\" role=\"tab\" data-toggle=\"tab\">\r\n\t\t\t\t\t\t\t\t-->\r\n\t\t\t\t\t\t\t\t<!-- ************ FI -->\r\n\t\t\t\t\t\t\t\t\t\r\n\t\t\t\t\t\t\t\t\t\t\t\t\t\t\t\t\t\t\t\t\t\t\t\t\t\t\t\t\r\n\t\t\t\t\t\t\t\t\t\t\t\t\t\t\t\t\t\t\r\n\t\t\t\t\t\t\t\t\t<span>TREBALL ANAL\u00cdTIC<\/span>\r\n\t\t\t\t\t\t\t\t\t\r\n\t\t\t\t\t\t\t\t\t\t\t\t\t\t\t\t\t\t\r\n\t\t\t\t\t\t\t\t\t\t\t\t\t\t\t\t\t\t\t\t\r\n\t\t\t\t\t\t\t\t\t\r\n\t\t\t\t\t\t\t\t<\/a>\r\n\t\t\t\t\t\t\t<\/li>\r\n\t\t\t\t\t\t\t\r\n\t\t\t\t\t\t\t<li role=\"presentation\"  onclick=\"do_resize()\">\r\n\r\n\t\t\t\t\t\t\t\t<!-- XTEC ************ MODIFICAT - Disable scrolling on tab change. Fixes error in option \"Tabs Description Animation\" -->\r\n\t\t\t\t\t\t\t\t<!-- 2021.12.01 @aginard -->\r\n\t\t\t\t\t\t\t\t<a href=\"javascript:void(0);\" aria-controls=\"tabs_desc_2245_5\" role=\"tab\" data-toggle=\"tab\" data-target=\"#tabs_desc_2245_5\">\r\n\t\t\t\t\t\t\t\t<!-- ORIGINAL\r\n\t\t\t\t\t\t\t\t<a href=\"#tabs_desc_2245_5\" aria-controls=\"tabs_desc_2245_5\" role=\"tab\" data-toggle=\"tab\">\r\n\t\t\t\t\t\t\t\t-->\r\n\t\t\t\t\t\t\t\t<!-- ************ FI -->\r\n\t\t\t\t\t\t\t\t\t\r\n\t\t\t\t\t\t\t\t\t\t\t\t\t\t\t\t\t\t\t\t\t\t\t\t\t\t\t\t\r\n\t\t\t\t\t\t\t\t\t\t\t\t\t\t\t\t\t\t\r\n\t\t\t\t\t\t\t\t\t<span>CONNEXI\u00d3 AMB L\u2019ENTORN<\/span>\r\n\t\t\t\t\t\t\t\t\t\r\n\t\t\t\t\t\t\t\t\t\t\t\t\t\t\t\t\t\t\r\n\t\t\t\t\t\t\t\t\t\t\t\t\t\t\t\t\t\t\t\t\r\n\t\t\t\t\t\t\t\t\t\r\n\t\t\t\t\t\t\t\t<\/a>\r\n\t\t\t\t\t\t\t<\/li>\r\n\t\t\t\t\t\t\t\t\t\t\t <\/ul>\r\n\r\n\t\t\t\t\t  <!-- Tab panes -->\r\n\t\t\t\t\t  <div class=\"tab-content\" id=\"tab-content_2245\">\r\n\t\t\t\t\t\t\t\t\t\t\t\t <div role=\"tabpanel\" class=\"tab-pane  in active \" id=\"tabs_desc_2245_1\">\r\n\t\t\t\t\t\t\t\t<p><img loading=\"lazy\" decoding=\"async\" class=\"size-full wp-image-2716 aligncenter\" src=\"https:\/\/agora.xtec.cat\/escolaprogres\/wp-content\/uploads\/usu82\/2021\/02\/IMG_5038.jpg\" alt=\"\" width=\"448\" height=\"299\" srcset=\"https:\/\/agora.xtec.cat\/escolaprogres\/wp-content\/uploads\/usu82\/2021\/02\/IMG_5038.jpg 448w, https:\/\/agora.xtec.cat\/escolaprogres\/wp-content\/uploads\/usu82\/2021\/02\/IMG_5038-300x200.jpg 300w\" sizes=\"auto, (max-width: 448px) 100vw, 448px\" \/><\/p>\n<p>L\u2019escola contempla la pres\u00e8ncia de les fam\u00edlies en aquells moments m\u00e9s sensibles per als infants. En aquest sentit, sentim que l\u2019inici de l\u2019escolaritat esdev\u00e9 un dels moments m\u00e9s importants i significatius per als nens i nenes, moment que des de l\u2019escola hem de poder cuidar tot creant un entorn acollidor en el que els infants sentin que els seus familiars hi s\u00f3n presents. Un acompanyament essencial per tal de construir un vincle de confian\u00e7a i seguretat que anir\u00e0 cuidant-se i creixent a mida que els nens i les nenes acabin sentint l\u2019escola com un espai en el que poden compartir, gaudir...Aix\u00ed, els primers dies d\u2019escola els infants podran i hauran d\u2019estar acompanyats per un adult de la seva confian\u00e7a, un acompanyament que, depenent del curs escolar, tindr\u00e0 una durada aproximada de quatre dies. Som conscients que el temps que cada infant precisa per a sentir-se integrat \u00e9s diferent, per aix\u00f2 contemplem que si \u00e9s necessari, puguem realitzar els ajustos necessaris en aquest proc\u00e9s d\u2019adaptaci\u00f3 fins que l\u2019infant se senti prou confiat i preparat per establir els vincles que l\u2019ajudaran a habitar el dia a dia a l\u2019escola.Entenem tamb\u00e9 que per a les fam\u00edlies aquesta nova etapa necessita tamb\u00e9 d\u2019un temps d\u2019acollida que procurarem acompanyar d\u2019aprop, tot donant resposta als vostres dubtes i neguits. \u00c9s per aix\u00f2 que participareu\u00a0 d\u2019una trobada en la qual podreu plantejar aquelles q\u00fcestions que per a vosaltres siguin importants de la mateixa manera que l\u2019equip pedag\u00f2gic us far\u00e0 arribar aquells aspectes que considerem necessaris a tenir presents. I entenent que aquesta adaptaci\u00f3 t\u00e9 com a protagonistes infants, fam\u00edlies i equip pedag\u00f2gic, procurarem entre totes i tots que aquesta relaci\u00f3 pugui construir-se de forma progressiva i pugui basar-se en la confian\u00e7a i en el di\u00e0leg, tot regant-la amb paci\u00e8ncia i comprensi\u00f3.Aquesta necessitat d\u2019acompanyament tamb\u00e9 l\u2019observem en els infants a mida que es van fent grans, una necessitat que \u00e9s m\u00e9s evident en els moments d\u2019entrada a l\u2019escola del mat\u00ed. La mirada del nostre projecte contempla poder acompanyar els nens i nens, fins a segon de prim\u00e0ria, amb l\u2019objectiu de poder cuidar els moments de comiat entre infants i fam\u00edlies.<\/p>\n\t\t\t\t\t\t <\/div>\r\n\t\t\t\t\t\t\t\t\t\t\t\t <div role=\"tabpanel\" class=\"tab-pane \" id=\"tabs_desc_2245_2\">\r\n\t\t\t\t\t\t\t\t<p>El dia a dia a l\u2019escola comen\u00e7a per als infants de prim\u00e0ria amb l\u2019assemblea, un moment de trobada en el que es comparteixen viv\u00e8ncies, dubtes, neguits\u2026\u00a0 Pot ser tamb\u00e9 un moment de presentaci\u00f3 de les propostes que hauran d\u2019abordar els infants a continuaci\u00f3, o de presentaci\u00f3 de nous continguts. Moments tamb\u00e9 en els que l\u2019expressi\u00f3 oral a trav\u00e9s de contes i can\u00e7ons continu\u00ef omplint les aules d\u2019aquells instants m\u00e0gics que es generen amb les narracions. Un espai en el que el respecte i l\u2019escolta ser\u00e0 la base per tal que l\u2019assemblea esdevingui un moment \u00edntim i proper en el que es puguin anar creant o consolidant els vincles i les normes que regeixen les relacions de grup.Un espai pensat per tal d\u2019afavorir la vida de grup, tot enriquint la seva ess\u00e8ncia i tenint molt present la individualitat de cada un dels infants. Moments compartits que ens ajudaran a poder abordar els conflictes abans que apareguin o resoldre\u2019ls de manera pac\u00edfica i respectuosa.\u00a0Un espai que tamb\u00e9 estar\u00e0 present a educaci\u00f3 infantil, un espai que s\u2019anir\u00e0 generant a poc a poc, tenint molt present el nivell de maduresa dels infants.<\/p>\n<p>\u00a0<\/p>\n<p><img loading=\"lazy\" decoding=\"async\" class=\"aligncenter wp-image-2737 size-large\" src=\"https:\/\/agora.xtec.cat\/escolaprogres\/wp-content\/uploads\/usu82\/2021\/02\/f2771f4e-1135-4540-8b64-2802e511e4e8-1024x768.jpg\" alt=\"\" width=\"1024\" height=\"768\" srcset=\"https:\/\/agora.xtec.cat\/escolaprogres\/wp-content\/uploads\/usu82\/2021\/02\/f2771f4e-1135-4540-8b64-2802e511e4e8.jpg 1024w, https:\/\/agora.xtec.cat\/escolaprogres\/wp-content\/uploads\/usu82\/2021\/02\/f2771f4e-1135-4540-8b64-2802e511e4e8-300x225.jpg 300w, https:\/\/agora.xtec.cat\/escolaprogres\/wp-content\/uploads\/usu82\/2021\/02\/f2771f4e-1135-4540-8b64-2802e511e4e8-768x576.jpg 768w, https:\/\/agora.xtec.cat\/escolaprogres\/wp-content\/uploads\/usu82\/2021\/02\/f2771f4e-1135-4540-8b64-2802e511e4e8-200x150.jpg 200w\" sizes=\"auto, (max-width: 1024px) 100vw, 1024px\" \/><\/p>\n\t\t\t\t\t\t <\/div>\r\n\t\t\t\t\t\t\t\t\t\t\t\t <div role=\"tabpanel\" class=\"tab-pane \" id=\"tabs_desc_2245_3\">\r\n\t\t\t\t\t\t\t\t<p><img loading=\"lazy\" decoding=\"async\" class=\"alignleft wp-image-2717 size-full\" src=\"https:\/\/agora.xtec.cat\/escolaprogres\/wp-content\/uploads\/usu82\/2021\/02\/IMG_5201.jpg\" alt=\"\" width=\"448\" height=\"299\" srcset=\"https:\/\/agora.xtec.cat\/escolaprogres\/wp-content\/uploads\/usu82\/2021\/02\/IMG_5201.jpg 448w, https:\/\/agora.xtec.cat\/escolaprogres\/wp-content\/uploads\/usu82\/2021\/02\/IMG_5201-300x200.jpg 300w\" sizes=\"auto, (max-width: 448px) 100vw, 448px\" \/><\/p>\n<p>\u00a0<\/p>\n<p>\u00a0<\/p>\n<p>L\u2019enfocament globalitzador dels aprenentatges respon a la necessitat que els nostres infants desenvolupin el pensament cr\u00edtic i siguin capa\u00e7os de tenir una aproximaci\u00f3 a problemes reals i propiciant solucions creatives.Es tracta de desenvolupar la capacitat d\u2019an\u00e0lisi, l\u2019esperit cr\u00edtic, la imaginaci\u00f3 i la creativitat. \u00c9s per aquest moti<span style=\"font-family: inherit;font-size: 1em\">u que a l\u2019escola destinem espais i moments que propicien la capacitat dial\u00f2gica de l\u2019alumnat i donem veu a cadascun dels nostres infants per a construir conjuntament l\u2019aprenentatge.<\/span><\/p>\n<div><\/div>\n\t\t\t\t\t\t <\/div>\r\n\t\t\t\t\t\t\t\t\t\t\t\t <div role=\"tabpanel\" class=\"tab-pane \" id=\"tabs_desc_2245_4\">\r\n\t\t\t\t\t\t\t\t<p>\u00a0<\/p>\n<p><img loading=\"lazy\" decoding=\"async\" class=\"size-full wp-image-2722 alignright\" src=\"https:\/\/agora.xtec.cat\/escolaprogres\/wp-content\/uploads\/usu82\/2021\/02\/IMG_5192.jpg\" alt=\"\" width=\"448\" height=\"299\" srcset=\"https:\/\/agora.xtec.cat\/escolaprogres\/wp-content\/uploads\/usu82\/2021\/02\/IMG_5192.jpg 448w, https:\/\/agora.xtec.cat\/escolaprogres\/wp-content\/uploads\/usu82\/2021\/02\/IMG_5192-300x200.jpg 300w\" sizes=\"auto, (max-width: 448px) 100vw, 448px\" \/><\/p>\n<p>\u00a0<\/p>\n<p>Un altre dels moments presents a l\u2019escola \u00e9s el del treball anal\u00edtic, moment en que es posen a l\u2019abast dels infants aprenentatges molt concrets de les diferents \u00e0rees del curr\u00edculum que en aquelles franges de treball m\u00e9s globalitzat s\u2019activen donant sentit a all\u00f2 que s\u2019ha apr\u00e8s. Poc a poc anem introduint un aprenentatge m\u00e9s vivencial per part dels infants, un proc\u00e9s en el que tenim presents els seus processos vitals i de creixement que procurem acompanyar molt de prop. Proc\u00e9s en el que els materials manipulatius ajuden als infants en el pas cap a l\u2019abstracci\u00f3, en la representaci\u00f3 i adquisici\u00f3 dels nous aprenentatges.<\/p>\n\t\t\t\t\t\t <\/div>\r\n\t\t\t\t\t\t\t\t\t\t\t\t <div role=\"tabpanel\" class=\"tab-pane \" id=\"tabs_desc_2245_5\">\r\n\t\t\t\t\t\t\t\t<p><a href=\"https:\/\/agora.xtec.cat\/escolaprogres\/wp-content\/uploads\/usu82\/2021\/02\/IMG-7758.jpg\"><img loading=\"lazy\" decoding=\"async\" class=\"wp-image-2520 alignleft\" src=\"https:\/\/agora.xtec.cat\/escolaprogres\/wp-content\/uploads\/usu82\/2021\/02\/IMG-7758.jpg\" alt=\"\" width=\"318\" height=\"336\" srcset=\"https:\/\/agora.xtec.cat\/escolaprogres\/wp-content\/uploads\/usu82\/2021\/02\/IMG-7758.jpg 750w, https:\/\/agora.xtec.cat\/escolaprogres\/wp-content\/uploads\/usu82\/2021\/02\/IMG-7758-284x300.jpg 284w\" sizes=\"auto, (max-width: 318px) 100vw, 318px\" \/><\/a><\/p>\n<p>\u00a0<\/p>\n<p>\u00a0<\/p>\n<p>La nostra escola est\u00e0 situada en un entorn privilegiat que ens permet gaudir d\u2019espais exteriors preciosos que aporten als infants viv\u00e8ncies i experi\u00e8ncies que generen en ells emocions, essent l\u2019emoci\u00f3 el motor de qualsevol aprenentatge.\u00a0Gaudir de la platja, de l\u2019entorn de la serralada de Marina i del preci\u00f3s parc de Ca l\u2019Arn\u00fas ens permet aprofundir en el coneixement que tenim del nostre entorn i, al mateix temps, a prendre consci\u00e8ncia de la import\u00e0ncia de valorar-los i cuidar-los. La platja que tan a prop tenim, la pensem tamb\u00e9 com un espai m\u00e9s per complementar els patis de l\u2019escola.<\/p>\n\t\t\t\t\t\t <\/div>\r\n\t\t\t\t\t\t\t\r\n\t\t\t\t\t <\/div>\r\n\t\t\t\t\t \r\n\t\t\t\t <\/div>\r\n <script>\r\n\t\tjQuery(function () {\r\n\t\t\tjQuery('#myTab_2245 a:first').tab('show')\r\n\t\t});\r\n\t\t\r\n\t\t\t\tjQuery(function(){\r\n\t\t\tvar b=\"fadeIn\";\r\n\t\t\tvar c;\r\n\t\t\tvar a;\r\n\t\t\td(jQuery(\"#myTab_2245 a\"),jQuery(\"#tab-content_2245\"));function d(e,f,g){\r\n\t\t\t\te.click(function(i){\r\n\t\t\t\t\ti.preventDefault();\r\n\t\t\t\t\tjQuery(this).tab(\"show\");\r\n\t\t\t\t\tvar h=jQuery(this).data(\"easein\");\r\n\t\t\t\t\tif(c){c.removeClass(a);}\r\n\t\t\t\t\tif(h){f.find(\"div.active\").addClass(\"animated \"+h);a=h;}\r\n\t\t\t\t\telse{if(g){f.find(\"div.active\").addClass(\"animated \"+g);a=g;}else{f.find(\"div.active\").addClass(\"animated \"+b);a=b;}}c=f.find(\"div.active\");\r\n\t\t\t\t});\r\n\t\t\t}\r\n\t\t});\r\n\t\t\r\n\r\n\t\tfunction do_resize(){\r\n\r\n\t\t\tvar width=jQuery( '.tab-content .tab-pane iframe' ).width();\r\n\t\t\tvar height=jQuery( '.tab-content .tab-pane iframe' ).height();\r\n\r\n\t\t\tvar toggleSize = true;\r\n\t\t\tjQuery('iframe').animate({\r\n\t\t\t    width: toggleSize ? width : 640,\r\n\t\t\t    height: toggleSize ? height : 360\r\n\t\t\t  }, 250);\r\n\r\n\t\t\t  toggleSize = !toggleSize;\r\n\t\t}\r\n\r\n\r\n\t<\/script>\r\n\t\t\t\t\r\n\t\t\t\n","protected":false},"excerpt":{"rendered":"","protected":false},"author":19,"featured_media":0,"parent":2274,"menu_order":0,"comment_status":"closed","ping_status":"closed","template":"page-templates\/side-menu.php","meta":{"_bbp_topic_count":0,"_bbp_reply_count":0,"_bbp_total_topic_count":0,"_bbp_total_reply_count":0,"_bbp_voice_count":0,"_bbp_anonymous_reply_count":0,"_bbp_topic_count_hidden":0,"_bbp_reply_count_hidden":0,"_bbp_forum_subforum_count":0,"site-sidebar-layout":"default","site-content-layout":"","ast-site-content-layout":"","site-content-style":"default","site-sidebar-style":"default","ast-global-header-display":"","ast-banner-title-visibility":"","ast-main-header-display":"","ast-hfb-above-header-display":"","ast-hfb-below-header-display":"","ast-hfb-mobile-header-display":"","site-post-title":"","ast-breadcrumbs-content":"","ast-featured-img":"","footer-sml-layout":"","theme-transparent-header-meta":"","adv-header-id-meta":"","stick-header-meta":"","header-above-stick-meta":"","header-main-stick-meta":"","header-below-stick-meta":"","astra-migrate-meta-layouts":"default","ast-page-background-enabled":"default","ast-page-background-meta":{"desktop":{"background-color":"var(--ast-global-color-4)","background-image":"","background-repeat":"repeat","background-position":"center center","background-size":"auto","background-attachment":"scroll","background-type":"","background-media":"","overlay-type":"","overlay-color":"","overlay-opacity":"","overlay-gradient":""},"tablet":{"background-color":"","background-image":"","background-repeat":"repeat","background-position":"center center","background-size":"auto","background-attachment":"scroll","background-type":"","background-media":"","overlay-type":"","overlay-color":"","overlay-opacity":"","overlay-gradient":""},"mobile":{"background-color":"","background-image":"","background-repeat":"repeat","background-position":"center center","background-size":"auto","background-attachment":"scroll","background-type":"","background-media":"","overlay-type":"","overlay-color":"","overlay-opacity":"","overlay-gradient":""}},"ast-content-background-meta":{"desktop":{"background-color":"var(--ast-global-color-5)","background-image":"","background-repeat":"repeat","background-position":"center center","background-size":"auto","background-attachment":"scroll","background-type":"","background-media":"","overlay-type":"","overlay-color":"","overlay-opacity":"","overlay-gradient":""},"tablet":{"background-color":"var(--ast-global-color-5)","background-image":"","background-repeat":"repeat","background-position":"center center","background-size":"auto","background-attachment":"scroll","background-type":"","background-media":"","overlay-type":"","overlay-color":"","overlay-opacity":"","overlay-gradient":""},"mobile":{"background-color":"var(--ast-global-color-5)","background-image":"","background-repeat":"repeat","background-position":"center center","background-size":"auto","background-attachment":"scroll","background-type":"","background-media":"","overlay-type":"","overlay-color":"","overlay-opacity":"","overlay-gradient":""}},"footnotes":""},"class_list":["post-2526","page","type-page","status-publish","hentry"],"post_mailing_queue_ids":[],"_links":{"self":[{"href":"https:\/\/agora.xtec.cat\/escolaprogres\/wp-json\/wp\/v2\/pages\/2526","targetHints":{"allow":["GET"]}}],"collection":[{"href":"https:\/\/agora.xtec.cat\/escolaprogres\/wp-json\/wp\/v2\/pages"}],"about":[{"href":"https:\/\/agora.xtec.cat\/escolaprogres\/wp-json\/wp\/v2\/types\/page"}],"author":[{"embeddable":true,"href":"https:\/\/agora.xtec.cat\/escolaprogres\/wp-json\/wp\/v2\/users\/19"}],"replies":[{"embeddable":true,"href":"https:\/\/agora.xtec.cat\/escolaprogres\/wp-json\/wp\/v2\/comments?post=2526"}],"version-history":[{"count":3,"href":"https:\/\/agora.xtec.cat\/escolaprogres\/wp-json\/wp\/v2\/pages\/2526\/revisions"}],"predecessor-version":[{"id":2541,"href":"https:\/\/agora.xtec.cat\/escolaprogres\/wp-json\/wp\/v2\/pages\/2526\/revisions\/2541"}],"up":[{"embeddable":true,"href":"https:\/\/agora.xtec.cat\/escolaprogres\/wp-json\/wp\/v2\/pages\/2274"}],"wp:attachment":[{"href":"https:\/\/agora.xtec.cat\/escolaprogres\/wp-json\/wp\/v2\/media?parent=2526"}],"curies":[{"name":"wp","href":"https:\/\/api.w.org\/{rel}","templated":true}]}}