{"id":24,"date":"2014-09-18T12:23:15","date_gmt":"2014-09-18T12:23:15","guid":{"rendered":"http:\/\/agora.xtec.cat\/escolaprogres\/?page_id=24"},"modified":"2021-01-21T11:02:10","modified_gmt":"2021-01-21T10:02:10","slug":"on-som","status":"publish","type":"page","link":"https:\/\/agora.xtec.cat\/escolaprogres\/lescola\/on-som\/","title":{"rendered":"On som"},"content":{"rendered":"<p style=\"color: #666666;\"><strong>Escola\u00a0Progr\u00e9s<\/strong><br \/>\nC. Eduard Maristany 104-118<br \/>\n08912\u00a0Badalona<\/p>\n<p>Tel.\u00a0934605860<br \/>\na8059639@xtec.cat<\/p>\n<p><iframe loading=\"lazy\" src=\"https:\/\/www.google.com\/maps\/embed?pb=!1m18!1m12!1m3!1d2990.86855527811!2d2.2429339151140097!3d41.44207370056658!2m3!1f0!2f0!3f0!3m2!1i1024!2i768!4f13.1!3m3!1m2!1s0x12a4bb14427a0fe3%3A0xfb7c00599cfa43c2!2sEscola+Progr%C3%A9s!5e0!3m2!1sca!2ses!4v1498155203279\" width=\"600\" height=\"450\" frameborder=\"0\"><\/iframe><\/p>\n<p>&nbsp;<\/p>\n<div>\n<p><b><a href=\"https:\/\/maps.google.com\/?ie=UTF8&amp;t=m&amp;sll=41.442113,2.245151&amp;sspn=0.011453,0.022273&amp;q=Carrer+Eduard+Maristany,+104+08912+Badalona,+Barcelona,+Espanya+(Carrer+Eduard+Maristany,+104)&amp;hq=&amp;hnear=Carrer+Eduard+Maristany,+104,+08912+Badalona,+Barcelona,+Espanya&amp;ll=41.443595,2.243958&amp;spn=0.016085,0.025749&amp;z=15&amp;vpsrc=6&amp;iwloc=A&amp;f=d&amp;daddr=Carrer+Eduard+Maristany,+104,+08912+Badalona,+Barcelona,+Espanya+(Carrer+Eduard+Maristany,+104)&amp;geocode=%3BCU5zYrzH0FlLFUFbeAIdH0IiAClTnSvjFLukEjFVVg6dR79Flg\" target=\"_blank\" rel=\"noopener noreferrer\">Com arriba<\/a><a href=\"https:\/\/maps.google.com\/?ie=UTF8&amp;t=m&amp;sll=41.442113,2.245151&amp;sspn=0.011453,0.022273&amp;q=Carrer+Eduard+Maristany,+104+08912+Badalona,+Barcelona,+Espanya+(Carrer+Eduard+Maristany,+104)&amp;hq=&amp;hnear=Carrer+Eduard+Maristany,+104,+08912+Badalona,+Barcelona,+Espanya&amp;ll=41.443595,2.243958&amp;spn=0.016085,0.025749&amp;z=15&amp;vpsrc=6&amp;iwloc=A&amp;f=d&amp;daddr=Carrer+Eduard+Maristany,+104,+08912+Badalona,+Barcelona,+Espanya+(Carrer+Eduard+Maristany,+104)&amp;geocode=%3BCU5zYrzH0FlLFUFbeAIdH0IiAClTnSvjFLukEjFVVg6dR79Flg\">r-hi<\/a><\/b><\/p>\n<ul>\n<li style=\"list-style-type: none;\">\n<ul>\n<li><b style=\"line-height: 1.6; font-size: 10pt;\">Transport P\u00fablic:\u00a0<\/b>\n<ul>\n<li><b style=\"line-height: 1.6; font-size: 10pt;\">Metro:<\/b><span style=\"line-height: 1.6; font-size: 10pt;\"> L2 Parada Pep Ventura<\/span><\/li>\n<li><b style=\"line-height: 1.6; font-size: 10pt;\">Tren:<\/b><span style=\"line-height: 1.6; font-size: 10pt;\"> <a href=\"http:\/\/www.renfe.com\/CA\/viajeros\/cercanias\/barcelona\/\" target=\"_blank\" rel=\"noopener noreferrer\">rodalies RENFE<\/a> L\u00ednia R1 &#8211; Estaci\u00f3 Badalona<\/span><\/li>\n<li><span style=\"line-height: 1.6; font-size: 10pt;\"><b>Bus<\/b>: L\u00ednies <a href=\"http:\/\/www.tusgsal.net\/cat\/diabus.htm\" target=\"_blank\" rel=\"noopener noreferrer\">TUSGSAL<\/a>: Clicant als enlla\u00e7os accedireu a la ubicaci\u00f3 de la parada i freq\u00fc\u00e8ncies de pas.<\/span><span style=\"line-height: 1.6; font-size: 10pt;\"><span style=\"line-height: 1.6; font-size: 10pt;\"><br \/>\n<\/span><\/span><\/p>\n<table style=\"border-collapse: collapse; border-color: #888888; border-width: 1px;\" border=\"1\" cellspacing=\"0\">\n<tbody>\n<tr>\n<td style=\"width: 177px; height: 66px;\">\u00a0<a style=\"font-size: 10pt; line-height: 1.6;\" href=\"https:\/\/lh4.googleusercontent.com\/-ZipE-KUmGfE\/Uo5Ua4Rq-zI\/AAAAAAAAAWc\/EsKFg0fntkg\/s1600\/Bus1.PNG\"><img decoding=\"async\" src=\"https:\/\/lh4.googleusercontent.com\/-ZipE-KUmGfE\/Uo5Ua4Rq-zI\/AAAAAAAAAWc\/EsKFg0fntkg\/s1600\/Bus1.PNG\" border=\"0\" \/><\/a><\/td>\n<td style=\"width: 494px; height: 66px;\">\n<ul>\n<li><span style=\"font-size: 10pt; line-height: 1.6; background-color: transparent;\">\u00a0<\/span><span style=\"font-size: 10pt; line-height: 1.6; background-color: transparent;\">Parada\u00a0<\/span><span style=\"font-size: 10pt; line-height: 1.6; background-color: transparent;\">SENTIT Badalona: \u00a0C<\/span><a style=\"font-size: 10pt; line-height: 1.6; background-color: transparent;\" href=\"http:\/\/www.ambmobilitat.cat\/Principales\/DatosParada.aspx?linea=0&amp;version=0&amp;cerca=1&amp;punto=105919\" target=\"_blank\" rel=\"noopener noreferrer\">\/Industria cantonada C\/Sagunt<\/a><span style=\"font-size: 10pt; background-color: transparent; line-height: 25px;\">\u00a0<\/span><span style=\"background-color: transparent; font-size: 10pt; line-height: 25px;\">ID de parada: 105919<\/span><\/li>\n<\/ul>\n<\/td>\n<\/tr>\n<tr>\n<td style=\"width: 177px; height: 57px;\">\u00a0<a style=\"font-size: 10pt; line-height: 1.6;\" href=\"https:\/\/lh3.googleusercontent.com\/-qyEynhm8Oz0\/Uo5XczdJqvI\/AAAAAAAAAW0\/osxPpWpervA\/s1600\/Bus3.PNG\"><img decoding=\"async\" src=\"https:\/\/lh3.googleusercontent.com\/-qyEynhm8Oz0\/Uo5XczdJqvI\/AAAAAAAAAW0\/osxPpWpervA\/s1600\/Bus3.PNG\" border=\"0\" \/><\/a><\/td>\n<td style=\"width: 494px; height: 57px;\">\n<ul>\n<li><span style=\"font-size: 10pt; line-height: 1.6; background-color: transparent;\">\u00a0<\/span><span style=\"font-size: small; background-color: transparent; line-height: 25px;\">Parada SENTIT Barcelona -Sant Adri\u00e0 de Bes\u00f2s &#8211; Santa Coloma\u00a0<\/span><\/li>\n<li><span style=\"line-height: 25px; font-size: small; background-color: transparent;\">\u00a0 \u00a0 \u00a0 \u00a0 \u00a0\u00a0<\/span><a style=\"line-height: 25px; font-size: small; background-color: transparent;\" href=\"http:\/\/www.ambmobilitat.cat\/Principales\/DatosParada.aspx?linea=0&amp;version=0&amp;cerca=1&amp;punto=108823\" target=\"_blank\" rel=\"noopener noreferrer\">C\/Progr\u00e9s &#8211; C\/G\u00fcell i Ferrer<\/a><span style=\"line-height: 25px; font-size: small; background-color: transparent;\"> ID de parada:108823<\/span><\/li>\n<\/ul>\n<\/td>\n<\/tr>\n<tr>\n<td style=\"width: 177px; height: 79px;\">&nbsp;<\/p>\n<div style=\"display: block; text-align: left; margin-right: auto;\"><a href=\"https:\/\/lh4.googleusercontent.com\/-BAZkHaa6ksY\/Uo5Vx7xCfvI\/AAAAAAAAAWo\/r5WeWuGK4i4\/s1600\/Bus2.PNG\"><img decoding=\"async\" src=\"https:\/\/lh4.googleusercontent.com\/-BAZkHaa6ksY\/Uo5Vx7xCfvI\/AAAAAAAAAWo\/r5WeWuGK4i4\/s1600\/Bus2.PNG\" border=\"0\" \/><\/a><\/div>\n<\/td>\n<td style=\"width: 494px; height: 79px;\">\n<ul>\n<li><span style=\"font-size: 10pt; line-height: 1.6; background-color: transparent;\">Parada SENTIT Sant Adri\u00e0 de Bes\u00f2s <\/span><a style=\"font-size: 10pt; line-height: 1.6; background-color: transparent;\" href=\"http:\/\/www.ambmobilitat.cat\/Principales\/DatosParada.aspx?linea=0&amp;version=0&amp;cerca=1&amp;punto=107899\" target=\"_blank\" rel=\"noopener noreferrer\">C\/Eduard Maristany &#8211; SAgunt- \u00a0Provid\u00e8ncia<\/a>\u00a0ID de Parada: 107899<\/li>\n<li>Parada SENTIT Badalona: <a href=\"http:\/\/www.ambmobilitat.cat\/Principales\/DatosParada.aspx?linea=0&amp;version=0&amp;cerca=1&amp;punto=107912\" target=\"_blank\" rel=\"noopener noreferrer\">C\/Eduard Maristany (passat Estrop)<\/a>\u00a0ID de Parada: 107912<\/li>\n<\/ul>\n<\/td>\n<\/tr>\n<\/tbody>\n<\/table>\n<p>&nbsp;<\/li>\n<\/ul>\n<\/li>\n<\/ul>\n<\/li>\n<\/ul>\n<ul>\n<li style=\"list-style-type: none;\">\n<ul>\n<li style=\"list-style-type: none;\"><\/li>\n<\/ul>\n<\/li>\n<\/ul>\n<\/div>\n","protected":false},"excerpt":{"rendered":"<p>Escola\u00a0Progr\u00e9s C. Eduard Maristany 104-118 08912\u00a0Badalona Tel.\u00a0934605860 a8059639@xtec.cat &nbsp; Com arribar-hi Transport P\u00fablic:\u00a0 Metro: L2 Parada Pep Ventura Tren: rodalies RENFE L\u00ednia R1 &#8211; Estaci\u00f3 Badalona Bus: L\u00ednies TUSGSAL: Clicant als enlla\u00e7os accedireu a la ubicaci\u00f3 de la parada i freq\u00fc\u00e8ncies de pas. \u00a0 \u00a0Parada\u00a0SENTIT Badalona: \u00a0C\/Industria cantonada C\/Sagunt\u00a0ID de parada: 105919 \u00a0 \u00a0Parada SENTIT [&hellip;]<\/p>\n","protected":false},"author":2,"featured_media":0,"parent":22,"menu_order":10,"comment_status":"closed","ping_status":"closed","template":"page-templates\/side-menu.php","meta":{"_bbp_topic_count":0,"_bbp_reply_count":0,"_bbp_total_topic_count":0,"_bbp_total_reply_count":0,"_bbp_voice_count":0,"_bbp_anonymous_reply_count":0,"_bbp_topic_count_hidden":0,"_bbp_reply_count_hidden":0,"_bbp_forum_subforum_count":0,"site-sidebar-layout":"default","site-content-layout":"","ast-site-content-layout":"","site-content-style":"default","site-sidebar-style":"default","ast-global-header-display":"","ast-banner-title-visibility":"","ast-main-header-display":"","ast-hfb-above-header-display":"","ast-hfb-below-header-display":"","ast-hfb-mobile-header-display":"","site-post-title":"","ast-breadcrumbs-content":"","ast-featured-img":"","footer-sml-layout":"","theme-transparent-header-meta":"","adv-header-id-meta":"","stick-header-meta":"","header-above-stick-meta":"","header-main-stick-meta":"","header-below-stick-meta":"","astra-migrate-meta-layouts":"default","ast-page-background-enabled":"default","ast-page-background-meta":{"desktop":{"background-color":"var(--ast-global-color-4)","background-image":"","background-repeat":"repeat","background-position":"center center","background-size":"auto","background-attachment":"scroll","background-type":"","background-media":"","overlay-type":"","overlay-color":"","overlay-opacity":"","overlay-gradient":""},"tablet":{"background-color":"","background-image":"","background-repeat":"repeat","background-position":"center center","background-size":"auto","background-attachment":"scroll","background-type":"","background-media":"","overlay-type":"","overlay-color":"","overlay-opacity":"","overlay-gradient":""},"mobile":{"background-color":"","background-image":"","background-repeat":"repeat","background-position":"center center","background-size":"auto","background-attachment":"scroll","background-type":"","background-media":"","overlay-type":"","overlay-color":"","overlay-opacity":"","overlay-gradient":""}},"ast-content-background-meta":{"desktop":{"background-color":"var(--ast-global-color-5)","background-image":"","background-repeat":"repeat","background-position":"center center","background-size":"auto","background-attachment":"scroll","background-type":"","background-media":"","overlay-type":"","overlay-color":"","overlay-opacity":"","overlay-gradient":""},"tablet":{"background-color":"var(--ast-global-color-5)","background-image":"","background-repeat":"repeat","background-position":"center center","background-size":"auto","background-attachment":"scroll","background-type":"","background-media":"","overlay-type":"","overlay-color":"","overlay-opacity":"","overlay-gradient":""},"mobile":{"background-color":"var(--ast-global-color-5)","background-image":"","background-repeat":"repeat","background-position":"center center","background-size":"auto","background-attachment":"scroll","background-type":"","background-media":"","overlay-type":"","overlay-color":"","overlay-opacity":"","overlay-gradient":""}},"footnotes":""},"class_list":["post-24","page","type-page","status-publish","hentry"],"post_mailing_queue_ids":[],"_links":{"self":[{"href":"https:\/\/agora.xtec.cat\/escolaprogres\/wp-json\/wp\/v2\/pages\/24","targetHints":{"allow":["GET"]}}],"collection":[{"href":"https:\/\/agora.xtec.cat\/escolaprogres\/wp-json\/wp\/v2\/pages"}],"about":[{"href":"https:\/\/agora.xtec.cat\/escolaprogres\/wp-json\/wp\/v2\/types\/page"}],"author":[{"embeddable":true,"href":"https:\/\/agora.xtec.cat\/escolaprogres\/wp-json\/wp\/v2\/users\/2"}],"replies":[{"embeddable":true,"href":"https:\/\/agora.xtec.cat\/escolaprogres\/wp-json\/wp\/v2\/comments?post=24"}],"version-history":[{"count":4,"href":"https:\/\/agora.xtec.cat\/escolaprogres\/wp-json\/wp\/v2\/pages\/24\/revisions"}],"predecessor-version":[{"id":2293,"href":"https:\/\/agora.xtec.cat\/escolaprogres\/wp-json\/wp\/v2\/pages\/24\/revisions\/2293"}],"up":[{"embeddable":true,"href":"https:\/\/agora.xtec.cat\/escolaprogres\/wp-json\/wp\/v2\/pages\/22"}],"wp:attachment":[{"href":"https:\/\/agora.xtec.cat\/escolaprogres\/wp-json\/wp\/v2\/media?parent=24"}],"curies":[{"name":"wp","href":"https:\/\/api.w.org\/{rel}","templated":true}]}}