{"id":2282,"date":"2021-01-20T16:32:09","date_gmt":"2021-01-20T15:32:09","guid":{"rendered":"https:\/\/agora.xtec.cat\/escolaprogres\/?page_id=2282"},"modified":"2023-11-13T09:29:00","modified_gmt":"2023-11-13T08:29:00","slug":"les-families","status":"publish","type":"page","link":"https:\/\/agora.xtec.cat\/escolaprogres\/les-families\/","title":{"rendered":"Les fam\u00edlies"},"content":{"rendered":"<p style=\"text-align: left;\">Entenem l\u2019escola com un entorn que <strong>acull als infants<\/strong>, un entorn en el qual la pres\u00e8ncia de les fam\u00edlies constitueix un del eixos vertebradors de l\u2019estructura de l\u2019escola. Fam\u00edlia i equip pedag\u00f2gic hem de poder establir un <strong>vincle basat en el respecte i la col\u00b7laboraci\u00f3<\/strong>, i \u00e9s aix\u00ed com sentim que la participaci\u00f3, la implicaci\u00f3 i l\u2019acompanyament de les fam\u00edlies esdev\u00e9 necessari per al desenvolupament del projecte educatiu, creant un espai de complicitat entre les dues parts.<\/p>\n<p style=\"text-align: left;\">\u00c9s important tenir present que les decisions seran responsabilitat de l\u2019escola, i que tots i totes haurem de con\u00e8ixer i respectar els llocs que cadasc\u00fa ocupem, una l\u00ednia, la del respecte, que ens permetr\u00e0 tenir una estructura ordenada i harm\u00f2nica. Contemplem que les fam\u00edlies puguin participar i col\u00b7laborar de la vida de l\u2019escola, acceptant i respectant que dins del centre s\u2019estableixen criteris de conviv\u00e8ncia per part de l\u2019equip.<\/p>\n<p style=\"text-align: left;\">Ser\u00e0 a trav\u00e9s de la\u00a0<strong>Carta de Comprom\u00eds Educatiu<\/strong>\u00a0que les fam\u00edlies assumiran el seu comprom\u00eds d\u2019implicaci\u00f3 en el proc\u00e9s educatiu dels infants per garantir l\u2019assoliment de l\u2019\u00e8xit educatiu, aix\u00ed com una bona integraci\u00f3 escolar i social de l\u2019infant.<\/p>\n<p style=\"text-align: left;\">L\u2019<strong> Associaci\u00f3 de Fam\u00edlies d\u2019Alumnes (AFA)<\/strong> t\u00e9 l\u2019objectiu d\u2019implicar-se en la vida de l\u2019escola, de sentir-se part\u00edcips d\u2019all\u00f2 que hi passa i de poder vehicular els canals d\u2019informaci\u00f3 amb l\u2019equip pedag\u00f2gic. La seva participaci\u00f3 i col\u00b7laboraci\u00f3 \u00e9s <strong>volunt\u00e0ria<\/strong> i en conson\u00e0ncia amb el projecte de centre. Tamb\u00e9 es promou la participaci\u00f3 de les fam\u00edlies en aquelles activitats pr\u00f2pies de l\u2019AFA i organitzades per l\u2019associaci\u00f3.<\/p>\n<p style=\"text-align: left;\">El nostre projecte vol activar un <strong>treball col\u00b7laboratiu<\/strong> \u00a0entre l\u2019AFA i l\u2019equip pedag\u00f2gic per tal de gestionar aspectes importants per l\u2019escola com\u00a0 el projecte de llibre verd, la mobilitat, la coordinaci\u00f3 de delegats i delegades de fam\u00edlies de classe, el menjador escolar, la coeducaci\u00f3 i la comunicaci\u00f3.<\/p>\n","protected":false},"excerpt":{"rendered":"<p>Entenem l\u2019escola com un entorn que acull als infants, un entorn en el qual la pres\u00e8ncia de les fam\u00edlies constitueix un del eixos vertebradors de l\u2019estructura de l\u2019escola. Fam\u00edlia i equip pedag\u00f2gic hem de poder establir un vincle basat en el respecte i la col\u00b7laboraci\u00f3, i \u00e9s aix\u00ed com sentim que la participaci\u00f3, la implicaci\u00f3 [&hellip;]<\/p>\n","protected":false},"author":1,"featured_media":0,"parent":0,"menu_order":0,"comment_status":"closed","ping_status":"closed","template":"page-templates\/side-menu.php","meta":{"_bbp_topic_count":0,"_bbp_reply_count":0,"_bbp_total_topic_count":0,"_bbp_total_reply_count":0,"_bbp_voice_count":0,"_bbp_anonymous_reply_count":0,"_bbp_topic_count_hidden":0,"_bbp_reply_count_hidden":0,"_bbp_forum_subforum_count":0,"site-sidebar-layout":"default","site-content-layout":"","ast-site-content-layout":"","site-content-style":"default","site-sidebar-style":"default","ast-global-header-display":"","ast-banner-title-visibility":"","ast-main-header-display":"","ast-hfb-above-header-display":"","ast-hfb-below-header-display":"","ast-hfb-mobile-header-display":"","site-post-title":"","ast-breadcrumbs-content":"","ast-featured-img":"","footer-sml-layout":"","theme-transparent-header-meta":"","adv-header-id-meta":"","stick-header-meta":"","header-above-stick-meta":"","header-main-stick-meta":"","header-below-stick-meta":"","astra-migrate-meta-layouts":"default","ast-page-background-enabled":"default","ast-page-background-meta":{"desktop":{"background-color":"var(--ast-global-color-4)","background-image":"","background-repeat":"repeat","background-position":"center center","background-size":"auto","background-attachment":"scroll","background-type":"","background-media":"","overlay-type":"","overlay-color":"","overlay-opacity":"","overlay-gradient":""},"tablet":{"background-color":"","background-image":"","background-repeat":"repeat","background-position":"center center","background-size":"auto","background-attachment":"scroll","background-type":"","background-media":"","overlay-type":"","overlay-color":"","overlay-opacity":"","overlay-gradient":""},"mobile":{"background-color":"","background-image":"","background-repeat":"repeat","background-position":"center center","background-size":"auto","background-attachment":"scroll","background-type":"","background-media":"","overlay-type":"","overlay-color":"","overlay-opacity":"","overlay-gradient":""}},"ast-content-background-meta":{"desktop":{"background-color":"var(--ast-global-color-5)","background-image":"","background-repeat":"repeat","background-position":"center center","background-size":"auto","background-attachment":"scroll","background-type":"","background-media":"","overlay-type":"","overlay-color":"","overlay-opacity":"","overlay-gradient":""},"tablet":{"background-color":"var(--ast-global-color-5)","background-image":"","background-repeat":"repeat","background-position":"center center","background-size":"auto","background-attachment":"scroll","background-type":"","background-media":"","overlay-type":"","overlay-color":"","overlay-opacity":"","overlay-gradient":""},"mobile":{"background-color":"var(--ast-global-color-5)","background-image":"","background-repeat":"repeat","background-position":"center center","background-size":"auto","background-attachment":"scroll","background-type":"","background-media":"","overlay-type":"","overlay-color":"","overlay-opacity":"","overlay-gradient":""}},"footnotes":""},"class_list":["post-2282","page","type-page","status-publish","hentry"],"post_mailing_queue_ids":[],"_links":{"self":[{"href":"https:\/\/agora.xtec.cat\/escolaprogres\/wp-json\/wp\/v2\/pages\/2282","targetHints":{"allow":["GET"]}}],"collection":[{"href":"https:\/\/agora.xtec.cat\/escolaprogres\/wp-json\/wp\/v2\/pages"}],"about":[{"href":"https:\/\/agora.xtec.cat\/escolaprogres\/wp-json\/wp\/v2\/types\/page"}],"author":[{"embeddable":true,"href":"https:\/\/agora.xtec.cat\/escolaprogres\/wp-json\/wp\/v2\/users\/1"}],"replies":[{"embeddable":true,"href":"https:\/\/agora.xtec.cat\/escolaprogres\/wp-json\/wp\/v2\/comments?post=2282"}],"version-history":[{"count":4,"href":"https:\/\/agora.xtec.cat\/escolaprogres\/wp-json\/wp\/v2\/pages\/2282\/revisions"}],"predecessor-version":[{"id":3344,"href":"https:\/\/agora.xtec.cat\/escolaprogres\/wp-json\/wp\/v2\/pages\/2282\/revisions\/3344"}],"wp:attachment":[{"href":"https:\/\/agora.xtec.cat\/escolaprogres\/wp-json\/wp\/v2\/media?parent=2282"}],"curies":[{"name":"wp","href":"https:\/\/api.w.org\/{rel}","templated":true}]}}