{"id":2264,"date":"2021-01-20T16:05:19","date_gmt":"2021-01-20T15:05:19","guid":{"rendered":"https:\/\/agora.xtec.cat\/escolaprogres\/?page_id=2264"},"modified":"2026-01-23T12:22:45","modified_gmt":"2026-01-23T11:22:45","slug":"espai-migdia","status":"publish","type":"page","link":"https:\/\/agora.xtec.cat\/escolaprogres\/serveis\/espai-migdia\/","title":{"rendered":"Espai migdia"},"content":{"rendered":"<p><span style=\"font-family: Arial, sans-serif;\"><span style=\"font-size: medium;\"><span style=\"color: #666666;\">L\u2019espai de menjador est\u00e0 gestionat per l\u2019empres<\/span><span style=\"color: #666666;\">a<\/span> <span style=\"color: #666666;\"><b>\u00c0mbit escola,<\/b><\/span><span style=\"color: #666666;\"> formada per professionals del m\u00f3n de l\u2019educaci\u00f3, el lleure infantil i l\u2019\u00e0mbit del suport a les persones amb diversitat funcional.<\/span><\/span><\/span><\/p>\n<p><span style=\"color: #666666;\"><span style=\"font-family: Arial, sans-serif;\"><span style=\"font-size: medium;\">L\u2019espai de migdia \u00e9s la continu\u00eftat a la resta de la jornada a l\u2019escola, <\/span><\/span><span style=\"font-family: Arial, sans-serif;\"><span style=\"font-size: medium;\">e<\/span><\/span><span style=\"font-family: Arial, sans-serif;\"><span style=\"font-size: medium;\">stablint una estreta coordinaci\u00f3 i complicitat entre l\u2019equip docent i l\u2019equip de menjador.<\/span><\/span><\/span><\/p>\n<p><span style=\"color: #666666;\"><span style=\"font-family: Arial, sans-serif;\"><span style=\"font-size: medium;\">E<\/span><\/span><span style=\"font-family: Arial, sans-serif;\"><span style=\"font-size: medium;\">ls men\u00fas estan orientats cap a una opci\u00f3 saludable i sostenible, amb producte fresc i de temporada, de proximitat i ecol\u00f2gic sempre que sigui possible. S\u00f3n elaborats per un dietista, de tal manera que compleixen amb l\u2019oferta equilibrada i variada necess\u00e0ria per al desenvolupament i creixements dels nens i nenes. <\/span><\/span><\/span><\/p>\n<p><span style=\"color: #666666;\"><span style=\"font-family: Arial, sans-serif;\"><span style=\"font-size: medium;\">L\u2019equip de menjador promou, un cop al mes, la gastronomia de diferents pa\u00efsos, apropant aix\u00ed als infants menjars i sabors nous d\u2019altres cultures. Durant aquell mes es treballa el pa\u00eds, les seves costums &#8230;<\/span><\/span><\/span><\/p>\n<p><img loading=\"lazy\" decoding=\"async\" class=\"aligncenter size-full wp-image-2723\" src=\"https:\/\/agora.xtec.cat\/escolaprogres\/wp-content\/uploads\/usu82\/2021\/02\/IMG_5246.jpg\" alt=\"\" width=\"448\" height=\"299\" srcset=\"https:\/\/agora.xtec.cat\/escolaprogres\/wp-content\/uploads\/usu82\/2021\/02\/IMG_5246.jpg 448w, https:\/\/agora.xtec.cat\/escolaprogres\/wp-content\/uploads\/usu82\/2021\/02\/IMG_5246-300x200.jpg 300w\" sizes=\"auto, (max-width: 448px) 100vw, 448px\" \/><\/p>\n<p><span style=\"font-family: Open Sans, sans-serif;\"><span style=\"font-size: medium;\"><b><span style=\"color: #000000;\">COM S\u2019ACOMPANYA AQUEST ESPAI?<\/span><\/b><\/span><\/span><\/p>\n<p><span style=\"font-family: Open Sans, sans-serif;\"><span style=\"font-size: medium;\"><span style=\"color: #666666;\">El moment del migdia \u00e9s un temps en qu\u00e8 els infants satisfan necessitats vitals importants com la gana, la son i\/o el cansament. De vegades, \u00e9s en aquesta estona quan <\/span><\/span><\/span><span style=\"font-family: Open Sans, sans-serif;\"><span style=\"font-size: medium;\">sorgeixen<\/span> <span style=\"font-size: medium;\">diverses emocions i sentiments<\/span><span style=\"font-size: medium;\">. \u00c9s un temps sensible, <\/span><span style=\"font-size: medium;\">en el que s\u2019han d\u2019establir l\u00edmits, rutines i <\/span><span style=\"font-size: medium;\">en el que s\u2019han de <\/span><span style=\"font-size: medium;\">respecta<\/span><span style=\"font-size: medium;\">r<\/span><span style=\"font-size: medium;\"> els ritmes de manera relaxada, <\/span><span style=\"font-size: medium;\">tot creant un clima tranquil i viscut amb plaer <\/span><span style=\"font-size: medium;\">per part dels infants.<\/span><\/span><\/p>\n<p><span style=\"color: #5b5b5b;\"><span style=\"font-family: Open Sans, sans-serif;\"><span style=\"font-size: medium;\">L\u2019equip de refer\u00e8ncia acompanyar<\/span><\/span><\/span><span style=\"color: #5b5b5b;\"><span style=\"font-family: Open Sans, sans-serif;\"><span style=\"font-size: medium;\">\u00e0<\/span><\/span><\/span> <span style=\"color: #5b5b5b;\"><span style=\"font-family: Open Sans, sans-serif;\"><span style=\"font-size: medium;\">a<\/span><\/span><\/span><span style=\"color: #5b5b5b;\"><span style=\"font-family: Open Sans, sans-serif;\"><span style=\"font-size: medium;\">ls nens i les nenes en <\/span><\/span><\/span><span style=\"color: #5b5b5b;\"><span style=\"font-family: Open Sans, sans-serif;\"><span style=\"font-size: medium;\">l\u2019espai de migdia i<\/span><\/span><\/span><span style=\"color: #5b5b5b;\"><span style=\"font-family: Open Sans, sans-serif;\"><span style=\"font-size: medium;\"> els ajudaran a incorporar els h\u00e0bits d\u2019higiene i normes per a facilitar la conviv\u00e8ncia a l\u2019escola. \u00c9s<\/span><\/span><\/span><span style=\"color: #5b5b5b;\"><span style=\"font-family: Open Sans, sans-serif;\"><span style=\"font-size: medium;\"> a partir de la <\/span><\/span><\/span><span style=\"color: #5b5b5b;\"><span style=\"font-family: Open Sans, sans-serif;\"><span style=\"font-size: medium;\"> pres\u00e8ncia, <\/span><\/span><\/span><span style=\"color: #5b5b5b;\"><span style=\"font-family: Open Sans, sans-serif;\"><span style=\"font-size: medium;\">l\u2019<\/span><\/span><\/span><span style=\"color: #5b5b5b;\"><span style=\"font-family: Open Sans, sans-serif;\"><span style=\"font-size: medium;\">observaci\u00f3, <\/span><\/span><\/span><span style=\"color: #5b5b5b;\"><span style=\"font-family: Open Sans, sans-serif;\"><span style=\"font-size: medium;\">l\u2019<\/span><\/span><\/span><span style=\"color: #5b5b5b;\"><span style=\"font-family: Open Sans, sans-serif;\"><span style=\"font-size: medium;\">escolta i <\/span><\/span><\/span><span style=\"color: #5b5b5b;\"><span style=\"font-family: Open Sans, sans-serif;\"><span style=\"font-size: medium;\">la <\/span><\/span><\/span><span style=\"color: #5b5b5b;\"><span style=\"font-family: Open Sans, sans-serif;\"><span style=\"font-size: medium;\">disponibilitat <\/span><\/span><\/span><span style=\"color: #5b5b5b;\"><span style=\"font-family: Open Sans, sans-serif;\"><span style=\"font-size: medium;\">dels adults <\/span><\/span><\/span><span style=\"color: #5b5b5b;\"><span style=\"font-family: Open Sans, sans-serif;\"><span style=\"font-size: medium;\">com<\/span><\/span><\/span><span style=\"color: #5b5b5b;\"><span style=\"font-family: Open Sans, sans-serif;\"><span style=\"font-size: medium;\"> acompanyaran aquest proc\u00e9s. <\/span><\/span><\/span><\/p>\n<p><span style=\"color: #5b5b5b;\"><span style=\"font-family: Open Sans, sans-serif;\"><span style=\"font-size: medium;\">Durant aquesta estona es prepara<\/span><\/span><\/span><span style=\"color: #5b5b5b;\"><span style=\"font-family: Open Sans, sans-serif;\"><span style=\"font-size: medium;\">ran<\/span><\/span><\/span><span style=\"color: #5b5b5b;\"><span style=\"font-family: Open Sans, sans-serif;\"><span style=\"font-size: medium;\"> propostes <\/span><\/span><\/span><span style=\"color: #5b5b5b;\"><span style=\"font-family: Open Sans, sans-serif;\"><span style=\"font-size: medium;\">que assegurin el joc lliure i espontani dels infants, <\/span><\/span><\/span><span style=\"color: #5b5b5b;\"><span style=\"font-family: Open Sans, sans-serif;\"><span style=\"font-size: medium;\">combinat amb propostes dirigides, <\/span><\/span><\/span><span style=\"color: #5b5b5b;\"><span style=\"font-family: Open Sans, sans-serif;\"><span style=\"font-size: medium;\">on l\u2019infant lliurement pot triar segons les seves prefer\u00e8ncies.<\/span><\/span><\/span><\/p>\n<p><span style=\"color: #5b5b5b;\"><span style=\"font-family: Open Sans, sans-serif;\"><span style=\"font-size: medium;\">Di\u00e0riament, <\/span><\/span><\/span><span style=\"color: #5b5b5b;\"><span style=\"font-family: Open Sans, sans-serif;\"><span style=\"font-size: medium;\">es fa un trasp\u00e0s entre mestres i monitors\/es<\/span><\/span><\/span><span style=\"color: #5b5b5b;\"><span style=\"font-family: Open Sans, sans-serif;\"><span style=\"font-size: medium;\"> per tal de coordinar l\u2019acompanyament dels infants amb coher\u00e8ncia, <\/span><\/span><\/span><span style=\"color: #5b5b5b;\"><span style=\"font-family: Open Sans, sans-serif;\"><span style=\"font-size: medium;\">i en cas que es consideri <\/span><\/span><\/span><span style=\"color: #5b5b5b;\"><span style=\"font-family: Open Sans, sans-serif;\"><span style=\"font-size: medium;\">necessari s\u2019informa a les fam\u00edlies.<\/span><\/span><\/span><\/p>\n<p><b><span style=\"color: #5b5b5b;\"><span style=\"font-family: Open Sans, sans-serif;\"><span style=\"font-size: medium;\">Q<\/span><\/span><\/span><span style=\"color: #5b5b5b;\"><span style=\"font-family: Open Sans, sans-serif;\"><span style=\"font-size: medium;\">UINS PROP\u00d2SITS ?<\/span><\/span><\/span><\/b><\/p>\n<p><span style=\"color: #5b5b5b;\"><span style=\"font-family: Open Sans, sans-serif;\"><span style=\"font-size: medium;\">Aquest espai busca diferents moments que faciliten l\u2019autonomia dels infants. L\u2019hora de dinar \u00e9s tamb\u00e9 un espai educatiu, on no nom\u00e9s s\u2019aprenen h\u00e0bits d&#8217;higiene i de conviv\u00e8ncia sin\u00f3 tamb\u00e9 la import\u00e0ncia del menjar saludable, <\/span><\/span><\/span><span style=\"color: #5b5b5b;\"><span style=\"font-family: Open Sans, sans-serif;\"><span style=\"font-size: medium;\">d\u2019aproximar als infants a nous sabors<\/span><\/span><\/span><span style=\"color: #5b5b5b;\"><span style=\"font-family: Arial, sans-serif;\"><span style=\"font-size: medium;\"> i menjars, ai<\/span><\/span><\/span><span style=\"color: #5b5b5b;\"><span style=\"font-family: Arial, sans-serif;\"><span style=\"font-size: medium;\">x\u00ed <\/span><\/span><\/span><span style=\"color: #5b5b5b;\"><span style=\"font-family: Arial, sans-serif;\"><span style=\"font-size: medium;\">com donar a con\u00e8ixer valors sostenibles.<\/span><\/span><\/span><\/p>\n<p><span style=\"color: #5b5b5b;\"><span style=\"font-family: Arial, sans-serif;\"><span style=\"font-size: medium;\">L\u2019escola <\/span><\/span><\/span><span style=\"color: #5b5b5b;\"><span style=\"font-family: Arial, sans-serif;\"><span style=\"font-size: medium;\">i l\u2019espai del menjador <\/span><\/span><\/span><span style=\"color: #5b5b5b;\"><span style=\"font-family: Arial, sans-serif;\"><span style=\"font-size: medium;\">promou<\/span><\/span><\/span><span style=\"color: #5b5b5b;\"><span style=\"font-family: Arial, sans-serif;\"><span style=\"font-size: medium;\">en<\/span><\/span><\/span><span style=\"color: #5b5b5b;\"><span style=\"font-family: Arial, sans-serif;\"><span style=\"font-size: medium;\"> el <\/span><\/span><\/span><span style=\"color: #5b5b5b;\"><span style=\"font-family: Arial, sans-serif;\"><span style=\"font-size: medium;\"><b>Compostatge, <\/b><\/span><\/span><\/span><span style=\"color: #666666;\"><span style=\"font-family: Arial, sans-serif;\"><span style=\"font-size: medium;\">col\u00b7laborant <\/span><\/span><\/span><span style=\"color: #666666;\"><span style=\"font-family: Arial, sans-serif;\"><span style=\"font-size: medium;\">en la realitzaci\u00f3 del compostatge natural, recollint tota la mat\u00e8ria org\u00e0nica que ens hi trobem durant el servei de menjador. Un cop recollida, aquesta mat\u00e8ria la portem als camps del nostre pag\u00e8s (el tros de l\u2019Uri), on un compostador gegant crea compost per la fertilitzaci\u00f3 dels seus terreny<\/span><\/span><\/span><span style=\"color: #666666;\"><span style=\"font-family: Arial, sans-serif;\"><span style=\"font-size: medium;\">s.<\/span><\/span><\/span><\/p>\n<p>&nbsp;<\/p>\n<header class=\"entry-header \">\n<h1 class=\"entry-title\">Men\u00fas<\/h1>\n<\/header>\n<div class=\"entry-content clear\">\n<p><img loading=\"lazy\" decoding=\"async\" class=\"size-full wp-image-2725 alignright\" src=\"https:\/\/agora.xtec.cat\/escolaprogres\/wp-content\/uploads\/usu82\/2021\/02\/IMG_5243.jpg\" sizes=\"auto, (max-width: 448px) 100vw, 448px\" srcset=\"https:\/\/agora.xtec.cat\/escolaprogres\/wp-content\/uploads\/usu82\/2021\/02\/IMG_5243.jpg 448w, https:\/\/agora.xtec.cat\/escolaprogres\/wp-content\/uploads\/usu82\/2021\/02\/IMG_5243-300x200.jpg 300w\" alt=\"\" width=\"448\" height=\"299\" \/><\/p>\n<p>&nbsp;<\/p>\n<p>MEN\u00da BASAL<\/p>\n<p>MEN\u00da VEGETARI\u00c0<\/p>\n<p>MEN\u00da SOPARS<\/p>\n<p>Podeu consultar els men\u00fas fent CLIC en aquest\u00a0<strong><a href=\"https:\/\/ambitescola.cat\/ae\/menus\/\" target=\"_blank\" rel=\"noopener\">enlla\u00e7<\/a><\/strong><\/p>\n<\/div>\n<p>&nbsp;<\/p>\n","protected":false},"excerpt":{"rendered":"<p>L\u2019espai de menjador est\u00e0 gestionat per l\u2019empresa \u00c0mbit escola, formada per professionals del m\u00f3n de l\u2019educaci\u00f3, el lleure infantil i l\u2019\u00e0mbit del suport a les persones amb diversitat funcional. L\u2019espai de migdia \u00e9s la continu\u00eftat a la resta de la jornada a l\u2019escola, establint una estreta coordinaci\u00f3 i complicitat entre l\u2019equip docent i l\u2019equip de [&hellip;]<\/p>\n","protected":false},"author":1,"featured_media":0,"parent":2259,"menu_order":0,"comment_status":"closed","ping_status":"closed","template":"","meta":{"_bbp_topic_count":0,"_bbp_reply_count":0,"_bbp_total_topic_count":0,"_bbp_total_reply_count":0,"_bbp_voice_count":0,"_bbp_anonymous_reply_count":0,"_bbp_topic_count_hidden":0,"_bbp_reply_count_hidden":0,"_bbp_forum_subforum_count":0,"site-sidebar-layout":"default","site-content-layout":"","ast-site-content-layout":"default","site-content-style":"default","site-sidebar-style":"default","ast-global-header-display":"","ast-banner-title-visibility":"","ast-main-header-display":"","ast-hfb-above-header-display":"","ast-hfb-below-header-display":"","ast-hfb-mobile-header-display":"","site-post-title":"","ast-breadcrumbs-content":"","ast-featured-img":"","footer-sml-layout":"","theme-transparent-header-meta":"default","adv-header-id-meta":"","stick-header-meta":"","header-above-stick-meta":"","header-main-stick-meta":"","header-below-stick-meta":"","astra-migrate-meta-layouts":"set","ast-page-background-enabled":"default","ast-page-background-meta":{"desktop":{"background-color":"var(--ast-global-color-4)","background-image":"","background-repeat":"repeat","background-position":"center center","background-size":"auto","background-attachment":"scroll","background-type":"","background-media":"","overlay-type":"","overlay-color":"","overlay-opacity":"","overlay-gradient":""},"tablet":{"background-color":"","background-image":"","background-repeat":"repeat","background-position":"center center","background-size":"auto","background-attachment":"scroll","background-type":"","background-media":"","overlay-type":"","overlay-color":"","overlay-opacity":"","overlay-gradient":""},"mobile":{"background-color":"","background-image":"","background-repeat":"repeat","background-position":"center center","background-size":"auto","background-attachment":"scroll","background-type":"","background-media":"","overlay-type":"","overlay-color":"","overlay-opacity":"","overlay-gradient":""}},"ast-content-background-meta":{"desktop":{"background-color":"var(--ast-global-color-5)","background-image":"","background-repeat":"repeat","background-position":"center center","background-size":"auto","background-attachment":"scroll","background-type":"","background-media":"","overlay-type":"","overlay-color":"","overlay-opacity":"","overlay-gradient":""},"tablet":{"background-color":"var(--ast-global-color-5)","background-image":"","background-repeat":"repeat","background-position":"center center","background-size":"auto","background-attachment":"scroll","background-type":"","background-media":"","overlay-type":"","overlay-color":"","overlay-opacity":"","overlay-gradient":""},"mobile":{"background-color":"var(--ast-global-color-5)","background-image":"","background-repeat":"repeat","background-position":"center center","background-size":"auto","background-attachment":"scroll","background-type":"","background-media":"","overlay-type":"","overlay-color":"","overlay-opacity":"","overlay-gradient":""}},"footnotes":""},"class_list":["post-2264","page","type-page","status-publish","hentry"],"post_mailing_queue_ids":[],"_links":{"self":[{"href":"https:\/\/agora.xtec.cat\/escolaprogres\/wp-json\/wp\/v2\/pages\/2264","targetHints":{"allow":["GET"]}}],"collection":[{"href":"https:\/\/agora.xtec.cat\/escolaprogres\/wp-json\/wp\/v2\/pages"}],"about":[{"href":"https:\/\/agora.xtec.cat\/escolaprogres\/wp-json\/wp\/v2\/types\/page"}],"author":[{"embeddable":true,"href":"https:\/\/agora.xtec.cat\/escolaprogres\/wp-json\/wp\/v2\/users\/1"}],"replies":[{"embeddable":true,"href":"https:\/\/agora.xtec.cat\/escolaprogres\/wp-json\/wp\/v2\/comments?post=2264"}],"version-history":[{"count":4,"href":"https:\/\/agora.xtec.cat\/escolaprogres\/wp-json\/wp\/v2\/pages\/2264\/revisions"}],"predecessor-version":[{"id":3610,"href":"https:\/\/agora.xtec.cat\/escolaprogres\/wp-json\/wp\/v2\/pages\/2264\/revisions\/3610"}],"up":[{"embeddable":true,"href":"https:\/\/agora.xtec.cat\/escolaprogres\/wp-json\/wp\/v2\/pages\/2259"}],"wp:attachment":[{"href":"https:\/\/agora.xtec.cat\/escolaprogres\/wp-json\/wp\/v2\/media?parent=2264"}],"curies":[{"name":"wp","href":"https:\/\/api.w.org\/{rel}","templated":true}]}}