{"id":77,"date":"2014-09-18T14:05:08","date_gmt":"2014-09-18T13:05:08","guid":{"rendered":"http:\/\/agora.xtec.cat\/escolaprincepdeviana\/?page_id=77"},"modified":"2020-10-02T05:32:06","modified_gmt":"2020-10-02T03:32:06","slug":"puntedu","status":"publish","type":"page","link":"https:\/\/agora.xtec.cat\/escolaprincepdeviana\/serveis\/puntedu\/","title":{"rendered":"Biblioteca Escolar Punt Edu"},"content":{"rendered":"<p><img loading=\"lazy\" decoding=\"async\" class=\"alignnone\" src=\"http:\/\/www.xtec.cat\/escolaprincepdeviana\/puntedu\/logoweb.gif\" alt=\"\" width=\"200\" height=\"262\" \/><\/p>\n<p>L&#8217;escola ofereix per als seus alumnes el servei de pr\u00e9stec i consulta de llibres, ho heu de sol\u00b7licitar pr\u00e8viament a la responsable de la Biblioteca Escolar la Srta. Montse Castell\u00f3.<\/p>\n<p><span style=\"text-decoration: underline;\"> Enlla\u00e7os d&#8217;inter\u00e8s<\/span><\/p>\n<p><em>Cat\u00e0leg Escola<\/em><br \/>\n<a href=\"http:\/\/xtec.gencat.cat\/ca\/projectes\/biblioteca\/epergam\" target=\"_blank\" rel=\"noopener noreferrer\"><img loading=\"lazy\" decoding=\"async\" class=\"alignnone\" src=\"http:\/\/www.xtec.cat\/escolaprincepdeviana\/puntedu\/epergam.gif\" alt=\"\" width=\"240\" height=\"120\" \/>\u00a0 <\/a><\/p>\n<p><em>Cat\u00e0leg Biblioteca P\u00fablica de Lleida i Biblioteca P\u00fablica de Pardinyes<br \/>\n<\/em><\/p>\n<p><a href=\"http:\/\/elmeuargus.biblioteques.gencat.cat\/search*cat\" target=\"_blank\" rel=\"noopener noreferrer\"><img loading=\"lazy\" decoding=\"async\" class=\"alignnone\" src=\"http:\/\/www.xtec.cat\/escolaprincepdeviana\/puntedu\/logo-gencat.gif\" alt=\"\" width=\"285\" height=\"83\" \/><\/a><\/p>\n<p><a href=\"http:\/\/bibliotecalleida.gencat.cat\/ca\/\" target=\"_blank\" rel=\"noopener noreferrer\"><em>\u00a0Web Biblioteca P\u00fablica de Lleida\u00a0 <\/em><\/a><\/p>\n<p><a href=\"http:\/\/cercadorbiblioteques.cultura.gencat.cat\/biblio.do?reqCode=view&amp;codiBiblio=P0306&amp;pos=2\" target=\"_blank\" rel=\"noopener noreferrer\"><em>Web Biblioteca P\u00fablica de Pardinyes<\/em><\/a><\/p>\n<p>&nbsp;<\/p>\n","protected":false},"excerpt":{"rendered":"<p>L&#8217;escola ofereix per als seus alumnes el servei de pr\u00e9stec i consulta de llibres, ho heu de sol\u00b7licitar pr\u00e8viament a [&hellip;]<\/p>\n","protected":false},"author":1,"featured_media":0,"parent":66,"menu_order":20,"comment_status":"closed","ping_status":"closed","template":"page-templates\/side-menu.php","meta":{"_bbp_topic_count":0,"_bbp_reply_count":0,"_bbp_total_topic_count":0,"_bbp_total_reply_count":0,"_bbp_voice_count":0,"_bbp_anonymous_reply_count":0,"_bbp_topic_count_hidden":0,"_bbp_reply_count_hidden":0,"_bbp_forum_subforum_count":0,"site-sidebar-layout":"default","site-content-layout":"","ast-site-content-layout":"","site-content-style":"default","site-sidebar-style":"default","ast-global-header-display":"","ast-banner-title-visibility":"","ast-main-header-display":"","ast-hfb-above-header-display":"","ast-hfb-below-header-display":"","ast-hfb-mobile-header-display":"","site-post-title":"","ast-breadcrumbs-content":"","ast-featured-img":"","footer-sml-layout":"","theme-transparent-header-meta":"","adv-header-id-meta":"","stick-header-meta":"","header-above-stick-meta":"","header-main-stick-meta":"","header-below-stick-meta":"","astra-migrate-meta-layouts":"default","ast-page-background-enabled":"default","ast-page-background-meta":{"desktop":{"background-color":"var(--ast-global-color-4)","background-image":"","background-repeat":"repeat","background-position":"center center","background-size":"auto","background-attachment":"scroll","background-type":"","background-media":"","overlay-type":"","overlay-color":"","overlay-opacity":"","overlay-gradient":""},"tablet":{"background-color":"","background-image":"","background-repeat":"repeat","background-position":"center center","background-size":"auto","background-attachment":"scroll","background-type":"","background-media":"","overlay-type":"","overlay-color":"","overlay-opacity":"","overlay-gradient":""},"mobile":{"background-color":"","background-image":"","background-repeat":"repeat","background-position":"center center","background-size":"auto","background-attachment":"scroll","background-type":"","background-media":"","overlay-type":"","overlay-color":"","overlay-opacity":"","overlay-gradient":""}},"ast-content-background-meta":{"desktop":{"background-color":"var(--ast-global-color-5)","background-image":"","background-repeat":"repeat","background-position":"center center","background-size":"auto","background-attachment":"scroll","background-type":"","background-media":"","overlay-type":"","overlay-color":"","overlay-opacity":"","overlay-gradient":""},"tablet":{"background-color":"var(--ast-global-color-5)","background-image":"","background-repeat":"repeat","background-position":"center center","background-size":"auto","background-attachment":"scroll","background-type":"","background-media":"","overlay-type":"","overlay-color":"","overlay-opacity":"","overlay-gradient":""},"mobile":{"background-color":"var(--ast-global-color-5)","background-image":"","background-repeat":"repeat","background-position":"center center","background-size":"auto","background-attachment":"scroll","background-type":"","background-media":"","overlay-type":"","overlay-color":"","overlay-opacity":"","overlay-gradient":""}},"footnotes":""},"class_list":["post-77","page","type-page","status-publish","hentry"],"post_mailing_queue_ids":[],"_links":{"self":[{"href":"https:\/\/agora.xtec.cat\/escolaprincepdeviana\/wp-json\/wp\/v2\/pages\/77","targetHints":{"allow":["GET"]}}],"collection":[{"href":"https:\/\/agora.xtec.cat\/escolaprincepdeviana\/wp-json\/wp\/v2\/pages"}],"about":[{"href":"https:\/\/agora.xtec.cat\/escolaprincepdeviana\/wp-json\/wp\/v2\/types\/page"}],"author":[{"embeddable":true,"href":"https:\/\/agora.xtec.cat\/escolaprincepdeviana\/wp-json\/wp\/v2\/users\/1"}],"replies":[{"embeddable":true,"href":"https:\/\/agora.xtec.cat\/escolaprincepdeviana\/wp-json\/wp\/v2\/comments?post=77"}],"version-history":[{"count":4,"href":"https:\/\/agora.xtec.cat\/escolaprincepdeviana\/wp-json\/wp\/v2\/pages\/77\/revisions"}],"predecessor-version":[{"id":4101,"href":"https:\/\/agora.xtec.cat\/escolaprincepdeviana\/wp-json\/wp\/v2\/pages\/77\/revisions\/4101"}],"up":[{"embeddable":true,"href":"https:\/\/agora.xtec.cat\/escolaprincepdeviana\/wp-json\/wp\/v2\/pages\/66"}],"wp:attachment":[{"href":"https:\/\/agora.xtec.cat\/escolaprincepdeviana\/wp-json\/wp\/v2\/media?parent=77"}],"curies":[{"name":"wp","href":"https:\/\/api.w.org\/{rel}","templated":true}]}}