{"id":73,"date":"2014-09-18T14:01:51","date_gmt":"2014-09-18T13:01:51","guid":{"rendered":"http:\/\/agora.xtec.cat\/escolaprincepdeviana\/?page_id=73"},"modified":"2026-05-04T09:34:22","modified_gmt":"2026-05-04T07:34:22","slug":"menjador-escolar","status":"publish","type":"page","link":"https:\/\/agora.xtec.cat\/escolaprincepdeviana\/serveis\/menjador-escolar\/","title":{"rendered":"Menjador escolar"},"content":{"rendered":"<p>L&#8217;escola disposa de menjador escolar per aquelles fam\u00edlies que ho necessitin. Est\u00e0 gestionat pel <a href=\"http:\/\/www.segria.cat\/\" target=\"_blank\" rel=\"noopener noreferrer\">Consell Comarcal del Segri\u00e0<\/a> i els dinars ens els serveix l&#8217;empresa <a href=\"https:\/\/www.elgustdecreixer.cat\/\" target=\"_blank\" rel=\"noopener noreferrer\">Aramark.<\/a><\/p>\n<p>Encarregada Servei Menjador: <strong>Dolors R\u00fabia.<\/strong><\/p>\n<p>Si un alumne\/a vol utilitzar el servei de menjador a de comunicar-ho el dia abans a l&#8217;encarregada del servei de menjador o deixar un paper a la b\u00fastia del menjador <em><strong>-la informaci\u00f3 i el tel\u00e8fon \u00e9s dins del document del Pla de Comunicaci\u00f3.<\/strong><\/em><\/p>\n<p><strong>Us adjuntem el <a href=\"https:\/\/agora.xtec.cat\/escolaprincepdeviana\/wp-content\/uploads\/usu737\/2024\/11\/comunicacio-menjador-web.pdf\">PLA DE COMUNICACI\u00d3 DE L&#8217;EMPRESA I DEL CONSELL COMARCAL<\/a><\/strong><\/p>\n<p><strong>\u00c9S MOLT IMPORTANT QUE EL LLEGIU!!!!!<\/strong><\/p>\n<p>Podeu gestionar el servei de menjador -veure men\u00fas- entrant a la p\u00e0gina web <a href=\"https:\/\/www.elgustdecreixer.cat\/\">https:\/\/www.elgustdecreixer.cat\/<\/a> on us haureu de registrar per veure els diferents men\u00fas.<\/p>\n<p>L&#8217;alumnat que es queda al menjador de forma fixa i\/o no compactant els dies de beca de menjador -divendres- ha d&#8217;omplir i entregar a la coordinadora del menjador la seg\u00fcent <a href=\"https:\/\/drive.google.com\/file\/d\/1NNo2PyuyoteIIlLSVCi2AkJ7dqifyLGF\/view?usp=sharing\" target=\"_blank\" rel=\"noopener\"><strong>FITXA<\/strong><\/a>.\u00a0 <strong>-LA PODEU DEIXAR A LA B\u00daSTIA DEL COSTAT DEL MENJADOR- <\/strong><\/p>\n<p>Tot i aix\u00f2, aqu\u00ed us anirem posant els diferents men\u00fas de cada mes que ens facin arribar.<\/p>\n<p><strong>PR\u00cdNCEP VIANA MAIG-2026<\/strong><\/p>\n<p><a href=\"https:\/\/agora.xtec.cat\/escolaprincepdeviana\/wp-content\/uploads\/usu737\/2026\/05\/Screenshot_20260504_092644_Drive.jpg\"><img loading=\"lazy\" decoding=\"async\" class=\"alignnone wp-image-6887 size-full\" src=\"https:\/\/agora.xtec.cat\/escolaprincepdeviana\/wp-content\/uploads\/usu737\/2026\/05\/Screenshot_20260504_092644_Drive.jpg\" alt=\"\" width=\"1020\" height=\"747\" srcset=\"https:\/\/agora.xtec.cat\/escolaprincepdeviana\/wp-content\/uploads\/usu737\/2026\/05\/Screenshot_20260504_092644_Drive.jpg 1020w, https:\/\/agora.xtec.cat\/escolaprincepdeviana\/wp-content\/uploads\/usu737\/2026\/05\/Screenshot_20260504_092644_Drive-300x220.jpg 300w, https:\/\/agora.xtec.cat\/escolaprincepdeviana\/wp-content\/uploads\/usu737\/2026\/05\/Screenshot_20260504_092644_Drive-768x562.jpg 768w\" sizes=\"auto, (max-width: 1020px) 100vw, 1020px\" \/><\/a><\/p>\n<p><strong>NO_CARN_ARAM_MAIG-2026<\/strong><\/p>\n<p><a href=\"https:\/\/agora.xtec.cat\/escolaprincepdeviana\/wp-content\/uploads\/usu737\/2026\/05\/Screenshot_20260504_092506_Drive.jpg\"><img loading=\"lazy\" decoding=\"async\" class=\"alignnone wp-image-6889 size-full\" src=\"https:\/\/agora.xtec.cat\/escolaprincepdeviana\/wp-content\/uploads\/usu737\/2026\/05\/Screenshot_20260504_092506_Drive.jpg\" alt=\"\" width=\"1003\" height=\"724\" srcset=\"https:\/\/agora.xtec.cat\/escolaprincepdeviana\/wp-content\/uploads\/usu737\/2026\/05\/Screenshot_20260504_092506_Drive.jpg 1003w, https:\/\/agora.xtec.cat\/escolaprincepdeviana\/wp-content\/uploads\/usu737\/2026\/05\/Screenshot_20260504_092506_Drive-300x217.jpg 300w, https:\/\/agora.xtec.cat\/escolaprincepdeviana\/wp-content\/uploads\/usu737\/2026\/05\/Screenshot_20260504_092506_Drive-768x554.jpg 768w\" sizes=\"auto, (max-width: 1003px) 100vw, 1003px\" \/><\/a><\/p>\n<p><strong>NO_PORC_ARAM_MAIG-2026<\/strong><\/p>\n<p><a href=\"https:\/\/agora.xtec.cat\/escolaprincepdeviana\/wp-content\/uploads\/usu737\/2026\/04\/Screenshot_20260407_153942_Drive.jpg\"><img loading=\"lazy\" decoding=\"async\" class=\"alignnone wp-image-6830 size-full\" src=\"https:\/\/agora.xtec.cat\/escolaprincepdeviana\/wp-content\/uploads\/usu737\/2026\/04\/Screenshot_20260407_153942_Drive.jpg\" alt=\"\" width=\"1080\" height=\"781\" srcset=\"https:\/\/agora.xtec.cat\/escolaprincepdeviana\/wp-content\/uploads\/usu737\/2026\/04\/Screenshot_20260407_153942_Drive.jpg 1080w, https:\/\/agora.xtec.cat\/escolaprincepdeviana\/wp-content\/uploads\/usu737\/2026\/04\/Screenshot_20260407_153942_Drive-300x217.jpg 300w, https:\/\/agora.xtec.cat\/escolaprincepdeviana\/wp-content\/uploads\/usu737\/2026\/04\/Screenshot_20260407_153942_Drive-1024x741.jpg 1024w, https:\/\/agora.xtec.cat\/escolaprincepdeviana\/wp-content\/uploads\/usu737\/2026\/04\/Screenshot_20260407_153942_Drive-768x555.jpg 768w\" sizes=\"auto, (max-width: 1080px) 100vw, 1080px\" \/><\/a><\/p>\n<p>Per altres al\u00b7l\u00e8rgies o intoler\u00e0ncies demaneu el men\u00fa directament a la Coordinadora del menjador.<\/p>\n","protected":false},"excerpt":{"rendered":"<p>L&#8217;escola disposa de menjador escolar per aquelles fam\u00edlies que ho necessitin. Est\u00e0 gestionat pel Consell Comarcal del Segri\u00e0 i els [&hellip;]<\/p>\n","protected":false},"author":1,"featured_media":0,"parent":66,"menu_order":30,"comment_status":"closed","ping_status":"closed","template":"","meta":{"_bbp_topic_count":0,"_bbp_reply_count":0,"_bbp_total_topic_count":0,"_bbp_total_reply_count":0,"_bbp_voice_count":0,"_bbp_anonymous_reply_count":0,"_bbp_topic_count_hidden":0,"_bbp_reply_count_hidden":0,"_bbp_forum_subforum_count":0,"site-sidebar-layout":"default","site-content-layout":"","ast-site-content-layout":"default","site-content-style":"default","site-sidebar-style":"default","ast-global-header-display":"","ast-banner-title-visibility":"","ast-main-header-display":"","ast-hfb-above-header-display":"","ast-hfb-below-header-display":"","ast-hfb-mobile-header-display":"","site-post-title":"","ast-breadcrumbs-content":"","ast-featured-img":"","footer-sml-layout":"","theme-transparent-header-meta":"","adv-header-id-meta":"","stick-header-meta":"","header-above-stick-meta":"","header-main-stick-meta":"","header-below-stick-meta":"","astra-migrate-meta-layouts":"set","ast-page-background-enabled":"default","ast-page-background-meta":{"desktop":{"background-color":"var(--ast-global-color-4)","background-image":"","background-repeat":"repeat","background-position":"center center","background-size":"auto","background-attachment":"scroll","background-type":"","background-media":"","overlay-type":"","overlay-color":"","overlay-opacity":"","overlay-gradient":""},"tablet":{"background-color":"","background-image":"","background-repeat":"repeat","background-position":"center center","background-size":"auto","background-attachment":"scroll","background-type":"","background-media":"","overlay-type":"","overlay-color":"","overlay-opacity":"","overlay-gradient":""},"mobile":{"background-color":"","background-image":"","background-repeat":"repeat","background-position":"center center","background-size":"auto","background-attachment":"scroll","background-type":"","background-media":"","overlay-type":"","overlay-color":"","overlay-opacity":"","overlay-gradient":""}},"ast-content-background-meta":{"desktop":{"background-color":"var(--ast-global-color-5)","background-image":"","background-repeat":"repeat","background-position":"center center","background-size":"auto","background-attachment":"scroll","background-type":"","background-media":"","overlay-type":"","overlay-color":"","overlay-opacity":"","overlay-gradient":""},"tablet":{"background-color":"var(--ast-global-color-5)","background-image":"","background-repeat":"repeat","background-position":"center center","background-size":"auto","background-attachment":"scroll","background-type":"","background-media":"","overlay-type":"","overlay-color":"","overlay-opacity":"","overlay-gradient":""},"mobile":{"background-color":"var(--ast-global-color-5)","background-image":"","background-repeat":"repeat","background-position":"center center","background-size":"auto","background-attachment":"scroll","background-type":"","background-media":"","overlay-type":"","overlay-color":"","overlay-opacity":"","overlay-gradient":""}},"footnotes":""},"class_list":["post-73","page","type-page","status-publish","hentry"],"post_mailing_queue_ids":[],"_links":{"self":[{"href":"https:\/\/agora.xtec.cat\/escolaprincepdeviana\/wp-json\/wp\/v2\/pages\/73","targetHints":{"allow":["GET"]}}],"collection":[{"href":"https:\/\/agora.xtec.cat\/escolaprincepdeviana\/wp-json\/wp\/v2\/pages"}],"about":[{"href":"https:\/\/agora.xtec.cat\/escolaprincepdeviana\/wp-json\/wp\/v2\/types\/page"}],"author":[{"embeddable":true,"href":"https:\/\/agora.xtec.cat\/escolaprincepdeviana\/wp-json\/wp\/v2\/users\/1"}],"replies":[{"embeddable":true,"href":"https:\/\/agora.xtec.cat\/escolaprincepdeviana\/wp-json\/wp\/v2\/comments?post=73"}],"version-history":[{"count":6,"href":"https:\/\/agora.xtec.cat\/escolaprincepdeviana\/wp-json\/wp\/v2\/pages\/73\/revisions"}],"predecessor-version":[{"id":6890,"href":"https:\/\/agora.xtec.cat\/escolaprincepdeviana\/wp-json\/wp\/v2\/pages\/73\/revisions\/6890"}],"up":[{"embeddable":true,"href":"https:\/\/agora.xtec.cat\/escolaprincepdeviana\/wp-json\/wp\/v2\/pages\/66"}],"wp:attachment":[{"href":"https:\/\/agora.xtec.cat\/escolaprincepdeviana\/wp-json\/wp\/v2\/media?parent=73"}],"curies":[{"name":"wp","href":"https:\/\/api.w.org\/{rel}","templated":true}]}}