{"id":4330,"date":"2021-04-28T05:33:54","date_gmt":"2021-04-28T03:33:54","guid":{"rendered":"http:\/\/agora.xtec.cat\/escolaprincepdeviana\/?page_id=4330"},"modified":"2025-01-15T12:14:21","modified_gmt":"2025-01-15T11:14:21","slug":"activitats-pla-de-millora-oportunitats-educatives-pmoe","status":"publish","type":"page","link":"https:\/\/agora.xtec.cat\/escolaprincepdeviana\/activitats-pla-de-millora-oportunitats-educatives-pmoe\/","title":{"rendered":"Activitats -PMOEPROA+-"},"content":{"rendered":"<p><strong>Activitats Pla de Millora Oportunitats Educatives -PMOEPROA+-<\/strong><br \/>\nAquest curs continuem amb el finan\u00e7ament per part del Departament d\u2019Educaci\u00f3 per tal de desenvolupar activitats i estrat\u00e8gies per millorar les oportunitats educatives de tota la comunitat educativa -alumnat, professorat, fam\u00edlies-, emmarcades en els programes PMOE-PROA+ -. Departament d\u2019Educaci\u00f3 i Ministerio de Educaci\u00f3n y Ci\u00e8ncia-.<br \/>\nAqu\u00ed us mostrem algunes de les activitats cofinan\u00e7ades amb aquest<br \/>\nsuport.<br \/>\n\uf0b7 Activitat d\u2019estudi assistit a CS.<br \/>\n\uf0b7 Activitat extraescolars d\u2019angl\u00e8s a CM i CS.<br \/>\n\uf0b7 Col\u00f2nies a segon de cicle inicial.<br \/>\n\uf0b7 Sortides escolars als diferents cicles.<br \/>\n\uf0b7 Activitat piscina CS.<br \/>\n\uf0b7 Tallers i activitats al centre.<br \/>\n\uf0b7 Finan\u00e7ament de material per potenciar la biblioteca escolar i fomentar el gust<\/p>\n<p><a href=\"https:\/\/agora.xtec.cat\/escolaprincepdeviana\/wp-content\/uploads\/usu737\/2022\/11\/PROAPLUS-Logos.png\"><img loading=\"lazy\" decoding=\"async\" class=\"alignnone size-large wp-image-5213\" src=\"https:\/\/agora.xtec.cat\/escolaprincepdeviana\/wp-content\/uploads\/usu737\/2022\/11\/PROAPLUS-Logos-1024x103.png\" alt=\"\" width=\"1024\" height=\"103\" srcset=\"https:\/\/agora.xtec.cat\/escolaprincepdeviana\/wp-content\/uploads\/usu737\/2022\/11\/PROAPLUS-Logos-1024x103.png 1024w, https:\/\/agora.xtec.cat\/escolaprincepdeviana\/wp-content\/uploads\/usu737\/2022\/11\/PROAPLUS-Logos-300x30.png 300w, https:\/\/agora.xtec.cat\/escolaprincepdeviana\/wp-content\/uploads\/usu737\/2022\/11\/PROAPLUS-Logos-768x77.png 768w, https:\/\/agora.xtec.cat\/escolaprincepdeviana\/wp-content\/uploads\/usu737\/2022\/11\/PROAPLUS-Logos.png 1348w\" sizes=\"auto, (max-width: 1024px) 100vw, 1024px\" \/><\/a><\/p>\n<p>&nbsp;<\/p>\n","protected":false},"excerpt":{"rendered":"<p>Activitats Pla de Millora Oportunitats Educatives -PMOEPROA+- Aquest curs continuem amb el finan\u00e7ament per part del Departament d\u2019Educaci\u00f3 per tal [&hellip;]<\/p>\n","protected":false},"author":1,"featured_media":0,"parent":0,"menu_order":0,"comment_status":"closed","ping_status":"closed","template":"","meta":{"_bbp_topic_count":0,"_bbp_reply_count":0,"_bbp_total_topic_count":0,"_bbp_total_reply_count":0,"_bbp_voice_count":0,"_bbp_anonymous_reply_count":0,"_bbp_topic_count_hidden":0,"_bbp_reply_count_hidden":0,"_bbp_forum_subforum_count":0,"site-sidebar-layout":"default","site-content-layout":"","ast-site-content-layout":"default","site-content-style":"default","site-sidebar-style":"default","ast-global-header-display":"","ast-banner-title-visibility":"","ast-main-header-display":"","ast-hfb-above-header-display":"","ast-hfb-below-header-display":"","ast-hfb-mobile-header-display":"","site-post-title":"","ast-breadcrumbs-content":"","ast-featured-img":"","footer-sml-layout":"","theme-transparent-header-meta":"default","adv-header-id-meta":"","stick-header-meta":"","header-above-stick-meta":"","header-main-stick-meta":"","header-below-stick-meta":"","astra-migrate-meta-layouts":"set","ast-page-background-enabled":"default","ast-page-background-meta":{"desktop":{"background-color":"var(--ast-global-color-4)","background-image":"","background-repeat":"repeat","background-position":"center center","background-size":"auto","background-attachment":"scroll","background-type":"","background-media":"","overlay-type":"","overlay-color":"","overlay-opacity":"","overlay-gradient":""},"tablet":{"background-color":"","background-image":"","background-repeat":"repeat","background-position":"center center","background-size":"auto","background-attachment":"scroll","background-type":"","background-media":"","overlay-type":"","overlay-color":"","overlay-opacity":"","overlay-gradient":""},"mobile":{"background-color":"","background-image":"","background-repeat":"repeat","background-position":"center center","background-size":"auto","background-attachment":"scroll","background-type":"","background-media":"","overlay-type":"","overlay-color":"","overlay-opacity":"","overlay-gradient":""}},"ast-content-background-meta":{"desktop":{"background-color":"var(--ast-global-color-5)","background-image":"","background-repeat":"repeat","background-position":"center center","background-size":"auto","background-attachment":"scroll","background-type":"","background-media":"","overlay-type":"","overlay-color":"","overlay-opacity":"","overlay-gradient":""},"tablet":{"background-color":"var(--ast-global-color-5)","background-image":"","background-repeat":"repeat","background-position":"center center","background-size":"auto","background-attachment":"scroll","background-type":"","background-media":"","overlay-type":"","overlay-color":"","overlay-opacity":"","overlay-gradient":""},"mobile":{"background-color":"var(--ast-global-color-5)","background-image":"","background-repeat":"repeat","background-position":"center center","background-size":"auto","background-attachment":"scroll","background-type":"","background-media":"","overlay-type":"","overlay-color":"","overlay-opacity":"","overlay-gradient":""}},"footnotes":""},"class_list":["post-4330","page","type-page","status-publish","hentry"],"post_mailing_queue_ids":[],"_links":{"self":[{"href":"https:\/\/agora.xtec.cat\/escolaprincepdeviana\/wp-json\/wp\/v2\/pages\/4330","targetHints":{"allow":["GET"]}}],"collection":[{"href":"https:\/\/agora.xtec.cat\/escolaprincepdeviana\/wp-json\/wp\/v2\/pages"}],"about":[{"href":"https:\/\/agora.xtec.cat\/escolaprincepdeviana\/wp-json\/wp\/v2\/types\/page"}],"author":[{"embeddable":true,"href":"https:\/\/agora.xtec.cat\/escolaprincepdeviana\/wp-json\/wp\/v2\/users\/1"}],"replies":[{"embeddable":true,"href":"https:\/\/agora.xtec.cat\/escolaprincepdeviana\/wp-json\/wp\/v2\/comments?post=4330"}],"version-history":[{"count":4,"href":"https:\/\/agora.xtec.cat\/escolaprincepdeviana\/wp-json\/wp\/v2\/pages\/4330\/revisions"}],"predecessor-version":[{"id":6220,"href":"https:\/\/agora.xtec.cat\/escolaprincepdeviana\/wp-json\/wp\/v2\/pages\/4330\/revisions\/6220"}],"wp:attachment":[{"href":"https:\/\/agora.xtec.cat\/escolaprincepdeviana\/wp-json\/wp\/v2\/media?parent=4330"}],"curies":[{"name":"wp","href":"https:\/\/api.w.org\/{rel}","templated":true}]}}