{"id":4317,"date":"2021-04-24T08:17:15","date_gmt":"2021-04-24T06:17:15","guid":{"rendered":"http:\/\/agora.xtec.cat\/escolaprincepdeviana\/?page_id=4317"},"modified":"2025-04-10T15:54:38","modified_gmt":"2025-04-10T13:54:38","slug":"radio-escola-pdv","status":"publish","type":"page","link":"https:\/\/agora.xtec.cat\/escolaprincepdeviana\/radio-escola-pdv\/","title":{"rendered":"R\u00c0DIO VIANA"},"content":{"rendered":"\n<p><\/p>\n\n\n<p>\u00a0<\/p>\n<p><a href=\"https:\/\/agora.xtec.cat\/escolaprincepdeviana\/wp-content\/uploads\/usu737\/2025\/03\/FONS-RADIO-VIANA.png\"><img loading=\"lazy\" decoding=\"async\" class=\"alignnone size-full wp-image-6400\" src=\"https:\/\/agora.xtec.cat\/escolaprincepdeviana\/wp-content\/uploads\/usu737\/2025\/03\/FONS-RADIO-VIANA.png\" alt=\"\" width=\"1070\" height=\"274\" srcset=\"https:\/\/agora.xtec.cat\/escolaprincepdeviana\/wp-content\/uploads\/usu737\/2025\/03\/FONS-RADIO-VIANA.png 1070w, https:\/\/agora.xtec.cat\/escolaprincepdeviana\/wp-content\/uploads\/usu737\/2025\/03\/FONS-RADIO-VIANA-300x77.png 300w, https:\/\/agora.xtec.cat\/escolaprincepdeviana\/wp-content\/uploads\/usu737\/2025\/03\/FONS-RADIO-VIANA-1024x262.png 1024w, https:\/\/agora.xtec.cat\/escolaprincepdeviana\/wp-content\/uploads\/usu737\/2025\/03\/FONS-RADIO-VIANA-768x197.png 768w\" sizes=\"auto, (max-width: 1070px) 100vw, 1070px\" \/><\/a><\/p>\n<p>FES CLIC AL LOGO PER ACCEDIR AL NOU CANAL SPOTIFY R\u00c0DIO VIANA!!!<a href=\"https:\/\/open.spotify.com\/show\/2rLbft7TtDpnKg2TWg2gxK?si=3Zy7fXFyRHudHXUwtVfbDg\" target=\"_blank\" rel=\"https:\/\/open.spotify.com\/show\/5aS21vrUq4L7pIG61Dm2NS?si=sgdfczr5Tb-Q_YYBMZvD-A noopener\"><img loading=\"lazy\" decoding=\"async\" class=\"alignnone wp-image-6396\" src=\"https:\/\/agora.xtec.cat\/escolaprincepdeviana\/wp-content\/uploads\/usu737\/2025\/03\/spotify.png\" alt=\"\" width=\"76\" height=\"76\" srcset=\"https:\/\/agora.xtec.cat\/escolaprincepdeviana\/wp-content\/uploads\/usu737\/2025\/03\/spotify.png 225w, https:\/\/agora.xtec.cat\/escolaprincepdeviana\/wp-content\/uploads\/usu737\/2025\/03\/spotify-150x150.png 150w\" sizes=\"auto, (max-width: 76px) 100vw, 76px\" \/><\/a><\/p>\n<p><strong>Tamb\u00e9 pots escoltar els programes aqu\u00ed mateix!!!<\/strong><\/p>\n<p>Programa 1. Dia de la Pau. L&#8217;alumnat de 3r inaugura la nostra r\u00e0dio per celebrar el dia de la Pau.<\/p>\n<!--[if lt IE 9]><script>document.createElement('audio');<\/script><![endif]-->\n<audio class=\"wp-audio-shortcode\" id=\"audio-4317-1\" preload=\"none\" style=\"width: 100%;\" controls=\"controls\"><source type=\"audio\/mpeg\" src=\"https:\/\/agora.xtec.cat\/escolaprincepdeviana\/wp-content\/uploads\/usu737\/2025\/04\/Programa-1.-Dia-de-la-Pau.-Lalumnat-de-3r-ianugura-la-nostra-radio-per-celebrar-el-dia-de-la-Pau.-1.mp3?_=1\" \/><a href=\"https:\/\/agora.xtec.cat\/escolaprincepdeviana\/wp-content\/uploads\/usu737\/2025\/04\/Programa-1.-Dia-de-la-Pau.-Lalumnat-de-3r-ianugura-la-nostra-radio-per-celebrar-el-dia-de-la-Pau.-1.mp3\">https:\/\/agora.xtec.cat\/escolaprincepdeviana\/wp-content\/uploads\/usu737\/2025\/04\/Programa-1.-Dia-de-la-Pau.-Lalumnat-de-3r-ianugura-la-nostra-radio-per-celebrar-el-dia-de-la-Pau.-1.mp3<\/a><\/audio>\n<p>Programa 2. Dia de les lleng\u00fces maternes. L&#8217;alumnat ha elaborat un podcast donant la benvinguda a la nostra escola en diferents lleng\u00fces.<\/p>\n<audio class=\"wp-audio-shortcode\" id=\"audio-4317-2\" preload=\"none\" style=\"width: 100%;\" controls=\"controls\"><source type=\"audio\/mpeg\" src=\"https:\/\/agora.xtec.cat\/escolaprincepdeviana\/wp-content\/uploads\/usu737\/2025\/04\/Programa-2.-Dia-de-les-llengues-maternes.-Lalumnat-ha-elaborat-un-podcast-donant-la-benvinguda-a-la-nostra-escola-en-diferents-llengues-1.mp3?_=2\" \/><a href=\"https:\/\/agora.xtec.cat\/escolaprincepdeviana\/wp-content\/uploads\/usu737\/2025\/04\/Programa-2.-Dia-de-les-llengues-maternes.-Lalumnat-ha-elaborat-un-podcast-donant-la-benvinguda-a-la-nostra-escola-en-diferents-llengues-1.mp3\">https:\/\/agora.xtec.cat\/escolaprincepdeviana\/wp-content\/uploads\/usu737\/2025\/04\/Programa-2.-Dia-de-les-llengues-maternes.-Lalumnat-ha-elaborat-un-podcast-donant-la-benvinguda-a-la-nostra-escola-en-diferents-llengues-1.mp3<\/a><\/audio>\n<p>Programa 3. Xerrem Junts. Lleng\u00fces maternes.<\/p>\n<p><a href=\"https:\/\/drive.google.com\/file\/d\/1q6cM52R5fL2WrwYn-zdVvS6FD4Wr2QVq\/view?usp=sharing\">https:\/\/drive.google.com\/file\/d\/1q6cM52R5fL2WrwYn-zdVvS6FD4Wr2QVq\/view?usp=sharing<\/a><\/p>\n<p>Programa 4. Dia mundial de la Poesia. Espai Xerrem Junts, poema en catal\u00e0 i altres lleng\u00fces.<\/p>\n<p><a href=\"https:\/\/drive.google.com\/file\/d\/1IitQbQDc102s7rKXCQ9699UGrdyQo70h\/view?usp=sharing\">https:\/\/drive.google.com\/file\/d\/1IitQbQDc102s7rKXCQ9699UGrdyQo70h\/view?usp=sharing<\/a><\/p>\n<p>Programa 5. Poemes de Primavera. L&#8217;alumnat de 3r comparteixen amb vosaltres la m\u00e0gia de les paraules.<\/p>\n<p><a href=\"https:\/\/drive.google.com\/file\/d\/1uHyVyy2EQSk6eT05EViJQTAbt7DE-x_j\/view?usp=sharing\">https:\/\/drive.google.com\/file\/d\/1uHyVyy2EQSk6eT05EViJQTAbt7DE-x_j\/view?usp=sharing<\/a><\/p>\n<p>Programa 6. Espai xerrem junts. La felicitaci\u00f3<\/p>\n<p><a href=\"https:\/\/drive.google.com\/file\/d\/1zdLvGv_WpYTNWqlOftI10p_IADWLsAj2\/view?usp=sharing\">https:\/\/drive.google.com\/file\/d\/1zdLvGv_WpYTNWqlOftI10p_IADWLsAj2\/view?usp=sharing<\/a><\/p>","protected":false},"excerpt":{"rendered":"<p>\u00a0 FES CLIC AL LOGO PER ACCEDIR AL NOU CANAL SPOTIFY R\u00c0DIO VIANA!!! Tamb\u00e9 pots escoltar els programes aqu\u00ed mateix!!! [&hellip;]<\/p>\n","protected":false},"author":1,"featured_media":0,"parent":0,"menu_order":0,"comment_status":"closed","ping_status":"closed","template":"","meta":{"_bbp_topic_count":0,"_bbp_reply_count":0,"_bbp_total_topic_count":0,"_bbp_total_reply_count":0,"_bbp_voice_count":0,"_bbp_anonymous_reply_count":0,"_bbp_topic_count_hidden":0,"_bbp_reply_count_hidden":0,"_bbp_forum_subforum_count":0,"site-sidebar-layout":"default","site-content-layout":"","ast-site-content-layout":"default","site-content-style":"default","site-sidebar-style":"default","ast-global-header-display":"","ast-banner-title-visibility":"","ast-main-header-display":"","ast-hfb-above-header-display":"","ast-hfb-below-header-display":"","ast-hfb-mobile-header-display":"","site-post-title":"","ast-breadcrumbs-content":"","ast-featured-img":"","footer-sml-layout":"","theme-transparent-header-meta":"default","adv-header-id-meta":"","stick-header-meta":"","header-above-stick-meta":"","header-main-stick-meta":"","header-below-stick-meta":"","astra-migrate-meta-layouts":"set","ast-page-background-enabled":"default","ast-page-background-meta":{"desktop":{"background-color":"var(--ast-global-color-4)","background-image":"","background-repeat":"repeat","background-position":"center center","background-size":"auto","background-attachment":"scroll","background-type":"","background-media":"","overlay-type":"","overlay-color":"","overlay-opacity":"","overlay-gradient":""},"tablet":{"background-color":"","background-image":"","background-repeat":"repeat","background-position":"center center","background-size":"auto","background-attachment":"scroll","background-type":"","background-media":"","overlay-type":"","overlay-color":"","overlay-opacity":"","overlay-gradient":""},"mobile":{"background-color":"","background-image":"","background-repeat":"repeat","background-position":"center center","background-size":"auto","background-attachment":"scroll","background-type":"","background-media":"","overlay-type":"","overlay-color":"","overlay-opacity":"","overlay-gradient":""}},"ast-content-background-meta":{"desktop":{"background-color":"var(--ast-global-color-5)","background-image":"","background-repeat":"repeat","background-position":"center center","background-size":"auto","background-attachment":"scroll","background-type":"","background-media":"","overlay-type":"","overlay-color":"","overlay-opacity":"","overlay-gradient":""},"tablet":{"background-color":"var(--ast-global-color-5)","background-image":"","background-repeat":"repeat","background-position":"center center","background-size":"auto","background-attachment":"scroll","background-type":"","background-media":"","overlay-type":"","overlay-color":"","overlay-opacity":"","overlay-gradient":""},"mobile":{"background-color":"var(--ast-global-color-5)","background-image":"","background-repeat":"repeat","background-position":"center center","background-size":"auto","background-attachment":"scroll","background-type":"","background-media":"","overlay-type":"","overlay-color":"","overlay-opacity":"","overlay-gradient":""}},"footnotes":""},"class_list":["post-4317","page","type-page","status-publish","hentry"],"post_mailing_queue_ids":[],"_links":{"self":[{"href":"https:\/\/agora.xtec.cat\/escolaprincepdeviana\/wp-json\/wp\/v2\/pages\/4317","targetHints":{"allow":["GET"]}}],"collection":[{"href":"https:\/\/agora.xtec.cat\/escolaprincepdeviana\/wp-json\/wp\/v2\/pages"}],"about":[{"href":"https:\/\/agora.xtec.cat\/escolaprincepdeviana\/wp-json\/wp\/v2\/types\/page"}],"author":[{"embeddable":true,"href":"https:\/\/agora.xtec.cat\/escolaprincepdeviana\/wp-json\/wp\/v2\/users\/1"}],"replies":[{"embeddable":true,"href":"https:\/\/agora.xtec.cat\/escolaprincepdeviana\/wp-json\/wp\/v2\/comments?post=4317"}],"version-history":[{"count":5,"href":"https:\/\/agora.xtec.cat\/escolaprincepdeviana\/wp-json\/wp\/v2\/pages\/4317\/revisions"}],"predecessor-version":[{"id":6412,"href":"https:\/\/agora.xtec.cat\/escolaprincepdeviana\/wp-json\/wp\/v2\/pages\/4317\/revisions\/6412"}],"wp:attachment":[{"href":"https:\/\/agora.xtec.cat\/escolaprincepdeviana\/wp-json\/wp\/v2\/media?parent=4317"}],"curies":[{"name":"wp","href":"https:\/\/api.w.org\/{rel}","templated":true}]}}