{"id":3886,"date":"2020-05-08T20:18:59","date_gmt":"2020-05-08T18:18:59","guid":{"rendered":"http:\/\/agora.xtec.cat\/escolaprincepdeviana\/?page_id=3886"},"modified":"2025-06-16T22:34:53","modified_gmt":"2025-06-16T20:34:53","slug":"preinscripcio-2022-23","status":"publish","type":"page","link":"https:\/\/agora.xtec.cat\/escolaprincepdeviana\/preinscripcio-2022-23\/","title":{"rendered":"Preinscripci\u00f3 2024\/2025"},"content":{"rendered":"<p>Benvolgudes fam\u00edlies, aqu\u00ed trobareu el calendari amb les diferents actuacions referents a la preinscripci\u00f3 escolar.<\/p>\n<p>Tota la informaci\u00f3 al web <a href=\"https:\/\/preinscripcio.gencat.cat\/ca\/inici\/\" target=\"_blank\" rel=\"noopener noreferrer\">preinscripcio.gencat.cat<\/a><\/p>\n<p><strong>Calendari actuacions<br \/>\n<\/strong><\/p>\n<table class=\"ms-rteTable-default\" style=\"width: 109.561%; height: 461px;\" width=\"100%\" cellspacing=\"0\">\n<tbody>\n<tr class=\"ms-rteTableEvenRow-default\" style=\"height: 33px;\">\n<td class=\"ms-rteTableEvenCol-default\" style=\"width: 65.4628%; height: 33px;\"><strong>Fases de la preinscripci\u00f3<\/strong><\/td>\n<td class=\"ms-rteTableOddCol-default\" style=\"width: 44.0979%; height: 33px;\"><strong>Dates<br \/>\n<\/strong><\/td>\n<\/tr>\n<tr class=\"ms-rteTableOddRow-default\" style=\"height: 33px;\">\n<td class=\"ms-rteTableEvenCol-default\" style=\"width: 65.4628%; height: 33px;\"><strong>\u200bPublicaci\u00f3 de l&#8217;oferta inicial -Document oferta inicial-<br \/>\n<\/strong><\/td>\n<td class=\"ms-rteTableOddCol-default\" style=\"width: 44.0979%; height: 33px;\"><strong>11 de mar\u00e7 de 2025<\/strong><\/td>\n<\/tr>\n<tr class=\"ms-rteTableEvenRow-default\" style=\"height: 33px;\">\n<td class=\"ms-rteTableEvenCol-default\" style=\"width: 65.4628%; height: 33px;\"><strong>Presentaci\u00f3 de les sol\u00b7licituds de preinscripci\u00f3<\/strong><\/td>\n<td class=\"ms-rteTableOddCol-default\" style=\"width: 44.0979%; height: 33px;\"><strong>Del 12 al 26 de mar\u00e7 de 2025<\/strong><\/td>\n<\/tr>\n<tr class=\"ms-rteTableOddRow-default\" style=\"height: 33px;\">\n<td class=\"ms-rteTableEvenCol-default\" style=\"width: 65.4628%; height: 33px;\"><strong>Presentaci\u00f3 de documentaci\u00f3 pendent<br \/>\n<\/strong><\/td>\n<td class=\"ms-rteTableOddCol-default\" style=\"width: 44.0979%; height: 33px;\"><strong>Fins al 28 de mar\u00e7 de 2025<\/strong><\/td>\n<\/tr>\n<tr class=\"ms-rteTableEvenRow-default\" style=\"height: 49px;\">\n<td class=\"ms-rteTableEvenCol-default\" style=\"width: 65.4628%; height: 49px;\"><strong>Llista de sol\u00b7licituds amb la puntuaci\u00f3 provisional <a href=\"https:\/\/drive.google.com\/file\/d\/1wywhtaDQzbiG2DUAE4BdZDHwuPfej81N\/view?usp=drive_link\">-Llista-<\/a><br \/>\n<\/strong><\/td>\n<td class=\"ms-rteTableOddCol-default\" style=\"width: 44.0979%; height: 49px;\"><strong>24 d&#8217;abril de 2025<\/strong><\/td>\n<\/tr>\n<tr class=\"ms-rteTableOddRow-default\" style=\"height: 49px;\">\n<td class=\"ms-rteTableEvenCol-default\" style=\"width: 65.4628%; height: 49px;\"><strong>Presentaci\u00f3 de reclamacions a la puntuaci\u00f3 provisional<br \/>\n<\/strong><\/td>\n<td class=\"ms-rteTableOddCol-default\" style=\"width: 44.0979%; height: 49px;\"><strong>Del 24 al 29 d&#8217;abril de 2025<\/strong><\/td>\n<\/tr>\n<tr class=\"ms-rteTableEvenRow-default\" style=\"height: 33px;\">\n<td class=\"ms-rteTableEvenCol-default\" style=\"width: 65.4628%; height: 33px;\"><strong>Llista de sol\u00b7licituds amb la puntuaci\u00f3 un cop resoltes les reclamacions <a href=\"https:\/\/drive.google.com\/file\/d\/1wywhtaDQzbiG2DUAE4BdZDHwuPfej81N\/view?usp=drive_link\">-Llista-<\/a><br \/>\n<\/strong><\/td>\n<td class=\"ms-rteTableOddCol-default\" style=\"width: 44.0979%; height: 33px;\"><strong>5 de maig de 2025<\/strong><\/td>\n<\/tr>\n<tr class=\"ms-rteTableOddRow-default\" style=\"height: 33px;\">\n<td class=\"ms-rteTableEvenCol-default\" style=\"width: 65.4628%; height: 33px;\"><strong>Sorteig per resoldre l&#8217;ordre de les mateixes puntuacions<a href=\"https:\/\/agora.xtec.cat\/escolaprincepdeviana\/wp-content\/uploads\/usu737\/2025\/05\/Screenshot_20250508_222953_Samsung-Internet.jpg\"><img loading=\"lazy\" decoding=\"async\" class=\"alignnone size-full wp-image-6417\" src=\"https:\/\/agora.xtec.cat\/escolaprincepdeviana\/wp-content\/uploads\/usu737\/2025\/05\/Screenshot_20250508_222953_Samsung-Internet.jpg\" alt=\"\" width=\"920\" height=\"714\" srcset=\"https:\/\/agora.xtec.cat\/escolaprincepdeviana\/wp-content\/uploads\/usu737\/2025\/05\/Screenshot_20250508_222953_Samsung-Internet.jpg 920w, https:\/\/agora.xtec.cat\/escolaprincepdeviana\/wp-content\/uploads\/usu737\/2025\/05\/Screenshot_20250508_222953_Samsung-Internet-300x233.jpg 300w, https:\/\/agora.xtec.cat\/escolaprincepdeviana\/wp-content\/uploads\/usu737\/2025\/05\/Screenshot_20250508_222953_Samsung-Internet-768x596.jpg 768w\" sizes=\"auto, (max-width: 920px) 100vw, 920px\" \/><\/a><br \/>\n<\/strong><\/td>\n<td class=\"ms-rteTableOddCol-default\" style=\"width: 44.0979%; height: 33px;\"><strong>8 de maig de 2025 a les 11 hores<\/strong><\/td>\n<\/tr>\n<tr class=\"ms-rteTableEvenRow-default\" style=\"height: 33px;\">\n<td class=\"ms-rteTableEvenCol-default\" style=\"width: 65.4628%; height: 33px;\"><strong>Llista ordenada definitiva &#8211;<a href=\"https:\/\/drive.google.com\/file\/d\/1dNWvq66B4Fur1ltUmEVFpwfN0v1ZSTLG\/view?usp=drivesdk\">Llista<\/a>&#8211;<br \/>\n<\/strong><\/td>\n<td class=\"ms-rteTableOddCol-default\" style=\"width: 44.0979%; height: 33px;\"><strong>9 de maig de 2025<\/strong><\/td>\n<\/tr>\n<tr class=\"ms-rteTableOddRow-default\" style=\"height: 33px;\">\n<td class=\"ms-rteTableEvenCol-default\" style=\"width: 65.4628%; height: 33px;\"><strong>Publicaci\u00f3 de l&#8217;oferta final -Document oferta final-<br \/>\n<\/strong><\/td>\n<td class=\"ms-rteTableOddCol-default\" style=\"width: 44.0979%; height: 33px;\"><strong>\u00a0<\/strong><\/td>\n<\/tr>\n<tr class=\"ms-rteTableEvenRow-default\" style=\"height: 33px;\">\n<td class=\"ms-rteTableEvenCol-default\" style=\"width: 65.4628%; height: 33px;\"><strong>Publicaci\u00f3 de la llista d&#8217;admesos i llista d&#8217;espera <a href=\"https:\/\/drive.google.com\/file\/d\/1NNWJ6mbHypG21yrDBxczdFmb2XS5ia8Z\/view?usp=drivesdk\">-Llista Admesos-<\/a>\u00a0 \u00a0 Llista d&#8217;espera<br \/>\n<\/strong><\/td>\n<td class=\"ms-rteTableOddCol-default\" style=\"width: 44.0979%; height: 33px;\"><strong>16 de juny de 2025<\/strong><\/td>\n<\/tr>\n<tr class=\"ms-rteTableEvenRow-default\" style=\"height: 33px;\">\n<td class=\"ms-rteTableEvenCol-default\" style=\"width: 65.4628%; height: 33px;\"><strong>Matr\u00edcula<\/strong><\/td>\n<td class=\"ms-rteTableOddCol-default\" style=\"width: 44.0979%; height: 33px;\"><strong>Del 25 de juny al 3 de juliol de 2025<\/strong><\/td>\n<\/tr>\n<tr class=\"ms-rteTableOddRow-default\" style=\"height: 33px;\">\n<td class=\"ms-rteTableEvenCol-default\" style=\"width: 65.4628%; height: 33px;\"><strong>Llistes d&#8217;alumnes matriculats procedents de preinscripci\u00f3 i nova admissi\u00f3<\/strong><\/td>\n<td class=\"ms-rteTableOddCol-default\" style=\"width: 44.0979%; height: 33px;\"><\/td>\n<\/tr>\n<\/tbody>\n<\/table>\n","protected":false},"excerpt":{"rendered":"<p>Benvolgudes fam\u00edlies, aqu\u00ed trobareu el calendari amb les diferents actuacions referents a la preinscripci\u00f3 escolar. Tota la informaci\u00f3 al web [&hellip;]<\/p>\n","protected":false},"author":1,"featured_media":0,"parent":0,"menu_order":0,"comment_status":"closed","ping_status":"closed","template":"","meta":{"_bbp_topic_count":0,"_bbp_reply_count":0,"_bbp_total_topic_count":0,"_bbp_total_reply_count":0,"_bbp_voice_count":0,"_bbp_anonymous_reply_count":0,"_bbp_topic_count_hidden":0,"_bbp_reply_count_hidden":0,"_bbp_forum_subforum_count":0,"site-sidebar-layout":"default","site-content-layout":"","ast-site-content-layout":"default","site-content-style":"default","site-sidebar-style":"default","ast-global-header-display":"","ast-banner-title-visibility":"","ast-main-header-display":"","ast-hfb-above-header-display":"","ast-hfb-below-header-display":"","ast-hfb-mobile-header-display":"","site-post-title":"","ast-breadcrumbs-content":"","ast-featured-img":"","footer-sml-layout":"","theme-transparent-header-meta":"","adv-header-id-meta":"","stick-header-meta":"","header-above-stick-meta":"","header-main-stick-meta":"","header-below-stick-meta":"","astra-migrate-meta-layouts":"set","ast-page-background-enabled":"default","ast-page-background-meta":{"desktop":{"background-color":"var(--ast-global-color-4)","background-image":"","background-repeat":"repeat","background-position":"center center","background-size":"auto","background-attachment":"scroll","background-type":"","background-media":"","overlay-type":"","overlay-color":"","overlay-opacity":"","overlay-gradient":""},"tablet":{"background-color":"","background-image":"","background-repeat":"repeat","background-position":"center center","background-size":"auto","background-attachment":"scroll","background-type":"","background-media":"","overlay-type":"","overlay-color":"","overlay-opacity":"","overlay-gradient":""},"mobile":{"background-color":"","background-image":"","background-repeat":"repeat","background-position":"center center","background-size":"auto","background-attachment":"scroll","background-type":"","background-media":"","overlay-type":"","overlay-color":"","overlay-opacity":"","overlay-gradient":""}},"ast-content-background-meta":{"desktop":{"background-color":"var(--ast-global-color-5)","background-image":"","background-repeat":"repeat","background-position":"center center","background-size":"auto","background-attachment":"scroll","background-type":"","background-media":"","overlay-type":"","overlay-color":"","overlay-opacity":"","overlay-gradient":""},"tablet":{"background-color":"var(--ast-global-color-5)","background-image":"","background-repeat":"repeat","background-position":"center center","background-size":"auto","background-attachment":"scroll","background-type":"","background-media":"","overlay-type":"","overlay-color":"","overlay-opacity":"","overlay-gradient":""},"mobile":{"background-color":"var(--ast-global-color-5)","background-image":"","background-repeat":"repeat","background-position":"center center","background-size":"auto","background-attachment":"scroll","background-type":"","background-media":"","overlay-type":"","overlay-color":"","overlay-opacity":"","overlay-gradient":""}},"footnotes":""},"class_list":["post-3886","page","type-page","status-publish","hentry"],"post_mailing_queue_ids":[],"_links":{"self":[{"href":"https:\/\/agora.xtec.cat\/escolaprincepdeviana\/wp-json\/wp\/v2\/pages\/3886","targetHints":{"allow":["GET"]}}],"collection":[{"href":"https:\/\/agora.xtec.cat\/escolaprincepdeviana\/wp-json\/wp\/v2\/pages"}],"about":[{"href":"https:\/\/agora.xtec.cat\/escolaprincepdeviana\/wp-json\/wp\/v2\/types\/page"}],"author":[{"embeddable":true,"href":"https:\/\/agora.xtec.cat\/escolaprincepdeviana\/wp-json\/wp\/v2\/users\/1"}],"replies":[{"embeddable":true,"href":"https:\/\/agora.xtec.cat\/escolaprincepdeviana\/wp-json\/wp\/v2\/comments?post=3886"}],"version-history":[{"count":5,"href":"https:\/\/agora.xtec.cat\/escolaprincepdeviana\/wp-json\/wp\/v2\/pages\/3886\/revisions"}],"predecessor-version":[{"id":6473,"href":"https:\/\/agora.xtec.cat\/escolaprincepdeviana\/wp-json\/wp\/v2\/pages\/3886\/revisions\/6473"}],"wp:attachment":[{"href":"https:\/\/agora.xtec.cat\/escolaprincepdeviana\/wp-json\/wp\/v2\/media?parent=3886"}],"curies":[{"name":"wp","href":"https:\/\/api.w.org\/{rel}","templated":true}]}}