{"id":26,"date":"2014-09-18T12:24:32","date_gmt":"2014-09-18T11:24:32","guid":{"rendered":"http:\/\/agora.xtec.cat\/escolaprincepdeviana\/?page_id=26"},"modified":"2022-02-23T05:42:02","modified_gmt":"2022-02-23T04:42:02","slug":"historia","status":"publish","type":"page","link":"https:\/\/agora.xtec.cat\/escolaprincepdeviana\/lescola\/historia\/","title":{"rendered":"Hist\u00f2ria"},"content":{"rendered":"<p>El nostre col\u00b7legi va ser inaugurat l&#8217;any 1929 i era conegut amb el nom de Col\u00b7legi dels Ferroviaris ja que va ser creat per als fills\/es dels traballadors de la Renfe (l&#8217;estaci\u00f3 es troba a pocs metres del centre educatiu) i estava situat al carrer Pr\u00edncep de Viana. Per\u00f2 els anys van passar i les instal\u00b7lacions quedaren absoletes i es va canviar d&#8217;edifici.<\/p>\n<p><img loading=\"lazy\" decoding=\"async\" class=\"alignleft\" src=\"http:\/\/www.xtec.cat\/centres\/c5002121\/imatges\/antiga2.jpg\" alt=\"\" width=\"223\" height=\"171\" \/><\/p>\n<p><img loading=\"lazy\" decoding=\"async\" class=\"aligncenter\" src=\"http:\/\/www.xtec.cat\/centres\/c5002121\/imatges\/antiga1.jpg\" alt=\"\" width=\"223\" height=\"170\" \/><\/p>\n<p>&nbsp;<\/p>\n<p>Actualment est\u00e0 situat al carrer Anselm Clav\u00e9 (molt pr\u00f2xim a l&#8217;\u00e0ntic edifici) i t\u00e9 una llarga hist\u00f2ria educativa: fou el primer col\u00b7legi Maristes de la ciutat, posteriorment es convert\u00ed en la facultat de medicina. Uns quants anys estigu\u00e9 en des\u00fas fins que es va convertir en el nou col\u00b7legi Princep de Viana.<\/p>\n<p><img loading=\"lazy\" decoding=\"async\" class=\" alignright\" src=\"http:\/\/www.xtec.cat\/centres\/c5002121\/imatges\/mapalt.jpg\" alt=\"\" width=\"239\" height=\"166\" \/><img loading=\"lazy\" decoding=\"async\" class=\" aligncenter\" src=\"http:\/\/www.xtec.cat\/centres\/c5002121\/imatges\/pati1.gif\" alt=\"\" width=\"223\" height=\"167\" \/><\/p>\n<p>L&#8217;any 2018 vam celebrar els 25 anys de l\u2019escola en la ubicaci\u00f3 i edifici actual. Al mateix temps el nostre edifici -ex col\u00b7legi Maristes i Facultat de Medicina- fa 100 anys, el diari Segre ens va fer un reportatge que va sortir publicat el passat diumenge 21 de gener de 2018<\/p>\n<p>Aqu\u00ed us el deixem l\u2019enlla\u00e7 de la not\u00edcia.<\/p>\n<p><a href=\"https:\/\/www.segre.com\/noticies\/lleida\/2018\/01\/21\/noces_plata_centenaries_37632_1092.html\" target=\"_blank\" rel=\"noopener noreferrer\">https:\/\/www.segre.com\/noticies\/lleida\/2018\/01\/21\/noces_plata_centenaries_37632_1092.html<\/a><\/p>\n<p>El passat dijous 15 de febrer de 2018 van entrevistar al Sr. Juanjo -antic director- i al director Jordi a R\u00e0dio Lleida (aneu a 17\u2032 20\u201d)<\/p>\n<p><a href=\"http:\/\/play.cadenaser.com\/audio\/ser_lleida_sorolllleida_20180215_133000_140000\/\" target=\"_blank\" rel=\"noopener noreferrer\">http:\/\/play.cadenaser.com\/audio\/ser_lleida_sorolllleida_20180215_133000_140000\/<\/a><\/p>\n","protected":false},"excerpt":{"rendered":"<p>El nostre col\u00b7legi va ser inaugurat l&#8217;any 1929 i era conegut amb el nom de Col\u00b7legi dels Ferroviaris ja que [&hellip;]<\/p>\n","protected":false},"author":1,"featured_media":0,"parent":22,"menu_order":20,"comment_status":"closed","ping_status":"closed","template":"page-templates\/side-menu.php","meta":{"_bbp_topic_count":0,"_bbp_reply_count":0,"_bbp_total_topic_count":0,"_bbp_total_reply_count":0,"_bbp_voice_count":0,"_bbp_anonymous_reply_count":0,"_bbp_topic_count_hidden":0,"_bbp_reply_count_hidden":0,"_bbp_forum_subforum_count":0,"site-sidebar-layout":"default","site-content-layout":"","ast-site-content-layout":"","site-content-style":"default","site-sidebar-style":"default","ast-global-header-display":"","ast-banner-title-visibility":"","ast-main-header-display":"","ast-hfb-above-header-display":"","ast-hfb-below-header-display":"","ast-hfb-mobile-header-display":"","site-post-title":"","ast-breadcrumbs-content":"","ast-featured-img":"","footer-sml-layout":"","theme-transparent-header-meta":"","adv-header-id-meta":"","stick-header-meta":"","header-above-stick-meta":"","header-main-stick-meta":"","header-below-stick-meta":"","astra-migrate-meta-layouts":"default","ast-page-background-enabled":"default","ast-page-background-meta":{"desktop":{"background-color":"var(--ast-global-color-4)","background-image":"","background-repeat":"repeat","background-position":"center center","background-size":"auto","background-attachment":"scroll","background-type":"","background-media":"","overlay-type":"","overlay-color":"","overlay-opacity":"","overlay-gradient":""},"tablet":{"background-color":"","background-image":"","background-repeat":"repeat","background-position":"center center","background-size":"auto","background-attachment":"scroll","background-type":"","background-media":"","overlay-type":"","overlay-color":"","overlay-opacity":"","overlay-gradient":""},"mobile":{"background-color":"","background-image":"","background-repeat":"repeat","background-position":"center center","background-size":"auto","background-attachment":"scroll","background-type":"","background-media":"","overlay-type":"","overlay-color":"","overlay-opacity":"","overlay-gradient":""}},"ast-content-background-meta":{"desktop":{"background-color":"var(--ast-global-color-5)","background-image":"","background-repeat":"repeat","background-position":"center center","background-size":"auto","background-attachment":"scroll","background-type":"","background-media":"","overlay-type":"","overlay-color":"","overlay-opacity":"","overlay-gradient":""},"tablet":{"background-color":"var(--ast-global-color-5)","background-image":"","background-repeat":"repeat","background-position":"center center","background-size":"auto","background-attachment":"scroll","background-type":"","background-media":"","overlay-type":"","overlay-color":"","overlay-opacity":"","overlay-gradient":""},"mobile":{"background-color":"var(--ast-global-color-5)","background-image":"","background-repeat":"repeat","background-position":"center center","background-size":"auto","background-attachment":"scroll","background-type":"","background-media":"","overlay-type":"","overlay-color":"","overlay-opacity":"","overlay-gradient":""}},"footnotes":""},"class_list":["post-26","page","type-page","status-publish","hentry"],"post_mailing_queue_ids":[],"_links":{"self":[{"href":"https:\/\/agora.xtec.cat\/escolaprincepdeviana\/wp-json\/wp\/v2\/pages\/26","targetHints":{"allow":["GET"]}}],"collection":[{"href":"https:\/\/agora.xtec.cat\/escolaprincepdeviana\/wp-json\/wp\/v2\/pages"}],"about":[{"href":"https:\/\/agora.xtec.cat\/escolaprincepdeviana\/wp-json\/wp\/v2\/types\/page"}],"author":[{"embeddable":true,"href":"https:\/\/agora.xtec.cat\/escolaprincepdeviana\/wp-json\/wp\/v2\/users\/1"}],"replies":[{"embeddable":true,"href":"https:\/\/agora.xtec.cat\/escolaprincepdeviana\/wp-json\/wp\/v2\/comments?post=26"}],"version-history":[{"count":4,"href":"https:\/\/agora.xtec.cat\/escolaprincepdeviana\/wp-json\/wp\/v2\/pages\/26\/revisions"}],"predecessor-version":[{"id":4773,"href":"https:\/\/agora.xtec.cat\/escolaprincepdeviana\/wp-json\/wp\/v2\/pages\/26\/revisions\/4773"}],"up":[{"embeddable":true,"href":"https:\/\/agora.xtec.cat\/escolaprincepdeviana\/wp-json\/wp\/v2\/pages\/22"}],"wp:attachment":[{"href":"https:\/\/agora.xtec.cat\/escolaprincepdeviana\/wp-json\/wp\/v2\/media?parent=26"}],"curies":[{"name":"wp","href":"https:\/\/api.w.org\/{rel}","templated":true}]}}