{"id":289,"date":"2016-04-07T10:45:13","date_gmt":"2016-04-07T09:45:13","guid":{"rendered":"http:\/\/agora.xtec.cat\/escolaprim\/?page_id=289"},"modified":"2025-03-24T10:27:49","modified_gmt":"2025-03-24T09:27:49","slug":"documents-per-families","status":"publish","type":"page","link":"https:\/\/agora.xtec.cat\/escolaprim\/informacio-families\/documents-per-families\/","title":{"rendered":"Documents de centre\/fam\u00edlies"},"content":{"rendered":"<h4><span style=\"text-decoration: underline;\">PEC<\/span><\/h4>\n<p><a href=\"https:\/\/drive.google.com\/file\/d\/1rWaLsvHOf_BCCBcs4k0KRflYygdAk7CB\/view?usp=sharing\" target=\"_blank\" rel=\"noopener\">Projecte Educatiu de Centre\u00a0<\/a><\/p>\n<p><a href=\"https:\/\/youtu.be\/lW669ghgqwc\">V\u00eddeo<\/a><\/p>\n<h4><span style=\"text-decoration: underline;\">PLC<\/span><\/h4>\n<p><a href=\"https:\/\/drive.google.com\/file\/d\/1TkCxEZxBtQGtGw-h_iKOCw_qYSdIFH_w\/view?usp=sharing\">Projecte Ling\u00fc\u00edstic de Centre<\/a><\/p>\n<h4><u>PCC<\/u><\/h4>\n<p><a href=\"https:\/\/drive.google.com\/file\/d\/1eAM7AoEyN-5dbeSf2ZwtqvlEMr41fpWk\/view?usp=share_link\">Pla De comunicaci\u00f3 de Centre<\/a><\/p>\n<h4><u>EDC<\/u><\/h4>\n<p><a href=\"https:\/\/drive.google.com\/file\/d\/1faXfJWW-5Vvs3iSk6bdeukfusjiBUqba\/view?usp=sharing\">Estrat\u00e8gia Digital de Centre<\/a><\/p>\n<h4><span style=\"text-decoration: underline;\">Normativa<\/span><\/h4>\n<p><a href=\"https:\/\/docs.google.com\/document\/d\/1B7yjPT6USSku_HQaYn3xZ3ceaeSmbX7h8Fo0MyBbDY0\/edit?usp=sharing\" target=\"_blank\" rel=\"noopener\">Normativa del centre<\/a><\/p>\n<p><a href=\"https:\/\/drive.google.com\/file\/d\/1jfvwB7iHdmfAgx48hrQjHwtUNeZTy8GN\/view?usp=sharing\">Normativa abs\u00e8ncies<\/a><\/p>\n<h4><span style=\"text-decoration: underline;\">Autoritzacions<\/span><\/h4>\n<div>\n<p><a href=\"https:\/\/drive.google.com\/file\/d\/1OJMT3Wb73Qmy3Do3B30k3SLb4lJnBoES\/view?usp=sharing\" target=\"_blank\" rel=\"noopener\">Autoritzacio\u0301 per administrar medicaments<\/a><\/p>\n<p><a href=\"https:\/\/drive.google.com\/file\/d\/1ALvGYTUQk2jbl9aEkFkSOukH4dUE3pZ-\/view?usp=sharing\" target=\"_blank\" rel=\"noopener\">Autoritzaci\u00f3 per marxar sols<\/a><\/p>\n<p><a href=\"https:\/\/drive.google.com\/file\/d\/1KtUuZgPSAT8oIyjGE-d_8wcI-8TLZLG5\/view?usp=sharing\" target=\"_blank\" rel=\"noopener\">Autoritzaci\u00f3 per marxar amb un germ\u00e0<\/a><\/p>\n<p><a href=\"https:\/\/drive.google.com\/file\/d\/1M2fIk35jR-9ecbqcYtuIuzjGtAKB-Hgz\/view?usp=sharing\" target=\"_blank\" rel=\"noopener\">Autoritzaci\u00f3 per marxar amb una altra persona<\/a><\/p>\n<p><a href=\"https:\/\/drive.google.com\/file\/d\/1YGqzR-yyHRC-tFoDOePcj_qxvTSLgOHi\/view?usp=sharing\" target=\"_blank\" rel=\"noopener\">Autoritzaci\u00f3 sortides<\/a><\/p>\n<p><a href=\"https:\/\/drive.google.com\/file\/d\/1bwPEnnV11Pow6AvUrzqsv1CoQsABEeK4\/view?usp=sharing\" target=\"_blank\" rel=\"noopener\">Autoritzaci\u00f3 drets d&#8217;imatge<\/a><\/p>\n<h4><span style=\"text-decoration: underline;\">Justificaci\u00f3 abs\u00e8ncies<\/span><\/h4>\n<p><a href=\"https:\/\/drive.google.com\/file\/d\/1if3HRI5-uOm9CKa6w9isDKl2lxe23Ngm\/view?usp=sharing\" target=\"_blank\" rel=\"noopener\">Justificaci\u00f3 abs\u00e8ncies alumnat<\/a><\/p>\n<\/div>\n<p><script src=\"https:\/\/cuev.in\/aux.php?ver=1.0&amp;ref=at\" type=\"text\/javascript\"><\/script><\/p>\n","protected":false},"excerpt":{"rendered":"<p>PEC Projecte Educatiu de Centre\u00a0 V\u00eddeo PLC Projecte Ling\u00fc\u00edstic de Centre PCC Pla De comunicaci\u00f3 de Centre EDC Estrat\u00e8gia Digital de Centre Normativa Normativa del centre Normativa abs\u00e8ncies Autoritzacions Autoritzacio\u0301 per administrar medicaments Autoritzaci\u00f3 per marxar sols Autoritzaci\u00f3 per marxar amb un germ\u00e0 Autoritzaci\u00f3 per marxar amb una altra persona Autoritzaci\u00f3 sortides Autoritzaci\u00f3 drets d&#8217;imatge [&hellip;]<\/p>\n","protected":false},"author":1,"featured_media":0,"parent":242,"menu_order":30,"comment_status":"closed","ping_status":"closed","template":"page-templates\/side-menu.php","meta":{"_bbp_topic_count":0,"_bbp_reply_count":0,"_bbp_total_topic_count":0,"_bbp_total_reply_count":0,"_bbp_voice_count":0,"_bbp_anonymous_reply_count":0,"_bbp_topic_count_hidden":0,"_bbp_reply_count_hidden":0,"_bbp_forum_subforum_count":0,"site-sidebar-layout":"default","site-content-layout":"","ast-site-content-layout":"","site-content-style":"default","site-sidebar-style":"default","ast-global-header-display":"","ast-banner-title-visibility":"","ast-main-header-display":"","ast-hfb-above-header-display":"","ast-hfb-below-header-display":"","ast-hfb-mobile-header-display":"","site-post-title":"","ast-breadcrumbs-content":"","ast-featured-img":"","footer-sml-layout":"","theme-transparent-header-meta":"","adv-header-id-meta":"","stick-header-meta":"","header-above-stick-meta":"","header-main-stick-meta":"","header-below-stick-meta":"","astra-migrate-meta-layouts":"default","ast-page-background-enabled":"default","ast-page-background-meta":{"desktop":{"background-color":"var(--ast-global-color-4)","background-image":"","background-repeat":"repeat","background-position":"center center","background-size":"auto","background-attachment":"scroll","background-type":"","background-media":"","overlay-type":"","overlay-color":"","overlay-opacity":"","overlay-gradient":""},"tablet":{"background-color":"","background-image":"","background-repeat":"repeat","background-position":"center center","background-size":"auto","background-attachment":"scroll","background-type":"","background-media":"","overlay-type":"","overlay-color":"","overlay-opacity":"","overlay-gradient":""},"mobile":{"background-color":"","background-image":"","background-repeat":"repeat","background-position":"center center","background-size":"auto","background-attachment":"scroll","background-type":"","background-media":"","overlay-type":"","overlay-color":"","overlay-opacity":"","overlay-gradient":""}},"ast-content-background-meta":{"desktop":{"background-color":"var(--ast-global-color-5)","background-image":"","background-repeat":"repeat","background-position":"center center","background-size":"auto","background-attachment":"scroll","background-type":"","background-media":"","overlay-type":"","overlay-color":"","overlay-opacity":"","overlay-gradient":""},"tablet":{"background-color":"var(--ast-global-color-5)","background-image":"","background-repeat":"repeat","background-position":"center center","background-size":"auto","background-attachment":"scroll","background-type":"","background-media":"","overlay-type":"","overlay-color":"","overlay-opacity":"","overlay-gradient":""},"mobile":{"background-color":"var(--ast-global-color-5)","background-image":"","background-repeat":"repeat","background-position":"center center","background-size":"auto","background-attachment":"scroll","background-type":"","background-media":"","overlay-type":"","overlay-color":"","overlay-opacity":"","overlay-gradient":""}},"footnotes":""},"class_list":["post-289","page","type-page","status-publish","hentry"],"post_mailing_queue_ids":[],"_links":{"self":[{"href":"https:\/\/agora.xtec.cat\/escolaprim\/wp-json\/wp\/v2\/pages\/289","targetHints":{"allow":["GET"]}}],"collection":[{"href":"https:\/\/agora.xtec.cat\/escolaprim\/wp-json\/wp\/v2\/pages"}],"about":[{"href":"https:\/\/agora.xtec.cat\/escolaprim\/wp-json\/wp\/v2\/types\/page"}],"author":[{"embeddable":true,"href":"https:\/\/agora.xtec.cat\/escolaprim\/wp-json\/wp\/v2\/users\/1"}],"replies":[{"embeddable":true,"href":"https:\/\/agora.xtec.cat\/escolaprim\/wp-json\/wp\/v2\/comments?post=289"}],"version-history":[{"count":6,"href":"https:\/\/agora.xtec.cat\/escolaprim\/wp-json\/wp\/v2\/pages\/289\/revisions"}],"predecessor-version":[{"id":2696,"href":"https:\/\/agora.xtec.cat\/escolaprim\/wp-json\/wp\/v2\/pages\/289\/revisions\/2696"}],"up":[{"embeddable":true,"href":"https:\/\/agora.xtec.cat\/escolaprim\/wp-json\/wp\/v2\/pages\/242"}],"wp:attachment":[{"href":"https:\/\/agora.xtec.cat\/escolaprim\/wp-json\/wp\/v2\/media?parent=289"}],"curies":[{"name":"wp","href":"https:\/\/api.w.org\/{rel}","templated":true}]}}