{"id":28,"date":"2014-09-18T12:29:35","date_gmt":"2014-09-18T12:29:35","guid":{"rendered":"http:\/\/agora.xtec.cat\/escolaprim\/?page_id=28"},"modified":"2025-03-31T10:43:58","modified_gmt":"2025-03-31T08:43:58","slug":"consell-escolar","status":"publish","type":"page","link":"https:\/\/agora.xtec.cat\/escolaprim\/lescola\/consell-escolar\/","title":{"rendered":"Consell escolar"},"content":{"rendered":"<header class=\"entry-header\">\n<p class=\"entry-title\">El consell escolar del centre \u00e9s l\u2019\u00f2rgan col\u00b7legiat de participaci\u00f3 de la comunitat escolar en el govern del centre. En el consell escolar hi ha representats tots els col\u00b7lectius que intervenen en la comunitat educativa: direcci\u00f3, professorat, alumnat, personal d\u2019administraci\u00f3 i serveis, etc.<\/p>\n<\/header>\n<div class=\"entry-content\">\n<p>En els centres p\u00fablics, la funci\u00f3 principal del consell escolar \u00e9s participar en la presa de decisions en relaci\u00f3 amb aquells temes importants per al funcionament i l\u2019organitzaci\u00f3 del centre: el projecte educatiu, la programaci\u00f3 general, la gesti\u00f3 econ\u00f2mica, etc. En el cas dels centres privats concertats, el consell escolar debat, avalua, analitza i pren decisions sobre els temes proposats pel titular del centre.<\/p>\n<p>Els membres del consell escolar s\u00f3n elegits per un per\u00edode de quatre anys i es renoven per meitats cada dos anys.<\/p>\n<h3><span style=\"color: #3366ff;\">Composici\u00f3 del Consell escolar de l\u2019Escola Prim<\/span><\/h3>\n<h5><span style=\"color: #00ccff;\">Equip directiu:<\/span><\/h5>\n<p>Maria Eug\u00e8nia G\u00f3mez, directora<\/p>\n<p>Presentaci\u00f3n Jurado, cap d\u2019estudis<\/p>\n<p>Yolanda Navarro, secret\u00e0ria<\/p>\n<h5><span style=\"color: #00ccff;\">Sector professorat:<\/span><\/h5>\n<p>Marisa Travesset S\u00e1nchez &#8211; Representant COCOBE<\/p>\n<p>Esther Solsona S\u00e1nchez<\/p>\n<p>Berta Escura Reverter<\/p>\n<p>Eul\u00e0lia Arderiu Arraut<\/p>\n<p>Sara Lopera Gil<\/p>\n<h5><span style=\"color: #00ccff;\">Sector pares i mares:<\/span><\/h5>\n<p>Desiree Garc\u00eda<\/p>\n<p>Isabel Mart\u00ednez<\/p>\n<p>Claudia Seicar\u00edn<\/p>\n<p>Miriam Amador<\/p>\n<h5><span style=\"color: #00ccff;\">Representant de l\u2019AMPA:<\/span><\/h5>\n<p>Olga Ruiz<\/p>\n<h5><span style=\"color: #00ccff;\">Sector PAS:<\/span><\/h5>\n<\/div>\n<div class=\"entry-content\">\n<p>Cec\u00edlia Lombardo<\/p>\n<h5><span style=\"color: #00ccff;\">Representant de l\u2019Ajuntament:<\/span><\/h5>\n<p>Anna Montoliu<\/p>\n<p>&nbsp;<\/p>\n<p><span style=\"color: #3366ff;\"><strong>ACORDS CONSELL ESCOLAR:<\/strong><\/span><\/p>\n<p>30\/10\/2024<\/p>\n<ul>\n<li>Aprovaci\u00f3 Mem\u00f2ria 2023-2024 i PGA 2024-2025<\/li>\n<\/ul>\n<p>19\/03\/2025<\/p>\n<ul>\n<li>aprovaci\u00f3 nou protocol d&#8217;abs\u00e8ncies de l&#8217;Escola<\/li>\n<li>aprovaci\u00f3 Liquidaci\u00f3 2024 i Pressupost 2025<\/li>\n<li>aprovaci\u00f3 de la possibilitat de realitzar ter\u00e0pies amb animals al centre. Es demana assessorament a inspecci\u00f3 per fer les demandes corresponents.<\/li>\n<\/ul>\n<\/div>\n","protected":false},"excerpt":{"rendered":"<p>El consell escolar del centre \u00e9s l\u2019\u00f2rgan col\u00b7legiat de participaci\u00f3 de la comunitat escolar en el govern del centre. En el consell escolar hi ha representats tots els col\u00b7lectius que intervenen en la comunitat educativa: direcci\u00f3, professorat, alumnat, personal d\u2019administraci\u00f3 i serveis, etc. En els centres p\u00fablics, la funci\u00f3 principal del consell escolar \u00e9s participar [&hellip;]<\/p>\n","protected":false},"author":2,"featured_media":0,"parent":22,"menu_order":30,"comment_status":"closed","ping_status":"closed","template":"page-templates\/side-menu.php","meta":{"_bbp_topic_count":0,"_bbp_reply_count":0,"_bbp_total_topic_count":0,"_bbp_total_reply_count":0,"_bbp_voice_count":0,"_bbp_anonymous_reply_count":0,"_bbp_topic_count_hidden":0,"_bbp_reply_count_hidden":0,"_bbp_forum_subforum_count":0,"site-sidebar-layout":"default","site-content-layout":"","ast-site-content-layout":"","site-content-style":"default","site-sidebar-style":"default","ast-global-header-display":"","ast-banner-title-visibility":"","ast-main-header-display":"","ast-hfb-above-header-display":"","ast-hfb-below-header-display":"","ast-hfb-mobile-header-display":"","site-post-title":"","ast-breadcrumbs-content":"","ast-featured-img":"","footer-sml-layout":"","theme-transparent-header-meta":"","adv-header-id-meta":"","stick-header-meta":"","header-above-stick-meta":"","header-main-stick-meta":"","header-below-stick-meta":"","astra-migrate-meta-layouts":"default","ast-page-background-enabled":"default","ast-page-background-meta":{"desktop":{"background-color":"var(--ast-global-color-4)","background-image":"","background-repeat":"repeat","background-position":"center center","background-size":"auto","background-attachment":"scroll","background-type":"","background-media":"","overlay-type":"","overlay-color":"","overlay-opacity":"","overlay-gradient":""},"tablet":{"background-color":"","background-image":"","background-repeat":"repeat","background-position":"center center","background-size":"auto","background-attachment":"scroll","background-type":"","background-media":"","overlay-type":"","overlay-color":"","overlay-opacity":"","overlay-gradient":""},"mobile":{"background-color":"","background-image":"","background-repeat":"repeat","background-position":"center center","background-size":"auto","background-attachment":"scroll","background-type":"","background-media":"","overlay-type":"","overlay-color":"","overlay-opacity":"","overlay-gradient":""}},"ast-content-background-meta":{"desktop":{"background-color":"var(--ast-global-color-5)","background-image":"","background-repeat":"repeat","background-position":"center center","background-size":"auto","background-attachment":"scroll","background-type":"","background-media":"","overlay-type":"","overlay-color":"","overlay-opacity":"","overlay-gradient":""},"tablet":{"background-color":"var(--ast-global-color-5)","background-image":"","background-repeat":"repeat","background-position":"center center","background-size":"auto","background-attachment":"scroll","background-type":"","background-media":"","overlay-type":"","overlay-color":"","overlay-opacity":"","overlay-gradient":""},"mobile":{"background-color":"var(--ast-global-color-5)","background-image":"","background-repeat":"repeat","background-position":"center center","background-size":"auto","background-attachment":"scroll","background-type":"","background-media":"","overlay-type":"","overlay-color":"","overlay-opacity":"","overlay-gradient":""}},"footnotes":""},"class_list":["post-28","page","type-page","status-publish","hentry"],"post_mailing_queue_ids":[],"_links":{"self":[{"href":"https:\/\/agora.xtec.cat\/escolaprim\/wp-json\/wp\/v2\/pages\/28","targetHints":{"allow":["GET"]}}],"collection":[{"href":"https:\/\/agora.xtec.cat\/escolaprim\/wp-json\/wp\/v2\/pages"}],"about":[{"href":"https:\/\/agora.xtec.cat\/escolaprim\/wp-json\/wp\/v2\/types\/page"}],"author":[{"embeddable":true,"href":"https:\/\/agora.xtec.cat\/escolaprim\/wp-json\/wp\/v2\/users\/2"}],"replies":[{"embeddable":true,"href":"https:\/\/agora.xtec.cat\/escolaprim\/wp-json\/wp\/v2\/comments?post=28"}],"version-history":[{"count":6,"href":"https:\/\/agora.xtec.cat\/escolaprim\/wp-json\/wp\/v2\/pages\/28\/revisions"}],"predecessor-version":[{"id":2700,"href":"https:\/\/agora.xtec.cat\/escolaprim\/wp-json\/wp\/v2\/pages\/28\/revisions\/2700"}],"up":[{"embeddable":true,"href":"https:\/\/agora.xtec.cat\/escolaprim\/wp-json\/wp\/v2\/pages\/22"}],"wp:attachment":[{"href":"https:\/\/agora.xtec.cat\/escolaprim\/wp-json\/wp\/v2\/media?parent=28"}],"curies":[{"name":"wp","href":"https:\/\/api.w.org\/{rel}","templated":true}]}}