{"id":26,"date":"2014-09-18T12:24:32","date_gmt":"2014-09-18T12:24:32","guid":{"rendered":"http:\/\/agora.xtec.cat\/escolaprim\/?page_id=26"},"modified":"2019-04-05T10:11:22","modified_gmt":"2019-04-05T08:11:22","slug":"historia","status":"publish","type":"page","link":"https:\/\/agora.xtec.cat\/escolaprim\/lescola\/historia\/","title":{"rendered":"Identitat"},"content":{"rendered":"<p>A l\u2019escola pensem que l\u2019educaci\u00f3 dels nostres i les nostres alumnes es basa en uns principis que es fonamenten en la igualtat, la toler\u00e0ncia, el respecte, la pau i la solidaritat. Volem ajudar a formar\u00a0dones i\u00a0homes \u00edntegres, lliures i responsables.<\/p>\n<p>Treballem per a qu\u00e8 els nens i les nenes puguin desenvolupar al m\u00e0xim les seves capacitats, respectant els seus ritmes i circumst\u00e0ncies i sempre afavorint l\u2019autoestima i els valors de cadasc\u00fa.<\/p>\n<p>Creiem en la import\u00e0ncia de gaudir d\u2019una Escola agradable, acollidora, integradora, inclusiva, democr\u00e0tica i participativa on tothom s\u2019hi senti identificat i important i tingui les mateixes oportunitats.<\/p>\n<p>Volem una Escola oberta al m\u00f3n i que participi dels aven\u00e7os que la societat imposa i els nois i les noies exigeixen.<\/p>\n<p>La nostra tasca educativa es basa en fer de tot el nostre alumnat persones felices, amb inquietuds i motivaci\u00f3, segures i cr\u00edtiques i que mirin cap al seu futur tenint en compte totes les possibilitats que la\u00a0societat\u00a0els i les ofereix.<\/p>\n<h4><span style=\"text-decoration: underline;\">Normativa<\/span><\/h4>\n<p><a href=\"https:\/\/docs.google.com\/document\/d\/1B7yjPT6USSku_HQaYn3xZ3ceaeSmbX7h8Fo0MyBbDY0\/edit?usp=sharing\" target=\"_blank\" rel=\"noopener\">Normativa del centre<\/a><\/p>\n","protected":false},"excerpt":{"rendered":"<p>A l\u2019escola pensem que l\u2019educaci\u00f3 dels nostres i les nostres alumnes es basa en uns principis que es fonamenten en la igualtat, la toler\u00e0ncia, el respecte, la pau i la solidaritat. Volem ajudar a formar\u00a0dones i\u00a0homes \u00edntegres, lliures i responsables. Treballem per a qu\u00e8 els nens i les nenes puguin desenvolupar al m\u00e0xim les seves [&hellip;]<\/p>\n","protected":false},"author":2,"featured_media":0,"parent":22,"menu_order":20,"comment_status":"closed","ping_status":"closed","template":"page-templates\/side-menu.php","meta":{"_bbp_topic_count":0,"_bbp_reply_count":0,"_bbp_total_topic_count":0,"_bbp_total_reply_count":0,"_bbp_voice_count":0,"_bbp_anonymous_reply_count":0,"_bbp_topic_count_hidden":0,"_bbp_reply_count_hidden":0,"_bbp_forum_subforum_count":0,"site-sidebar-layout":"default","site-content-layout":"","ast-site-content-layout":"","site-content-style":"default","site-sidebar-style":"default","ast-global-header-display":"","ast-banner-title-visibility":"","ast-main-header-display":"","ast-hfb-above-header-display":"","ast-hfb-below-header-display":"","ast-hfb-mobile-header-display":"","site-post-title":"","ast-breadcrumbs-content":"","ast-featured-img":"","footer-sml-layout":"","theme-transparent-header-meta":"","adv-header-id-meta":"","stick-header-meta":"","header-above-stick-meta":"","header-main-stick-meta":"","header-below-stick-meta":"","astra-migrate-meta-layouts":"default","ast-page-background-enabled":"default","ast-page-background-meta":{"desktop":{"background-color":"var(--ast-global-color-4)","background-image":"","background-repeat":"repeat","background-position":"center center","background-size":"auto","background-attachment":"scroll","background-type":"","background-media":"","overlay-type":"","overlay-color":"","overlay-opacity":"","overlay-gradient":""},"tablet":{"background-color":"","background-image":"","background-repeat":"repeat","background-position":"center center","background-size":"auto","background-attachment":"scroll","background-type":"","background-media":"","overlay-type":"","overlay-color":"","overlay-opacity":"","overlay-gradient":""},"mobile":{"background-color":"","background-image":"","background-repeat":"repeat","background-position":"center center","background-size":"auto","background-attachment":"scroll","background-type":"","background-media":"","overlay-type":"","overlay-color":"","overlay-opacity":"","overlay-gradient":""}},"ast-content-background-meta":{"desktop":{"background-color":"var(--ast-global-color-5)","background-image":"","background-repeat":"repeat","background-position":"center center","background-size":"auto","background-attachment":"scroll","background-type":"","background-media":"","overlay-type":"","overlay-color":"","overlay-opacity":"","overlay-gradient":""},"tablet":{"background-color":"var(--ast-global-color-5)","background-image":"","background-repeat":"repeat","background-position":"center center","background-size":"auto","background-attachment":"scroll","background-type":"","background-media":"","overlay-type":"","overlay-color":"","overlay-opacity":"","overlay-gradient":""},"mobile":{"background-color":"var(--ast-global-color-5)","background-image":"","background-repeat":"repeat","background-position":"center center","background-size":"auto","background-attachment":"scroll","background-type":"","background-media":"","overlay-type":"","overlay-color":"","overlay-opacity":"","overlay-gradient":""}},"footnotes":""},"class_list":["post-26","page","type-page","status-publish","hentry"],"post_mailing_queue_ids":[],"_links":{"self":[{"href":"https:\/\/agora.xtec.cat\/escolaprim\/wp-json\/wp\/v2\/pages\/26","targetHints":{"allow":["GET"]}}],"collection":[{"href":"https:\/\/agora.xtec.cat\/escolaprim\/wp-json\/wp\/v2\/pages"}],"about":[{"href":"https:\/\/agora.xtec.cat\/escolaprim\/wp-json\/wp\/v2\/types\/page"}],"author":[{"embeddable":true,"href":"https:\/\/agora.xtec.cat\/escolaprim\/wp-json\/wp\/v2\/users\/2"}],"replies":[{"embeddable":true,"href":"https:\/\/agora.xtec.cat\/escolaprim\/wp-json\/wp\/v2\/comments?post=26"}],"version-history":[{"count":3,"href":"https:\/\/agora.xtec.cat\/escolaprim\/wp-json\/wp\/v2\/pages\/26\/revisions"}],"predecessor-version":[{"id":1203,"href":"https:\/\/agora.xtec.cat\/escolaprim\/wp-json\/wp\/v2\/pages\/26\/revisions\/1203"}],"up":[{"embeddable":true,"href":"https:\/\/agora.xtec.cat\/escolaprim\/wp-json\/wp\/v2\/pages\/22"}],"wp:attachment":[{"href":"https:\/\/agora.xtec.cat\/escolaprim\/wp-json\/wp\/v2\/media?parent=26"}],"curies":[{"name":"wp","href":"https:\/\/api.w.org\/{rel}","templated":true}]}}