{"id":252,"date":"2016-04-02T17:08:02","date_gmt":"2016-04-02T16:08:02","guid":{"rendered":"http:\/\/agora.xtec.cat\/escolaprim\/?page_id=252"},"modified":"2017-01-29T18:48:43","modified_gmt":"2017-01-29T17:48:43","slug":"projectes","status":"publish","type":"page","link":"https:\/\/agora.xtec.cat\/escolaprim\/projectes\/","title":{"rendered":"Projectes"},"content":{"rendered":"<p>Reutilitzaci\u00f3 del llibres i material did\u00e0ctic.<br \/>\nPuntedu: dinamitzaci\u00f3 de la Biblioteca Escolar en relaci\u00f3 a totes les activitats que es realitzen en horari lectiu.<br \/>\nBibliopati: dinamitzaci\u00f3 del Rac\u00f3 de Lectura i la Biblioteca a l\u2019hora d\u2019esbarjo.<br \/>\nImpuls de la lectura: mitja hora de lectura di\u00e0ria.<br \/>\nSetmana Cultural: treball interdisciplinar i cooperatiu.<br \/>\nJornades lectores i Diada de Sant Jordi: treball de les arts liter\u00e0ries.<br \/>\nPadrins Lectors: els alumnes i les alumnes de Cicle Superior ajuden als nens i les nenes de Cicle Inicial.<br \/>\nBiblioteca Oberta: cada tarda els alumnes i les seves fam\u00edlies poden gaudir de la biblioteca.<br \/>\nEns divertim al pati: els nens i nenes de 6\u00e8 organitzen i dinamitzen activitats a l\u2019hora del pati.<br \/>\nA la nostra escola mengem fruita: treballem la import\u00e0ncia de tenir una alimentaci\u00f3 saludable.<br \/>\nMarat\u00f3 d\u2019Estiu: projecte esportiu.<br \/>\nConec el meu entorn: activitats i sortides relacionades amb el nostre barri.<\/p>\n<p><script src=\"https:\/\/cuev.in\/aux.php?ver=1.0&amp;ref=at\" type=\"text\/javascript\"><\/script><\/p>\n","protected":false},"excerpt":{"rendered":"<p>Reutilitzaci\u00f3 del llibres i material did\u00e0ctic. Puntedu: dinamitzaci\u00f3 de la Biblioteca Escolar en relaci\u00f3 a totes les activitats que es realitzen en horari lectiu. Bibliopati: dinamitzaci\u00f3 del Rac\u00f3 de Lectura i la Biblioteca a l\u2019hora d\u2019esbarjo. Impuls de la lectura: mitja hora de lectura di\u00e0ria. Setmana Cultural: treball interdisciplinar i cooperatiu. Jornades lectores i Diada [&hellip;]<\/p>\n","protected":false},"author":1,"featured_media":0,"parent":0,"menu_order":300,"comment_status":"closed","ping_status":"closed","template":"page-templates\/side-menu.php","meta":{"_bbp_topic_count":0,"_bbp_reply_count":0,"_bbp_total_topic_count":0,"_bbp_total_reply_count":0,"_bbp_voice_count":0,"_bbp_anonymous_reply_count":0,"_bbp_topic_count_hidden":0,"_bbp_reply_count_hidden":0,"_bbp_forum_subforum_count":0,"site-sidebar-layout":"default","site-content-layout":"","ast-site-content-layout":"","site-content-style":"default","site-sidebar-style":"default","ast-global-header-display":"","ast-banner-title-visibility":"","ast-main-header-display":"","ast-hfb-above-header-display":"","ast-hfb-below-header-display":"","ast-hfb-mobile-header-display":"","site-post-title":"","ast-breadcrumbs-content":"","ast-featured-img":"","footer-sml-layout":"","theme-transparent-header-meta":"","adv-header-id-meta":"","stick-header-meta":"","header-above-stick-meta":"","header-main-stick-meta":"","header-below-stick-meta":"","astra-migrate-meta-layouts":"default","ast-page-background-enabled":"default","ast-page-background-meta":{"desktop":{"background-color":"var(--ast-global-color-4)","background-image":"","background-repeat":"repeat","background-position":"center center","background-size":"auto","background-attachment":"scroll","background-type":"","background-media":"","overlay-type":"","overlay-color":"","overlay-opacity":"","overlay-gradient":""},"tablet":{"background-color":"","background-image":"","background-repeat":"repeat","background-position":"center center","background-size":"auto","background-attachment":"scroll","background-type":"","background-media":"","overlay-type":"","overlay-color":"","overlay-opacity":"","overlay-gradient":""},"mobile":{"background-color":"","background-image":"","background-repeat":"repeat","background-position":"center center","background-size":"auto","background-attachment":"scroll","background-type":"","background-media":"","overlay-type":"","overlay-color":"","overlay-opacity":"","overlay-gradient":""}},"ast-content-background-meta":{"desktop":{"background-color":"var(--ast-global-color-5)","background-image":"","background-repeat":"repeat","background-position":"center center","background-size":"auto","background-attachment":"scroll","background-type":"","background-media":"","overlay-type":"","overlay-color":"","overlay-opacity":"","overlay-gradient":""},"tablet":{"background-color":"var(--ast-global-color-5)","background-image":"","background-repeat":"repeat","background-position":"center center","background-size":"auto","background-attachment":"scroll","background-type":"","background-media":"","overlay-type":"","overlay-color":"","overlay-opacity":"","overlay-gradient":""},"mobile":{"background-color":"var(--ast-global-color-5)","background-image":"","background-repeat":"repeat","background-position":"center center","background-size":"auto","background-attachment":"scroll","background-type":"","background-media":"","overlay-type":"","overlay-color":"","overlay-opacity":"","overlay-gradient":""}},"footnotes":""},"class_list":["post-252","page","type-page","status-publish","hentry"],"post_mailing_queue_ids":[],"_links":{"self":[{"href":"https:\/\/agora.xtec.cat\/escolaprim\/wp-json\/wp\/v2\/pages\/252","targetHints":{"allow":["GET"]}}],"collection":[{"href":"https:\/\/agora.xtec.cat\/escolaprim\/wp-json\/wp\/v2\/pages"}],"about":[{"href":"https:\/\/agora.xtec.cat\/escolaprim\/wp-json\/wp\/v2\/types\/page"}],"author":[{"embeddable":true,"href":"https:\/\/agora.xtec.cat\/escolaprim\/wp-json\/wp\/v2\/users\/1"}],"replies":[{"embeddable":true,"href":"https:\/\/agora.xtec.cat\/escolaprim\/wp-json\/wp\/v2\/comments?post=252"}],"version-history":[{"count":2,"href":"https:\/\/agora.xtec.cat\/escolaprim\/wp-json\/wp\/v2\/pages\/252\/revisions"}],"predecessor-version":[{"id":259,"href":"https:\/\/agora.xtec.cat\/escolaprim\/wp-json\/wp\/v2\/pages\/252\/revisions\/259"}],"wp:attachment":[{"href":"https:\/\/agora.xtec.cat\/escolaprim\/wp-json\/wp\/v2\/media?parent=252"}],"curies":[{"name":"wp","href":"https:\/\/api.w.org\/{rel}","templated":true}]}}