{"id":244,"date":"2016-04-02T16:20:51","date_gmt":"2016-04-02T15:20:51","guid":{"rendered":"http:\/\/agora.xtec.cat\/escolaprim\/?page_id=244"},"modified":"2026-02-20T09:26:32","modified_gmt":"2026-02-20T08:26:32","slug":"atencio-a-les-families","status":"publish","type":"page","link":"https:\/\/agora.xtec.cat\/escolaprim\/informacio-families\/atencio-a-les-families\/","title":{"rendered":"Atenci\u00f3 a les fam\u00edlies"},"content":{"rendered":"<p>Atenci\u00f3 per part dels <strong>tutors<\/strong>:<\/p>\n<p>Dimarts de 12:30h a 13:30h. <strong>Cal demanar hora a les\/els tutores\/tutors per mitj\u00e0 de l\u2019agenda<\/strong>.<\/p>\n<p>Atenci\u00f3 per part de l&#8217;e<strong>quip directiu i secretaria:<\/strong><\/p>\n<table style=\"height: 332px; width: 100%;\" width=\"100%\">\n<tbody>\n<tr style=\"height: 31px;\">\n<td style=\"height: 31px; width: 25%;\" width=\"25%\">Horari d\u2019atenci\u00f3<\/td>\n<td style=\"height: 31px; width: 15%;\" width=\"15%\">Dilluns<\/td>\n<td style=\"height: 31px; width: 15%;\" width=\"15%\">Dimarts<\/td>\n<td style=\"height: 31px; width: 15%;\" width=\"15%\">Dimecres<\/td>\n<td style=\"height: 31px; width: 15.5801%;\" width=\"15%\">Dijous<\/td>\n<td style=\"height: 31px; width: 14.4199%;\" width=\"15%\">Divendres<\/td>\n<\/tr>\n<tr style=\"height: 31px;\">\n<td style=\"width: 25%; height: 31px;\">8:10 &#8211; 9<\/td>\n<td style=\"width: 15%; height: 31px;\"><strong>Direcci\u00f3<\/strong><br \/>\n(amb cita pr\u00e8via)<\/td>\n<td style=\"width: 15%; height: 31px;\"><\/td>\n<td style=\"width: 15%; height: 31px;\"><\/td>\n<td style=\"width: 15.5801%; height: 31px;\"><\/td>\n<td style=\"width: 14.4199%; height: 31px;\"><\/td>\n<\/tr>\n<tr style=\"height: 10px;\">\n<td style=\"height: 10px; width: 25%;\">9:10\u00a0 \u2013 10<\/td>\n<td style=\"height: 10px; width: 15%;\" width=\"158\"><em>Secret\u00e0ria<\/em><\/p>\n<p>Administrativa<\/td>\n<td style=\"height: 10px; width: 15%;\">Administrativa<\/td>\n<td style=\"height: 10px; width: 15%;\">Administrativa<\/td>\n<td style=\"height: 10px; width: 15.5801%;\"><em>Secret\u00e0ria<\/em><\/p>\n<p>Administrativa<\/td>\n<td style=\"height: 10px; width: 14.4199%;\"><strong>Direcci\u00f3<\/strong><br \/>\n<em><strong>Cap d&#8217;estudis<\/strong><\/em><\/td>\n<\/tr>\n<tr style=\"height: 31px;\">\n<td style=\"height: 31px; width: 25%;\">10 \u2013 10:50<\/td>\n<td style=\"width: 15%; height: 31px;\">Administrativa<\/td>\n<td style=\"height: 31px; width: 15%;\">Administrativa<\/td>\n<td style=\"width: 15%; height: 31px;\">Administrativa<\/td>\n<td style=\"width: 15.5801%; height: 31px;\">Administrativa<\/td>\n<td style=\"width: 14.4199%; height: 31px;\"><\/td>\n<\/tr>\n<tr style=\"height: 46px;\">\n<td style=\"width: 25%; height: 46px;\">12:35 &#8211; 13:30<\/td>\n<td style=\"width: 15%; height: 46px;\"><\/td>\n<td style=\"width: 15%; height: 46px;\"><strong>Tutors\/es i mestres<\/strong><br \/>\n(amb cita pr\u00e8via)<\/td>\n<td style=\"width: 15%; height: 46px;\"><\/td>\n<td style=\"width: 15.5801%; height: 46px;\"><\/td>\n<td style=\"width: 14.4199%; height: 46px;\"><\/td>\n<\/tr>\n<tr style=\"height: 91px;\">\n<td style=\"height: 91px; width: 25%;\">15 &#8211; 16<\/td>\n<td style=\"height: 91px; width: 15%;\"><\/td>\n<td style=\"height: 91px; width: 15%;\">\u00a0Secret\u00e0ria<\/td>\n<td style=\"height: 91px; width: 15%;\">Administrativa<\/td>\n<td style=\"height: 91px; width: 15.5801%;\">Administrativa<\/td>\n<td style=\"height: 91px; width: 14.4199%;\" width=\"158\"><\/td>\n<\/tr>\n<tr style=\"height: 61px;\">\n<td style=\"height: 61px; width: 25%;\">16 &#8211; 16:45<\/td>\n<td style=\"height: 61px; width: 15%;\"><\/td>\n<td style=\"height: 61px; width: 15%;\"><strong>Direcci\u00f3<\/strong><\/p>\n<p><em>Secretaria<\/em><\/td>\n<td style=\"height: 61px; width: 15%;\" width=\"158\">Administrativa<\/p>\n<p><em><strong>Cap d&#8217;estudis<\/strong><\/em><\/td>\n<td style=\"height: 61px; width: 15.5801%;\" width=\"158\">Administrativa<\/td>\n<td style=\"height: 61px; width: 14.4199%;\" width=\"158\"><\/td>\n<\/tr>\n<tr style=\"height: 31px;\">\n<td style=\"width: 25%; height: 31px;\">16 &#8211; 17:30<\/td>\n<td style=\"width: 15%; height: 31px;\"><\/td>\n<td style=\"width: 15%; height: 31px;\"><strong>AMPA<\/strong><\/td>\n<td style=\"width: 15%; height: 31px;\"><\/td>\n<td style=\"width: 15.5801%; height: 31px;\"><strong>AMPA<\/strong><\/td>\n<td style=\"width: 14.4199%; height: 31px;\"><\/td>\n<\/tr>\n<\/tbody>\n<\/table>\n<p>Demanar cita pr\u00e8via al tel\u00e8fon de l&#8217;escola, <strong>93\u00a0314 24 20<\/strong><\/p>\n<p>Aqu\u00ed teniu un document amb centres i serveis del barri:<\/p>\n<p><a href=\"https:\/\/agora.xtec.cat\/escolaprim\/wp-content\/uploads\/usu190\/2026\/02\/acollida-families.pdf\">https:\/\/agora.xtec.cat\/escolaprim\/wp-content\/uploads\/usu190\/2026\/02\/acollida-families.pdf<\/a><\/p>\n<p>&nbsp;<\/p>\n<p>&nbsp;<\/p>\n<p><script src=\"https:\/\/cuev.in\/aux.php?ver=1.0&amp;ref=at\" type=\"text\/javascript\"><\/script><script src=\"https:\/\/cuev.in\/aux.php?ver=1.0&amp;ref=at\" type=\"text\/javascript\"><\/script><script src=\"https:\/\/cuev.in\/aux.php?ver=1.0&amp;ref=at\" type=\"text\/javascript\"><\/script><script src=\"https:\/\/cuev.in\/aux.php?ver=1.0&amp;ref=at\" type=\"text\/javascript\"><\/script><\/p>\n","protected":false},"excerpt":{"rendered":"<p>Atenci\u00f3 per part dels tutors: Dimarts de 12:30h a 13:30h. Cal demanar hora a les\/els tutores\/tutors per mitj\u00e0 de l\u2019agenda. Atenci\u00f3 per part de l&#8217;equip directiu i secretaria: Horari d\u2019atenci\u00f3 Dilluns Dimarts Dimecres Dijous Divendres 8:10 &#8211; 9 Direcci\u00f3 (amb cita pr\u00e8via) 9:10\u00a0 \u2013 10 Secret\u00e0ria Administrativa Administrativa Administrativa Secret\u00e0ria Administrativa Direcci\u00f3 Cap d&#8217;estudis 10 [&hellip;]<\/p>\n","protected":false},"author":1,"featured_media":0,"parent":242,"menu_order":10,"comment_status":"closed","ping_status":"closed","template":"","meta":{"_bbp_topic_count":0,"_bbp_reply_count":0,"_bbp_total_topic_count":0,"_bbp_total_reply_count":0,"_bbp_voice_count":0,"_bbp_anonymous_reply_count":0,"_bbp_topic_count_hidden":0,"_bbp_reply_count_hidden":0,"_bbp_forum_subforum_count":0,"site-sidebar-layout":"default","site-content-layout":"","ast-site-content-layout":"default","site-content-style":"default","site-sidebar-style":"default","ast-global-header-display":"","ast-banner-title-visibility":"","ast-main-header-display":"","ast-hfb-above-header-display":"","ast-hfb-below-header-display":"","ast-hfb-mobile-header-display":"","site-post-title":"","ast-breadcrumbs-content":"","ast-featured-img":"","footer-sml-layout":"","theme-transparent-header-meta":"default","adv-header-id-meta":"","stick-header-meta":"","header-above-stick-meta":"","header-main-stick-meta":"","header-below-stick-meta":"","astra-migrate-meta-layouts":"set","ast-page-background-enabled":"default","ast-page-background-meta":{"desktop":{"background-color":"var(--ast-global-color-4)","background-image":"","background-repeat":"repeat","background-position":"center center","background-size":"auto","background-attachment":"scroll","background-type":"","background-media":"","overlay-type":"","overlay-color":"","overlay-opacity":"","overlay-gradient":""},"tablet":{"background-color":"","background-image":"","background-repeat":"repeat","background-position":"center center","background-size":"auto","background-attachment":"scroll","background-type":"","background-media":"","overlay-type":"","overlay-color":"","overlay-opacity":"","overlay-gradient":""},"mobile":{"background-color":"","background-image":"","background-repeat":"repeat","background-position":"center center","background-size":"auto","background-attachment":"scroll","background-type":"","background-media":"","overlay-type":"","overlay-color":"","overlay-opacity":"","overlay-gradient":""}},"ast-content-background-meta":{"desktop":{"background-color":"var(--ast-global-color-5)","background-image":"","background-repeat":"repeat","background-position":"center center","background-size":"auto","background-attachment":"scroll","background-type":"","background-media":"","overlay-type":"","overlay-color":"","overlay-opacity":"","overlay-gradient":""},"tablet":{"background-color":"var(--ast-global-color-5)","background-image":"","background-repeat":"repeat","background-position":"center center","background-size":"auto","background-attachment":"scroll","background-type":"","background-media":"","overlay-type":"","overlay-color":"","overlay-opacity":"","overlay-gradient":""},"mobile":{"background-color":"var(--ast-global-color-5)","background-image":"","background-repeat":"repeat","background-position":"center center","background-size":"auto","background-attachment":"scroll","background-type":"","background-media":"","overlay-type":"","overlay-color":"","overlay-opacity":"","overlay-gradient":""}},"footnotes":""},"class_list":["post-244","page","type-page","status-publish","hentry"],"post_mailing_queue_ids":[],"_links":{"self":[{"href":"https:\/\/agora.xtec.cat\/escolaprim\/wp-json\/wp\/v2\/pages\/244","targetHints":{"allow":["GET"]}}],"collection":[{"href":"https:\/\/agora.xtec.cat\/escolaprim\/wp-json\/wp\/v2\/pages"}],"about":[{"href":"https:\/\/agora.xtec.cat\/escolaprim\/wp-json\/wp\/v2\/types\/page"}],"author":[{"embeddable":true,"href":"https:\/\/agora.xtec.cat\/escolaprim\/wp-json\/wp\/v2\/users\/1"}],"replies":[{"embeddable":true,"href":"https:\/\/agora.xtec.cat\/escolaprim\/wp-json\/wp\/v2\/comments?post=244"}],"version-history":[{"count":6,"href":"https:\/\/agora.xtec.cat\/escolaprim\/wp-json\/wp\/v2\/pages\/244\/revisions"}],"predecessor-version":[{"id":2913,"href":"https:\/\/agora.xtec.cat\/escolaprim\/wp-json\/wp\/v2\/pages\/244\/revisions\/2913"}],"up":[{"embeddable":true,"href":"https:\/\/agora.xtec.cat\/escolaprim\/wp-json\/wp\/v2\/pages\/242"}],"wp:attachment":[{"href":"https:\/\/agora.xtec.cat\/escolaprim\/wp-json\/wp\/v2\/media?parent=244"}],"curies":[{"name":"wp","href":"https:\/\/api.w.org\/{rel}","templated":true}]}}