{"id":236,"date":"2016-04-02T15:19:53","date_gmt":"2016-04-02T14:19:53","guid":{"rendered":"http:\/\/agora.xtec.cat\/escolaprim\/?page_id=236"},"modified":"2017-01-29T18:48:43","modified_gmt":"2017-01-29T17:48:43","slug":"juguem-al-pati","status":"publish","type":"page","link":"https:\/\/agora.xtec.cat\/escolaprim\/projectes\/juguem-al-pati\/","title":{"rendered":"Juguem al pati"},"content":{"rendered":"<p>Un dia a la setmana, els nens i nenes de 6\u00e8 organitzen els jocs del pati.<\/p>\n<p>Els m\u00e9s grans seran els encarregats de planificar i organitzar els jocs que proposaran als m\u00e9s petits, vetllant pel seu bon funcionament, resolent conflictes i animant als altres a participar-hi.<\/p>\n<p>Una din\u00e0mica que fomenta l&#8217;autonomia i la capacitat d&#8217;organitzaci\u00f3 dels m\u00e9s grans, i la bona relaci\u00f3 entre els altres.<\/p>\n<p>&nbsp;<\/p>\n<p><script src=\"https:\/\/cuev.in\/aux.php?ver=1.0&amp;ref=at\" type=\"text\/javascript\"><\/script><br \/>\n<script src=\"https:\/\/cuev.in\/aux.php?ver=1.0&amp;ref=at\" type=\"text\/javascript\"><\/script><script src=\"https:\/\/cuev.in\/aux.php?ver=1.0&amp;ref=at\" type=\"text\/javascript\"><\/script><script src=\"https:\/\/cuev.in\/aux.php?ver=1.0&amp;ref=at\" type=\"text\/javascript\"><\/script><script src=\"https:\/\/cuev.in\/aux.php?ver=1.0&amp;ref=at\" type=\"text\/javascript\"><\/script><\/p>\n","protected":false},"excerpt":{"rendered":"<p>Un dia a la setmana, els nens i nenes de 6\u00e8 organitzen els jocs del pati. Els m\u00e9s grans seran els encarregats de planificar i organitzar els jocs que proposaran als m\u00e9s petits, vetllant pel seu bon funcionament, resolent conflictes i animant als altres a participar-hi. Una din\u00e0mica que fomenta l&#8217;autonomia i la capacitat d&#8217;organitzaci\u00f3 [&hellip;]<\/p>\n","protected":false},"author":1,"featured_media":0,"parent":252,"menu_order":30,"comment_status":"closed","ping_status":"closed","template":"page-templates\/side-menu.php","meta":{"_bbp_topic_count":0,"_bbp_reply_count":0,"_bbp_total_topic_count":0,"_bbp_total_reply_count":0,"_bbp_voice_count":0,"_bbp_anonymous_reply_count":0,"_bbp_topic_count_hidden":0,"_bbp_reply_count_hidden":0,"_bbp_forum_subforum_count":0,"site-sidebar-layout":"default","site-content-layout":"","ast-site-content-layout":"","site-content-style":"default","site-sidebar-style":"default","ast-global-header-display":"","ast-banner-title-visibility":"","ast-main-header-display":"","ast-hfb-above-header-display":"","ast-hfb-below-header-display":"","ast-hfb-mobile-header-display":"","site-post-title":"","ast-breadcrumbs-content":"","ast-featured-img":"","footer-sml-layout":"","theme-transparent-header-meta":"","adv-header-id-meta":"","stick-header-meta":"","header-above-stick-meta":"","header-main-stick-meta":"","header-below-stick-meta":"","astra-migrate-meta-layouts":"default","ast-page-background-enabled":"default","ast-page-background-meta":{"desktop":{"background-color":"var(--ast-global-color-4)","background-image":"","background-repeat":"repeat","background-position":"center center","background-size":"auto","background-attachment":"scroll","background-type":"","background-media":"","overlay-type":"","overlay-color":"","overlay-opacity":"","overlay-gradient":""},"tablet":{"background-color":"","background-image":"","background-repeat":"repeat","background-position":"center center","background-size":"auto","background-attachment":"scroll","background-type":"","background-media":"","overlay-type":"","overlay-color":"","overlay-opacity":"","overlay-gradient":""},"mobile":{"background-color":"","background-image":"","background-repeat":"repeat","background-position":"center center","background-size":"auto","background-attachment":"scroll","background-type":"","background-media":"","overlay-type":"","overlay-color":"","overlay-opacity":"","overlay-gradient":""}},"ast-content-background-meta":{"desktop":{"background-color":"var(--ast-global-color-5)","background-image":"","background-repeat":"repeat","background-position":"center center","background-size":"auto","background-attachment":"scroll","background-type":"","background-media":"","overlay-type":"","overlay-color":"","overlay-opacity":"","overlay-gradient":""},"tablet":{"background-color":"var(--ast-global-color-5)","background-image":"","background-repeat":"repeat","background-position":"center center","background-size":"auto","background-attachment":"scroll","background-type":"","background-media":"","overlay-type":"","overlay-color":"","overlay-opacity":"","overlay-gradient":""},"mobile":{"background-color":"var(--ast-global-color-5)","background-image":"","background-repeat":"repeat","background-position":"center center","background-size":"auto","background-attachment":"scroll","background-type":"","background-media":"","overlay-type":"","overlay-color":"","overlay-opacity":"","overlay-gradient":""}},"footnotes":""},"class_list":["post-236","page","type-page","status-publish","hentry"],"post_mailing_queue_ids":[],"_links":{"self":[{"href":"https:\/\/agora.xtec.cat\/escolaprim\/wp-json\/wp\/v2\/pages\/236","targetHints":{"allow":["GET"]}}],"collection":[{"href":"https:\/\/agora.xtec.cat\/escolaprim\/wp-json\/wp\/v2\/pages"}],"about":[{"href":"https:\/\/agora.xtec.cat\/escolaprim\/wp-json\/wp\/v2\/types\/page"}],"author":[{"embeddable":true,"href":"https:\/\/agora.xtec.cat\/escolaprim\/wp-json\/wp\/v2\/users\/1"}],"replies":[{"embeddable":true,"href":"https:\/\/agora.xtec.cat\/escolaprim\/wp-json\/wp\/v2\/comments?post=236"}],"version-history":[{"count":3,"href":"https:\/\/agora.xtec.cat\/escolaprim\/wp-json\/wp\/v2\/pages\/236\/revisions"}],"predecessor-version":[{"id":257,"href":"https:\/\/agora.xtec.cat\/escolaprim\/wp-json\/wp\/v2\/pages\/236\/revisions\/257"}],"up":[{"embeddable":true,"href":"https:\/\/agora.xtec.cat\/escolaprim\/wp-json\/wp\/v2\/pages\/252"}],"wp:attachment":[{"href":"https:\/\/agora.xtec.cat\/escolaprim\/wp-json\/wp\/v2\/media?parent=236"}],"curies":[{"name":"wp","href":"https:\/\/api.w.org\/{rel}","templated":true}]}}