{"id":2319,"date":"2023-03-08T12:14:50","date_gmt":"2023-03-08T11:14:50","guid":{"rendered":"https:\/\/agora.xtec.cat\/escolaprim\/?page_id=2319"},"modified":"2023-03-08T12:24:54","modified_gmt":"2023-03-08T11:24:54","slug":"maquinari","status":"publish","type":"page","link":"https:\/\/agora.xtec.cat\/escolaprim\/projectes\/maquinari\/","title":{"rendered":"Maquinari"},"content":{"rendered":"<header class=\"entry-header\" style=\"position: relative; color: #444444; font-family: 'Open Sans', Arial, Helvetica, sans-serif;\">\n<h1 class=\"entry-title\" style=\"color: #087eb6; font-size: 2em; font-family: 'Open Sans', sans-serif; font-weight: 400;\"><\/h1>\n<\/header>\n<div class=\"entry-content\" style=\"color: #444444; font-family: 'Open Sans', Arial, Helvetica, sans-serif;\">\n<div style=\"margin-top: 4pt; display: flex; background-color: #0d868a; font-size: 24pt; font-family: verdana; height: 40pt; justify-content: center; color: white !important;\">\n<p>CHROMEBOOKS<\/p>\n<\/div>\n<p>&nbsp;<\/p>\n<p>A l\u2019Escola els alumnes disposen d\u2019ordinadors Chromebook des de 3r fins a 6\u00e8. En el cas de 3r actualment disposem d\u2019aproximadament uns 36 dispositius que comparteixen les dues classes. En el cas de 4t, 5\u00e8 i 6\u00e8 hi ha un dispositiu per cada alumne.\u00a0 Pel que es refereix a la dotaci\u00f3 d\u2019aquests dispositus,els dels alumnes de 5\u00e8 i 6\u00e8 han estat subministrats pel departament d\u2019educaci\u00f3.\u00a0<strong>La resta han estat dotats en part per l\u2019AFA i en part per la dotaci\u00f3 econ\u00f2mica de l\u2019escola.<\/strong><\/p>\n<p><a style=\"color: #087eb6; background: transparent; font-family: 'Open Sans', sans-serif;\" href=\"https:\/\/agora.xtec.cat\/ceiplapalmera\/wp-content\/uploads\/usu1503\/2022\/05\/baixa.png\"><img loading=\"lazy\" decoding=\"async\" class=\"alignright wp-image-1488 size-medium\" style=\"vertical-align: middle;\" src=\"https:\/\/agora.xtec.cat\/ceiplapalmera\/wp-content\/uploads\/usu1503\/2022\/05\/baixa-300x57.png\" sizes=\"auto, (max-width: 300px) 100vw, 300px\" srcset=\"https:\/\/agora.xtec.cat\/escolalapalmera\/wp-content\/uploads\/usu1503\/2022\/05\/baixa-300x57.png 300w, https:\/\/agora.xtec.cat\/escolalapalmera\/wp-content\/uploads\/usu1503\/2022\/05\/baixa.png 515w\" alt=\"\" width=\"300\" height=\"57\" \/><\/a><\/p>\n<p>&nbsp;<\/p>\n<p>Els ordinadors del professorat han estat subministrats pel departament d\u2019educaci\u00f3.<\/p>\n<p>A continuaci\u00f3 hi ha enlla\u00e7at alguns documents per fer la gesti\u00f3 d\u2019aquests Chromebooks:<\/p>\n<ul>\n<li style=\"margin-top: 0.5em; margin-bottom: 0.5em;\"><strong><span style=\"text-decoration-line: underline;\"><a style=\"color: #087eb6; background: transparent; font-family: 'Open Sans', sans-serif; font-weight: 400;\" href=\"https:\/\/docs.google.com\/document\/d\/1RV2dvfUg0a-Ee-7gZlWcevnnzhCYeiMKjZzYNPF0vjs\/edit?usp=sharing\" target=\"_blank\" rel=\"noopener\">Enrolar i eliminar dades de Chromebooks.<\/a><\/span><\/strong><\/li>\n<li style=\"margin-top: 0.5em; margin-bottom: 0.5em;\"><a style=\"color: #087eb6; background: transparent; font-family: 'Open Sans', sans-serif;\" href=\"https:\/\/docs.google.com\/presentation\/d\/1W1orEHvBHfLi6cJ0Thr7VQmsKSKE39WQ0qZm4PAOkoU\/edit?usp=sharing\" target=\"_blank\" rel=\"noopener\"><span style=\"text-decoration-line: underline;\"><strong>Desenrolar dispositius Chromebook.<\/strong><\/span><\/a><\/li>\n<li style=\"margin-top: 0.5em; margin-bottom: 0.5em;\"><a style=\"color: #087eb6; background: transparent; font-family: 'Open Sans', sans-serif;\" href=\"https:\/\/docs.google.com\/document\/d\/14YJczAjM_WIFThUQao6F-aC34YbsZt5fTWcCRZ3aj3A\/edit?usp=sharing\" target=\"_blank\" rel=\"noopener\"><strong><span style=\"text-decoration-line: underline;\">Restaurar Chromebooks amb SO espatllat.<\/span><\/strong><\/a><\/li>\n<li style=\"margin-top: 0.5em; margin-bottom: 0.5em;\"><a style=\"color: #087eb6; background: transparent; font-family: 'Open Sans', sans-serif;\" href=\"https:\/\/docs.google.com\/document\/d\/1bG5z-_uqpUpQpJG61l8J-A8nxE8w30YoNKDSUIHaimo\/edit?usp=sharing\"><span style=\"text-decoration-line: underline;\"><span style=\"color: #008080;\"><strong>Normes d\u2019\u00fas en el cas de cessi\u00f3 de dispositius per part del centre.<\/strong><\/span><\/span><\/a><\/li>\n<\/ul>\n<p>&nbsp;<\/p>\n<p>&nbsp;<\/p>\n<div style=\"margin-top: 4pt; display: flex; background-color: #0d868a; font-size: 24pt; font-family: verdana; height: 40pt; justify-content: center; color: white !important;\">\n<p>IMPRESSI\u00d3<\/p>\n<\/div>\n<p>&nbsp;<\/p>\n<p>El centre disposa de dos tipus d\u2019impresores. Les impresores del departament, i les impresores pr\u00f2pies del centre. A continuaci\u00f3 enlla\u00e7em dos tipus de documents o tutorials per algunes de les gestions m\u00e9s importants amb impressores.<\/p>\n<ul>\n<li style=\"margin-top: 0.5em; margin-bottom: 0.5em;\"><a style=\"color: #087eb6; background: transparent; font-family: 'Open Sans', sans-serif;\" href=\"https:\/\/docs.google.com\/document\/d\/18vPsA7_f8wAVI7KEJ65WxtTakEBRvKlqLCwO8KZfmys\/edit?usp=sharing\" target=\"_blank\" rel=\"noopener\"><span style=\"text-decoration-line: underline;\"><strong>Impresores del departament.<\/strong><\/span><\/a><\/li>\n<li style=\"margin-top: 0.5em; margin-bottom: 0.5em;\"><strong><span style=\"text-decoration-line: underline;\"><a style=\"color: #087eb6; background: transparent; font-family: 'Open Sans', sans-serif; font-weight: 400;\" href=\"https:\/\/youtu.be\/vb5-AI5taBc\" target=\"_blank\" rel=\"noopener\">Tutorial per instal\u00b7lar drivers de les impressores Kyocera als ordinadors port\u00e0tils de docents del departament.<\/a><\/span><\/strong><\/li>\n<\/ul>\n<\/div>\n","protected":false},"excerpt":{"rendered":"<p>CHROMEBOOKS &nbsp; A l\u2019Escola els alumnes disposen d\u2019ordinadors Chromebook des de 3r fins a 6\u00e8. En el cas de 3r actualment disposem d\u2019aproximadament uns 36 dispositius que comparteixen les dues classes. En el cas de 4t, 5\u00e8 i 6\u00e8 hi ha un dispositiu per cada alumne.\u00a0 Pel que es refereix a la dotaci\u00f3 d\u2019aquests dispositus,els [&hellip;]<\/p>\n","protected":false},"author":9,"featured_media":0,"parent":252,"menu_order":80,"comment_status":"closed","ping_status":"closed","template":"page-templates\/side-menu.php","meta":{"_bbp_topic_count":0,"_bbp_reply_count":0,"_bbp_total_topic_count":0,"_bbp_total_reply_count":0,"_bbp_voice_count":0,"_bbp_anonymous_reply_count":0,"_bbp_topic_count_hidden":0,"_bbp_reply_count_hidden":0,"_bbp_forum_subforum_count":0,"site-sidebar-layout":"default","site-content-layout":"","ast-site-content-layout":"","site-content-style":"default","site-sidebar-style":"default","ast-global-header-display":"","ast-banner-title-visibility":"","ast-main-header-display":"","ast-hfb-above-header-display":"","ast-hfb-below-header-display":"","ast-hfb-mobile-header-display":"","site-post-title":"","ast-breadcrumbs-content":"","ast-featured-img":"","footer-sml-layout":"","theme-transparent-header-meta":"","adv-header-id-meta":"","stick-header-meta":"","header-above-stick-meta":"","header-main-stick-meta":"","header-below-stick-meta":"","astra-migrate-meta-layouts":"default","ast-page-background-enabled":"default","ast-page-background-meta":{"desktop":{"background-color":"var(--ast-global-color-4)","background-image":"","background-repeat":"repeat","background-position":"center center","background-size":"auto","background-attachment":"scroll","background-type":"","background-media":"","overlay-type":"","overlay-color":"","overlay-opacity":"","overlay-gradient":""},"tablet":{"background-color":"","background-image":"","background-repeat":"repeat","background-position":"center center","background-size":"auto","background-attachment":"scroll","background-type":"","background-media":"","overlay-type":"","overlay-color":"","overlay-opacity":"","overlay-gradient":""},"mobile":{"background-color":"","background-image":"","background-repeat":"repeat","background-position":"center center","background-size":"auto","background-attachment":"scroll","background-type":"","background-media":"","overlay-type":"","overlay-color":"","overlay-opacity":"","overlay-gradient":""}},"ast-content-background-meta":{"desktop":{"background-color":"var(--ast-global-color-5)","background-image":"","background-repeat":"repeat","background-position":"center center","background-size":"auto","background-attachment":"scroll","background-type":"","background-media":"","overlay-type":"","overlay-color":"","overlay-opacity":"","overlay-gradient":""},"tablet":{"background-color":"var(--ast-global-color-5)","background-image":"","background-repeat":"repeat","background-position":"center center","background-size":"auto","background-attachment":"scroll","background-type":"","background-media":"","overlay-type":"","overlay-color":"","overlay-opacity":"","overlay-gradient":""},"mobile":{"background-color":"var(--ast-global-color-5)","background-image":"","background-repeat":"repeat","background-position":"center center","background-size":"auto","background-attachment":"scroll","background-type":"","background-media":"","overlay-type":"","overlay-color":"","overlay-opacity":"","overlay-gradient":""}},"footnotes":""},"class_list":["post-2319","page","type-page","status-publish","hentry"],"post_mailing_queue_ids":[],"_links":{"self":[{"href":"https:\/\/agora.xtec.cat\/escolaprim\/wp-json\/wp\/v2\/pages\/2319","targetHints":{"allow":["GET"]}}],"collection":[{"href":"https:\/\/agora.xtec.cat\/escolaprim\/wp-json\/wp\/v2\/pages"}],"about":[{"href":"https:\/\/agora.xtec.cat\/escolaprim\/wp-json\/wp\/v2\/types\/page"}],"author":[{"embeddable":true,"href":"https:\/\/agora.xtec.cat\/escolaprim\/wp-json\/wp\/v2\/users\/9"}],"replies":[{"embeddable":true,"href":"https:\/\/agora.xtec.cat\/escolaprim\/wp-json\/wp\/v2\/comments?post=2319"}],"version-history":[{"count":1,"href":"https:\/\/agora.xtec.cat\/escolaprim\/wp-json\/wp\/v2\/pages\/2319\/revisions"}],"predecessor-version":[{"id":2320,"href":"https:\/\/agora.xtec.cat\/escolaprim\/wp-json\/wp\/v2\/pages\/2319\/revisions\/2320"}],"up":[{"embeddable":true,"href":"https:\/\/agora.xtec.cat\/escolaprim\/wp-json\/wp\/v2\/pages\/252"}],"wp:attachment":[{"href":"https:\/\/agora.xtec.cat\/escolaprim\/wp-json\/wp\/v2\/media?parent=2319"}],"curies":[{"name":"wp","href":"https:\/\/api.w.org\/{rel}","templated":true}]}}