{"id":2314,"date":"2023-03-08T12:13:15","date_gmt":"2023-03-08T11:13:15","guid":{"rendered":"https:\/\/agora.xtec.cat\/escolaprim\/?page_id=2314"},"modified":"2023-03-08T12:23:59","modified_gmt":"2023-03-08T11:23:59","slug":"calendaris","status":"publish","type":"page","link":"https:\/\/agora.xtec.cat\/escolaprim\/projectes\/calendaris\/","title":{"rendered":"Calendaris"},"content":{"rendered":"<header class=\"entry-header\" style=\"position: relative; color: #444444; font-family: 'Open Sans', Arial, Helvetica, sans-serif;\">\n<h1 class=\"entry-title\" style=\"color: #087eb6; font-size: 2em; font-family: 'Open Sans', sans-serif; font-weight: 400;\"><\/h1>\n<\/header>\n<div class=\"entry-content\" style=\"color: #444444; font-family: 'Open Sans', Arial, Helvetica, sans-serif;\">\n<header class=\"entry-header\" style=\"position: relative;\">\n<h1 style=\"color: #087eb6; font-size: 2em; font-family: 'Open Sans', sans-serif; font-weight: 400;\"><\/h1>\n<p class=\"entry-title\"><span style=\"font-family: inherit; font-size: 1em;\">El centre t\u00e9 diversos calendaris per organitzar els esdeveniments i les tasques:\u00a0<\/span><\/p>\n<\/header>\n<div class=\"entry-content\">\n<ul>\n<li style=\"margin-top: 0.5em; margin-bottom: 0.5em;\">General \u201cPrim 22-23\u201d: hi tenen acc\u00e9s el professorat (amb perm\u00eds de creaci\u00f3 i edici\u00f3 d\u2019esdeveniments ), les fam\u00edlies i l\u2019alumnat, i s\u2019hi indiquen les dates fonamentals del centre: inici de classes, vacances, festius, lliuraments de notes, etc.\u00a0<a style=\"color: #087eb6; background: transparent; font-family: 'Open Sans', sans-serif;\" href=\"https:\/\/agora.xtec.cat\/ceiplapalmera\/wp-content\/uploads\/usu1503\/2022\/05\/calendar.png\"><span style=\"font-family: inherit; font-size: 1em; color: #000000;\"><strong>L\u2019enlla\u00e7 al calendari general es troba a la p\u00e0gina principal del web de l\u2019escola, a la columna de l\u2019esquerra<\/strong>. Tot i que el format no \u00e9s del tot din\u00e0mic i funcional, s\u00ed que permet fer-se una idea de les dates m\u00e9s importants relatives a vacances, dies de lliure disposici\u00f3 i sortides d\u2019un dia en tots els cursos.<\/span><img loading=\"lazy\" decoding=\"async\" class=\"size-full wp-image-1539 alignright\" style=\"vertical-align: middle;\" src=\"https:\/\/agora.xtec.cat\/ceiplapalmera\/wp-content\/uploads\/usu1503\/2022\/05\/calendar.png\" alt=\"\" width=\"300\" height=\"168\" \/><\/a><\/li>\n<li style=\"margin-top: 0.5em; margin-bottom: 0.5em;\">Professorat \u201cLa Palmera\u201d: nom\u00e9s hi tenen acc\u00e9s el professorat i s\u2019hi indiquen les activitats del claustre (reunions, formacions, juntes d\u2019avaluaci\u00f3\u2026)<\/li>\n<\/ul>\n<p>Tamb\u00e9 s\u2019utilitzen els\u00a0<a style=\"color: #087eb6; background: transparent; font-family: 'Open Sans', sans-serif;\" href=\"https:\/\/ateneu.xtec.cat\/wikiform\/wikiexport\/cmd\/tac\/treballaralnuvol\/administracio\/gestionsavancades\/reserves\" target=\"_blank\" rel=\"noopener\"><strong><span style=\"text-decoration-line: underline;\">calendaris per reservar espais i material del centre<\/span><\/strong><\/a>:<\/p>\n<\/div>\n<div class=\"addtoany_share_save_container addtoany_content addtoany_content_bottom\" style=\"margin: 16px auto; clear: both;\">\n<div class=\"a2a_kit a2a_kit_size_32 addtoany_list\" style=\"display: inline; line-height: 32px; touch-action: manipulation; outline: 0px;\" data-a2a-url=\"https:\/\/agora.xtec.cat\/escolalapalmera\/projecte-educatiu\/cultura-digital\/calendaris\/\" data-a2a-title=\"Calendaris\"><a class=\"a2a_dd addtoany_share_save addtoany_share\" style=\"color: #087eb6; background: transparent; font-family: 'Open Sans', sans-serif; border: 0px; box-shadow: none; display: inline-block; font-size: 32px; padding: 0px 4px; vertical-align: middle; cursor: pointer;\" href=\"https:\/\/www.addtoany.com\/share#url=https%3A%2F%2Fagora.xtec.cat%2Fescolalapalmera%2Fprojecte-educatiu%2Fcultura-digital%2Fcalendaris%2F&amp;title=Calendaris\"><span class=\"a2a_label a2a_localize\" style=\"clip-path: polygon(0px 0px, 0px 0px, 0px 0px); overflow: hidden; height: 32px; width: 32px; display: inline-block; float: none; border-radius: 4px; opacity: 1; line-height: 32px; position: absolute !important;\" data-a2a-localize=\"inner,Share\">Compartir<\/span><\/a><\/div>\n<\/div>\n<\/div>\n","protected":false},"excerpt":{"rendered":"<p>El centre t\u00e9 diversos calendaris per organitzar els esdeveniments i les tasques:\u00a0 General \u201cPrim 22-23\u201d: hi tenen acc\u00e9s el professorat (amb perm\u00eds de creaci\u00f3 i edici\u00f3 d\u2019esdeveniments ), les fam\u00edlies i l\u2019alumnat, i s\u2019hi indiquen les dates fonamentals del centre: inici de classes, vacances, festius, lliuraments de notes, etc.\u00a0L\u2019enlla\u00e7 al calendari general es troba a [&hellip;]<\/p>\n","protected":false},"author":9,"featured_media":0,"parent":252,"menu_order":60,"comment_status":"closed","ping_status":"closed","template":"page-templates\/side-menu.php","meta":{"_bbp_topic_count":0,"_bbp_reply_count":0,"_bbp_total_topic_count":0,"_bbp_total_reply_count":0,"_bbp_voice_count":0,"_bbp_anonymous_reply_count":0,"_bbp_topic_count_hidden":0,"_bbp_reply_count_hidden":0,"_bbp_forum_subforum_count":0,"site-sidebar-layout":"default","site-content-layout":"","ast-site-content-layout":"","site-content-style":"default","site-sidebar-style":"default","ast-global-header-display":"","ast-banner-title-visibility":"","ast-main-header-display":"","ast-hfb-above-header-display":"","ast-hfb-below-header-display":"","ast-hfb-mobile-header-display":"","site-post-title":"","ast-breadcrumbs-content":"","ast-featured-img":"","footer-sml-layout":"","theme-transparent-header-meta":"","adv-header-id-meta":"","stick-header-meta":"","header-above-stick-meta":"","header-main-stick-meta":"","header-below-stick-meta":"","astra-migrate-meta-layouts":"default","ast-page-background-enabled":"default","ast-page-background-meta":{"desktop":{"background-color":"var(--ast-global-color-4)","background-image":"","background-repeat":"repeat","background-position":"center center","background-size":"auto","background-attachment":"scroll","background-type":"","background-media":"","overlay-type":"","overlay-color":"","overlay-opacity":"","overlay-gradient":""},"tablet":{"background-color":"","background-image":"","background-repeat":"repeat","background-position":"center center","background-size":"auto","background-attachment":"scroll","background-type":"","background-media":"","overlay-type":"","overlay-color":"","overlay-opacity":"","overlay-gradient":""},"mobile":{"background-color":"","background-image":"","background-repeat":"repeat","background-position":"center center","background-size":"auto","background-attachment":"scroll","background-type":"","background-media":"","overlay-type":"","overlay-color":"","overlay-opacity":"","overlay-gradient":""}},"ast-content-background-meta":{"desktop":{"background-color":"var(--ast-global-color-5)","background-image":"","background-repeat":"repeat","background-position":"center center","background-size":"auto","background-attachment":"scroll","background-type":"","background-media":"","overlay-type":"","overlay-color":"","overlay-opacity":"","overlay-gradient":""},"tablet":{"background-color":"var(--ast-global-color-5)","background-image":"","background-repeat":"repeat","background-position":"center center","background-size":"auto","background-attachment":"scroll","background-type":"","background-media":"","overlay-type":"","overlay-color":"","overlay-opacity":"","overlay-gradient":""},"mobile":{"background-color":"var(--ast-global-color-5)","background-image":"","background-repeat":"repeat","background-position":"center center","background-size":"auto","background-attachment":"scroll","background-type":"","background-media":"","overlay-type":"","overlay-color":"","overlay-opacity":"","overlay-gradient":""}},"footnotes":""},"class_list":["post-2314","page","type-page","status-publish","hentry"],"post_mailing_queue_ids":[],"_links":{"self":[{"href":"https:\/\/agora.xtec.cat\/escolaprim\/wp-json\/wp\/v2\/pages\/2314","targetHints":{"allow":["GET"]}}],"collection":[{"href":"https:\/\/agora.xtec.cat\/escolaprim\/wp-json\/wp\/v2\/pages"}],"about":[{"href":"https:\/\/agora.xtec.cat\/escolaprim\/wp-json\/wp\/v2\/types\/page"}],"author":[{"embeddable":true,"href":"https:\/\/agora.xtec.cat\/escolaprim\/wp-json\/wp\/v2\/users\/9"}],"replies":[{"embeddable":true,"href":"https:\/\/agora.xtec.cat\/escolaprim\/wp-json\/wp\/v2\/comments?post=2314"}],"version-history":[{"count":1,"href":"https:\/\/agora.xtec.cat\/escolaprim\/wp-json\/wp\/v2\/pages\/2314\/revisions"}],"predecessor-version":[{"id":2315,"href":"https:\/\/agora.xtec.cat\/escolaprim\/wp-json\/wp\/v2\/pages\/2314\/revisions\/2315"}],"up":[{"embeddable":true,"href":"https:\/\/agora.xtec.cat\/escolaprim\/wp-json\/wp\/v2\/pages\/252"}],"wp:attachment":[{"href":"https:\/\/agora.xtec.cat\/escolaprim\/wp-json\/wp\/v2\/media?parent=2314"}],"curies":[{"name":"wp","href":"https:\/\/api.w.org\/{rel}","templated":true}]}}