{"id":2312,"date":"2023-03-08T12:12:18","date_gmt":"2023-03-08T11:12:18","guid":{"rendered":"https:\/\/agora.xtec.cat\/escolaprim\/?page_id=2312"},"modified":"2023-03-08T12:23:41","modified_gmt":"2023-03-08T11:23:41","slug":"competencia-professorat","status":"publish","type":"page","link":"https:\/\/agora.xtec.cat\/escolaprim\/projectes\/competencia-professorat\/","title":{"rendered":"Compet\u00e8ncia professorat"},"content":{"rendered":"<header class=\"entry-header\">\n<h1 class=\"entry-title\"><\/h1>\n<\/header>\n<div class=\"entry-content\">\n<div>\n<p>ACOLLIDA<\/p>\n<\/div>\n<p>&nbsp;<\/p>\n<p>El centre disposa d\u2019un pla d\u2019acollida del nou professorat pel que fa a temes digitals. \u00c9s un document viu que pot anar-se modificant a mesura que es plantegin noves necessitats o situacions en el centre.<\/p>\n<ul>\n<li><strong><a href=\"https:\/\/docs.google.com\/document\/d\/12OdXM8FTVIc6w8EKwU-B7ux1fFfaWSOwp95oQYO4MBs\/edit?usp=sharing\" target=\"_blank\" rel=\"noopener\">Acollida digital professorat nou<\/a><\/strong><\/li>\n<\/ul>\n<div>\n<p>FORMACI\u00d3<\/p>\n<\/div>\n<p>&nbsp;<\/p>\n<p>La formaci\u00f3 en cultura digital \u00e9s un aspecte clau al centre. Aquesta formaci\u00f3 s\u2019articula b\u00e0sicament des dels seg\u00fcents apartats:<\/p>\n<ul>\n<li><a href=\"https:\/\/docs.google.com\/document\/d\/1Lrsy_Bo2puTWcNj2Uidpn3SoZAGFBX5V0tMbmf7k3f8\/edit?usp=sharing\" target=\"_blank\" rel=\"noopener\"><strong>Guia configuraci\u00f3 comptes google workspace<\/strong><\/a><\/li>\n<li><a href=\"https:\/\/drive.google.com\/file\/d\/1cnSXogsJSHtDAcgSTKVvG3gMFV4AgdbS\/view?usp=sharing\" target=\"_blank\" rel=\"noopener\"><strong>FIC: Aquesta formaci\u00f3 permet incorporar aspectes de cultura digital al centre.<\/strong><\/a><\/li>\n<li><strong><a href=\"https:\/\/edu.google.com\/intl\/ALL_es\/for-educators\/training-courses\/?modal_active=none\" target=\"_blank\" rel=\"noopener\">Formaci\u00f3 espec\u00edfica de l\u2019entorn Google Workspace<\/a>.<\/strong><\/li>\n<\/ul>\n<\/div>\n","protected":false},"excerpt":{"rendered":"<p>ACOLLIDA &nbsp; El centre disposa d\u2019un pla d\u2019acollida del nou professorat pel que fa a temes digitals. \u00c9s un document viu que pot anar-se modificant a mesura que es plantegin noves necessitats o situacions en el centre. Acollida digital professorat nou FORMACI\u00d3 &nbsp; La formaci\u00f3 en cultura digital \u00e9s un aspecte clau al centre. Aquesta [&hellip;]<\/p>\n","protected":false},"author":9,"featured_media":0,"parent":252,"menu_order":50,"comment_status":"closed","ping_status":"closed","template":"page-templates\/side-menu.php","meta":{"_bbp_topic_count":0,"_bbp_reply_count":0,"_bbp_total_topic_count":0,"_bbp_total_reply_count":0,"_bbp_voice_count":0,"_bbp_anonymous_reply_count":0,"_bbp_topic_count_hidden":0,"_bbp_reply_count_hidden":0,"_bbp_forum_subforum_count":0,"site-sidebar-layout":"default","site-content-layout":"","ast-site-content-layout":"","site-content-style":"default","site-sidebar-style":"default","ast-global-header-display":"","ast-banner-title-visibility":"","ast-main-header-display":"","ast-hfb-above-header-display":"","ast-hfb-below-header-display":"","ast-hfb-mobile-header-display":"","site-post-title":"","ast-breadcrumbs-content":"","ast-featured-img":"","footer-sml-layout":"","theme-transparent-header-meta":"","adv-header-id-meta":"","stick-header-meta":"","header-above-stick-meta":"","header-main-stick-meta":"","header-below-stick-meta":"","astra-migrate-meta-layouts":"default","ast-page-background-enabled":"default","ast-page-background-meta":{"desktop":{"background-color":"var(--ast-global-color-4)","background-image":"","background-repeat":"repeat","background-position":"center center","background-size":"auto","background-attachment":"scroll","background-type":"","background-media":"","overlay-type":"","overlay-color":"","overlay-opacity":"","overlay-gradient":""},"tablet":{"background-color":"","background-image":"","background-repeat":"repeat","background-position":"center center","background-size":"auto","background-attachment":"scroll","background-type":"","background-media":"","overlay-type":"","overlay-color":"","overlay-opacity":"","overlay-gradient":""},"mobile":{"background-color":"","background-image":"","background-repeat":"repeat","background-position":"center center","background-size":"auto","background-attachment":"scroll","background-type":"","background-media":"","overlay-type":"","overlay-color":"","overlay-opacity":"","overlay-gradient":""}},"ast-content-background-meta":{"desktop":{"background-color":"var(--ast-global-color-5)","background-image":"","background-repeat":"repeat","background-position":"center center","background-size":"auto","background-attachment":"scroll","background-type":"","background-media":"","overlay-type":"","overlay-color":"","overlay-opacity":"","overlay-gradient":""},"tablet":{"background-color":"var(--ast-global-color-5)","background-image":"","background-repeat":"repeat","background-position":"center center","background-size":"auto","background-attachment":"scroll","background-type":"","background-media":"","overlay-type":"","overlay-color":"","overlay-opacity":"","overlay-gradient":""},"mobile":{"background-color":"var(--ast-global-color-5)","background-image":"","background-repeat":"repeat","background-position":"center center","background-size":"auto","background-attachment":"scroll","background-type":"","background-media":"","overlay-type":"","overlay-color":"","overlay-opacity":"","overlay-gradient":""}},"footnotes":""},"class_list":["post-2312","page","type-page","status-publish","hentry"],"post_mailing_queue_ids":[],"_links":{"self":[{"href":"https:\/\/agora.xtec.cat\/escolaprim\/wp-json\/wp\/v2\/pages\/2312","targetHints":{"allow":["GET"]}}],"collection":[{"href":"https:\/\/agora.xtec.cat\/escolaprim\/wp-json\/wp\/v2\/pages"}],"about":[{"href":"https:\/\/agora.xtec.cat\/escolaprim\/wp-json\/wp\/v2\/types\/page"}],"author":[{"embeddable":true,"href":"https:\/\/agora.xtec.cat\/escolaprim\/wp-json\/wp\/v2\/users\/9"}],"replies":[{"embeddable":true,"href":"https:\/\/agora.xtec.cat\/escolaprim\/wp-json\/wp\/v2\/comments?post=2312"}],"version-history":[{"count":1,"href":"https:\/\/agora.xtec.cat\/escolaprim\/wp-json\/wp\/v2\/pages\/2312\/revisions"}],"predecessor-version":[{"id":2313,"href":"https:\/\/agora.xtec.cat\/escolaprim\/wp-json\/wp\/v2\/pages\/2312\/revisions\/2313"}],"up":[{"embeddable":true,"href":"https:\/\/agora.xtec.cat\/escolaprim\/wp-json\/wp\/v2\/pages\/252"}],"wp:attachment":[{"href":"https:\/\/agora.xtec.cat\/escolaprim\/wp-json\/wp\/v2\/media?parent=2312"}],"curies":[{"name":"wp","href":"https:\/\/api.w.org\/{rel}","templated":true}]}}