{"id":2307,"date":"2023-03-08T12:10:22","date_gmt":"2023-03-08T11:10:22","guid":{"rendered":"https:\/\/agora.xtec.cat\/escolaprim\/?page_id=2307"},"modified":"2023-04-28T10:23:26","modified_gmt":"2023-04-28T08:23:26","slug":"comunicacio","status":"publish","type":"page","link":"https:\/\/agora.xtec.cat\/escolaprim\/projectes\/comunicacio\/","title":{"rendered":"Comunicaci\u00f3"},"content":{"rendered":"<div>\n<p>PORTAL WEB<\/p>\n<\/div>\n<p>&nbsp;<\/p>\n<p>El centre disposa d\u2019un web amb la informaci\u00f3 p\u00fablica. S\u2019hi poden trobar informacions est\u00e0tiques,<img loading=\"lazy\" decoding=\"async\" class=\"alignright size-medium wp-image-9488\" src=\"https:\/\/projectes.xtec.cat\/edc-suport\/wp-content\/uploads\/usu2435\/2021\/12\/nodes-300x173.png\" sizes=\"auto, (max-width: 300px) 100vw, 300px\" srcset=\"https:\/\/projectes.xtec.cat\/edc-suport\/wp-content\/uploads\/usu2435\/2021\/12\/nodes-300x173.png 300w, https:\/\/projectes.xtec.cat\/edc-suport\/wp-content\/uploads\/usu2435\/2021\/12\/nodes.png 580w\" alt=\"\" width=\"300\" height=\"173\" \/>\u00a0que es revisen peri\u00f2dicament (documentaci\u00f3, actes, calendari escolar,\u2026) i articles din\u00e0mics sobre el que va succe\u00efnt al centre dia a dia.<\/p>\n<p>Aquest web est\u00e0 basada en la plantilla de la plataforma Nodes que ofereix el Departament d\u2019Educaci\u00f3.<\/p>\n<p>&nbsp;<\/p>\n<p>Per fer-ne les actualitzacions se segueix el seg\u00fcent procediment:<\/p>\n<p><a href=\"https:\/\/drive.google.com\/file\/d\/1tCzFlLDSZTpbMrq5QZJj9Xu4PDSMGzT3\/view?usp=sharing\" target=\"_blank\" rel=\"noopener\">Actualitzaci\u00f3 del web del centre<\/a><\/p>\n<div>\n<p>WEERAS<\/p>\n<\/div>\n<p>&nbsp;<\/p>\n<p>\u00c9s una eina que es fa servir per enviar les comunicacions m\u00e9s importants a les fam\u00edlies. Podeu obrirla amb el seguent enlla\u00e7: https:\/\/platformnext.weeras.com<\/p>\n<p><a href=\"https:\/\/www.valga.gal\/images\/Mercedes\/Manual-Usuarios-App.pdf\" target=\"_blank\" rel=\"noopener\"><img loading=\"lazy\" decoding=\"async\" class=\" wp-image-2355 aligncenter\" src=\"https:\/\/agora.xtec.cat\/escolaprim\/wp-content\/uploads\/usu190\/2023\/04\/index.png\" alt=\"\" width=\"313\" height=\"313\" srcset=\"https:\/\/agora.xtec.cat\/escolaprim\/wp-content\/uploads\/usu190\/2023\/04\/index.png 225w, https:\/\/agora.xtec.cat\/escolaprim\/wp-content\/uploads\/usu190\/2023\/04\/index-150x150.png 150w\" sizes=\"auto, (max-width: 313px) 100vw, 313px\" \/><\/a><\/p>\n<div><\/div>\n","protected":false},"excerpt":{"rendered":"<p>PORTAL WEB &nbsp; El centre disposa d\u2019un web amb la informaci\u00f3 p\u00fablica. S\u2019hi poden trobar informacions est\u00e0tiques,\u00a0que es revisen peri\u00f2dicament (documentaci\u00f3, actes, calendari escolar,\u2026) i articles din\u00e0mics sobre el que va succe\u00efnt al centre dia a dia. Aquest web est\u00e0 basada en la plantilla de la plataforma Nodes que ofereix el Departament d\u2019Educaci\u00f3. &nbsp; Per [&hellip;]<\/p>\n","protected":false},"author":9,"featured_media":0,"parent":252,"menu_order":30,"comment_status":"closed","ping_status":"closed","template":"page-templates\/side-menu.php","meta":{"_bbp_topic_count":0,"_bbp_reply_count":0,"_bbp_total_topic_count":0,"_bbp_total_reply_count":0,"_bbp_voice_count":0,"_bbp_anonymous_reply_count":0,"_bbp_topic_count_hidden":0,"_bbp_reply_count_hidden":0,"_bbp_forum_subforum_count":0,"site-sidebar-layout":"default","site-content-layout":"","ast-site-content-layout":"","site-content-style":"default","site-sidebar-style":"default","ast-global-header-display":"","ast-banner-title-visibility":"","ast-main-header-display":"","ast-hfb-above-header-display":"","ast-hfb-below-header-display":"","ast-hfb-mobile-header-display":"","site-post-title":"","ast-breadcrumbs-content":"","ast-featured-img":"","footer-sml-layout":"","theme-transparent-header-meta":"","adv-header-id-meta":"","stick-header-meta":"","header-above-stick-meta":"","header-main-stick-meta":"","header-below-stick-meta":"","astra-migrate-meta-layouts":"default","ast-page-background-enabled":"default","ast-page-background-meta":{"desktop":{"background-color":"var(--ast-global-color-4)","background-image":"","background-repeat":"repeat","background-position":"center center","background-size":"auto","background-attachment":"scroll","background-type":"","background-media":"","overlay-type":"","overlay-color":"","overlay-opacity":"","overlay-gradient":""},"tablet":{"background-color":"","background-image":"","background-repeat":"repeat","background-position":"center center","background-size":"auto","background-attachment":"scroll","background-type":"","background-media":"","overlay-type":"","overlay-color":"","overlay-opacity":"","overlay-gradient":""},"mobile":{"background-color":"","background-image":"","background-repeat":"repeat","background-position":"center center","background-size":"auto","background-attachment":"scroll","background-type":"","background-media":"","overlay-type":"","overlay-color":"","overlay-opacity":"","overlay-gradient":""}},"ast-content-background-meta":{"desktop":{"background-color":"var(--ast-global-color-5)","background-image":"","background-repeat":"repeat","background-position":"center center","background-size":"auto","background-attachment":"scroll","background-type":"","background-media":"","overlay-type":"","overlay-color":"","overlay-opacity":"","overlay-gradient":""},"tablet":{"background-color":"var(--ast-global-color-5)","background-image":"","background-repeat":"repeat","background-position":"center center","background-size":"auto","background-attachment":"scroll","background-type":"","background-media":"","overlay-type":"","overlay-color":"","overlay-opacity":"","overlay-gradient":""},"mobile":{"background-color":"var(--ast-global-color-5)","background-image":"","background-repeat":"repeat","background-position":"center center","background-size":"auto","background-attachment":"scroll","background-type":"","background-media":"","overlay-type":"","overlay-color":"","overlay-opacity":"","overlay-gradient":""}},"footnotes":""},"class_list":["post-2307","page","type-page","status-publish","hentry"],"post_mailing_queue_ids":[],"_links":{"self":[{"href":"https:\/\/agora.xtec.cat\/escolaprim\/wp-json\/wp\/v2\/pages\/2307","targetHints":{"allow":["GET"]}}],"collection":[{"href":"https:\/\/agora.xtec.cat\/escolaprim\/wp-json\/wp\/v2\/pages"}],"about":[{"href":"https:\/\/agora.xtec.cat\/escolaprim\/wp-json\/wp\/v2\/types\/page"}],"author":[{"embeddable":true,"href":"https:\/\/agora.xtec.cat\/escolaprim\/wp-json\/wp\/v2\/users\/9"}],"replies":[{"embeddable":true,"href":"https:\/\/agora.xtec.cat\/escolaprim\/wp-json\/wp\/v2\/comments?post=2307"}],"version-history":[{"count":2,"href":"https:\/\/agora.xtec.cat\/escolaprim\/wp-json\/wp\/v2\/pages\/2307\/revisions"}],"predecessor-version":[{"id":2356,"href":"https:\/\/agora.xtec.cat\/escolaprim\/wp-json\/wp\/v2\/pages\/2307\/revisions\/2356"}],"up":[{"embeddable":true,"href":"https:\/\/agora.xtec.cat\/escolaprim\/wp-json\/wp\/v2\/pages\/252"}],"wp:attachment":[{"href":"https:\/\/agora.xtec.cat\/escolaprim\/wp-json\/wp\/v2\/media?parent=2307"}],"curies":[{"name":"wp","href":"https:\/\/api.w.org\/{rel}","templated":true}]}}