{"id":2298,"date":"2023-03-08T12:08:02","date_gmt":"2023-03-08T11:08:02","guid":{"rendered":"https:\/\/agora.xtec.cat\/escolaprim\/?page_id=2298"},"modified":"2023-03-08T12:23:38","modified_gmt":"2023-03-08T11:23:38","slug":"diagnosi","status":"publish","type":"page","link":"https:\/\/agora.xtec.cat\/escolaprim\/projectes\/diagnosi\/","title":{"rendered":"Diagnosi"},"content":{"rendered":"<p>Per fer la diagnosi, la comissi\u00f3 digital del centre ha utilitzat tres recursos:<\/p>\n<ul>\n<li>Q\u00fcestionari SELFIE: Enquesta a l\u2019alumnat i al professorat: la participaci\u00f3 del professorat i l\u2019alumnat ha estat del 100% tant en un cas com en l\u2019altre tenint en compte els participants previstos ( alumnat de 4t fins a 6\u00e8 ). S\u2019han establert les preguntes que cont\u00e8 el programa SELFIE, eina dissenyada per ajudar als centres educatius a integrar les tecnologies digitals en la doc\u00e8ncia, l\u2019aprenentatge i l\u2019avaluaci\u00f3 de l\u2019alumnat.<\/li>\n<li>Q\u00fcestionari SELFIE For Teachers: En aquest cas la participaci\u00f3 entre els mestres ha estat del 91,5%, i les preguntes tamb\u00e9 s\u2019han establert fent servir la pr\u00f2pia eina SELFIE For Teachers.<\/li>\n<li>Enquestes valoraci\u00f3 fam\u00edlies: La participaci\u00f3 ha estat del 30%, i les preguntes s\u2019han establert a partir dels exemples i les orientacions del nodes d\u2019Estrategia Digital del Departament.<\/li>\n<\/ul>\n<p><img loading=\"lazy\" decoding=\"async\" class=\"alignnone wp-image-2299 size-full\" src=\"https:\/\/agora.xtec.cat\/escolaprim\/wp-content\/uploads\/usu190\/2023\/03\/image-628f4c1de8624.jpg\" alt=\"\" width=\"960\" height=\"720\" srcset=\"https:\/\/agora.xtec.cat\/escolaprim\/wp-content\/uploads\/usu190\/2023\/03\/image-628f4c1de8624.jpg 960w, https:\/\/agora.xtec.cat\/escolaprim\/wp-content\/uploads\/usu190\/2023\/03\/image-628f4c1de8624-300x225.jpg 300w, https:\/\/agora.xtec.cat\/escolaprim\/wp-content\/uploads\/usu190\/2023\/03\/image-628f4c1de8624-768x576.jpg 768w, https:\/\/agora.xtec.cat\/escolaprim\/wp-content\/uploads\/usu190\/2023\/03\/image-628f4c1de8624-200x150.jpg 200w\" sizes=\"auto, (max-width: 960px) 100vw, 960px\" \/><\/p>\n","protected":false},"excerpt":{"rendered":"<p>Per fer la diagnosi, la comissi\u00f3 digital del centre ha utilitzat tres recursos: Q\u00fcestionari SELFIE: Enquesta a l\u2019alumnat i al professorat: la participaci\u00f3 del professorat i l\u2019alumnat ha estat del 100% tant en un cas com en l\u2019altre tenint en compte els participants previstos ( alumnat de 4t fins a 6\u00e8 ). S\u2019han establert les [&hellip;]<\/p>\n","protected":false},"author":9,"featured_media":0,"parent":252,"menu_order":10,"comment_status":"closed","ping_status":"closed","template":"page-templates\/side-menu.php","meta":{"_bbp_topic_count":0,"_bbp_reply_count":0,"_bbp_total_topic_count":0,"_bbp_total_reply_count":0,"_bbp_voice_count":0,"_bbp_anonymous_reply_count":0,"_bbp_topic_count_hidden":0,"_bbp_reply_count_hidden":0,"_bbp_forum_subforum_count":0,"site-sidebar-layout":"default","site-content-layout":"","ast-site-content-layout":"","site-content-style":"default","site-sidebar-style":"default","ast-global-header-display":"","ast-banner-title-visibility":"","ast-main-header-display":"","ast-hfb-above-header-display":"","ast-hfb-below-header-display":"","ast-hfb-mobile-header-display":"","site-post-title":"","ast-breadcrumbs-content":"","ast-featured-img":"","footer-sml-layout":"","theme-transparent-header-meta":"","adv-header-id-meta":"","stick-header-meta":"","header-above-stick-meta":"","header-main-stick-meta":"","header-below-stick-meta":"","astra-migrate-meta-layouts":"default","ast-page-background-enabled":"default","ast-page-background-meta":{"desktop":{"background-color":"var(--ast-global-color-4)","background-image":"","background-repeat":"repeat","background-position":"center center","background-size":"auto","background-attachment":"scroll","background-type":"","background-media":"","overlay-type":"","overlay-color":"","overlay-opacity":"","overlay-gradient":""},"tablet":{"background-color":"","background-image":"","background-repeat":"repeat","background-position":"center center","background-size":"auto","background-attachment":"scroll","background-type":"","background-media":"","overlay-type":"","overlay-color":"","overlay-opacity":"","overlay-gradient":""},"mobile":{"background-color":"","background-image":"","background-repeat":"repeat","background-position":"center center","background-size":"auto","background-attachment":"scroll","background-type":"","background-media":"","overlay-type":"","overlay-color":"","overlay-opacity":"","overlay-gradient":""}},"ast-content-background-meta":{"desktop":{"background-color":"var(--ast-global-color-5)","background-image":"","background-repeat":"repeat","background-position":"center center","background-size":"auto","background-attachment":"scroll","background-type":"","background-media":"","overlay-type":"","overlay-color":"","overlay-opacity":"","overlay-gradient":""},"tablet":{"background-color":"var(--ast-global-color-5)","background-image":"","background-repeat":"repeat","background-position":"center center","background-size":"auto","background-attachment":"scroll","background-type":"","background-media":"","overlay-type":"","overlay-color":"","overlay-opacity":"","overlay-gradient":""},"mobile":{"background-color":"var(--ast-global-color-5)","background-image":"","background-repeat":"repeat","background-position":"center center","background-size":"auto","background-attachment":"scroll","background-type":"","background-media":"","overlay-type":"","overlay-color":"","overlay-opacity":"","overlay-gradient":""}},"footnotes":""},"class_list":["post-2298","page","type-page","status-publish","hentry"],"post_mailing_queue_ids":[],"_links":{"self":[{"href":"https:\/\/agora.xtec.cat\/escolaprim\/wp-json\/wp\/v2\/pages\/2298","targetHints":{"allow":["GET"]}}],"collection":[{"href":"https:\/\/agora.xtec.cat\/escolaprim\/wp-json\/wp\/v2\/pages"}],"about":[{"href":"https:\/\/agora.xtec.cat\/escolaprim\/wp-json\/wp\/v2\/types\/page"}],"author":[{"embeddable":true,"href":"https:\/\/agora.xtec.cat\/escolaprim\/wp-json\/wp\/v2\/users\/9"}],"replies":[{"embeddable":true,"href":"https:\/\/agora.xtec.cat\/escolaprim\/wp-json\/wp\/v2\/comments?post=2298"}],"version-history":[{"count":2,"href":"https:\/\/agora.xtec.cat\/escolaprim\/wp-json\/wp\/v2\/pages\/2298\/revisions"}],"predecessor-version":[{"id":2327,"href":"https:\/\/agora.xtec.cat\/escolaprim\/wp-json\/wp\/v2\/pages\/2298\/revisions\/2327"}],"up":[{"embeddable":true,"href":"https:\/\/agora.xtec.cat\/escolaprim\/wp-json\/wp\/v2\/pages\/252"}],"wp:attachment":[{"href":"https:\/\/agora.xtec.cat\/escolaprim\/wp-json\/wp\/v2\/media?parent=2298"}],"curies":[{"name":"wp","href":"https:\/\/api.w.org\/{rel}","templated":true}]}}