{"id":311,"date":"2015-11-18T14:27:55","date_gmt":"2015-11-18T13:27:55","guid":{"rendered":"http:\/\/agora.xtec.cat\/escolapratdelariba\/?page_id=311"},"modified":"2026-01-14T10:25:47","modified_gmt":"2026-01-14T09:25:47","slug":"ampa","status":"publish","type":"page","link":"https:\/\/agora.xtec.cat\/escolapratdelariba\/ampa\/","title":{"rendered":"AFA"},"content":{"rendered":"<header class=\"archive-header\">\n<div class=\"archive-meta\">\n<p><strong>&#8220;L&#8217;AFA SOM TOTES LES FAM\u00cdLIES&#8221;<\/strong><\/p>\n<p>Podeu contactar amb les persones de la junta i les comissions a trav\u00e9s del seg\u00fcent correu electr\u00f2nic:<\/p>\n<p style=\"text-align: center;\"><strong> familiespratdelariba@gmail.com\u00a0<\/strong><\/p>\n<p>O amb les fam\u00edlies delegades del curs corresponent.<\/p>\n<p>Per saber m\u00e9s&#8230;.\u00a0<a href=\"http:\/\/www.ampapratdelariba.blogspot.com.es\/\">BLOC DE L&#8217;AFA<\/a><\/p>\n<p>Actualment s\u2019encarreguen de l\u2019organitzaci\u00f3 de:<\/p>\n<ul>\n<li>Activitats <strong>extraescolars<\/strong> a tots els nivells: futbol-sala, rob\u00f2tica, angl\u00e8s, ball \u00a0modern.<\/li>\n<li>Servei d<strong>\u2019acollida matinal<\/strong> (8h A 9h).<\/li>\n<li><strong>Activitats<\/strong> per a fam\u00edlies algunes tardes i caps de setmana del curs.<\/li>\n<li>Foment d\u2019activitats <strong>solid\u00e0ries<\/strong>: recollida de taps de pl\u00e0stic per donar a la fundaci\u00f3 de recollida Seur, xocolatada solid\u00e0ria per a recaptar diners per donar a Sant Joan de D\u00e9u per a la \u00a0investigaci\u00f3 del C\u00e0ncer Infantil.<\/li>\n<li><strong>Paradetes<\/strong> amb manualitats, galetes \u2026 per les festes tradicionals.<\/li>\n<li>S&#8217;encarreguen de les <strong>fotos de grup<\/strong> de final de curs per a les fam\u00edlies i tamb\u00e9 la samarreta dels alumnes de 6\u00e8 \u00a0quan s\u2019acomiaden de l\u2019escola.<\/li>\n<li>Inversions en <strong>mobiliari i millora del centre<\/strong>.<\/li>\n<li><strong>Finan\u00e7ament d\u2019un inform\u00e0tic<\/strong> per a fer manteniment dels ordinadors i refor\u00e7ar les necessitats \u00a0de l\u2019escola que no queden cobertes pel Departament d\u2019Educaci\u00f3.<\/li>\n<li>Servei de <strong>cafeteria els dies festius<\/strong> (Concert de Nadal i Carnaval) per fomentar que les fam\u00edlies comparteixin uns moments dins l\u2019escola. A m\u00e9s a m\u00e9s, s&#8217;organitza una festa la \u00a0tarda de Carnaval perqu\u00e8 els infants puguin venir amb la seva fam\u00edlia.<\/li>\n<li>Gesti\u00f3 del pati per a fer <strong>aniversaris<\/strong>: Les fam\u00edlies poden demanar l\u2019\u00fas del pati per a celebrar \u00a0aniversaris a l\u2019escola.<\/li>\n<li><strong>Festa de la conviv\u00e8ncia<\/strong>: un mat\u00ed de dissabte, a final de curs organitza una festa per a tothom: fam\u00edlies, infants, docents. Preparen un tallers i activitats per a gaudir d\u2019un agradable mat\u00ed.<\/li>\n<\/ul>\n<\/div>\n<\/header>\n","protected":false},"excerpt":{"rendered":"<p>&#8220;L&#8217;AFA SOM TOTES LES FAM\u00cdLIES&#8221; Podeu contactar amb les persones de la junta i les comissions a trav\u00e9s del seg\u00fcent correu electr\u00f2nic: familiespratdelariba@gmail.com\u00a0 O amb les fam\u00edlies delegades del curs corresponent. Per saber m\u00e9s&#8230;.\u00a0BLOC DE L&#8217;AFA Actualment s\u2019encarreguen de l\u2019organitzaci\u00f3 de: Activitats extraescolars a tots els nivells: futbol-sala, rob\u00f2tica, angl\u00e8s, ball \u00a0modern. Servei d\u2019acollida matinal [&hellip;]<\/p>\n","protected":false},"author":3,"featured_media":0,"parent":0,"menu_order":0,"comment_status":"closed","ping_status":"closed","template":"","meta":{"_bbp_topic_count":0,"_bbp_reply_count":0,"_bbp_total_topic_count":0,"_bbp_total_reply_count":0,"_bbp_voice_count":0,"_bbp_anonymous_reply_count":0,"_bbp_topic_count_hidden":0,"_bbp_reply_count_hidden":0,"_bbp_forum_subforum_count":0,"site-sidebar-layout":"default","site-content-layout":"","ast-site-content-layout":"default","site-content-style":"default","site-sidebar-style":"default","ast-global-header-display":"","ast-banner-title-visibility":"","ast-main-header-display":"","ast-hfb-above-header-display":"","ast-hfb-below-header-display":"","ast-hfb-mobile-header-display":"","site-post-title":"","ast-breadcrumbs-content":"","ast-featured-img":"","footer-sml-layout":"","theme-transparent-header-meta":"default","adv-header-id-meta":"","stick-header-meta":"","header-above-stick-meta":"","header-main-stick-meta":"","header-below-stick-meta":"","astra-migrate-meta-layouts":"set","ast-page-background-enabled":"default","ast-page-background-meta":{"desktop":{"background-color":"var(--ast-global-color-4)","background-image":"","background-repeat":"repeat","background-position":"center center","background-size":"auto","background-attachment":"scroll","background-type":"","background-media":"","overlay-type":"","overlay-color":"","overlay-opacity":"","overlay-gradient":""},"tablet":{"background-color":"","background-image":"","background-repeat":"repeat","background-position":"center center","background-size":"auto","background-attachment":"scroll","background-type":"","background-media":"","overlay-type":"","overlay-color":"","overlay-opacity":"","overlay-gradient":""},"mobile":{"background-color":"","background-image":"","background-repeat":"repeat","background-position":"center center","background-size":"auto","background-attachment":"scroll","background-type":"","background-media":"","overlay-type":"","overlay-color":"","overlay-opacity":"","overlay-gradient":""}},"ast-content-background-meta":{"desktop":{"background-color":"var(--ast-global-color-5)","background-image":"","background-repeat":"repeat","background-position":"center center","background-size":"auto","background-attachment":"scroll","background-type":"","background-media":"","overlay-type":"","overlay-color":"","overlay-opacity":"","overlay-gradient":""},"tablet":{"background-color":"var(--ast-global-color-5)","background-image":"","background-repeat":"repeat","background-position":"center center","background-size":"auto","background-attachment":"scroll","background-type":"","background-media":"","overlay-type":"","overlay-color":"","overlay-opacity":"","overlay-gradient":""},"mobile":{"background-color":"var(--ast-global-color-5)","background-image":"","background-repeat":"repeat","background-position":"center center","background-size":"auto","background-attachment":"scroll","background-type":"","background-media":"","overlay-type":"","overlay-color":"","overlay-opacity":"","overlay-gradient":""}},"footnotes":""},"class_list":["post-311","page","type-page","status-publish","hentry"],"post_mailing_queue_ids":[],"_links":{"self":[{"href":"https:\/\/agora.xtec.cat\/escolapratdelariba\/wp-json\/wp\/v2\/pages\/311","targetHints":{"allow":["GET"]}}],"collection":[{"href":"https:\/\/agora.xtec.cat\/escolapratdelariba\/wp-json\/wp\/v2\/pages"}],"about":[{"href":"https:\/\/agora.xtec.cat\/escolapratdelariba\/wp-json\/wp\/v2\/types\/page"}],"author":[{"embeddable":true,"href":"https:\/\/agora.xtec.cat\/escolapratdelariba\/wp-json\/wp\/v2\/users\/3"}],"replies":[{"embeddable":true,"href":"https:\/\/agora.xtec.cat\/escolapratdelariba\/wp-json\/wp\/v2\/comments?post=311"}],"version-history":[{"count":6,"href":"https:\/\/agora.xtec.cat\/escolapratdelariba\/wp-json\/wp\/v2\/pages\/311\/revisions"}],"predecessor-version":[{"id":12531,"href":"https:\/\/agora.xtec.cat\/escolapratdelariba\/wp-json\/wp\/v2\/pages\/311\/revisions\/12531"}],"wp:attachment":[{"href":"https:\/\/agora.xtec.cat\/escolapratdelariba\/wp-json\/wp\/v2\/media?parent=311"}],"curies":[{"name":"wp","href":"https:\/\/api.w.org\/{rel}","templated":true}]}}