{"id":10961,"date":"2022-05-13T15:32:50","date_gmt":"2022-05-13T13:32:50","guid":{"rendered":"https:\/\/agora.xtec.cat\/escolapratdelariba\/?page_id=10961"},"modified":"2022-05-20T16:24:53","modified_gmt":"2022-05-20T14:24:53","slug":"documentacio-digital","status":"publish","type":"page","link":"https:\/\/agora.xtec.cat\/escolapratdelariba\/lescola\/estrategia-digital-de-centre\/cultura-digital\/documentacio-digital\/","title":{"rendered":"Documentaci\u00f3 digital"},"content":{"rendered":"<p>La cultura digital apareix en pr\u00e0cticament tots els documents b\u00e0sics del centre. A continuaci\u00f3 es remarquen els aspectes m\u00e9s importants de cada un d&#8217;ells:<\/p>\n<table style=\"border-collapse: collapse; width: 100%;\">\n<tbody>\n<tr>\n<td style=\"width: 100%; background-color: #0765f2; text-align: center;\">\n<h2><a href=\"https:\/\/drive.google.com\/file\/d\/1c-8YZcnAzDjdYZ41M-sIFsjLiOUfbnmE\/view?usp=sharing\" target=\"_blank\" rel=\"noopener\"><span style=\"color: #ffffff;\">PEC<\/span><\/a><\/h2>\n<\/td>\n<\/tr>\n<\/tbody>\n<\/table>\n<h5 style=\"padding-left: 40px;\">3. OBJECTIUS DE CENTRE.<\/h5>\n<h6 style=\"padding-left: 40px;\">Objectius d\u2019\u00e0mbit pedag\u00f2gic<\/h6>\n<ul style=\"list-style-type: disc;\">\n<li>Vetllar per un aprenentatge significatiu i funcional, a partir de metodologies basades en el foment de l\u2019autonomia.<\/li>\n<li>Potenciar un ensenyament actiu, desenvolupant la iniciativa, l\u2019autonomia, la creativitat i l\u2019esperit cr\u00edtic.<\/li>\n<li>L\u2019escola vetllar\u00e0 per l\u2019assoliment de les compet\u00e8ncies b\u00e0siques de l\u2019alumne, entenent-les fonamentalment com a eines per a integrar-se adequadament en un m\u00f3n complex i canviant.<\/li>\n<li>Incorporar l\u2019\u00fas de les noves tecnologies com una eina m\u00e9s necess\u00e0ria per l\u2019aprenentatge i adquisici\u00f3 de les Compet\u00e8ncies B\u00e0siques.<\/li>\n<\/ul>\n<h6 style=\"padding-left: 40px;\">Objectius d\u2019\u00e0mbit administratiu<\/h6>\n<ul>\n<li>Elaborar i actualitzar els documents de gesti\u00f3.<\/li>\n<li>Vetllar per mantenir una bona gesti\u00f3 administrativa i econ\u00f2mica, utilitzant instruments efica\u00e7os.<\/li>\n<li>Desenvolupar i utilitzar m\u00e8todes i instruments per a una bona comunicaci\u00f3 interna i externa.<\/li>\n<\/ul>\n<h5><\/h5>\n<p>&nbsp;<\/p>\n<h5 style=\"padding-left: 40px;\">12. LA PROJECCI\u00d3 EXTERNA.<\/h5>\n<ul style=\"list-style-type: square;\">\n<li>\n<h6>La relaci\u00f3 amb l\u2019entorn social.<\/h6>\n<\/li>\n<\/ul>\n<p style=\"padding-left: 40px;\">L\u2019escola i els seus alumnes formen part d\u2019una societat en la qual han d\u2019aprendre a conviure, valorar i respectar. La societat per la seva banda ha de poder con\u00e8ixer qu\u00e8 fem i com treballem.<\/p>\n<ul style=\"list-style-type: square;\">\n<li>\n<h6>La projecci\u00f3 externa.<\/h6>\n<\/li>\n<\/ul>\n<p style=\"padding-left: 40px;\">L\u2019escola disposa de la web: https:\/\/agora.xtec.cat\/escolapratdelariba\/ a trav\u00e9s de la\u00a0qual donem publicitat a les activitats que fem perqu\u00e8 tothom que vulgui pugui veure- les.<\/p>\n<p>&nbsp;<\/p>\n<table style=\"border-collapse: collapse; width: 100%;\">\n<tbody>\n<tr>\n<td style=\"width: 100%; background-color: #0765f2;\">\n<h2 style=\"text-align: center;\"><a href=\"https:\/\/drive.google.com\/file\/d\/1NWd8vFa5VAdnLhfYQFfS6h62RKG5kfth\/view?usp=sharing\" target=\"_blank\" rel=\"noopener\"><span style=\"color: #ffffff;\">NOFC<\/span><\/a><\/h2>\n<\/td>\n<\/tr>\n<\/tbody>\n<\/table>\n<p>&nbsp;<\/p>\n","protected":false},"excerpt":{"rendered":"<p>La cultura digital apareix en pr\u00e0cticament tots els documents b\u00e0sics del centre. A continuaci\u00f3 es remarquen els aspectes m\u00e9s importants de cada un d&#8217;ells: PEC 3. OBJECTIUS DE CENTRE. Objectius d\u2019\u00e0mbit pedag\u00f2gic Vetllar per un aprenentatge significatiu i funcional, a partir de metodologies basades en el foment de l\u2019autonomia. Potenciar un ensenyament actiu, desenvolupant la [&hellip;]<\/p>\n","protected":false},"author":4,"featured_media":0,"parent":10924,"menu_order":0,"comment_status":"closed","ping_status":"closed","template":"","meta":{"_bbp_topic_count":0,"_bbp_reply_count":0,"_bbp_total_topic_count":0,"_bbp_total_reply_count":0,"_bbp_voice_count":0,"_bbp_anonymous_reply_count":0,"_bbp_topic_count_hidden":0,"_bbp_reply_count_hidden":0,"_bbp_forum_subforum_count":0,"site-sidebar-layout":"default","site-content-layout":"","ast-site-content-layout":"","site-content-style":"default","site-sidebar-style":"default","ast-global-header-display":"","ast-banner-title-visibility":"","ast-main-header-display":"","ast-hfb-above-header-display":"","ast-hfb-below-header-display":"","ast-hfb-mobile-header-display":"","site-post-title":"","ast-breadcrumbs-content":"","ast-featured-img":"","footer-sml-layout":"","theme-transparent-header-meta":"","adv-header-id-meta":"","stick-header-meta":"","header-above-stick-meta":"","header-main-stick-meta":"","header-below-stick-meta":"","astra-migrate-meta-layouts":"default","ast-page-background-enabled":"default","ast-page-background-meta":{"desktop":{"background-color":"var(--ast-global-color-4)","background-image":"","background-repeat":"repeat","background-position":"center center","background-size":"auto","background-attachment":"scroll","background-type":"","background-media":"","overlay-type":"","overlay-color":"","overlay-opacity":"","overlay-gradient":""},"tablet":{"background-color":"","background-image":"","background-repeat":"repeat","background-position":"center center","background-size":"auto","background-attachment":"scroll","background-type":"","background-media":"","overlay-type":"","overlay-color":"","overlay-opacity":"","overlay-gradient":""},"mobile":{"background-color":"","background-image":"","background-repeat":"repeat","background-position":"center center","background-size":"auto","background-attachment":"scroll","background-type":"","background-media":"","overlay-type":"","overlay-color":"","overlay-opacity":"","overlay-gradient":""}},"ast-content-background-meta":{"desktop":{"background-color":"var(--ast-global-color-5)","background-image":"","background-repeat":"repeat","background-position":"center center","background-size":"auto","background-attachment":"scroll","background-type":"","background-media":"","overlay-type":"","overlay-color":"","overlay-opacity":"","overlay-gradient":""},"tablet":{"background-color":"var(--ast-global-color-5)","background-image":"","background-repeat":"repeat","background-position":"center center","background-size":"auto","background-attachment":"scroll","background-type":"","background-media":"","overlay-type":"","overlay-color":"","overlay-opacity":"","overlay-gradient":""},"mobile":{"background-color":"var(--ast-global-color-5)","background-image":"","background-repeat":"repeat","background-position":"center center","background-size":"auto","background-attachment":"scroll","background-type":"","background-media":"","overlay-type":"","overlay-color":"","overlay-opacity":"","overlay-gradient":""}},"footnotes":""},"class_list":["post-10961","page","type-page","status-publish","hentry"],"post_mailing_queue_ids":[],"_links":{"self":[{"href":"https:\/\/agora.xtec.cat\/escolapratdelariba\/wp-json\/wp\/v2\/pages\/10961","targetHints":{"allow":["GET"]}}],"collection":[{"href":"https:\/\/agora.xtec.cat\/escolapratdelariba\/wp-json\/wp\/v2\/pages"}],"about":[{"href":"https:\/\/agora.xtec.cat\/escolapratdelariba\/wp-json\/wp\/v2\/types\/page"}],"author":[{"embeddable":true,"href":"https:\/\/agora.xtec.cat\/escolapratdelariba\/wp-json\/wp\/v2\/users\/4"}],"replies":[{"embeddable":true,"href":"https:\/\/agora.xtec.cat\/escolapratdelariba\/wp-json\/wp\/v2\/comments?post=10961"}],"version-history":[{"count":3,"href":"https:\/\/agora.xtec.cat\/escolapratdelariba\/wp-json\/wp\/v2\/pages\/10961\/revisions"}],"predecessor-version":[{"id":11017,"href":"https:\/\/agora.xtec.cat\/escolapratdelariba\/wp-json\/wp\/v2\/pages\/10961\/revisions\/11017"}],"up":[{"embeddable":true,"href":"https:\/\/agora.xtec.cat\/escolapratdelariba\/wp-json\/wp\/v2\/pages\/10924"}],"wp:attachment":[{"href":"https:\/\/agora.xtec.cat\/escolapratdelariba\/wp-json\/wp\/v2\/media?parent=10961"}],"curies":[{"name":"wp","href":"https:\/\/api.w.org\/{rel}","templated":true}]}}