{"id":10957,"date":"2022-05-13T15:32:50","date_gmt":"2022-05-13T13:32:50","guid":{"rendered":"https:\/\/agora.xtec.cat\/escolapratdelariba\/?page_id=10957"},"modified":"2022-05-16T16:28:41","modified_gmt":"2022-05-16T14:28:41","slug":"comunicacions","status":"publish","type":"page","link":"https:\/\/agora.xtec.cat\/escolapratdelariba\/lescola\/estrategia-digital-de-centre\/cultura-digital\/comunicacions\/","title":{"rendered":"Comunicacions"},"content":{"rendered":"<h2 style=\"text-align: center;\"><span style=\"color: #3366ff;\">Portal Web<\/span><\/h2>\n<p><a href=\"https:\/\/agora.xtec.cat\/escolapratdelariba\/wp-content\/uploads\/usu534\/2022\/05\/nodes.png\"><img loading=\"lazy\" decoding=\"async\" class=\"alignleft size-thumbnail wp-image-10984\" src=\"https:\/\/agora.xtec.cat\/escolapratdelariba\/wp-content\/uploads\/usu534\/2022\/05\/nodes-150x150.png\" alt=\"\" width=\"150\" height=\"150\" srcset=\"https:\/\/agora.xtec.cat\/escolapratdelariba\/wp-content\/uploads\/usu534\/2022\/05\/nodes-150x150.png 150w, https:\/\/agora.xtec.cat\/escolapratdelariba\/wp-content\/uploads\/usu534\/2022\/05\/nodes.png 240w\" sizes=\"auto, (max-width: 150px) 100vw, 150px\" \/><\/a>El centre disposa d&#8217;una p\u00e0gina web a trav\u00e9s de la qual s&#8217;obt\u00e9 una visi\u00f3 molt gl\u00f1obal de les caractr\u00edstiques tant t\u00e8cniques com humanes del centre.<\/p>\n<p>L&#8217;objectiu de mantenir la p\u00e0gina web totalment actualitzada \u00e9s el de facilitar a tot l&#8217;entorn interessat la m\u00e0xima informaci\u00f3 possible del centre, desglossada i estructurada de tal forma que sigui senzill i intu\u00eftiu accedir a qualsevol informaci\u00f3 que es desitgi del centre, des de documentaci\u00f3 variada, infraestructures, personal, biblioteca escolar, AFA i menjador.<\/p>\n<h3><\/h3>\n<h2 style=\"text-align: center;\"><span style=\"color: #3366ff;\">BLOCS<\/span><\/h2>\n<p>Cada cicle disposa d&#8217;un bloc on s&#8217;actualitza per\u00edodicament amb activitats realitzades, ja siguin dins del centre com sortides, tallers o col\u00f2nies<\/p>\n<p style=\"text-align: center;\"><span style=\"color: #3366ff;\"><a style=\"color: #3366ff;\" href=\"https:\/\/blocs.xtec.cat\/ceipratdelaribainfantil\/\">Bloc cicle Infantil\u00a0<\/a> \u00a0 \u00a0 \u00a0 \u00a0 \u00a0 \u00a0 \u00a0 \u00a0 \u00a0 \u00a0 \u00a0 \u00a0 \u00a0 \u00a0 \u00a0 \u00a0 \u00a0 \u00a0 \u00a0 \u00a0 \u00a0 \u00a0 \u00a0 \u00a0 \u00a0 \u00a0 \u00a0 \u00a0 \u00a0 \u00a0 \u00a0 \u00a0 \u00a0 \u00a0 <a style=\"color: #3366ff;\" href=\"https:\/\/blocs.xtec.cat\/ceipratdelaribaciclemig\/\">Bloc Cicle Mitj\u00e0<\/a><\/span><\/p>\n<p style=\"text-align: center;\"><span style=\"color: #3366ff;\">\u00a0 \u00a0 \u00a0<a style=\"color: #3366ff;\" href=\"https:\/\/blocs.xtec.cat\/ceipratdelaribacicleinicial\/\">Bloc Cicle Inicial\u00a0 \u00a0<\/a>\u00a0 \u00a0 \u00a0 \u00a0 \u00a0 \u00a0 \u00a0 \u00a0 \u00a0 \u00a0 \u00a0 \u00a0 \u00a0 \u00a0 \u00a0 \u00a0 \u00a0 \u00a0 \u00a0 \u00a0 \u00a0 \u00a0 \u00a0 \u00a0 \u00a0 \u00a0 \u00a0 \u00a0 \u00a0 \u00a0 \u00a0 \u00a0 \u00a0 \u00a0<a style=\"color: #3366ff;\" href=\"https:\/\/blocs.xtec.cat\/ceipratdelaribaciclesuperior\/\">Bloc Cicle Superior<\/a><\/span><\/p>\n<h3><\/h3>\n<h2 style=\"text-align: center;\"><span style=\"color: #3366ff;\">Comunicacions amb les fam\u00edlies<\/span><\/h2>\n<p>Establir canals de comunicaci\u00f3 \u00f2ptima entre fam\u00edlia i escola esdev\u00e9 primordial per a qualsevol centre educatiu per a mantenir una l\u00ednia de treball fluida i positiva.<\/p>\n<p><a href=\"https:\/\/agora.xtec.cat\/escolapratdelariba\/wp-content\/uploads\/usu534\/2022\/05\/dinantia.png\"><img loading=\"lazy\" decoding=\"async\" class=\"alignleft size-thumbnail wp-image-10982\" src=\"https:\/\/agora.xtec.cat\/escolapratdelariba\/wp-content\/uploads\/usu534\/2022\/05\/dinantia-150x150.png\" alt=\"\" width=\"150\" height=\"150\" srcset=\"https:\/\/agora.xtec.cat\/escolapratdelariba\/wp-content\/uploads\/usu534\/2022\/05\/dinantia-150x150.png 150w, https:\/\/agora.xtec.cat\/escolapratdelariba\/wp-content\/uploads\/usu534\/2022\/05\/dinantia.png 225w\" sizes=\"auto, (max-width: 150px) 100vw, 150px\" \/><\/a>A trav\u00e9s de l&#8217;apliaci\u00f3 Dinantia les fam\u00edlies reben totes les comunicacions que s&#8217;envien des del centre. Tot i que no comptem amb un servei bidireccional, quan es necessari es realitzen preguntes concretes que les fam\u00edlies poden respondre de manera immediata.<\/p>\n<p>&nbsp;<\/p>\n<p>&nbsp;<\/p>\n<p>&nbsp;<\/p>\n<p>Per poder comunicar-se les fam\u00edlies utilitzen el <a href=\"https:\/\/agora.xtec.cat\/escolapratdelariba\/lescola\/historia\/\">mail<\/a> amb qualsevol personal del centre, on cadasc\u00fa disposa d&#8217;un usuari establert a partir del domini de l&#8217;escola. A la web es facilita la relaci\u00f3 dels mails corresponents per poder dirigir-se directament a la persona corresponent.<\/p>\n<p>&nbsp;<\/p>\n<h2 style=\"text-align: center;\"><span style=\"color: #3366ff;\">Xarxes socials<\/span><\/h2>\n<p><a href=\"https:\/\/agora.xtec.cat\/escolapratdelariba\/wp-content\/uploads\/usu534\/2021\/10\/pratribaesplugues_nametag-1.png\"><img loading=\"lazy\" decoding=\"async\" class=\"alignleft size-thumbnail wp-image-10733\" src=\"https:\/\/agora.xtec.cat\/escolapratdelariba\/wp-content\/uploads\/usu534\/2021\/10\/pratribaesplugues_nametag-1-150x150.png\" alt=\"\" width=\"150\" height=\"150\" srcset=\"https:\/\/agora.xtec.cat\/escolapratdelariba\/wp-content\/uploads\/usu534\/2021\/10\/pratribaesplugues_nametag-1-150x150.png 150w, https:\/\/agora.xtec.cat\/escolapratdelariba\/wp-content\/uploads\/usu534\/2021\/10\/pratribaesplugues_nametag-1-300x300.png 300w, https:\/\/agora.xtec.cat\/escolapratdelariba\/wp-content\/uploads\/usu534\/2021\/10\/pratribaesplugues_nametag-1-1024x1024.png 1024w, https:\/\/agora.xtec.cat\/escolapratdelariba\/wp-content\/uploads\/usu534\/2021\/10\/pratribaesplugues_nametag-1-768x768.png 768w, https:\/\/agora.xtec.cat\/escolapratdelariba\/wp-content\/uploads\/usu534\/2021\/10\/pratribaesplugues_nametag-1.png 1275w\" sizes=\"auto, (max-width: 150px) 100vw, 150px\" \/><\/a>Per tal d&#8217;obrir l&#8217;escola a una finestra m\u00e9s ampia. Des de la comissi\u00f3 TAC es va impulsar la creaci\u00f3 d&#8217;un perfil de la Xarxa Social <a href=\"https:\/\/www.instagram.com\/pratribaesplugues\/\">Instagram<\/a> del centre. Aquest element ha perm\u00e9s l&#8217;exposici\u00f3 d&#8217;esdeveniments i moments del dia a dia que s\u00f3n l&#8217;ess\u00e8ncia del nostre centre.<\/p>\n","protected":false},"excerpt":{"rendered":"<p>Portal Web El centre disposa d&#8217;una p\u00e0gina web a trav\u00e9s de la qual s&#8217;obt\u00e9 una visi\u00f3 molt gl\u00f1obal de les caractr\u00edstiques tant t\u00e8cniques com humanes del centre. L&#8217;objectiu de mantenir la p\u00e0gina web totalment actualitzada \u00e9s el de facilitar a tot l&#8217;entorn interessat la m\u00e0xima informaci\u00f3 possible del centre, desglossada i estructurada de tal forma [&hellip;]<\/p>\n","protected":false},"author":4,"featured_media":0,"parent":10924,"menu_order":0,"comment_status":"closed","ping_status":"closed","template":"","meta":{"_bbp_topic_count":0,"_bbp_reply_count":0,"_bbp_total_topic_count":0,"_bbp_total_reply_count":0,"_bbp_voice_count":0,"_bbp_anonymous_reply_count":0,"_bbp_topic_count_hidden":0,"_bbp_reply_count_hidden":0,"_bbp_forum_subforum_count":0,"site-sidebar-layout":"default","site-content-layout":"","ast-site-content-layout":"","site-content-style":"default","site-sidebar-style":"default","ast-global-header-display":"","ast-banner-title-visibility":"","ast-main-header-display":"","ast-hfb-above-header-display":"","ast-hfb-below-header-display":"","ast-hfb-mobile-header-display":"","site-post-title":"","ast-breadcrumbs-content":"","ast-featured-img":"","footer-sml-layout":"","theme-transparent-header-meta":"","adv-header-id-meta":"","stick-header-meta":"","header-above-stick-meta":"","header-main-stick-meta":"","header-below-stick-meta":"","astra-migrate-meta-layouts":"default","ast-page-background-enabled":"default","ast-page-background-meta":{"desktop":{"background-color":"var(--ast-global-color-4)","background-image":"","background-repeat":"repeat","background-position":"center center","background-size":"auto","background-attachment":"scroll","background-type":"","background-media":"","overlay-type":"","overlay-color":"","overlay-opacity":"","overlay-gradient":""},"tablet":{"background-color":"","background-image":"","background-repeat":"repeat","background-position":"center center","background-size":"auto","background-attachment":"scroll","background-type":"","background-media":"","overlay-type":"","overlay-color":"","overlay-opacity":"","overlay-gradient":""},"mobile":{"background-color":"","background-image":"","background-repeat":"repeat","background-position":"center center","background-size":"auto","background-attachment":"scroll","background-type":"","background-media":"","overlay-type":"","overlay-color":"","overlay-opacity":"","overlay-gradient":""}},"ast-content-background-meta":{"desktop":{"background-color":"var(--ast-global-color-5)","background-image":"","background-repeat":"repeat","background-position":"center center","background-size":"auto","background-attachment":"scroll","background-type":"","background-media":"","overlay-type":"","overlay-color":"","overlay-opacity":"","overlay-gradient":""},"tablet":{"background-color":"var(--ast-global-color-5)","background-image":"","background-repeat":"repeat","background-position":"center center","background-size":"auto","background-attachment":"scroll","background-type":"","background-media":"","overlay-type":"","overlay-color":"","overlay-opacity":"","overlay-gradient":""},"mobile":{"background-color":"var(--ast-global-color-5)","background-image":"","background-repeat":"repeat","background-position":"center center","background-size":"auto","background-attachment":"scroll","background-type":"","background-media":"","overlay-type":"","overlay-color":"","overlay-opacity":"","overlay-gradient":""}},"footnotes":""},"class_list":["post-10957","page","type-page","status-publish","hentry"],"post_mailing_queue_ids":[],"_links":{"self":[{"href":"https:\/\/agora.xtec.cat\/escolapratdelariba\/wp-json\/wp\/v2\/pages\/10957","targetHints":{"allow":["GET"]}}],"collection":[{"href":"https:\/\/agora.xtec.cat\/escolapratdelariba\/wp-json\/wp\/v2\/pages"}],"about":[{"href":"https:\/\/agora.xtec.cat\/escolapratdelariba\/wp-json\/wp\/v2\/types\/page"}],"author":[{"embeddable":true,"href":"https:\/\/agora.xtec.cat\/escolapratdelariba\/wp-json\/wp\/v2\/users\/4"}],"replies":[{"embeddable":true,"href":"https:\/\/agora.xtec.cat\/escolapratdelariba\/wp-json\/wp\/v2\/comments?post=10957"}],"version-history":[{"count":3,"href":"https:\/\/agora.xtec.cat\/escolapratdelariba\/wp-json\/wp\/v2\/pages\/10957\/revisions"}],"predecessor-version":[{"id":10986,"href":"https:\/\/agora.xtec.cat\/escolapratdelariba\/wp-json\/wp\/v2\/pages\/10957\/revisions\/10986"}],"up":[{"embeddable":true,"href":"https:\/\/agora.xtec.cat\/escolapratdelariba\/wp-json\/wp\/v2\/pages\/10924"}],"wp:attachment":[{"href":"https:\/\/agora.xtec.cat\/escolapratdelariba\/wp-json\/wp\/v2\/media?parent=10957"}],"curies":[{"name":"wp","href":"https:\/\/api.w.org\/{rel}","templated":true}]}}