{"id":10908,"date":"2022-04-25T12:34:01","date_gmt":"2022-04-25T10:34:01","guid":{"rendered":"https:\/\/agora.xtec.cat\/escolapratdelariba\/?page_id=10908"},"modified":"2022-05-17T15:46:33","modified_gmt":"2022-05-17T13:46:33","slug":"diagnosi","status":"publish","type":"page","link":"https:\/\/agora.xtec.cat\/escolapratdelariba\/lescola\/estrategia-digital-de-centre\/estrategia\/diagnosi\/","title":{"rendered":"Diagnosi"},"content":{"rendered":"<p>El primer pas per poder elaborar l\u2019estrat\u00e8gia digital de centre ha estat elaborar la diagnosi i\u00a0 per fer-la,\u00a0 la comissi\u00f3 digital del centre va decidir emprar aquestes\u00a0 eines diagn\u00f2stiques:<\/p>\n<ul>\n<li><strong>Enquesta per avaluar la compet\u00e8ncia digital instrumental docent<\/strong><\/li>\n<li><strong>Enquesta a les fam\u00edlies\u00a0<\/strong><\/li>\n<li><strong>Enquesta a l&#8217;alumnat.<\/strong><\/li>\n<\/ul>\n<p>Una vegada es van analitzar les dades recollides, podem valorar del nostre centre a nivell digital:<\/p>\n<table style=\"border-collapse: collapse; width: 100%;\">\n<tbody>\n<tr>\n<td style=\"width: 50%; text-align: center;\">\n<h4>PUNTS FORTS<\/h4>\n<\/td>\n<td style=\"width: 50%; text-align: center;\">\n<h4>PUNTS DE MILLORA<\/h4>\n<\/td>\n<\/tr>\n<tr>\n<td style=\"width: 50%;\">\n<ul>\n<li><span style=\"font-weight: 400;\">Infraestructura i equips: Bona dotaci\u00f3 de dispositius al centre amb un \u00fas adequat per a cada cicle.<\/span><\/li>\n<li><span style=\"font-weight: 400;\">Suports i recursos: Bona comunicaci\u00f3 amb la comunitat educativa.<\/span><\/li>\n<li>Desenvolupament professional de manera continuada: Participaci\u00f3 en la formaci\u00f3 de centre adre\u00e7ada a necessitats del Projecte.<\/li>\n<\/ul>\n<\/td>\n<td style=\"width: 50%;\">\n<ul>\n<li>Implementaci\u00f3 a l&#8217;aula: <span style=\"font-weight: 400;\">Gesti\u00f3 del temps per preparaci\u00f3 de tasques amb eines digitals.<\/span><\/li>\n<li>Suports i recursos: <span style=\"font-weight: 400;\">Compet\u00e8ncia digital de la comunitat educativa (nivell b\u00e0sic).<\/span><\/li>\n<li><span style=\"font-weight: 400;\">Pr\u00e0ctiques avaluatives: \u00fas d&#8217;eines digitals que permetin l&#8217;autoavaluaci\u00f3 i coavaluaci\u00f3 amb visi\u00f3 formativa i formadora.<\/span><\/li>\n<\/ul>\n<\/td>\n<\/tr>\n<\/tbody>\n<\/table>\n","protected":false},"excerpt":{"rendered":"<p>El primer pas per poder elaborar l\u2019estrat\u00e8gia digital de centre ha estat elaborar la diagnosi i\u00a0 per fer-la,\u00a0 la comissi\u00f3 digital del centre va decidir emprar aquestes\u00a0 eines diagn\u00f2stiques: Enquesta per avaluar la compet\u00e8ncia digital instrumental docent Enquesta a les fam\u00edlies\u00a0 Enquesta a l&#8217;alumnat. Una vegada es van analitzar les dades recollides, podem valorar del [&hellip;]<\/p>\n","protected":false},"author":4,"featured_media":0,"parent":10921,"menu_order":0,"comment_status":"closed","ping_status":"closed","template":"","meta":{"_bbp_topic_count":0,"_bbp_reply_count":0,"_bbp_total_topic_count":0,"_bbp_total_reply_count":0,"_bbp_voice_count":0,"_bbp_anonymous_reply_count":0,"_bbp_topic_count_hidden":0,"_bbp_reply_count_hidden":0,"_bbp_forum_subforum_count":0,"site-sidebar-layout":"default","site-content-layout":"","ast-site-content-layout":"","site-content-style":"default","site-sidebar-style":"default","ast-global-header-display":"","ast-banner-title-visibility":"","ast-main-header-display":"","ast-hfb-above-header-display":"","ast-hfb-below-header-display":"","ast-hfb-mobile-header-display":"","site-post-title":"","ast-breadcrumbs-content":"","ast-featured-img":"","footer-sml-layout":"","theme-transparent-header-meta":"","adv-header-id-meta":"","stick-header-meta":"","header-above-stick-meta":"","header-main-stick-meta":"","header-below-stick-meta":"","astra-migrate-meta-layouts":"default","ast-page-background-enabled":"default","ast-page-background-meta":{"desktop":{"background-color":"var(--ast-global-color-4)","background-image":"","background-repeat":"repeat","background-position":"center center","background-size":"auto","background-attachment":"scroll","background-type":"","background-media":"","overlay-type":"","overlay-color":"","overlay-opacity":"","overlay-gradient":""},"tablet":{"background-color":"","background-image":"","background-repeat":"repeat","background-position":"center center","background-size":"auto","background-attachment":"scroll","background-type":"","background-media":"","overlay-type":"","overlay-color":"","overlay-opacity":"","overlay-gradient":""},"mobile":{"background-color":"","background-image":"","background-repeat":"repeat","background-position":"center center","background-size":"auto","background-attachment":"scroll","background-type":"","background-media":"","overlay-type":"","overlay-color":"","overlay-opacity":"","overlay-gradient":""}},"ast-content-background-meta":{"desktop":{"background-color":"var(--ast-global-color-5)","background-image":"","background-repeat":"repeat","background-position":"center center","background-size":"auto","background-attachment":"scroll","background-type":"","background-media":"","overlay-type":"","overlay-color":"","overlay-opacity":"","overlay-gradient":""},"tablet":{"background-color":"var(--ast-global-color-5)","background-image":"","background-repeat":"repeat","background-position":"center center","background-size":"auto","background-attachment":"scroll","background-type":"","background-media":"","overlay-type":"","overlay-color":"","overlay-opacity":"","overlay-gradient":""},"mobile":{"background-color":"var(--ast-global-color-5)","background-image":"","background-repeat":"repeat","background-position":"center center","background-size":"auto","background-attachment":"scroll","background-type":"","background-media":"","overlay-type":"","overlay-color":"","overlay-opacity":"","overlay-gradient":""}},"footnotes":""},"class_list":["post-10908","page","type-page","status-publish","hentry"],"post_mailing_queue_ids":[],"_links":{"self":[{"href":"https:\/\/agora.xtec.cat\/escolapratdelariba\/wp-json\/wp\/v2\/pages\/10908","targetHints":{"allow":["GET"]}}],"collection":[{"href":"https:\/\/agora.xtec.cat\/escolapratdelariba\/wp-json\/wp\/v2\/pages"}],"about":[{"href":"https:\/\/agora.xtec.cat\/escolapratdelariba\/wp-json\/wp\/v2\/types\/page"}],"author":[{"embeddable":true,"href":"https:\/\/agora.xtec.cat\/escolapratdelariba\/wp-json\/wp\/v2\/users\/4"}],"replies":[{"embeddable":true,"href":"https:\/\/agora.xtec.cat\/escolapratdelariba\/wp-json\/wp\/v2\/comments?post=10908"}],"version-history":[{"count":3,"href":"https:\/\/agora.xtec.cat\/escolapratdelariba\/wp-json\/wp\/v2\/pages\/10908\/revisions"}],"predecessor-version":[{"id":10998,"href":"https:\/\/agora.xtec.cat\/escolapratdelariba\/wp-json\/wp\/v2\/pages\/10908\/revisions\/10998"}],"up":[{"embeddable":true,"href":"https:\/\/agora.xtec.cat\/escolapratdelariba\/wp-json\/wp\/v2\/pages\/10921"}],"wp:attachment":[{"href":"https:\/\/agora.xtec.cat\/escolapratdelariba\/wp-json\/wp\/v2\/media?parent=10908"}],"curies":[{"name":"wp","href":"https:\/\/api.w.org\/{rel}","templated":true}]}}