{"id":9,"date":"2014-09-17T15:08:18","date_gmt":"2014-09-17T15:08:18","guid":{"rendered":"http:\/\/agora.xtec.cat\/escolapractiquesbcn\/?page_id=9"},"modified":"2026-03-09T10:20:03","modified_gmt":"2026-03-09T09:20:03","slug":"pagina-dinici-buida","status":"publish","type":"page","link":"https:\/\/agora.xtec.cat\/escolapractiquesbcn\/","title":{"rendered":"Benvinguts a l&#8217;espai Web de l&#8217;escola"},"content":{"rendered":"<table style=\"height: 462px; width: 98.6646%; border-collapse: collapse; border-style: hidden; border-color: #5a6627;\">\n<tbody>\n<tr style=\"height: 305px;\">\n<td style=\"width: 70.2674%; background-color: #eff5bf; text-align: center; height: 262px;\" colspan=\"2\">\n<h5><img loading=\"lazy\" decoding=\"async\" class=\"wp-image-2477 alignright\" src=\"http:\/\/agora.xtec.cat\/escolapractiquesbcn\/wp-content\/uploads\/usu154\/2018\/03\/arbre-296x300.jpg\" alt=\"\" width=\"157\" height=\"159\" srcset=\"https:\/\/agora.xtec.cat\/escolapractiquesbcn\/wp-content\/uploads\/usu154\/2018\/03\/arbre-296x300.jpg 296w, https:\/\/agora.xtec.cat\/escolapractiquesbcn\/wp-content\/uploads\/usu154\/2018\/03\/arbre.jpg 540w\" sizes=\"auto, (max-width: 157px) 100vw, 157px\" \/><\/h5>\n<h5 style=\"box-sizing: border-box; margin: 0.2em 0px 0.5em; padding: 0px; direction: ltr; font-family: 'Helvetica Neue', Helvetica, Helvetica, Arial, sans-serif; font-weight: bold; font-style: normal; color: #222222; text-rendering: optimizelegibility; line-height: 1.4; font-size: 1.125em; font-variant-ligatures: normal; font-variant-caps: normal; letter-spacing: normal; orphans: 2; text-indent: 0px; text-transform: none; widows: 2; word-spacing: 0px; -webkit-text-stroke-width: 0px; white-space: normal; text-decoration-thickness: initial; text-decoration-style: initial; text-decoration-color: initial;\"><img loading=\"lazy\" decoding=\"async\" class=\"wp-image-7531\" style=\"box-sizing: border-box; height: 149px; max-width: 100%; display: inline-block; float: left; margin: 0.5em 1em 0.5em 0px; outline: #72777c solid 1px; resize: none;\" src=\"https:\/\/agora.xtec.cat\/escolapractiquesbcn\/wp-content\/uploads\/usu154\/2025\/01\/Diseno-sin-titulo-3-300x96.png\" alt=\"\" width=\"442\" height=\"271\" \/><\/h5>\n<\/td>\n<\/tr>\n<tr style=\"height: 233px;\">\n<td style=\"width: 40.6932%; background-color: #eff5bf; text-align: center; height: 200px;\">\n<h5><img loading=\"lazy\" decoding=\"async\" class=\"alignleft\" style=\"font-size: 14px; font-weight: 400;\" src=\"https:\/\/agora.xtec.cat\/escolapractiquesbcn\/wp-content\/uploads\/usu154\/2014\/09\/pati-portada-1-300x156.jpg\" alt=\"\" width=\"221\" height=\"115\" \/><a style=\"color: #2795b6;\" href=\"https:\/\/z-p15.www.instagram.com\/escolapractiques\/\"><img loading=\"lazy\" decoding=\"async\" class=\"wp-image-5739 alignright\" src=\"https:\/\/agora.xtec.cat\/escolapractiquesbcn\/wp-content\/uploads\/usu154\/2022\/02\/instagram-logo1-1024x1024-1-300x300.png\" alt=\"\" width=\"98\" height=\"98\" srcset=\"https:\/\/agora.xtec.cat\/escolapractiquesbcn\/wp-content\/uploads\/usu154\/2022\/02\/instagram-logo1-1024x1024-1-300x300.png 300w, https:\/\/agora.xtec.cat\/escolapractiquesbcn\/wp-content\/uploads\/usu154\/2022\/02\/instagram-logo1-1024x1024-1-150x150.png 150w, https:\/\/agora.xtec.cat\/escolapractiquesbcn\/wp-content\/uploads\/usu154\/2022\/02\/instagram-logo1-1024x1024-1.png 512w\" sizes=\"auto, (max-width: 98px) 100vw, 98px\" \/><\/a><\/h5>\n<h5><\/h5>\n<h5><\/h5>\n<h5><\/h5>\n<\/td>\n<td style=\"width: 29.5742%; background-color: #eff5bf; height: 200px;\">&nbsp;<\/p>\n<table style=\"border-collapse: collapse; width: 100%;\">\n<tbody>\n<tr>\n<td style=\"width: 100%;\">\n<h3><strong>PREINSCRIPCI\u00d3 <\/strong><strong>curs 2026-2027<\/strong><\/h3>\n<\/td>\n<\/tr>\n<tr>\n<td style=\"width: 100%;\">\n<h5 style=\"text-align: left;\"><a href=\"https:\/\/agora.xtec.cat\/escolapractiquesbcn\/wp-content\/uploads\/usu154\/2026\/03\/OFERTA-INICIAL.pdf\">OFERTA INICIAL<\/a><\/h5>\n<h5 style=\"text-align: justify;\"><a href=\"https:\/\/www.edubcn.cat\/ca\/alumnat_i_familia\/informacio_general_matriculacio\/preinscripcio_info\" target=\"_blank\" rel=\"noopener\">INFORMACI\u00d3 PREINSCRIPCI\u00d3<\/a><\/h5>\n<\/td>\n<\/tr>\n<\/tbody>\n<\/table>\n<p>&nbsp;<\/p>\n<table style=\"border-collapse: collapse; width: 100%; height: 116px;\">\n<tbody>\n<tr style=\"height: 58px;\">\n<td style=\"width: 100%; height: 58px;\">\n<h3><a href=\"https:\/\/contractaciopublica.cat\/ca\/detall-publicacio\/fa0ad0b6-83cb-4261-a20e-c90056094b32\/300665040\" target=\"_blank\" rel=\"noopener\">LICITACI\u00d3 MENJADOR ESCOLAR<\/a><\/h3>\n<\/td>\n<\/tr>\n<tr style=\"height: 58px;\">\n<td style=\"width: 100%; height: 58px;\">\n<h3>\u00a0<a href=\"https:\/\/contractaciopublica.cat\/ca\/detall-publicacio\/fa0ad0b6-83cb-4261-a20e-c90056094b32\/300665040\" target=\"_blank\" rel=\"noopener\">2026-2027<\/a><\/h3>\n<\/td>\n<\/tr>\n<\/tbody>\n<\/table>\n<\/td>\n<\/tr>\n<\/tbody>\n<\/table>\n<p>&nbsp;<\/p>\n<h3 style=\"text-align: left;\"><strong>COM SOM?<\/strong><\/h3>\n<table style=\"height: 460px; width: 98.7268%; font-size: 16px; font-weight: normal; border-style: hidden;\">\n<tbody>\n<tr style=\"height: 312px;\">\n<td style=\"width: 33.9425%; border-style: hidden; height: 240px; background-color: #eff5bf;\"><a href=\"https:\/\/view.genially.com\/6780053d963465145389dbd8\" target=\"_blank\" rel=\"noopener\"><img loading=\"lazy\" decoding=\"async\" class=\"aligncenter wp-image-7598\" src=\"https:\/\/agora.xtec.cat\/escolapractiquesbcn\/wp-content\/uploads\/usu154\/2025\/02\/Presentacio-Escola-300x181.jpg\" alt=\"\" width=\"390\" height=\"235\" srcset=\"https:\/\/agora.xtec.cat\/escolapractiquesbcn\/wp-content\/uploads\/usu154\/2025\/02\/Presentacio-Escola-300x181.jpg 300w, https:\/\/agora.xtec.cat\/escolapractiquesbcn\/wp-content\/uploads\/usu154\/2025\/02\/Presentacio-Escola.jpg 565w\" sizes=\"auto, (max-width: 390px) 100vw, 390px\" \/><\/a><\/p>\n<p style=\"text-align: center;\"><strong>\u00a0 \u00a0 \u00a0PRESENTACI\u00d3 DEL NOSTRE PROJECTE<\/strong><\/p>\n<\/td>\n<td style=\"width: 41.4371%; border-style: hidden; height: 240px; background-color: #eff5bf;\">\n<h6 style=\"text-align: left;\"><a href=\"https:\/\/photos.google.com\/share\/AF1QipO1iZCiZn0QOtkkGU53derClQOxPOHWVLAxZtpTR2bPSGi5z6sbxC_IH33DKEdMhg\/photo\/AF1QipPvNCvWB3lhuoi9oMFApvAdRZXgPr4OmyfZsHWP?key=Zkh2Zk5hSkg5Vl9vb3duY3huV3I2UFQxZUVxWV9R\">\u00a0<\/a><\/h6>\n<table style=\"width: 100%; border-collapse: collapse; background-color: #eff5bf;\">\n<tbody>\n<tr>\n<td style=\"width: 50%;\"><a href=\"https:\/\/agora.xtec.cat\/escolapractiquesbcn\/wp-content\/uploads\/usu154\/2026\/01\/03-Junts-som-forca-MASTER.mp3\" target=\"_blank\" rel=\"noopener\"><img loading=\"lazy\" decoding=\"async\" class=\" wp-image-7965\" src=\"https:\/\/agora.xtec.cat\/escolapractiquesbcn\/wp-content\/uploads\/usu154\/2026\/01\/estudio-medusa1-1-300x225.jpg\" alt=\"\" width=\"213\" height=\"160\" srcset=\"https:\/\/agora.xtec.cat\/escolapractiquesbcn\/wp-content\/uploads\/usu154\/2026\/01\/estudio-medusa1-1-300x225.jpg 300w, https:\/\/agora.xtec.cat\/escolapractiquesbcn\/wp-content\/uploads\/usu154\/2026\/01\/estudio-medusa1-1-200x150.jpg 200w, https:\/\/agora.xtec.cat\/escolapractiquesbcn\/wp-content\/uploads\/usu154\/2026\/01\/estudio-medusa1-1.jpg 640w\" sizes=\"auto, (max-width: 213px) 100vw, 213px\" \/><\/a><\/p>\n<p><a href=\"https:\/\/agora.xtec.cat\/escolapractiquesbcn\/wp-content\/uploads\/usu154\/2026\/01\/03-Junts-som-forca-MASTER.mp3\" target=\"_blank\" rel=\"noopener\">Can\u00e7\u00f3 del Pr\u00e0ctiques<\/a><\/p>\n<p>Creada per l&#8217;alumnat amb l&#8217;ajuda de l&#8217;estudi Medusa<\/td>\n<td style=\"width: 50%;\">&nbsp;<\/p>\n<p><a href=\"https:\/\/photos.google.com\/share\/AF1QipO1iZCiZn0QOtkkGU53derClQOxPOHWVLAxZtpTR2bPSGi5z6sbxC_IH33DKEdMhg\/photo\/AF1QipPvNCvWB3lhuoi9oMFApvAdRZXgPr4OmyfZsHWP?key=Zkh2Zk5hSkg5Vl9vb3duY3huV3I2UFQxZUVxWV9R\"><img loading=\"lazy\" decoding=\"async\" class=\"wp-image-4185 aligncenter\" src=\"https:\/\/agora.xtec.cat\/escolapractiquesbcn\/wp-content\/uploads\/usu154\/2020\/05\/video-1-300x169.png\" alt=\"\" width=\"239\" height=\"135\" srcset=\"https:\/\/agora.xtec.cat\/escolapractiquesbcn\/wp-content\/uploads\/usu154\/2020\/05\/video-1-300x169.png 300w, https:\/\/agora.xtec.cat\/escolapractiquesbcn\/wp-content\/uploads\/usu154\/2020\/05\/video-1-768x432.png 768w, https:\/\/agora.xtec.cat\/escolapractiquesbcn\/wp-content\/uploads\/usu154\/2020\/05\/video-1.png 850w\" sizes=\"auto, (max-width: 239px) 100vw, 239px\" \/><\/a><a href=\"https:\/\/photos.google.com\/share\/AF1QipO1iZCiZn0QOtkkGU53derClQOxPOHWVLAxZtpTR2bPSGi5z6sbxC_IH33DKEdMhg\/photo\/AF1QipPvNCvWB3lhuoi9oMFApvAdRZXgPr4OmyfZsHWP?key=Zkh2Zk5hSkg5Vl9vb3duY3huV3I2UFQxZUVxWV9R\"><img loading=\"lazy\" decoding=\"async\" class=\"wp-image-3996 alignleft\" src=\"https:\/\/agora.xtec.cat\/escolapractiquesbcn\/wp-content\/uploads\/usu154\/2020\/02\/video.png\" alt=\"\" width=\"76\" height=\"71\" \/><\/a><\/p>\n<p><strong style=\"font-family: inherit; font-size: 1em;\"><a style=\"font-family: inherit; font-size: 1em;\" href=\"https:\/\/photos.google.com\/u\/4\/album\/AF1QipM3xiYopEWwchqoZLzVIchhFku874Aw62HX1VmV\/photo\/AF1QipNOA9RuAGLKtxRz2sA1cn-pShZf550Q3toR7NFL\" target=\"_blank\" rel=\"noopener\">V\u00eddeo<\/a> escola<\/strong><\/td>\n<\/tr>\n<\/tbody>\n<\/table>\n<p>&nbsp;<\/td>\n<\/tr>\n<tr style=\"height: 220px;\">\n<td style=\"width: 33.9425%; border-style: hidden; height: 220px; background-color: #eff5bf;\"><a href=\"http:\/\/www.escolanova21.cat\/\"><img loading=\"lazy\" decoding=\"async\" class=\"wp-image-910 aligncenter\" src=\"http:\/\/agora.xtec.cat\/escolapractiquesbcn\/wp-content\/uploads\/usu154\/2014\/09\/ESCOLA-NOVA.jpg\" alt=\"escola-nova\" width=\"116\" height=\"116\" srcset=\"https:\/\/agora.xtec.cat\/escolapractiquesbcn\/wp-content\/uploads\/usu154\/2014\/09\/ESCOLA-NOVA.jpg 220w, https:\/\/agora.xtec.cat\/escolapractiquesbcn\/wp-content\/uploads\/usu154\/2014\/09\/ESCOLA-NOVA-150x150.jpg 150w\" sizes=\"auto, (max-width: 116px) 100vw, 116px\" \/><\/a><\/td>\n<td style=\"width: 41.4371%; border-style: hidden; height: 220px; background-color: #eff5bf;\">\n<h5 style=\"text-align: center;\"><a href=\"https:\/\/www.wunderground.com\/dashboard\/pws\/IBARCE216\">ESTACI\u00d3 METEOROL\u00d2GICA DEL PR\u00c0CTIQUES<\/a><\/h5>\n<h5><a href=\"https:\/\/agora.xtec.cat\/escolapractiquesbcn\/wp-content\/uploads\/usu154\/2022\/05\/panel-estacio.jpg\"><img loading=\"lazy\" decoding=\"async\" class=\"wp-image-6241 alignleft\" src=\"https:\/\/agora.xtec.cat\/escolapractiquesbcn\/wp-content\/uploads\/usu154\/2022\/05\/panel-estacio-300x187.jpg\" alt=\"\" width=\"134\" height=\"83\" srcset=\"https:\/\/agora.xtec.cat\/escolapractiquesbcn\/wp-content\/uploads\/usu154\/2022\/05\/panel-estacio-300x187.jpg 300w, https:\/\/agora.xtec.cat\/escolapractiquesbcn\/wp-content\/uploads\/usu154\/2022\/05\/panel-estacio.jpg 607w\" sizes=\"auto, (max-width: 134px) 100vw, 134px\" \/><\/a><\/h5>\n<h5><a href=\"https:\/\/agora.xtec.cat\/escolapractiquesbcn\/wp-content\/uploads\/usu154\/2022\/05\/estacio-meteorologica.jpg\"><img loading=\"lazy\" decoding=\"async\" class=\"wp-image-6240 alignleft\" src=\"https:\/\/agora.xtec.cat\/escolapractiquesbcn\/wp-content\/uploads\/usu154\/2022\/05\/estacio-meteorologica-300x231.jpg\" alt=\"\" width=\"101\" height=\"78\" srcset=\"https:\/\/agora.xtec.cat\/escolapractiquesbcn\/wp-content\/uploads\/usu154\/2022\/05\/estacio-meteorologica-300x231.jpg 300w, https:\/\/agora.xtec.cat\/escolapractiquesbcn\/wp-content\/uploads\/usu154\/2022\/05\/estacio-meteorologica.jpg 419w\" sizes=\"auto, (max-width: 101px) 100vw, 101px\" \/><\/a><\/h5>\n<h5><\/h5>\n<\/td>\n<\/tr>\n<\/tbody>\n<\/table>\n<h3><a href=\"https:\/\/agora.xtec.cat\/escolapractiquesbcn\/wp-content\/uploads\/usu154\/2016\/03\/pati-petits-91.jpg\">\u00a0<\/a><\/h3>\n<p><!--a=1--><\/p>\n<p><!--a=1--><!--a=1--><\/p>\n<p><!--a=1--><\/p>\n","protected":false},"excerpt":{"rendered":"<p><a style=\"color: #2795b6;\" href=\"https:\/\/z-p15.www.instagram.com\/escolapractiques\/\"><\/a><\/p>\n<p>&nbsp;<\/p>\n<p>PREINSCRIPCI\u00d3 curs 2026-2027<\/p>\n<p><a href=\"https:\/\/agora.xtec.cat\/escolapractiquesbcn\/wp-content\/uploads\/usu154\/2026\/03\/OFERTA-INICIAL.pdf\">OFERTA INICIAL<\/a><br \/>\n<a href=\"https:\/\/www.edubcn.cat\/ca\/alumnat_i_familia\/informacio_general_matriculacio\/preinscripcio_info\" target=\"_blank\" rel=\"noopener\">INFORMACI\u00d3 PREINSCRIPCI\u00d3<\/a><\/p>\n<p>&nbsp;<\/p>\n<p><a href=\"https:\/\/contractaciopublica.cat\/ca\/detall-publicacio\/fa0ad0b6-83cb-4261-a20e-c90056094b32\/300665040\" target=\"_blank\" rel=\"noopener\">LICITACI\u00d3 MENJADOR ESCOLAR<\/a><\/p>\n<p>\u00a0<a href=\"https:\/\/contractaciopublica.cat\/ca\/detall-publicacio\/fa0ad0b6-83cb-4261-a20e-c90056094b32\/300665040\" target=\"_blank\" rel=\"noopener\">2026-2027<\/a><\/p>\n<p>&nbsp;<br \/>\nCOM SOM?<\/p>\n<p><a href=\"https:\/\/view.genially.com\/6780053d963465145389dbd8\" target=\"_blank\" rel=\"noopener\"><\/a><br \/>\n\u00a0 \u00a0 \u00a0PRESENTACI\u00d3 DEL NOSTRE PROJECTE<\/p>\n<p><a href=\"https:\/\/photos.google.com\/share\/AF1QipO1iZCiZn0QOtkkGU53derClQOxPOHWVLAxZtpTR2bPSGi5z6sbxC_IH33DKEdMhg\/photo\/AF1QipPvNCvWB3lhuoi9oMFApvAdRZXgPr4OmyfZsHWP?key=Zkh2Zk5hSkg5Vl9vb3duY3huV3I2UFQxZUVxWV9R\">\u00a0<\/a><\/p>\n<p><a href=\"https:\/\/agora.xtec.cat\/escolapractiquesbcn\/wp-content\/uploads\/usu154\/2026\/01\/03-Junts-som-forca-MASTER.mp3\" target=\"_blank\" rel=\"noopener\"><\/a><br \/>\n<a href=\"https:\/\/agora.xtec.cat\/escolapractiquesbcn\/wp-content\/uploads\/usu154\/2026\/01\/03-Junts-som-forca-MASTER.mp3\" target=\"_blank\" rel=\"noopener\">Can\u00e7\u00f3 del Pr\u00e0ctiques<\/a><br \/>\nCreada per l&#8217;alumnat amb l&#8217;ajuda de l&#8217;estudi Medusa<br \/>\n&nbsp;<br \/>\n<a&hellip;  <a href=\"https:\/\/agora.xtec.cat\/escolapractiquesbcn\/\" title=\"Read Benvinguts a l&#8217;espai Web de l&#8217;escola\">Llegeix m\u00e9s\u00bb<\/a><\/p>\n","protected":false},"author":2,"featured_media":0,"parent":7,"menu_order":0,"comment_status":"closed","ping_status":"closed","template":"page-templates\/front-page.php","meta":{"_bbp_topic_count":0,"_bbp_reply_count":0,"_bbp_total_topic_count":0,"_bbp_total_reply_count":0,"_bbp_voice_count":0,"_bbp_anonymous_reply_count":0,"_bbp_topic_count_hidden":0,"_bbp_reply_count_hidden":0,"_bbp_forum_subforum_count":0,"footnotes":""},"class_list":["post-9","page","type-page","status-publish","hentry"],"post_mailing_queue_ids":[],"_links":{"self":[{"href":"https:\/\/agora.xtec.cat\/escolapractiquesbcn\/wp-json\/wp\/v2\/pages\/9","targetHints":{"allow":["GET"]}}],"collection":[{"href":"https:\/\/agora.xtec.cat\/escolapractiquesbcn\/wp-json\/wp\/v2\/pages"}],"about":[{"href":"https:\/\/agora.xtec.cat\/escolapractiquesbcn\/wp-json\/wp\/v2\/types\/page"}],"author":[{"embeddable":true,"href":"https:\/\/agora.xtec.cat\/escolapractiquesbcn\/wp-json\/wp\/v2\/users\/2"}],"replies":[{"embeddable":true,"href":"https:\/\/agora.xtec.cat\/escolapractiquesbcn\/wp-json\/wp\/v2\/comments?post=9"}],"version-history":[{"count":7,"href":"https:\/\/agora.xtec.cat\/escolapractiquesbcn\/wp-json\/wp\/v2\/pages\/9\/revisions"}],"predecessor-version":[{"id":8031,"href":"https:\/\/agora.xtec.cat\/escolapractiquesbcn\/wp-json\/wp\/v2\/pages\/9\/revisions\/8031"}],"up":[{"embeddable":true,"href":"https:\/\/agora.xtec.cat\/escolapractiquesbcn\/wp-json\/wp\/v2\/pages\/7"}],"wp:attachment":[{"href":"https:\/\/agora.xtec.cat\/escolapractiquesbcn\/wp-json\/wp\/v2\/media?parent=9"}],"curies":[{"name":"wp","href":"https:\/\/api.w.org\/{rel}","templated":true}]}}