{"id":4304,"date":"2022-11-02T21:05:22","date_gmt":"2022-11-02T20:05:22","guid":{"rendered":"https:\/\/agora.xtec.cat\/escolapous\/?page_id=4304"},"modified":"2022-12-15T18:41:39","modified_gmt":"2022-12-15T17:41:39","slug":"projecte-de-convivencia","status":"publish","type":"page","link":"https:\/\/agora.xtec.cat\/escolapous\/projecte-educatiu\/projecte-de-convivencia\/","title":{"rendered":"Projecte de Conviv\u00e8ncia"},"content":{"rendered":"<p>El Projecte de Conviv\u00e8ncia forma part del Projecte Educatiu de Centre i recull les accions que el centre educatiu desenvolupa per capacitar tot l&#8217;alumnat i la resta de la comunitat educativa per a la conviv\u00e8ncia i la gesti\u00f3 positiva dels conflictes. Aquestes accions han d&#8217;anar adre\u00e7ades a la millora de la<br \/>\nconviv\u00e8ncia en diversos \u00e0mbits i nivells d&#8217;actuaci\u00f3.<\/p>\n<p>El document actual ha estat aprovat pel Consell Escolar del centre el 26\/10\/2022.<\/p>\n<p style=\"text-align: center;\"><a href=\"https:\/\/agora.xtec.cat\/escolapous\/docs\/projecte-de-convivencia-del-centre\/\">Projecte de Conviv\u00e8ncia del centre<\/a><\/p>\n","protected":false},"excerpt":{"rendered":"<p>El Projecte de Conviv\u00e8ncia forma part del Projecte Educatiu de Centre i recull les accions que el centre educatiu desenvolupa per capacitar tot l&#8217;alumnat i la resta de la comunitat educativa per a la conviv\u00e8ncia i la gesti\u00f3 positiva dels conflictes. Aquestes accions han d&#8217;anar&hellip;  <a href=\"https:\/\/agora.xtec.cat\/escolapous\/projecte-educatiu\/projecte-de-convivencia\/\" title=\"Read Projecte de Conviv\u00e8ncia\">Llegeix m\u00e9s\u00bb<\/a><\/p>\n","protected":false},"author":1,"featured_media":0,"parent":64,"menu_order":0,"comment_status":"closed","ping_status":"closed","template":"","meta":{"_bbp_topic_count":0,"_bbp_reply_count":0,"_bbp_total_topic_count":0,"_bbp_total_reply_count":0,"_bbp_voice_count":0,"_bbp_anonymous_reply_count":0,"_bbp_topic_count_hidden":0,"_bbp_reply_count_hidden":0,"_bbp_forum_subforum_count":0,"footnotes":""},"class_list":["post-4304","page","type-page","status-publish","hentry"],"post_mailing_queue_ids":[],"_links":{"self":[{"href":"https:\/\/agora.xtec.cat\/escolapous\/wp-json\/wp\/v2\/pages\/4304","targetHints":{"allow":["GET"]}}],"collection":[{"href":"https:\/\/agora.xtec.cat\/escolapous\/wp-json\/wp\/v2\/pages"}],"about":[{"href":"https:\/\/agora.xtec.cat\/escolapous\/wp-json\/wp\/v2\/types\/page"}],"author":[{"embeddable":true,"href":"https:\/\/agora.xtec.cat\/escolapous\/wp-json\/wp\/v2\/users\/1"}],"replies":[{"embeddable":true,"href":"https:\/\/agora.xtec.cat\/escolapous\/wp-json\/wp\/v2\/comments?post=4304"}],"version-history":[{"count":2,"href":"https:\/\/agora.xtec.cat\/escolapous\/wp-json\/wp\/v2\/pages\/4304\/revisions"}],"predecessor-version":[{"id":4325,"href":"https:\/\/agora.xtec.cat\/escolapous\/wp-json\/wp\/v2\/pages\/4304\/revisions\/4325"}],"up":[{"embeddable":true,"href":"https:\/\/agora.xtec.cat\/escolapous\/wp-json\/wp\/v2\/pages\/64"}],"wp:attachment":[{"href":"https:\/\/agora.xtec.cat\/escolapous\/wp-json\/wp\/v2\/media?parent=4304"}],"curies":[{"name":"wp","href":"https:\/\/api.w.org\/{rel}","templated":true}]}}