{"id":4149,"date":"2022-04-04T09:51:10","date_gmt":"2022-04-04T07:51:10","guid":{"rendered":"https:\/\/agora.xtec.cat\/escolapous\/?page_id=4149"},"modified":"2023-06-07T19:36:00","modified_gmt":"2023-06-07T17:36:00","slug":"objectius","status":"publish","type":"page","link":"https:\/\/agora.xtec.cat\/escolapous\/estrategia-digital-de-centre-edc\/part-estrategica\/objectius\/","title":{"rendered":"Objectius"},"content":{"rendered":"<ol>\n<li style=\"font-weight: 400;\" aria-level=\"1\"><span style=\"font-weight: 400;\">Actualitzar el lloc web del centre amb els documents que cal tenir publicats.<\/span><\/li>\n<li style=\"font-weight: 400;\" aria-level=\"1\"><span style=\"font-weight: 400;\">Acabar de implementar l\u2019\u00fas de l\u2019EVA: Google Classroom.<\/span><\/li>\n<li style=\"font-weight: 400;\" aria-level=\"1\"><span style=\"font-weight: 400;\">Vetllar per un \u00fas de les tecnologies de forma segura, establint les normes d\u2019\u00fas.\u00a0<\/span><\/li>\n<li style=\"font-weight: 400;\" aria-level=\"1\"><span style=\"font-weight: 400;\">Millorar la compet\u00e8ncia digital del claustre mitjan\u00e7ant formaci\u00f3 continuada per tal de poder afavorir l&#8217;assoliment de la compet\u00e8ncia digital del nostre alumnat.<\/span><\/li>\n<li style=\"font-weight: 400;\" aria-level=\"1\"><span style=\"font-weight: 400;\">Millorar la compet\u00e8ncia digital de l\u2019alumnat introduint els EVA en els processos d\u2019aprenentatge: Google Classroom.<\/span><\/li>\n<li style=\"font-weight: 400;\" aria-level=\"1\"><span style=\"font-weight: 400;\">Planificar l\u2019ensenyament de la compet\u00e8ncia digital de l\u2019alumnat per millorar-ne l\u2019assoliment.<\/span><\/li>\n<\/ol>\n","protected":false},"excerpt":{"rendered":"<ol>\n<li style=\"font-weight: 400;\" aria-level=\"1\">Actualitzar el lloc web del centre amb els documents que cal tenir publicats.<\/li>\n<li style=\"font-weight: 400;\" aria-level=\"1\">Acabar de implementar l\u2019\u00fas de l\u2019EVA: Google Classroom.<\/li>\n<li style=\"font-weight: 400;\" aria-level=\"1\">Vetllar per un \u00fas de les tecnologies de forma segura, establint les normes d\u2019\u00fas.\u00a0<\/li>\n<li style=\"font-weight: 400;\" aria-level=\"1\">Millorar&hellip;  <a href=\"https:\/\/agora.xtec.cat\/escolapous\/estrategia-digital-de-centre-edc\/part-estrategica\/objectius\/\" title=\"Read Objectius\">Llegeix m\u00e9s\u00bb<\/a><br \/>\n","protected":false},"author":1,"featured_media":0,"parent":4137,"menu_order":20,"comment_status":"closed","ping_status":"closed","template":"page-templates\/side-menu.php","meta":{"_bbp_topic_count":0,"_bbp_reply_count":0,"_bbp_total_topic_count":0,"_bbp_total_reply_count":0,"_bbp_voice_count":0,"_bbp_anonymous_reply_count":0,"_bbp_topic_count_hidden":0,"_bbp_reply_count_hidden":0,"_bbp_forum_subforum_count":0,"footnotes":""},"class_list":["post-4149","page","type-page","status-publish","hentry"],"post_mailing_queue_ids":[],"_links":{"self":[{"href":"https:\/\/agora.xtec.cat\/escolapous\/wp-json\/wp\/v2\/pages\/4149","targetHints":{"allow":["GET"]}}],"collection":[{"href":"https:\/\/agora.xtec.cat\/escolapous\/wp-json\/wp\/v2\/pages"}],"about":[{"href":"https:\/\/agora.xtec.cat\/escolapous\/wp-json\/wp\/v2\/types\/page"}],"author":[{"embeddable":true,"href":"https:\/\/agora.xtec.cat\/escolapous\/wp-json\/wp\/v2\/users\/1"}],"replies":[{"embeddable":true,"href":"https:\/\/agora.xtec.cat\/escolapous\/wp-json\/wp\/v2\/comments?post=4149"}],"version-history":[{"count":4,"href":"https:\/\/agora.xtec.cat\/escolapous\/wp-json\/wp\/v2\/pages\/4149\/revisions"}],"predecessor-version":[{"id":4209,"href":"https:\/\/agora.xtec.cat\/escolapous\/wp-json\/wp\/v2\/pages\/4149\/revisions\/4209"}],"up":[{"embeddable":true,"href":"https:\/\/agora.xtec.cat\/escolapous\/wp-json\/wp\/v2\/pages\/4137"}],"wp:attachment":[{"href":"https:\/\/agora.xtec.cat\/escolapous\/wp-json\/wp\/v2\/media?parent=4149"}],"curies":[{"name":"wp","href":"https:\/\/api.w.org\/{rel}","templated":true}]}}