{"id":34,"date":"2014-09-18T12:32:18","date_gmt":"2014-09-18T10:32:18","guid":{"rendered":"http:\/\/agora.xtec.cat\/escolapous\/?page_id=34"},"modified":"2024-02-08T12:03:39","modified_gmt":"2024-02-08T11:03:39","slug":"oferta-educativa","status":"publish","type":"page","link":"https:\/\/agora.xtec.cat\/escolapous\/lescola\/oferta-educativa\/","title":{"rendered":"Oferta educativa"},"content":{"rendered":"<p>La nostra escola \u00e9s un centre de titularitat p\u00fablica on s&#8217;ofereixen els serveis educatius compresos entre l&#8217;etapa d&#8217;educaci\u00f3 infantil, d&#8217;educaci\u00f3 prim\u00e0ria i el 1r curs d&#8217;educaci\u00f3 secund\u00e0ria.<\/p>\n<p>&nbsp;<\/p>\n","protected":false},"excerpt":{"rendered":"<p>La nostra escola \u00e9s un centre de titularitat p\u00fablica on s&#8217;ofereixen els serveis educatius compresos entre l&#8217;etapa d&#8217;educaci\u00f3 infantil, d&#8217;educaci\u00f3 prim\u00e0ria i el 1r curs d&#8217;educaci\u00f3 secund\u00e0ria.<br \/>\n&nbsp;<\/p>\n","protected":false},"author":1,"featured_media":0,"parent":22,"menu_order":8,"comment_status":"closed","ping_status":"closed","template":"page-templates\/side-menu.php","meta":{"_bbp_topic_count":0,"_bbp_reply_count":0,"_bbp_total_topic_count":0,"_bbp_total_reply_count":0,"_bbp_voice_count":0,"_bbp_anonymous_reply_count":0,"_bbp_topic_count_hidden":0,"_bbp_reply_count_hidden":0,"_bbp_forum_subforum_count":0,"footnotes":""},"class_list":["post-34","page","type-page","status-publish","hentry"],"post_mailing_queue_ids":[],"_links":{"self":[{"href":"https:\/\/agora.xtec.cat\/escolapous\/wp-json\/wp\/v2\/pages\/34","targetHints":{"allow":["GET"]}}],"collection":[{"href":"https:\/\/agora.xtec.cat\/escolapous\/wp-json\/wp\/v2\/pages"}],"about":[{"href":"https:\/\/agora.xtec.cat\/escolapous\/wp-json\/wp\/v2\/types\/page"}],"author":[{"embeddable":true,"href":"https:\/\/agora.xtec.cat\/escolapous\/wp-json\/wp\/v2\/users\/1"}],"replies":[{"embeddable":true,"href":"https:\/\/agora.xtec.cat\/escolapous\/wp-json\/wp\/v2\/comments?post=34"}],"version-history":[{"count":4,"href":"https:\/\/agora.xtec.cat\/escolapous\/wp-json\/wp\/v2\/pages\/34\/revisions"}],"predecessor-version":[{"id":4546,"href":"https:\/\/agora.xtec.cat\/escolapous\/wp-json\/wp\/v2\/pages\/34\/revisions\/4546"}],"up":[{"embeddable":true,"href":"https:\/\/agora.xtec.cat\/escolapous\/wp-json\/wp\/v2\/pages\/22"}],"wp:attachment":[{"href":"https:\/\/agora.xtec.cat\/escolapous\/wp-json\/wp\/v2\/media?parent=34"}],"curies":[{"name":"wp","href":"https:\/\/api.w.org\/{rel}","templated":true}]}}