{"id":22,"date":"2014-09-18T12:19:57","date_gmt":"2014-09-18T11:19:57","guid":{"rendered":"http:\/\/agora.xtec.cat\/escolapous\/?page_id=22"},"modified":"2021-10-07T13:00:47","modified_gmt":"2021-10-07T11:00:47","slug":"lescola","status":"publish","type":"page","link":"https:\/\/agora.xtec.cat\/escolapous\/lescola\/","title":{"rendered":"L&#8217;escola"},"content":{"rendered":"<p><strong>BREU HIST\u00d2RIA DE L\u2019ESCOLA JOSEP POUS I PAG\u00c8S<\/strong><\/p>\n<p>L\u2019Escola Josep Pous i Pag\u00e8s porta aquest nom a proposta de Na Maria Verdaguer, en reconeixement a aquest escriptor catal\u00e0.<\/p>\n<p>El setembre del 1981, estava constru\u00eft l\u2019edifici principal. L\u2019Escola va comen\u00e7ar la seva activitat de manera molt prec\u00e0ria, hi mancava part de la plantilla, tot tipus de material, neteja despr\u00e9s de les obres, per\u00f2 la voluntat era que havia de funcionar i aix\u00ed va ser despr\u00e9s d\u2019esfor\u00e7os de les persones que en aquell moment estaven treballant al Centre i amb l\u2019ajut de tota la comunitat educativa.<\/p>\n<p>L\u2019escola va entrar a formar part del grup d\u2019Escoles d\u2019Acci\u00f3 Especial, aix\u00f2 va afavorir la r\u00e0tio, la dotaci\u00f3 de material i l\u2019acc\u00e9s i perman\u00e8ncia del professorat. Actualment la denominaci\u00f3 \u00e9s: Col\u00b7legi d\u2019Atenci\u00f3 Educativa Preferent, (CAEP).<\/p>\n<p>El curs 1883-84, l\u2019edifici del parvulari ja estava concedit per\u00f2, no comen\u00e7ava la seva construcci\u00f3. El nombre d\u2019alumnes augmentava considerablement i estaven repartits per diferents indrets:<\/p>\n<p>L\u2019Escola, edifici principal.<br \/>\nLes aules especials a l\u2019antic Col\u00b7legi del Bon Pastor<br \/>\nLes aules de P\u00e0rvuls a la Parr\u00f2quia del Bon Pastor<br \/>\nLes 4 aules Habilitades al carrer Dr. Ferran, que en el seu inici semblava l\u2019embri\u00f3 d\u2019una nova escola per\u00f2 no va ser aix\u00ed.<\/p>\n<p>Per Sant Jordi del 1983 es va publicar el primer n\u00famero de la Revista Oreneta.<\/p>\n<p>Tamb\u00e9 va comen\u00e7ar la construcci\u00f3 de l\u2019edifici de parvulari: a la planta baixa les aules de p\u00e0rvuls i al primer pis les aules especials i l\u2019aula taller. El setembre del 1984 comen\u00e7ava a funcionar. Aquesta construcci\u00f3 redu\u00efa l\u2019espai de pati que m\u00e9s tard s\u2019ampliava per la part nord.<\/p>\n<p>A les aules habilitades del carrer Dr. Ferran i despr\u00e9s de molts debats, s\u2019acord\u00e0 que hi passaren tots els alumnes quan fessin 4t d\u2019EGB.<\/p>\n<p>A partir del curs 1986-87 s\u2019iniciava la progressiva eliminaci\u00f3 de les Aules Especials, que es consolidava el curs 1988-89. Es varen realitzar obres a fi d\u2019encabir definitivament tots els alumnes al centre i eliminar les aules habilitades.<\/p>\n<p>El febrer del 1991 s\u2019inaugurava el gimn\u00e0s-pavell\u00f3. Tamb\u00e9 es va construir l\u2019aula per acollir els alumnes de P3, el setembre del 1991.<\/p>\n<p>El Setembre del 1997, amb l\u2019aplicaci\u00f3 de la LOGSE, passava a ser escola d\u2019Educaci\u00f3 Infantil i Prim\u00e0ria. Va acollir, durant un temps, alumnes d\u2019ESO que seria l\u2019embri\u00f3 de l\u2019actual IES L\u2019Oli-var de Figueres.<\/p>\n<p>L\u2019Escola, des dels seus inicis, ha treballat tenint en compte la realitat del seu entorn, aix\u00ed que-da reflectit en tots els documents del centre. El treball que s\u2019hi ha realitzat i es realitza, res-pon a la professionalitat de totes les persones que al llarg dels anys han format i formen part de la comunitat educativa de l\u2019Escola.<\/p>\n","protected":false},"excerpt":{"rendered":"<p>BREU HIST\u00d2RIA DE L\u2019ESCOLA JOSEP POUS I PAG\u00c8S<br \/>\nL\u2019Escola Josep Pous i Pag\u00e8s porta aquest nom a proposta de Na Maria Verdaguer, en reconeixement a aquest escriptor catal\u00e0.<br \/>\nEl setembre del 1981, estava constru\u00eft l\u2019edifici principal. L\u2019Escola va comen\u00e7ar la seva activitat de manera molt prec\u00e0ria, hi&hellip;  <a href=\"https:\/\/agora.xtec.cat\/escolapous\/lescola\/\" title=\"Read L&#8217;escola\">Llegeix m\u00e9s\u00bb<\/a><\/p>\n","protected":false},"author":1,"featured_media":0,"parent":0,"menu_order":0,"comment_status":"closed","ping_status":"closed","template":"page-templates\/side-menu.php","meta":{"_bbp_topic_count":0,"_bbp_reply_count":0,"_bbp_total_topic_count":0,"_bbp_total_reply_count":0,"_bbp_voice_count":0,"_bbp_anonymous_reply_count":0,"_bbp_topic_count_hidden":0,"_bbp_reply_count_hidden":0,"_bbp_forum_subforum_count":0,"footnotes":""},"class_list":["post-22","page","type-page","status-publish","hentry"],"post_mailing_queue_ids":[],"_links":{"self":[{"href":"https:\/\/agora.xtec.cat\/escolapous\/wp-json\/wp\/v2\/pages\/22","targetHints":{"allow":["GET"]}}],"collection":[{"href":"https:\/\/agora.xtec.cat\/escolapous\/wp-json\/wp\/v2\/pages"}],"about":[{"href":"https:\/\/agora.xtec.cat\/escolapous\/wp-json\/wp\/v2\/types\/page"}],"author":[{"embeddable":true,"href":"https:\/\/agora.xtec.cat\/escolapous\/wp-json\/wp\/v2\/users\/1"}],"replies":[{"embeddable":true,"href":"https:\/\/agora.xtec.cat\/escolapous\/wp-json\/wp\/v2\/comments?post=22"}],"version-history":[{"count":3,"href":"https:\/\/agora.xtec.cat\/escolapous\/wp-json\/wp\/v2\/pages\/22\/revisions"}],"predecessor-version":[{"id":3843,"href":"https:\/\/agora.xtec.cat\/escolapous\/wp-json\/wp\/v2\/pages\/22\/revisions\/3843"}],"wp:attachment":[{"href":"https:\/\/agora.xtec.cat\/escolapous\/wp-json\/wp\/v2\/media?parent=22"}],"curies":[{"name":"wp","href":"https:\/\/api.w.org\/{rel}","templated":true}]}}