{"id":1370,"date":"2019-01-15T18:19:47","date_gmt":"2019-01-15T17:19:47","guid":{"rendered":"http:\/\/agora.xtec.cat\/escolapous\/?page_id=1370"},"modified":"2022-11-02T21:00:05","modified_gmt":"2022-11-02T20:00:05","slug":"projecte-linguistic","status":"publish","type":"page","link":"https:\/\/agora.xtec.cat\/escolapous\/projecte-educatiu\/projecte-linguistic\/","title":{"rendered":"Projecte Ling\u00fc\u00edstic"},"content":{"rendered":"<p>El projecte ling\u00fc\u00edstic recull els aspectes relatius a l&#8217;ensenyament i a l\u2019\u00fas de les lleng\u00fces en el centre.<\/p>\n<p>El document actual ha estat aprovat pel Consell Escolar del centre el 26\/10\/2022.<\/p>\n<p><a href=\"https:\/\/agora.xtec.cat\/escolapous\/docs\/projecte-linguistic\/?bp-attachment=Projecte-Linguistic_APROVAT_26102022.pdf\">Projecte Ling\u00fc\u00edstic de Centre &#8211; Escola Josep Pous i Pag\u00e8s<\/a><\/p>\n","protected":false},"excerpt":{"rendered":"<p>El projecte ling\u00fc\u00edstic recull els aspectes relatius a l&#8217;ensenyament i a l\u2019\u00fas de les lleng\u00fces en el centre.<br \/>\nEl document actual ha estat aprovat pel Consell Escolar del centre el 26\/10\/2022.<br \/>\n<a href=\"https:\/\/agora.xtec.cat\/escolapous\/docs\/projecte-linguistic\/?bp-attachment=Projecte-Linguistic_APROVAT_26102022.pdf\">Projecte Ling\u00fc\u00edstic de Centre &#8211; Escola Josep Pous i Pag\u00e8s<\/a><\/p>\n","protected":false},"author":1,"featured_media":0,"parent":64,"menu_order":0,"comment_status":"closed","ping_status":"closed","template":"","meta":{"_bbp_topic_count":0,"_bbp_reply_count":0,"_bbp_total_topic_count":0,"_bbp_total_reply_count":0,"_bbp_voice_count":0,"_bbp_anonymous_reply_count":0,"_bbp_topic_count_hidden":0,"_bbp_reply_count_hidden":0,"_bbp_forum_subforum_count":0,"footnotes":""},"class_list":["post-1370","page","type-page","status-publish","hentry"],"post_mailing_queue_ids":[],"_links":{"self":[{"href":"https:\/\/agora.xtec.cat\/escolapous\/wp-json\/wp\/v2\/pages\/1370","targetHints":{"allow":["GET"]}}],"collection":[{"href":"https:\/\/agora.xtec.cat\/escolapous\/wp-json\/wp\/v2\/pages"}],"about":[{"href":"https:\/\/agora.xtec.cat\/escolapous\/wp-json\/wp\/v2\/types\/page"}],"author":[{"embeddable":true,"href":"https:\/\/agora.xtec.cat\/escolapous\/wp-json\/wp\/v2\/users\/1"}],"replies":[{"embeddable":true,"href":"https:\/\/agora.xtec.cat\/escolapous\/wp-json\/wp\/v2\/comments?post=1370"}],"version-history":[{"count":4,"href":"https:\/\/agora.xtec.cat\/escolapous\/wp-json\/wp\/v2\/pages\/1370\/revisions"}],"predecessor-version":[{"id":4303,"href":"https:\/\/agora.xtec.cat\/escolapous\/wp-json\/wp\/v2\/pages\/1370\/revisions\/4303"}],"up":[{"embeddable":true,"href":"https:\/\/agora.xtec.cat\/escolapous\/wp-json\/wp\/v2\/pages\/64"}],"wp:attachment":[{"href":"https:\/\/agora.xtec.cat\/escolapous\/wp-json\/wp\/v2\/media?parent=1370"}],"curies":[{"name":"wp","href":"https:\/\/api.w.org\/{rel}","templated":true}]}}