{"id":1165,"date":"2018-10-01T13:07:47","date_gmt":"2018-10-01T11:07:47","guid":{"rendered":"http:\/\/agora.xtec.cat\/escolapous\/?page_id=1165"},"modified":"2026-04-15T10:23:27","modified_gmt":"2026-04-15T08:23:27","slug":"equip-docent","status":"publish","type":"page","link":"https:\/\/agora.xtec.cat\/escolapous\/lescola\/equip-docent\/","title":{"rendered":"Equip docent"},"content":{"rendered":"<h1 style=\"text-align: center;\"><strong><u>Claustre 2025\/2026<\/u><\/strong><\/h1>\n<h3 style=\"text-align: center;\"><strong><u>Equip directiu<br \/>\n<\/u><\/strong><\/h3>\n<p style=\"text-align: center;\"><strong>DIRECTOR<\/strong> &#8211; SERGI C.<\/p>\n<p style=\"text-align: center;\"><strong>CAP D&#8217;ESTUDIS<\/strong> &#8211; N\u00daRIA V.<\/p>\n<p style=\"text-align: center;\"><strong>COORD. PEDAG\u00d2GICA SECUND\u00c0RIA<\/strong> &#8211; VER\u00d2NICA F.<\/p>\n<p style=\"text-align: center;\"><strong>SECRET\u00c0RIA<\/strong> &#8211; MARTA R.<\/p>\n<h3 style=\"text-align: center;\"><strong><u>Els Petits<\/u><\/strong><\/h3>\n<p style=\"text-align: center;\"><strong>I3<\/strong> &#8211; ADRIANA A.<\/p>\n<p style=\"text-align: center;\"><strong>I4A<\/strong> &#8211; MARI O.<\/p>\n<p style=\"text-align: center;\"><strong style=\"text-align: center;\">I5 <\/strong><span style=\"text-align: center;\">&#8211; MIREIA A.\/SANDRA C.<\/span><\/p>\n<p style=\"text-align: center;\"><strong>I5B<\/strong> &#8211; S\u00d2NIA B. <em><strong>(COORDINADORA CICLE)<\/strong><\/em><\/p>\n<p style=\"text-align: center;\"><strong>SUPORTS:<\/strong><\/p>\n<p style=\"text-align: center;\">J\u00daLIA B.<\/p>\n<p style=\"text-align: center;\">MARTA R.<\/p>\n<h3 style=\"text-align: center;\"><strong><u>Els Mitjans<\/u><\/strong><\/h3>\n<p style=\"text-align: center;\"><strong>1r<\/strong> &#8211; PAULA B.<\/p>\n<p style=\"text-align: center;\"><strong>2n<\/strong> &#8211; LAURA B.<\/p>\n<p style=\"text-align: center;\"><strong>3r<\/strong> &#8211; JANINA J. <em><strong>(COORDINADORA CICLE)<\/strong><\/em><\/p>\n<p style=\"text-align: center;\"><strong>SUPORTS:<\/strong><\/p>\n<p style=\"text-align: center;\">N\u00daRIA V.<\/p>\n<p style=\"text-align: center;\">CARLES F.<\/p>\n<p style=\"text-align: center;\">XAVIER Q.<\/p>\n<h3 style=\"text-align: center;\"><strong><u>Els Grans<\/u><\/strong><\/h3>\n<p style=\"text-align: center;\"><strong>4t<\/strong> &#8211; TAMARA P.\u00a0 <em><strong>(COORDINADORA CICLE)<\/strong><\/em><\/p>\n<p style=\"text-align: center;\"><strong>5\u00e8<\/strong> &#8211; CARLES J.<\/p>\n<p style=\"text-align: center;\"><strong>6\u00e8 <\/strong>&#8211; S\u00cdLVIA V.<\/p>\n<p style=\"text-align: center;\"><strong>SUPORTS:<\/strong><\/p>\n<p style=\"text-align: center;\">ANNA J.<\/p>\n<p style=\"text-align: center;\">SERGI C.<\/p>\n<p style=\"text-align: center;\">VER\u00d2NICA F.<\/p>\n<h3 style=\"text-align: center;\"><span style=\"text-decoration: underline;\"><strong>Els Joves<\/strong><\/span><\/h3>\n<p style=\"text-align: center;\"><strong>1r ESO<\/strong> &#8211; N\u00daRIA P. &#8211; BIO \/ NOELIA B. &#8211; PSI<\/p>\n<p style=\"text-align: center;\"><span style=\"font-family: inherit; font-size: 1em;\"><strong>2n ESO &#8211;<\/strong>\u00a0<\/span>MARK O.\u00a0 <strong><em>(TUTOR I COORDINADOR CICLE)\u00a0<\/em><\/strong>&#8211; PSI \/ EVA A. &#8211; LC<\/p>\n<p style=\"text-align: center;\"><strong>3r ESO &#8211;\u00a0<\/strong>ROSER C. &#8211; EF \/ JORDI R. &#8211; PSI<\/p>\n<p style=\"text-align: center;\"><strong>\u00a0 \u00a0 \u00a0 \u00a0 \u00a0ESPECIALITATS:<\/strong><\/p>\n<p style=\"text-align: center;\">&#8211; ADRI\u00c0 C. &#8211; LC<\/p>\n<p style=\"text-align: center;\">\u00a0 \u00a0 \u00a0 \u00a0<span style=\"font-family: inherit; font-size: 1em; text-align: center;\"> &#8211; SHEILA P. &#8211; MU<\/span><\/p>\n<p style=\"text-align: center;\">&#8211; VIOLETA S. &#8211; TEC<\/p>\n<h3 style=\"text-align: center;\"><strong><u>Personal PAS\/PAE<\/u><\/strong><\/h3>\n<p style=\"text-align: center;\"><span data-sheets-root=\"1\" data-sheets-value=\"{&quot;1&quot;:2,&quot;2&quot;:&quot;SORIANO MERCADER, LAURA (TIS)&quot;}\" data-sheets-userformat=\"{&quot;2&quot;:33567297,&quot;3&quot;:{&quot;1&quot;:0},&quot;9&quot;:0,&quot;12&quot;:0,&quot;15&quot;:&quot;Comfortaa&quot;,&quot;16&quot;:12,&quot;28&quot;:1}\"><strong>TIS <\/strong>&#8211; YUMA M.<\/span><\/p>\n<p style=\"text-align: center;\"><strong>ADMINISTRATIVA<\/strong> &#8211; \u00c9RICA N.<\/p>\n<p style=\"text-align: center;\"><strong>TEEI<\/strong> &#8211; ALBA M.<\/p>\n<h3 style=\"text-align: center;\"><strong><u>Serveis externs d\u2019Educaci\u00f3<\/u><\/strong><\/h3>\n<p style=\"text-align: center;\"><strong>PSICOPEDAGOGA EAP <\/strong>&#8211; DOLORS G.<\/p>\n<p style=\"text-align: center;\"><strong>ELIC <\/strong>&#8211; LAURA C.<\/p>\n<p style=\"text-align: center;\"><strong>TREBALLADORA SOCIAL<\/strong> &#8211; ANNA B.<\/p>\n<p style=\"text-align: center;\"><strong>PROMOTOR ESCOLAR <\/strong>&#8211; RUT S.<\/p>\n","protected":false},"excerpt":{"rendered":"<p>Claustre 2025\/2026<br \/>\nEquip directiu<\/p>\n<p>DIRECTOR &#8211; SERGI C.<br \/>\nCAP D&#8217;ESTUDIS &#8211; N\u00daRIA V.<br \/>\nCOORD. PEDAG\u00d2GICA SECUND\u00c0RIA &#8211; VER\u00d2NICA F.<br \/>\nSECRET\u00c0RIA &#8211; MARTA R.<br \/>\nEls Petits<br \/>\nI3 &#8211; ADRIANA A.<br \/>\nI4A &#8211; MARI O.<br \/>\nI5 &#8211; MIREIA A.\/SANDRA C.<br \/>\nI5B &#8211; S\u00d2NIA B. (COORDINADORA CICLE)<br \/>\nSUPORTS:<br \/>\nJ\u00daLIA B.<br \/>\nMARTA R.<br \/>\nEls Mitjans<br \/>\n1r &#8211; PAULA B.<br \/>\n2n &#8211; LAURA B.<br \/>\n3r &#8211; JANINA&hellip;  <a href=\"https:\/\/agora.xtec.cat\/escolapous\/lescola\/equip-docent\/\" title=\"Read Equip docent\">Llegeix m\u00e9s\u00bb<\/a><\/p>\n","protected":false},"author":1,"featured_media":0,"parent":22,"menu_order":3,"comment_status":"closed","ping_status":"closed","template":"page-templates\/side-menu.php","meta":{"_bbp_topic_count":0,"_bbp_reply_count":0,"_bbp_total_topic_count":0,"_bbp_total_reply_count":0,"_bbp_voice_count":0,"_bbp_anonymous_reply_count":0,"_bbp_topic_count_hidden":0,"_bbp_reply_count_hidden":0,"_bbp_forum_subforum_count":0,"footnotes":""},"class_list":["post-1165","page","type-page","status-publish","hentry"],"post_mailing_queue_ids":[],"_links":{"self":[{"href":"https:\/\/agora.xtec.cat\/escolapous\/wp-json\/wp\/v2\/pages\/1165","targetHints":{"allow":["GET"]}}],"collection":[{"href":"https:\/\/agora.xtec.cat\/escolapous\/wp-json\/wp\/v2\/pages"}],"about":[{"href":"https:\/\/agora.xtec.cat\/escolapous\/wp-json\/wp\/v2\/types\/page"}],"author":[{"embeddable":true,"href":"https:\/\/agora.xtec.cat\/escolapous\/wp-json\/wp\/v2\/users\/1"}],"replies":[{"embeddable":true,"href":"https:\/\/agora.xtec.cat\/escolapous\/wp-json\/wp\/v2\/comments?post=1165"}],"version-history":[{"count":7,"href":"https:\/\/agora.xtec.cat\/escolapous\/wp-json\/wp\/v2\/pages\/1165\/revisions"}],"predecessor-version":[{"id":4943,"href":"https:\/\/agora.xtec.cat\/escolapous\/wp-json\/wp\/v2\/pages\/1165\/revisions\/4943"}],"up":[{"embeddable":true,"href":"https:\/\/agora.xtec.cat\/escolapous\/wp-json\/wp\/v2\/pages\/22"}],"wp:attachment":[{"href":"https:\/\/agora.xtec.cat\/escolapous\/wp-json\/wp\/v2\/media?parent=1165"}],"curies":[{"name":"wp","href":"https:\/\/api.w.org\/{rel}","templated":true}]}}