{"id":1037,"date":"2018-03-13T11:13:34","date_gmt":"2018-03-13T10:13:34","guid":{"rendered":"http:\/\/agora.xtec.cat\/escolapous\/?page_id=1037"},"modified":"2019-07-02T19:54:41","modified_gmt":"2019-07-02T17:54:41","slug":"nofc","status":"publish","type":"page","link":"https:\/\/agora.xtec.cat\/escolapous\/projecte-educatiu\/nofc\/","title":{"rendered":"NOFC"},"content":{"rendered":"<p>El nostre centre \u00e9s una comunitat educativa, una comunitat de treball en equip. Com tot grup de conviv\u00e8ncia, la nostra comunitat, per tenir consci\u00e8ncia dels seus actes, obligacions i drets, necessita d&#8217;unes normes reguladores establertes i d&#8217;acord amb inst\u00e0ncies legislatives superiors. Per tal que tots els membres d&#8217;aquesta comunitat desenvolupin les seves tasques en ordre, respecte i disciplina, s&#8217;estableixen les seg\u00fcents Normes d\u2019Organitzaci\u00f3 i Funcionament (NOFC).<\/p>\n<p>Clicka l&#8217;enlla\u00e7 seg\u00fcent per consultar el document:<\/p>\n<p><a href=\"http:\/\/agora.xtec.cat\/escolapous\/docs\/normes-dorganitzacio-i-funcionament-de-centre\/\">NOFC<\/a><\/p>\n","protected":false},"excerpt":{"rendered":"<p>El nostre centre \u00e9s una comunitat educativa, una comunitat de treball en equip. Com tot grup de conviv\u00e8ncia, la nostra comunitat, per tenir consci\u00e8ncia dels seus actes, obligacions i drets, necessita d&#8217;unes normes reguladores establertes i d&#8217;acord amb inst\u00e0ncies legislatives superiors. Per tal que tots&hellip;  <a href=\"https:\/\/agora.xtec.cat\/escolapous\/projecte-educatiu\/nofc\/\" title=\"Read NOFC\">Llegeix m\u00e9s\u00bb<\/a><\/p>\n","protected":false},"author":1,"featured_media":0,"parent":64,"menu_order":1,"comment_status":"closed","ping_status":"closed","template":"page-templates\/side-menu.php","meta":{"_bbp_topic_count":0,"_bbp_reply_count":0,"_bbp_total_topic_count":0,"_bbp_total_reply_count":0,"_bbp_voice_count":0,"_bbp_anonymous_reply_count":0,"_bbp_topic_count_hidden":0,"_bbp_reply_count_hidden":0,"_bbp_forum_subforum_count":0,"footnotes":""},"class_list":["post-1037","page","type-page","status-publish","hentry"],"post_mailing_queue_ids":[],"_links":{"self":[{"href":"https:\/\/agora.xtec.cat\/escolapous\/wp-json\/wp\/v2\/pages\/1037","targetHints":{"allow":["GET"]}}],"collection":[{"href":"https:\/\/agora.xtec.cat\/escolapous\/wp-json\/wp\/v2\/pages"}],"about":[{"href":"https:\/\/agora.xtec.cat\/escolapous\/wp-json\/wp\/v2\/types\/page"}],"author":[{"embeddable":true,"href":"https:\/\/agora.xtec.cat\/escolapous\/wp-json\/wp\/v2\/users\/1"}],"replies":[{"embeddable":true,"href":"https:\/\/agora.xtec.cat\/escolapous\/wp-json\/wp\/v2\/comments?post=1037"}],"version-history":[{"count":3,"href":"https:\/\/agora.xtec.cat\/escolapous\/wp-json\/wp\/v2\/pages\/1037\/revisions"}],"predecessor-version":[{"id":1655,"href":"https:\/\/agora.xtec.cat\/escolapous\/wp-json\/wp\/v2\/pages\/1037\/revisions\/1655"}],"up":[{"embeddable":true,"href":"https:\/\/agora.xtec.cat\/escolapous\/wp-json\/wp\/v2\/pages\/64"}],"wp:attachment":[{"href":"https:\/\/agora.xtec.cat\/escolapous\/wp-json\/wp\/v2\/media?parent=1037"}],"curies":[{"name":"wp","href":"https:\/\/api.w.org\/{rel}","templated":true}]}}