{"id":4673,"date":"2018-02-20T19:12:02","date_gmt":"2018-02-20T18:12:02","guid":{"rendered":"http:\/\/agora.xtec.cat\/escolaponent\/?page_id=4673"},"modified":"2024-09-04T16:42:16","modified_gmt":"2024-09-04T14:42:16","slug":"normes-dorganitzacio-i-funcionament-del-centre","status":"publish","type":"page","link":"https:\/\/agora.xtec.cat\/escolaponent\/normes-dorganitzacio-i-funcionament-del-centre\/","title":{"rendered":"Normes d&#8217;organitzaci\u00f3 i funcionament del centre"},"content":{"rendered":"<p>Per visualitzar totes les normes d&#8217;organitzaci\u00f3 i funcionament del centre ( NOFC) clica sobre t\u00edtol i s&#8217;obrir\u00e0 l&#8217;enlla\u00e7.<\/p>\n<p><a href=\"https:\/\/drive.google.com\/file\/d\/1etyES9ZGn4BN064eGmpM-AElxqlmP_FX\/view?usp=sharing\"><img loading=\"lazy\" decoding=\"async\" class=\"wp-image-8388 size-medium aligncenter\" src=\"https:\/\/agora.xtec.cat\/escolaponent\/wp-content\/uploads\/usu881\/2019\/12\/NORMES-DE-FUNCIONAMENT-300x169.png\" alt=\"\" width=\"300\" height=\"169\" srcset=\"https:\/\/agora.xtec.cat\/escolaponent\/wp-content\/uploads\/usu881\/2019\/12\/NORMES-DE-FUNCIONAMENT-300x169.png 300w, https:\/\/agora.xtec.cat\/escolaponent\/wp-content\/uploads\/usu881\/2019\/12\/NORMES-DE-FUNCIONAMENT.png 560w\" sizes=\"auto, (max-width: 300px) 100vw, 300px\" \/><\/a><\/p>\n<p>Si voleu veure nom\u00e9s el tema d&#8217;aportacions de material o d&#8217;activitats complement\u00e0ries de les fam\u00edlies cliqueu sobre de la imatge que necessiteu per obtenir la informaci\u00f3.<\/p>\n<div class=\"entry-content\">\n<h5><a href=\"https:\/\/drive.google.com\/file\/d\/1xfmn0Ly_OzFpjwXhuRZlpQt_URpN0Yzt\/view?usp=sharing\"><img loading=\"lazy\" decoding=\"async\" class=\"wp-image-8392 size-medium aligncenter\" src=\"https:\/\/agora.xtec.cat\/escolaponent\/wp-content\/uploads\/usu881\/2019\/12\/material-300x169.jpg\" alt=\"\" width=\"300\" height=\"169\" srcset=\"https:\/\/agora.xtec.cat\/escolaponent\/wp-content\/uploads\/usu881\/2019\/12\/material-300x169.jpg 300w, https:\/\/agora.xtec.cat\/escolaponent\/wp-content\/uploads\/usu881\/2019\/12\/material-768x432.jpg 768w, https:\/\/agora.xtec.cat\/escolaponent\/wp-content\/uploads\/usu881\/2019\/12\/material-1024x576.jpg 1024w\" sizes=\"auto, (max-width: 300px) 100vw, 300px\" \/><\/a><\/h5>\n<p><a href=\"https:\/\/drive.google.com\/file\/d\/1X5TRx4P3_rCg7BNj1vB_9ZY_SNqqym8N\/view?usp=sharing\"><img loading=\"lazy\" decoding=\"async\" class=\"wp-image-16405 aligncenter\" src=\"https:\/\/agora.xtec.cat\/escolaponent\/wp-content\/uploads\/usu881\/2022\/07\/Autoritzacio-Paracetamol-1.jpg\" alt=\"\" width=\"298\" height=\"149\" srcset=\"https:\/\/agora.xtec.cat\/escolaponent\/wp-content\/uploads\/usu881\/2022\/07\/Autoritzacio-Paracetamol-1.jpg 354w, https:\/\/agora.xtec.cat\/escolaponent\/wp-content\/uploads\/usu881\/2022\/07\/Autoritzacio-Paracetamol-1-300x150.jpg 300w\" sizes=\"auto, (max-width: 298px) 100vw, 298px\" \/><\/a><\/p>\n<h6><span style=\"color: #ff9900;\">Funcionament escola: <span style=\"color: #808080;\">cliqueu sobre de la paraula i veureu tota la informaci\u00f3 \u00a0<\/span><\/span><a href=\"https:\/\/drive.google.com\/drive\/u\/0\/search?q=funcionament%20escola\">enlla\u00e7<\/a><\/h6>\n<\/div>\n<p>&nbsp;<\/p>\n<p><a href=\"https:\/\/agora.xtec.cat\/escolaponent\/wp-content\/uploads\/usu881\/2023\/09\/1.jpg\"><img loading=\"lazy\" decoding=\"async\" class=\"size-large wp-image-18236 aligncenter\" src=\"https:\/\/agora.xtec.cat\/escolaponent\/wp-content\/uploads\/usu881\/2023\/09\/1-1024x576.jpg\" alt=\"\" width=\"1024\" height=\"576\" srcset=\"https:\/\/agora.xtec.cat\/escolaponent\/wp-content\/uploads\/usu881\/2023\/09\/1-1024x576.jpg 1024w, https:\/\/agora.xtec.cat\/escolaponent\/wp-content\/uploads\/usu881\/2023\/09\/1-300x169.jpg 300w, https:\/\/agora.xtec.cat\/escolaponent\/wp-content\/uploads\/usu881\/2023\/09\/1-768x432.jpg 768w, https:\/\/agora.xtec.cat\/escolaponent\/wp-content\/uploads\/usu881\/2023\/09\/1-1536x864.jpg 1536w, https:\/\/agora.xtec.cat\/escolaponent\/wp-content\/uploads\/usu881\/2023\/09\/1.jpg 1920w\" sizes=\"auto, (max-width: 1024px) 100vw, 1024px\" \/><\/a><\/p>\n<p><a style=\"color: #2795b6;\" href=\"https:\/\/agora.xtec.cat\/escolaponent\/wp-content\/uploads\/usu881\/2024\/09\/3-2.jpg\"><span style=\"color: #2795b6;\"><img loading=\"lazy\" decoding=\"async\" class=\"aligncenter wp-image-19202 size-large\" src=\"https:\/\/agora.xtec.cat\/escolaponent\/wp-content\/uploads\/usu881\/2024\/09\/3-2-1024x576.jpg\" alt=\"\" width=\"1024\" height=\"576\" srcset=\"https:\/\/agora.xtec.cat\/escolaponent\/wp-content\/uploads\/usu881\/2024\/09\/3-2-1024x576.jpg 1024w, https:\/\/agora.xtec.cat\/escolaponent\/wp-content\/uploads\/usu881\/2024\/09\/3-2-300x169.jpg 300w, https:\/\/agora.xtec.cat\/escolaponent\/wp-content\/uploads\/usu881\/2024\/09\/3-2-768x432.jpg 768w, https:\/\/agora.xtec.cat\/escolaponent\/wp-content\/uploads\/usu881\/2024\/09\/3-2-1536x864.jpg 1536w, https:\/\/agora.xtec.cat\/escolaponent\/wp-content\/uploads\/usu881\/2024\/09\/3-2.jpg 1920w\" sizes=\"auto, (max-width: 1024px) 100vw, 1024px\" \/><\/span><\/a><\/p>\n<p>&nbsp;<\/p>\n<p><a href=\"https:\/\/agora.xtec.cat\/escolaponent\/wp-content\/uploads\/usu881\/2022\/07\/3.jpg\"><img loading=\"lazy\" decoding=\"async\" class=\"size-large wp-image-16412 aligncenter\" src=\"https:\/\/agora.xtec.cat\/escolaponent\/wp-content\/uploads\/usu881\/2022\/07\/3-1024x576.jpg\" alt=\"\" width=\"1024\" height=\"576\" srcset=\"https:\/\/agora.xtec.cat\/escolaponent\/wp-content\/uploads\/usu881\/2022\/07\/3-1024x576.jpg 1024w, https:\/\/agora.xtec.cat\/escolaponent\/wp-content\/uploads\/usu881\/2022\/07\/3-300x169.jpg 300w, https:\/\/agora.xtec.cat\/escolaponent\/wp-content\/uploads\/usu881\/2022\/07\/3-768x432.jpg 768w, https:\/\/agora.xtec.cat\/escolaponent\/wp-content\/uploads\/usu881\/2022\/07\/3-1536x864.jpg 1536w, https:\/\/agora.xtec.cat\/escolaponent\/wp-content\/uploads\/usu881\/2022\/07\/3.jpg 1920w\" sizes=\"auto, (max-width: 1024px) 100vw, 1024px\" \/><\/a><\/p>\n<p><a href=\"https:\/\/drive.google.com\/file\/d\/1aHRDd1-eisFNHzL58Ia5ZYdyMph17AEV\/view?usp=sharing\"><img loading=\"lazy\" decoding=\"async\" class=\"size-large wp-image-16413 aligncenter\" src=\"https:\/\/agora.xtec.cat\/escolaponent\/wp-content\/uploads\/usu881\/2022\/07\/4-1024x576.jpg\" alt=\"\" width=\"1024\" height=\"576\" srcset=\"https:\/\/agora.xtec.cat\/escolaponent\/wp-content\/uploads\/usu881\/2022\/07\/4-1024x576.jpg 1024w, https:\/\/agora.xtec.cat\/escolaponent\/wp-content\/uploads\/usu881\/2022\/07\/4-300x169.jpg 300w, https:\/\/agora.xtec.cat\/escolaponent\/wp-content\/uploads\/usu881\/2022\/07\/4-768x432.jpg 768w, https:\/\/agora.xtec.cat\/escolaponent\/wp-content\/uploads\/usu881\/2022\/07\/4-1536x864.jpg 1536w, https:\/\/agora.xtec.cat\/escolaponent\/wp-content\/uploads\/usu881\/2022\/07\/4.jpg 1920w\" sizes=\"auto, (max-width: 1024px) 100vw, 1024px\" \/><\/a><\/p>\n<p><a href=\"https:\/\/agora.xtec.cat\/escolaponent\/wp-content\/uploads\/usu881\/2024\/09\/6-2.jpg\"><img loading=\"lazy\" decoding=\"async\" class=\"aligncenter wp-image-19204 size-large\" src=\"https:\/\/agora.xtec.cat\/escolaponent\/wp-content\/uploads\/usu881\/2024\/09\/6-2-1024x576.jpg\" alt=\"\" width=\"1024\" height=\"576\" srcset=\"https:\/\/agora.xtec.cat\/escolaponent\/wp-content\/uploads\/usu881\/2024\/09\/6-2-1024x576.jpg 1024w, https:\/\/agora.xtec.cat\/escolaponent\/wp-content\/uploads\/usu881\/2024\/09\/6-2-300x169.jpg 300w, https:\/\/agora.xtec.cat\/escolaponent\/wp-content\/uploads\/usu881\/2024\/09\/6-2-768x432.jpg 768w, https:\/\/agora.xtec.cat\/escolaponent\/wp-content\/uploads\/usu881\/2024\/09\/6-2-1536x864.jpg 1536w, https:\/\/agora.xtec.cat\/escolaponent\/wp-content\/uploads\/usu881\/2024\/09\/6-2.jpg 1920w\" sizes=\"auto, (max-width: 1024px) 100vw, 1024px\" \/><\/a><\/p>\n<p>&nbsp;<\/p>\n<p><a href=\"https:\/\/agora.xtec.cat\/escolaponent\/wp-content\/uploads\/usu881\/2022\/07\/6.jpg\"><img loading=\"lazy\" decoding=\"async\" class=\"size-large wp-image-16410 aligncenter\" src=\"https:\/\/agora.xtec.cat\/escolaponent\/wp-content\/uploads\/usu881\/2022\/07\/6-1024x576.jpg\" alt=\"\" width=\"1024\" height=\"576\" srcset=\"https:\/\/agora.xtec.cat\/escolaponent\/wp-content\/uploads\/usu881\/2022\/07\/6-1024x576.jpg 1024w, https:\/\/agora.xtec.cat\/escolaponent\/wp-content\/uploads\/usu881\/2022\/07\/6-300x169.jpg 300w, https:\/\/agora.xtec.cat\/escolaponent\/wp-content\/uploads\/usu881\/2022\/07\/6-768x432.jpg 768w, https:\/\/agora.xtec.cat\/escolaponent\/wp-content\/uploads\/usu881\/2022\/07\/6-1536x864.jpg 1536w, https:\/\/agora.xtec.cat\/escolaponent\/wp-content\/uploads\/usu881\/2022\/07\/6.jpg 1920w\" sizes=\"auto, (max-width: 1024px) 100vw, 1024px\" \/><\/a><\/p>\n<p><a href=\"https:\/\/agora.xtec.cat\/escolaponent\/wp-content\/uploads\/usu881\/2022\/07\/7.jpg\"><img loading=\"lazy\" decoding=\"async\" class=\"size-large wp-image-16411 aligncenter\" src=\"https:\/\/agora.xtec.cat\/escolaponent\/wp-content\/uploads\/usu881\/2022\/07\/7-1024x576.jpg\" alt=\"\" width=\"1024\" height=\"576\" srcset=\"https:\/\/agora.xtec.cat\/escolaponent\/wp-content\/uploads\/usu881\/2022\/07\/7-1024x576.jpg 1024w, https:\/\/agora.xtec.cat\/escolaponent\/wp-content\/uploads\/usu881\/2022\/07\/7-300x169.jpg 300w, https:\/\/agora.xtec.cat\/escolaponent\/wp-content\/uploads\/usu881\/2022\/07\/7-768x432.jpg 768w, https:\/\/agora.xtec.cat\/escolaponent\/wp-content\/uploads\/usu881\/2022\/07\/7-1536x864.jpg 1536w, https:\/\/agora.xtec.cat\/escolaponent\/wp-content\/uploads\/usu881\/2022\/07\/7.jpg 1920w\" sizes=\"auto, (max-width: 1024px) 100vw, 1024px\" \/><\/a><\/p>\n<p><a href=\"https:\/\/agora.xtec.cat\/escolaponent\/portada\/llibres-22-23\/\"><img loading=\"lazy\" decoding=\"async\" class=\"size-full wp-image-16417 aligncenter\" src=\"https:\/\/agora.xtec.cat\/escolaponent\/wp-content\/uploads\/usu881\/2022\/07\/llibres.jpg\" alt=\"\" width=\"354\" height=\"177\" srcset=\"https:\/\/agora.xtec.cat\/escolaponent\/wp-content\/uploads\/usu881\/2022\/07\/llibres.jpg 354w, https:\/\/agora.xtec.cat\/escolaponent\/wp-content\/uploads\/usu881\/2022\/07\/llibres-300x150.jpg 300w\" sizes=\"auto, (max-width: 354px) 100vw, 354px\" \/><\/a><\/p>\n<p><a href=\"https:\/\/agora.xtec.cat\/escolaponent\/lescola\/material-escolar\/\"><img loading=\"lazy\" decoding=\"async\" class=\"size-full wp-image-16416 aligncenter\" src=\"https:\/\/agora.xtec.cat\/escolaponent\/wp-content\/uploads\/usu881\/2022\/07\/material.jpg\" alt=\"\" width=\"354\" height=\"177\" srcset=\"https:\/\/agora.xtec.cat\/escolaponent\/wp-content\/uploads\/usu881\/2022\/07\/material.jpg 354w, https:\/\/agora.xtec.cat\/escolaponent\/wp-content\/uploads\/usu881\/2022\/07\/material-300x150.jpg 300w\" sizes=\"auto, (max-width: 354px) 100vw, 354px\" \/><\/a><\/p>\n<p><a href=\"https:\/\/agora.xtec.cat\/escolaponent\/wp-content\/uploads\/usu881\/2023\/09\/8.jpg\"><img loading=\"lazy\" decoding=\"async\" class=\"aligncenter wp-image-18237 size-large\" src=\"https:\/\/agora.xtec.cat\/escolaponent\/wp-content\/uploads\/usu881\/2023\/09\/8-1024x576.jpg\" alt=\"\" width=\"1024\" height=\"576\" srcset=\"https:\/\/agora.xtec.cat\/escolaponent\/wp-content\/uploads\/usu881\/2023\/09\/8-1024x576.jpg 1024w, https:\/\/agora.xtec.cat\/escolaponent\/wp-content\/uploads\/usu881\/2023\/09\/8-300x169.jpg 300w, https:\/\/agora.xtec.cat\/escolaponent\/wp-content\/uploads\/usu881\/2023\/09\/8-768x432.jpg 768w, https:\/\/agora.xtec.cat\/escolaponent\/wp-content\/uploads\/usu881\/2023\/09\/8-1536x864.jpg 1536w, https:\/\/agora.xtec.cat\/escolaponent\/wp-content\/uploads\/usu881\/2023\/09\/8.jpg 1920w\" sizes=\"auto, (max-width: 1024px) 100vw, 1024px\" \/><\/a><\/p>\n<p><a href=\"https:\/\/agora.xtec.cat\/escolaponent\/wp-content\/uploads\/usu881\/2024\/09\/10.jpg\"><img loading=\"lazy\" decoding=\"async\" class=\"aligncenter wp-image-19208 size-large\" src=\"https:\/\/agora.xtec.cat\/escolaponent\/wp-content\/uploads\/usu881\/2024\/09\/10-1024x576.jpg\" alt=\"\" width=\"1024\" height=\"576\" srcset=\"https:\/\/agora.xtec.cat\/escolaponent\/wp-content\/uploads\/usu881\/2024\/09\/10-1024x576.jpg 1024w, https:\/\/agora.xtec.cat\/escolaponent\/wp-content\/uploads\/usu881\/2024\/09\/10-300x169.jpg 300w, https:\/\/agora.xtec.cat\/escolaponent\/wp-content\/uploads\/usu881\/2024\/09\/10-768x432.jpg 768w, https:\/\/agora.xtec.cat\/escolaponent\/wp-content\/uploads\/usu881\/2024\/09\/10-1536x864.jpg 1536w, https:\/\/agora.xtec.cat\/escolaponent\/wp-content\/uploads\/usu881\/2024\/09\/10.jpg 1920w\" sizes=\"auto, (max-width: 1024px) 100vw, 1024px\" \/><\/a><\/p>\n<p><a href=\"https:\/\/agora.xtec.cat\/escolaponent\/wp-content\/uploads\/usu881\/2022\/07\/10.jpg\"><img loading=\"lazy\" decoding=\"async\" class=\"size-large wp-image-16406 aligncenter\" src=\"https:\/\/agora.xtec.cat\/escolaponent\/wp-content\/uploads\/usu881\/2022\/07\/10-1024x576.jpg\" alt=\"\" width=\"1024\" height=\"576\" srcset=\"https:\/\/agora.xtec.cat\/escolaponent\/wp-content\/uploads\/usu881\/2022\/07\/10-1024x576.jpg 1024w, https:\/\/agora.xtec.cat\/escolaponent\/wp-content\/uploads\/usu881\/2022\/07\/10-300x169.jpg 300w, https:\/\/agora.xtec.cat\/escolaponent\/wp-content\/uploads\/usu881\/2022\/07\/10-768x432.jpg 768w, https:\/\/agora.xtec.cat\/escolaponent\/wp-content\/uploads\/usu881\/2022\/07\/10-1536x864.jpg 1536w, https:\/\/agora.xtec.cat\/escolaponent\/wp-content\/uploads\/usu881\/2022\/07\/10.jpg 1920w\" sizes=\"auto, (max-width: 1024px) 100vw, 1024px\" \/><\/a><\/p>\n<p><a href=\"https:\/\/drive.google.com\/file\/d\/1onuUtl4f608MbnQtYJmd-V3-vl251GSF\/view?usp=sharing\"><img loading=\"lazy\" decoding=\"async\" class=\"size-full wp-image-16400 aligncenter\" src=\"https:\/\/agora.xtec.cat\/escolaponent\/wp-content\/uploads\/usu881\/2022\/07\/3-1.png\" alt=\"\" width=\"354\" height=\"177\" srcset=\"https:\/\/agora.xtec.cat\/escolaponent\/wp-content\/uploads\/usu881\/2022\/07\/3-1.png 354w, https:\/\/agora.xtec.cat\/escolaponent\/wp-content\/uploads\/usu881\/2022\/07\/3-1-300x150.png 300w\" sizes=\"auto, (max-width: 354px) 100vw, 354px\" \/> <\/a><\/p>\n<p><a href=\"https:\/\/drive.google.com\/file\/d\/1s6lu5m_irptFMkaANHDVeKft2rTg11nf\/view?usp=sharing\"><img loading=\"lazy\" decoding=\"async\" class=\"alignnone size-full wp-image-16401 aligncenter\" src=\"https:\/\/agora.xtec.cat\/escolaponent\/wp-content\/uploads\/usu881\/2022\/07\/4-1.png\" alt=\"\" width=\"354\" height=\"177\" srcset=\"https:\/\/agora.xtec.cat\/escolaponent\/wp-content\/uploads\/usu881\/2022\/07\/4-1.png 354w, https:\/\/agora.xtec.cat\/escolaponent\/wp-content\/uploads\/usu881\/2022\/07\/4-1-300x150.png 300w\" sizes=\"auto, (max-width: 354px) 100vw, 354px\" \/><\/a><\/p>\n<div class=\"entry-content\">\n<p>&nbsp;<\/p>\n<div class=\"addtoany_share_save_container addtoany_content_bottom\">\n<div class=\"a2a_kit a2a_kit_size_32 addtoany_list\" data-a2a-url=\"http:\/\/agora.xtec.cat\/escolaponent\/lescola\/salut\/\" data-a2a-title=\"Normes de funcionament\"><\/div>\n<\/div>\n<\/div>\n<footer class=\"entry-footer\">\n<div class=\"edit-link\">Edita<\/div>\n<\/footer>\n","protected":false},"excerpt":{"rendered":"<p>Per visualitzar totes les normes d&#8217;organitzaci\u00f3 i funcionament del centre ( NOFC) clica sobre t\u00edtol i s&#8217;obrir\u00e0 l&#8217;enlla\u00e7. Si voleu veure nom\u00e9s el tema d&#8217;aportacions de material o d&#8217;activitats complement\u00e0ries de les fam\u00edlies cliqueu sobre de la imatge que necessiteu per obtenir la informaci\u00f3. Funcionament escola: cliqueu sobre de la paraula i veureu tota la [&hellip;]<\/p>\n","protected":false},"author":1,"featured_media":0,"parent":0,"menu_order":0,"comment_status":"closed","ping_status":"closed","template":"","meta":{"_bbp_topic_count":0,"_bbp_reply_count":0,"_bbp_total_topic_count":0,"_bbp_total_reply_count":0,"_bbp_voice_count":0,"_bbp_anonymous_reply_count":0,"_bbp_topic_count_hidden":0,"_bbp_reply_count_hidden":0,"_bbp_forum_subforum_count":0,"site-sidebar-layout":"default","site-content-layout":"","ast-site-content-layout":"","site-content-style":"default","site-sidebar-style":"default","ast-global-header-display":"","ast-banner-title-visibility":"","ast-main-header-display":"","ast-hfb-above-header-display":"","ast-hfb-below-header-display":"","ast-hfb-mobile-header-display":"","site-post-title":"","ast-breadcrumbs-content":"","ast-featured-img":"","footer-sml-layout":"","theme-transparent-header-meta":"","adv-header-id-meta":"","stick-header-meta":"","header-above-stick-meta":"","header-main-stick-meta":"","header-below-stick-meta":"","astra-migrate-meta-layouts":"default","ast-page-background-enabled":"default","ast-page-background-meta":{"desktop":{"background-color":"var(--ast-global-color-4)","background-image":"","background-repeat":"repeat","background-position":"center center","background-size":"auto","background-attachment":"scroll","background-type":"","background-media":"","overlay-type":"","overlay-color":"","overlay-opacity":"","overlay-gradient":""},"tablet":{"background-color":"","background-image":"","background-repeat":"repeat","background-position":"center center","background-size":"auto","background-attachment":"scroll","background-type":"","background-media":"","overlay-type":"","overlay-color":"","overlay-opacity":"","overlay-gradient":""},"mobile":{"background-color":"","background-image":"","background-repeat":"repeat","background-position":"center center","background-size":"auto","background-attachment":"scroll","background-type":"","background-media":"","overlay-type":"","overlay-color":"","overlay-opacity":"","overlay-gradient":""}},"ast-content-background-meta":{"desktop":{"background-color":"var(--ast-global-color-5)","background-image":"","background-repeat":"repeat","background-position":"center center","background-size":"auto","background-attachment":"scroll","background-type":"","background-media":"","overlay-type":"","overlay-color":"","overlay-opacity":"","overlay-gradient":""},"tablet":{"background-color":"var(--ast-global-color-5)","background-image":"","background-repeat":"repeat","background-position":"center center","background-size":"auto","background-attachment":"scroll","background-type":"","background-media":"","overlay-type":"","overlay-color":"","overlay-opacity":"","overlay-gradient":""},"mobile":{"background-color":"var(--ast-global-color-5)","background-image":"","background-repeat":"repeat","background-position":"center center","background-size":"auto","background-attachment":"scroll","background-type":"","background-media":"","overlay-type":"","overlay-color":"","overlay-opacity":"","overlay-gradient":""}},"footnotes":""},"class_list":["post-4673","page","type-page","status-publish","hentry"],"post_mailing_queue_ids":[],"_links":{"self":[{"href":"https:\/\/agora.xtec.cat\/escolaponent\/wp-json\/wp\/v2\/pages\/4673","targetHints":{"allow":["GET"]}}],"collection":[{"href":"https:\/\/agora.xtec.cat\/escolaponent\/wp-json\/wp\/v2\/pages"}],"about":[{"href":"https:\/\/agora.xtec.cat\/escolaponent\/wp-json\/wp\/v2\/types\/page"}],"author":[{"embeddable":true,"href":"https:\/\/agora.xtec.cat\/escolaponent\/wp-json\/wp\/v2\/users\/1"}],"replies":[{"embeddable":true,"href":"https:\/\/agora.xtec.cat\/escolaponent\/wp-json\/wp\/v2\/comments?post=4673"}],"version-history":[{"count":9,"href":"https:\/\/agora.xtec.cat\/escolaponent\/wp-json\/wp\/v2\/pages\/4673\/revisions"}],"predecessor-version":[{"id":19222,"href":"https:\/\/agora.xtec.cat\/escolaponent\/wp-json\/wp\/v2\/pages\/4673\/revisions\/19222"}],"wp:attachment":[{"href":"https:\/\/agora.xtec.cat\/escolaponent\/wp-json\/wp\/v2\/media?parent=4673"}],"curies":[{"name":"wp","href":"https:\/\/api.w.org\/{rel}","templated":true}]}}