{"id":28,"date":"2014-09-18T12:29:35","date_gmt":"2014-09-18T11:29:35","guid":{"rendered":"http:\/\/agora.xtec.cat\/escolaponent\/?page_id=28"},"modified":"2024-01-31T11:42:42","modified_gmt":"2024-01-31T10:42:42","slug":"consell-escolar","status":"publish","type":"page","link":"https:\/\/agora.xtec.cat\/escolaponent\/lescola\/consell-escolar\/","title":{"rendered":"Consell Escolar i actes"},"content":{"rendered":"<h3 style=\"text-align: center;\"><span style=\"font-family: arial, sans-serif; font-size: x-large; color: #ff9900;\"><b>Qu\u00e8 \u00e9s el Consell Escolar?\u00a0\u00a0<\/b><\/span><span style=\"color: #000000; font-family: arial, sans-serif; font-size: x-large;\"><b>\u00a0<\/b><\/span><\/h3>\n<div><\/div>\n<h6><span style=\"font-family: arial, sans-serif;\"><span style=\"font-size: large;\">\u00c9s l&#8217;\u00f2rgan de participaci\u00f3 de la comunitat educativa<\/span><span style=\"font-size: large;\"> en el govern dels centres educatius<\/span><\/span><span style=\"font-family: arial, sans-serif;\"><span style=\"font-size: large;\">(article 127 de la Llei org\u00e0nica 2\/2006, de 3 de maig, d&#8217;educaci\u00f3; BOE n\u00fam. 106 del 04\/05\/2006).<\/span><\/span><\/h6>\n<h6><span style=\"font-family: arial, sans-serif; color: #ff6600;\"><b><span style=\"font-size: x-large;\">Quines s\u00f3n les seves funcions?<\/span><\/b><\/span><\/h6>\n<ul>\n<li>\n<pre><span style=\"font-family: arial, sans-serif; font-size: large;\">Aprovar i avaluar els projectes que es desenvolupen en el centre.<\/span><\/pre>\n<\/li>\n<li>\n<pre><span style=\"font-family: arial, sans-serif; font-size: large;\">Aprovar i avaluar la programaci\u00f3 general del centre.<\/span><\/pre>\n<\/li>\n<li>\n<pre><span style=\"font-family: arial, sans-serif; font-size: large;\">Con\u00e8ixer les candidatures a la direcci\u00f3 i els projectes de direcci\u00f3 presentats pels candidats.<\/span><\/pre>\n<\/li>\n<li>\n<pre><span style=\"font-family: arial, sans-serif; font-size: large;\">Participar en la selecci\u00f3 del director\/a<\/span><\/pre>\n<\/li>\n<li>\n<pre><span style=\"font-family: arial, sans-serif; font-size: large;\">Decidir sobre l'admissi\u00f3 d'alumnes.<\/span><\/pre>\n<\/li>\n<li>\n<pre><span style=\"font-family: arial, sans-serif; font-size: large;\">Con\u00e8ixer la resoluci\u00f3 de conflictes disciplinaris<\/span><\/pre>\n<\/li>\n<li>\n<pre><span style=\"font-family: arial, sans-serif; font-size: large;\">Proposar mesures i iniciatives que afavoreixin la conviv\u00e8ncia al centre.<\/span><\/pre>\n<\/li>\n<li>\n<pre><span style=\"font-family: arial, sans-serif; font-size: large;\">Promoure la conservaci\u00f3 i renovaci\u00f3 de les instal\u00b7lacions i equip escolar.<\/span><\/pre>\n<\/li>\n<li>\n<pre><span style=\"font-family: arial, sans-serif; font-size: large;\">Fixar directrius per a la col\u00b7laboraci\u00f3 amb les administracions locals, amb altres centres, entitats i organismes.<\/span><\/pre>\n<\/li>\n<li>\n<pre><span style=\"font-family: arial, sans-serif; font-size: large;\">Analitzar i valorar el funcionament del centre.<\/span><\/pre>\n<\/li>\n<li>\n<pre><span style=\"font-family: arial, sans-serif; font-size: large;\">Aquelles altres funciones que li siguin encomanades per l\u2019administraci\u00f3 competent.<\/span><\/pre>\n<\/li>\n<\/ul>\n<p><span style=\"font-family: arial, sans-serif; color: #ff6600;\"><b><span style=\"font-size: x-large;\">Qui forma part del Consell Escolar?<\/span><\/b><\/span><\/p>\n<table style=\"height: 223px; width: 93.1868%; background-color: #f7a100; border-color: #f0d107;\" width=\"800\">\n<tbody>\n<tr style=\"height: 13px;\">\n<td style=\"width: 103px; height: 13px; text-align: center;\"><span style=\"color: #003366;\"><strong>DIRECTORA<\/strong><\/span><\/td>\n<td style=\"width: 91px; height: 13px; text-align: center;\"><span style=\"color: #003366;\"><strong>CAP D&#8217;ESTUDS<\/strong><\/span><\/td>\n<td style=\"width: 110px; height: 13px; text-align: center;\"><span style=\"color: #003366;\"><strong>SECRET\u00c0RIA<\/strong><\/span><\/td>\n<td style=\"width: 132px; height: 13px; text-align: center;\"><span style=\"color: #003366;\"><strong>REPRESENTANT AJUNTAMENT<\/strong><\/span><\/td>\n<td style=\"width: 145px; height: 13px; text-align: center;\"><span style=\"color: #003366;\"><strong>REPRESENTANTS\u00a0 DEL PROFESSORAT<\/strong><\/span><\/td>\n<td style=\"width: 145px; height: 13px; text-align: center;\"><span style=\"color: #003366;\"><strong>REPRESENTANTS\u00a0 FAM\u00cdLIES<\/strong><\/span><\/td>\n<td style=\"width: 141px; height: 13px; text-align: center;\"><span style=\"color: #003366;\"><strong>REPRESENTANTS AFA<\/strong><\/span><\/td>\n<td style=\"width: 132px; height: 13px; text-align: center;\"><span style=\"color: #003366;\"><strong>REPRESENTANT PAS i PAE<\/strong><\/span><\/td>\n<\/tr>\n<tr style=\"height: 95px;\">\n<td style=\"width: 103px; height: 95px;\">\n<h6 align=\"center\"><strong><span style=\"color: #003366;\">Laia Amador<\/span><\/strong><\/h6>\n<\/td>\n<td style=\"width: 91px; height: 95px;\">\n<h6 align=\"center\"><strong><span style=\"color: #003366;\">Anna Condal<\/span><\/strong><\/h6>\n<\/td>\n<td style=\"width: 110px; height: 95px;\">\n<h6 align=\"center\"><strong><span style=\"color: #003366;\">Anna L\u00f3pez<\/span><\/strong><\/h6>\n<\/td>\n<td style=\"width: 132px; height: 95px;\">\n<h6 align=\"center\"><strong><span style=\"color: #003366;\">Pep Forn<\/span><\/strong><\/h6>\n<\/td>\n<td style=\"width: 145px; height: 95px;\">&nbsp;<\/p>\n<p><strong><span id=\"m_-1464882741303314583gmail-docs-internal-guid-013c8f80-7fff-6d8b-2432-b1b1c5b79558\">Sandra Rodriguez<\/span><\/strong><\/p>\n<p><strong><span id=\"m_-1464882741303314583gmail-docs-internal-guid-013c8f80-7fff-6d8b-2432-b1b1c5b79558\"> Iris Hosta<\/span><\/strong><\/p>\n<p><strong><span id=\"m_-1464882741303314583gmail-docs-internal-guid-013c8f80-7fff-6d8b-2432-b1b1c5b79558\">Cristina Martinez<\/span><\/strong><\/p>\n<p><strong><span id=\"m_-1464882741303314583gmail-docs-internal-guid-013c8f80-7fff-6d8b-2432-b1b1c5b79558\"> M\u00aaJosep Marimon <\/span><\/strong><\/p>\n<p><strong><span id=\"m_-1464882741303314583gmail-docs-internal-guid-013c8f80-7fff-6d8b-2432-b1b1c5b79558\">Conxita Lopez <\/span><\/strong><\/p>\n<p><strong><span id=\"m_-1464882741303314583gmail-docs-internal-guid-013c8f80-7fff-6d8b-2432-b1b1c5b79558\">Anna Vilaseca<\/span><\/strong><\/td>\n<td style=\"width: 145px; height: 95px;\"><strong><span id=\"m_-1464882741303314583gmail-docs-internal-guid-f3f0f75e-7fff-3096-25b7-03434e827c81\">Eva Roncero<\/span><\/strong><\/p>\n<p><strong><span id=\"m_-1464882741303314583gmail-docs-internal-guid-f3f0f75e-7fff-3096-25b7-03434e827c81\">Raquel Ramirez<\/span><\/strong><\/p>\n<p><strong><span id=\"m_-1464882741303314583gmail-docs-internal-guid-f3f0f75e-7fff-3096-25b7-03434e827c81\"> Maria Jose Garcia<\/span><\/strong><\/p>\n<p><strong><span id=\"m_-1464882741303314583gmail-docs-internal-guid-f3f0f75e-7fff-3096-25b7-03434e827c81\">Daniel Roldan <\/span><\/strong><\/p>\n<p><strong><span id=\"m_-1464882741303314583gmail-docs-internal-guid-f3f0f75e-7fff-3096-25b7-03434e827c81\">Loubna Majdaou<\/span><\/strong><\/td>\n<td style=\"width: 141px; height: 95px;\">\n<h6 align=\"center\"><strong><span style=\"color: #003366;\">Carla Navarro<\/span><\/strong><\/h6>\n<\/td>\n<td style=\"width: 132px; height: 95px;\">\n<h6 style=\"text-align: center;\" align=\"center\"><strong><span style=\"color: #003366;\">Pere Miquel<\/span><\/strong><\/h6>\n<h6 style=\"text-align: center;\"><strong><span style=\"color: #003366;\">Rosi Margall\u00f3<\/span><\/strong><\/h6>\n<\/td>\n<\/tr>\n<\/tbody>\n<\/table>\n<h6><\/h6>\n<table style=\"border-collapse: collapse; width: 100%;\">\n<tbody>\n<tr>\n<td style=\"width: 25%;\"><a href=\"https:\/\/drive.google.com\/file\/d\/1ST9PTWs25vrPbJPYLjwTOUnF5i7tn4S5\/view?usp=sharing\"><img loading=\"lazy\" decoding=\"async\" class=\"alignnone wp-image-18624\" src=\"https:\/\/agora.xtec.cat\/escolaponent\/wp-content\/uploads\/usu881\/2024\/01\/8.jpg\" alt=\"\" width=\"290\" height=\"193\" srcset=\"https:\/\/agora.xtec.cat\/escolaponent\/wp-content\/uploads\/usu881\/2024\/01\/8.jpg 354w, https:\/\/agora.xtec.cat\/escolaponent\/wp-content\/uploads\/usu881\/2024\/01\/8-300x200.jpg 300w\" sizes=\"auto, (max-width: 290px) 100vw, 290px\" \/><\/a><\/td>\n<td style=\"width: 25%;\"><a href=\"https:\/\/drive.google.com\/file\/d\/1sw8FNphpCJeko-aJuf8qHTjiyDzxtLYo\/view?usp=sharing\"><img loading=\"lazy\" decoding=\"async\" class=\"alignnone wp-image-18626\" src=\"https:\/\/agora.xtec.cat\/escolaponent\/wp-content\/uploads\/usu881\/2024\/01\/10.jpg\" alt=\"\" width=\"312\" height=\"208\" srcset=\"https:\/\/agora.xtec.cat\/escolaponent\/wp-content\/uploads\/usu881\/2024\/01\/10.jpg 354w, https:\/\/agora.xtec.cat\/escolaponent\/wp-content\/uploads\/usu881\/2024\/01\/10-300x200.jpg 300w\" sizes=\"auto, (max-width: 312px) 100vw, 312px\" \/><\/a><\/td>\n<td style=\"width: 25%;\"><a href=\"https:\/\/drive.google.com\/file\/d\/17oyHUq5EvZXKmS5M2ZZFmUP8X-DLkIr-\/view?usp=sharing\"><img loading=\"lazy\" decoding=\"async\" class=\"alignnone wp-image-18625\" src=\"https:\/\/agora.xtec.cat\/escolaponent\/wp-content\/uploads\/usu881\/2024\/01\/9.jpg\" alt=\"\" width=\"300\" height=\"200\" srcset=\"https:\/\/agora.xtec.cat\/escolaponent\/wp-content\/uploads\/usu881\/2024\/01\/9.jpg 354w, https:\/\/agora.xtec.cat\/escolaponent\/wp-content\/uploads\/usu881\/2024\/01\/9-300x200.jpg 300w\" sizes=\"auto, (max-width: 300px) 100vw, 300px\" \/><\/a><\/td>\n<td style=\"width: 25%;\"><a href=\"https:\/\/drive.google.com\/file\/d\/1Al1VjCxvMBrKLsi8c9U0eCwMwPp15sBl\/view?usp=sharing\"><img loading=\"lazy\" decoding=\"async\" class=\"alignnone wp-image-18627\" src=\"https:\/\/agora.xtec.cat\/escolaponent\/wp-content\/uploads\/usu881\/2024\/01\/11.jpg\" alt=\"\" width=\"299\" height=\"199\" srcset=\"https:\/\/agora.xtec.cat\/escolaponent\/wp-content\/uploads\/usu881\/2024\/01\/11.jpg 354w, https:\/\/agora.xtec.cat\/escolaponent\/wp-content\/uploads\/usu881\/2024\/01\/11-300x200.jpg 300w\" sizes=\"auto, (max-width: 299px) 100vw, 299px\" \/><\/a><\/td>\n<\/tr>\n<\/tbody>\n<\/table>\n<h3><span style=\"color: #ff6600;\">Actes del Consell Escolar<\/span><\/h3>\n<table style=\"border-collapse: collapse; width: 100%;\">\n<tbody>\n<tr>\n<td style=\"width: 50%; text-align: center;\"><a href=\"https:\/\/docs.google.com\/document\/d\/16S_DJtBUUTEsqV9Bcqe7vPg-k4k-g5UAwz06gzfriu0\/edit?usp=sharing\"><img loading=\"lazy\" decoding=\"async\" class=\"alignnone size-full wp-image-18623\" src=\"https:\/\/agora.xtec.cat\/escolaponent\/wp-content\/uploads\/usu881\/2024\/01\/7.jpg\" alt=\"\" width=\"354\" height=\"236\" srcset=\"https:\/\/agora.xtec.cat\/escolaponent\/wp-content\/uploads\/usu881\/2024\/01\/7.jpg 354w, https:\/\/agora.xtec.cat\/escolaponent\/wp-content\/uploads\/usu881\/2024\/01\/7-300x200.jpg 300w\" sizes=\"auto, (max-width: 354px) 100vw, 354px\" \/><\/a><\/td>\n<td style=\"width: 50%; text-align: center;\"><\/td>\n<\/tr>\n<tr>\n<td style=\"width: 50%; text-align: center;\"><img loading=\"lazy\" decoding=\"async\" class=\"alignnone size-large wp-image-18621\" src=\"https:\/\/agora.xtec.cat\/escolaponent\/wp-content\/uploads\/usu881\/2024\/01\/5-1.jpg\" alt=\"\" width=\"354\" height=\"236\" srcset=\"https:\/\/agora.xtec.cat\/escolaponent\/wp-content\/uploads\/usu881\/2024\/01\/5-1.jpg 354w, https:\/\/agora.xtec.cat\/escolaponent\/wp-content\/uploads\/usu881\/2024\/01\/5-1-300x200.jpg 300w\" sizes=\"auto, (max-width: 354px) 100vw, 354px\" \/><\/td>\n<td style=\"width: 50%; text-align: center;\"><a href=\"https:\/\/docs.google.com\/document\/d\/1h35BJELEKC4AvZKclWL2StFPNoI8iyEMvl6gqSe3rGI\/edit?usp=sharing\"><img loading=\"lazy\" decoding=\"async\" class=\"alignnone size-large wp-image-18622\" src=\"https:\/\/agora.xtec.cat\/escolaponent\/wp-content\/uploads\/usu881\/2024\/01\/6.jpg\" alt=\"\" width=\"354\" height=\"236\" srcset=\"https:\/\/agora.xtec.cat\/escolaponent\/wp-content\/uploads\/usu881\/2024\/01\/6.jpg 354w, https:\/\/agora.xtec.cat\/escolaponent\/wp-content\/uploads\/usu881\/2024\/01\/6-300x200.jpg 300w\" sizes=\"auto, (max-width: 354px) 100vw, 354px\" \/><\/a><\/td>\n<\/tr>\n<tr>\n<td style=\"width: 50%; text-align: center;\"><a href=\"https:\/\/docs.google.com\/document\/d\/1x00gTFd887DOazi7GSX5-m_RzVBWkdXtzUZscJM1YLo\/edit?usp=sharing\"><img loading=\"lazy\" decoding=\"async\" class=\"alignnone size-full wp-image-18619\" src=\"https:\/\/agora.xtec.cat\/escolaponent\/wp-content\/uploads\/usu881\/2024\/01\/3-1.jpg\" alt=\"\" width=\"354\" height=\"236\" srcset=\"https:\/\/agora.xtec.cat\/escolaponent\/wp-content\/uploads\/usu881\/2024\/01\/3-1.jpg 354w, https:\/\/agora.xtec.cat\/escolaponent\/wp-content\/uploads\/usu881\/2024\/01\/3-1-300x200.jpg 300w\" sizes=\"auto, (max-width: 354px) 100vw, 354px\" \/><\/a><\/td>\n<td style=\"width: 50%; text-align: center;\"><a href=\"https:\/\/docs.google.com\/document\/d\/1UolT5vDfuY4p-8_Tm8zOkcD_hngd5AwK_ReZwV2Rgls\/edit?usp=sharing\"><img loading=\"lazy\" decoding=\"async\" class=\"alignnone size-large wp-image-18620\" src=\"https:\/\/agora.xtec.cat\/escolaponent\/wp-content\/uploads\/usu881\/2024\/01\/4-1.jpg\" alt=\"\" width=\"354\" height=\"236\" srcset=\"https:\/\/agora.xtec.cat\/escolaponent\/wp-content\/uploads\/usu881\/2024\/01\/4-1.jpg 354w, https:\/\/agora.xtec.cat\/escolaponent\/wp-content\/uploads\/usu881\/2024\/01\/4-1-300x200.jpg 300w\" sizes=\"auto, (max-width: 354px) 100vw, 354px\" \/><\/a><\/td>\n<\/tr>\n<\/tbody>\n<\/table>\n<p><a href=\"https:\/\/drive.google.com\/file\/d\/1-JX3GjGSmy4OPoIrYkI1lVf02xsifaup\/view?usp=sharing\"><img loading=\"lazy\" decoding=\"async\" class=\"size-full wp-image-16533 aligncenter\" src=\"https:\/\/agora.xtec.cat\/escolaponent\/wp-content\/uploads\/usu881\/2022\/10\/Acta-Octubre-2022-.png\" alt=\"\" width=\"295\" height=\"177\" \/><\/a><\/p>\n<h3><a href=\"https:\/\/docs.google.com\/document\/d\/1iEHm3_jCYWxapIIB70V_lOJ8tVhvtFmv\/edit\"><img loading=\"lazy\" decoding=\"async\" class=\"size-full wp-image-16382 aligncenter\" src=\"https:\/\/agora.xtec.cat\/escolaponent\/wp-content\/uploads\/usu881\/2022\/07\/Acta-1.jpg\" alt=\"\" width=\"354\" height=\"236\" srcset=\"https:\/\/agora.xtec.cat\/escolaponent\/wp-content\/uploads\/usu881\/2022\/07\/Acta-1.jpg 354w, https:\/\/agora.xtec.cat\/escolaponent\/wp-content\/uploads\/usu881\/2022\/07\/Acta-1-300x200.jpg 300w\" sizes=\"auto, (max-width: 354px) 100vw, 354px\" \/><\/a><\/h3>\n<h3><\/h3>\n<h3><a href=\"https:\/\/docs.google.com\/document\/d\/1gB9i-x0M8yW5SG1rBwFUJjE7ieaOGBSG\/edit\"><img loading=\"lazy\" decoding=\"async\" class=\"size-full wp-image-16382 aligncenter\" src=\"https:\/\/agora.xtec.cat\/escolaponent\/wp-content\/uploads\/usu881\/2022\/07\/Acta-1.jpg\" alt=\"\" width=\"354\" height=\"236\" srcset=\"https:\/\/agora.xtec.cat\/escolaponent\/wp-content\/uploads\/usu881\/2022\/07\/Acta-1.jpg 354w, https:\/\/agora.xtec.cat\/escolaponent\/wp-content\/uploads\/usu881\/2022\/07\/Acta-1-300x200.jpg 300w\" sizes=\"auto, (max-width: 354px) 100vw, 354px\" \/><\/a><\/h3>\n<h3 style=\"text-align: center;\"><span style=\"color: #333399;\">2021<\/span><\/h3>\n<p style=\"text-align: center;\"><a href=\"https:\/\/docs.google.com\/document\/d\/18giQO7IP2_orSwKn5F4coJIDVf7D25qw\/edit?usp=sharing&amp;ouid=105761179563044702982&amp;rtpof=true&amp;sd=true\"><img loading=\"lazy\" decoding=\"async\" class=\"alignnone wp-image-15762\" src=\"https:\/\/agora.xtec.cat\/escolaponent\/wp-content\/uploads\/usu881\/2022\/02\/Copia-de-ACTA-SETEMBRE-2021.jpg\" alt=\"\" width=\"369\" height=\"185\" srcset=\"https:\/\/agora.xtec.cat\/escolaponent\/wp-content\/uploads\/usu881\/2022\/02\/Copia-de-ACTA-SETEMBRE-2021.jpg 943w, https:\/\/agora.xtec.cat\/escolaponent\/wp-content\/uploads\/usu881\/2022\/02\/Copia-de-ACTA-SETEMBRE-2021-300x150.jpg 300w, https:\/\/agora.xtec.cat\/escolaponent\/wp-content\/uploads\/usu881\/2022\/02\/Copia-de-ACTA-SETEMBRE-2021-768x384.jpg 768w\" sizes=\"auto, (max-width: 369px) 100vw, 369px\" \/><\/a><\/p>\n<p style=\"text-align: center;\"><a href=\"https:\/\/docs.google.com\/document\/d\/1STGDIw6tDRn_Q4WAuxdmJm_9iiX_XMKM\/edit?usp=sharing&amp;ouid=105761179563044702982&amp;rtpof=true&amp;sd=true\"><img loading=\"lazy\" decoding=\"async\" class=\"alignnone wp-image-15651\" src=\"https:\/\/agora.xtec.cat\/escolaponent\/wp-content\/uploads\/usu881\/2022\/02\/Copia-de-ACTA-SETEMBRE-2021.png\" alt=\"\" width=\"355\" height=\"178\" srcset=\"https:\/\/agora.xtec.cat\/escolaponent\/wp-content\/uploads\/usu881\/2022\/02\/Copia-de-ACTA-SETEMBRE-2021.png 943w, https:\/\/agora.xtec.cat\/escolaponent\/wp-content\/uploads\/usu881\/2022\/02\/Copia-de-ACTA-SETEMBRE-2021-300x150.png 300w, https:\/\/agora.xtec.cat\/escolaponent\/wp-content\/uploads\/usu881\/2022\/02\/Copia-de-ACTA-SETEMBRE-2021-768x384.png 768w\" sizes=\"auto, (max-width: 355px) 100vw, 355px\" \/><\/a><\/p>\n<p style=\"text-align: center;\"><a href=\"https:\/\/docs.google.com\/document\/d\/16-E3aCkfAwMewZLYgxgfaORQ0Bc-Ih6e\/edit?usp=sharing&amp;ouid=105761179563044702982&amp;rtpof=true&amp;sd=true\"><img loading=\"lazy\" decoding=\"async\" class=\"alignnone wp-image-14912\" src=\"https:\/\/agora.xtec.cat\/escolaponent\/wp-content\/uploads\/usu881\/2021\/10\/ACTA-SETEMBRE-2021-3.png\" alt=\"\" width=\"352\" height=\"176\" srcset=\"https:\/\/agora.xtec.cat\/escolaponent\/wp-content\/uploads\/usu881\/2021\/10\/ACTA-SETEMBRE-2021-3.png 943w, https:\/\/agora.xtec.cat\/escolaponent\/wp-content\/uploads\/usu881\/2021\/10\/ACTA-SETEMBRE-2021-3-300x150.png 300w, https:\/\/agora.xtec.cat\/escolaponent\/wp-content\/uploads\/usu881\/2021\/10\/ACTA-SETEMBRE-2021-3-768x384.png 768w\" sizes=\"auto, (max-width: 352px) 100vw, 352px\" \/><\/a><\/p>\n<p style=\"text-align: center;\"><a href=\"https:\/\/docs.google.com\/document\/d\/1Ls0Eze7b-o00LDabRpYoLTWbS9tJdVxB\/edit?usp=sharing&amp;ouid=105761179563044702982&amp;rtpof=true&amp;sd=true\"><img loading=\"lazy\" decoding=\"async\" class=\"alignnone wp-image-14913\" src=\"https:\/\/agora.xtec.cat\/escolaponent\/wp-content\/uploads\/usu881\/2021\/10\/ACTA-SETEMBRE-2021-4.png\" alt=\"\" width=\"356\" height=\"179\" srcset=\"https:\/\/agora.xtec.cat\/escolaponent\/wp-content\/uploads\/usu881\/2021\/10\/ACTA-SETEMBRE-2021-4.png 943w, https:\/\/agora.xtec.cat\/escolaponent\/wp-content\/uploads\/usu881\/2021\/10\/ACTA-SETEMBRE-2021-4-300x150.png 300w, https:\/\/agora.xtec.cat\/escolaponent\/wp-content\/uploads\/usu881\/2021\/10\/ACTA-SETEMBRE-2021-4-768x384.png 768w\" sizes=\"auto, (max-width: 356px) 100vw, 356px\" \/><\/a><\/p>\n<p style=\"text-align: center;\"><a href=\"https:\/\/drive.google.com\/file\/d\/1t-ymamEobBy4ejGNvCV2THFMZb9G7D8c\/view?usp=sharing\" target=\"_blank\" rel=\"noopener noreferrer\"><img loading=\"lazy\" decoding=\"async\" class=\"alignnone size-medium wp-image-14501\" src=\"https:\/\/agora.xtec.cat\/escolaponent\/wp-content\/uploads\/usu881\/2021\/06\/ACTA-MAIG-300x212.jpg\" alt=\"\" width=\"300\" height=\"212\" srcset=\"https:\/\/agora.xtec.cat\/escolaponent\/wp-content\/uploads\/usu881\/2021\/06\/ACTA-MAIG-300x212.jpg 300w, https:\/\/agora.xtec.cat\/escolaponent\/wp-content\/uploads\/usu881\/2021\/06\/ACTA-MAIG-768x543.jpg 768w, https:\/\/agora.xtec.cat\/escolaponent\/wp-content\/uploads\/usu881\/2021\/06\/ACTA-MAIG-1024x724.jpg 1024w\" sizes=\"auto, (max-width: 300px) 100vw, 300px\" \/><\/a><\/p>\n<p style=\"text-align: center;\"><a href=\"https:\/\/drive.google.com\/file\/d\/1sooT1hLdVNyF4dtvz56FJ1iYJB7fBYJr\/view?usp=sharing\" target=\"_blank\" rel=\"noopener noreferrer\"><img loading=\"lazy\" decoding=\"async\" class=\"alignnone size-medium wp-image-14327\" src=\"https:\/\/agora.xtec.cat\/escolaponent\/wp-content\/uploads\/usu881\/2021\/05\/acta-abril-300x212.jpg\" alt=\"\" width=\"300\" height=\"212\" srcset=\"https:\/\/agora.xtec.cat\/escolaponent\/wp-content\/uploads\/usu881\/2021\/05\/acta-abril-300x212.jpg 300w, https:\/\/agora.xtec.cat\/escolaponent\/wp-content\/uploads\/usu881\/2021\/05\/acta-abril-768x543.jpg 768w, https:\/\/agora.xtec.cat\/escolaponent\/wp-content\/uploads\/usu881\/2021\/05\/acta-abril-1024x724.jpg 1024w\" sizes=\"auto, (max-width: 300px) 100vw, 300px\" \/><\/a><\/p>\n<p style=\"text-align: center;\"><a href=\"https:\/\/drive.google.com\/file\/d\/1pyDniIHHlCNbdBuJ7mj9cEinfVep0UGy\/view?usp=sharing\"><img loading=\"lazy\" decoding=\"async\" class=\"alignnone size-medium wp-image-13589\" src=\"https:\/\/agora.xtec.cat\/escolaponent\/wp-content\/uploads\/usu881\/2021\/02\/LIQUIDACI\u00d3-2-300x212.jpg\" alt=\"\" width=\"300\" height=\"212\" \/><\/a><\/p>\n<h3 style=\"text-align: center;\"><span style=\"color: #333399;\"><strong>\u00a0<\/strong><\/span><\/h3>\n<p>&nbsp;<\/p>\n<div><span style=\"color: #ff6600;\">\u00a0<\/span><\/div>\n<div><\/div>\n<p>&nbsp;<\/p>\n<p>&nbsp;<\/p>\n<p>&nbsp;<\/p>\n<p>&nbsp;<\/p>\n<p>&nbsp;<\/p>\n<h6><\/h6>\n<p>&nbsp;<\/p>\n<p>&nbsp;<\/p>\n<p>&nbsp;<\/p>\n<p>&nbsp;<\/p>\n<p>&nbsp;<\/p>\n<p>&nbsp;<\/p>\n<p>&nbsp;<\/p>\n<p>&nbsp;<\/p>\n<p>&nbsp;<\/p>\n<p>&nbsp;<\/p>\n","protected":false},"excerpt":{"rendered":"<p>Qu\u00e8 \u00e9s el Consell Escolar?\u00a0\u00a0\u00a0 \u00c9s l&#8217;\u00f2rgan de participaci\u00f3 de la comunitat educativa en el govern dels centres educatius(article 127 de la Llei org\u00e0nica 2\/2006, de 3 de maig, d&#8217;educaci\u00f3; BOE n\u00fam. 106 del 04\/05\/2006). Quines s\u00f3n les seves funcions? Aprovar i avaluar els projectes que es desenvolupen en el centre. Aprovar i avaluar la [&hellip;]<\/p>\n","protected":false},"author":1,"featured_media":0,"parent":22,"menu_order":80,"comment_status":"closed","ping_status":"closed","template":"page-templates\/side-menu.php","meta":{"_bbp_topic_count":0,"_bbp_reply_count":0,"_bbp_total_topic_count":0,"_bbp_total_reply_count":0,"_bbp_voice_count":0,"_bbp_anonymous_reply_count":0,"_bbp_topic_count_hidden":0,"_bbp_reply_count_hidden":0,"_bbp_forum_subforum_count":0,"site-sidebar-layout":"default","site-content-layout":"","ast-site-content-layout":"","site-content-style":"default","site-sidebar-style":"default","ast-global-header-display":"","ast-banner-title-visibility":"","ast-main-header-display":"","ast-hfb-above-header-display":"","ast-hfb-below-header-display":"","ast-hfb-mobile-header-display":"","site-post-title":"","ast-breadcrumbs-content":"","ast-featured-img":"","footer-sml-layout":"","theme-transparent-header-meta":"","adv-header-id-meta":"","stick-header-meta":"","header-above-stick-meta":"","header-main-stick-meta":"","header-below-stick-meta":"","astra-migrate-meta-layouts":"default","ast-page-background-enabled":"default","ast-page-background-meta":{"desktop":{"background-color":"var(--ast-global-color-4)","background-image":"","background-repeat":"repeat","background-position":"center center","background-size":"auto","background-attachment":"scroll","background-type":"","background-media":"","overlay-type":"","overlay-color":"","overlay-opacity":"","overlay-gradient":""},"tablet":{"background-color":"","background-image":"","background-repeat":"repeat","background-position":"center center","background-size":"auto","background-attachment":"scroll","background-type":"","background-media":"","overlay-type":"","overlay-color":"","overlay-opacity":"","overlay-gradient":""},"mobile":{"background-color":"","background-image":"","background-repeat":"repeat","background-position":"center center","background-size":"auto","background-attachment":"scroll","background-type":"","background-media":"","overlay-type":"","overlay-color":"","overlay-opacity":"","overlay-gradient":""}},"ast-content-background-meta":{"desktop":{"background-color":"var(--ast-global-color-5)","background-image":"","background-repeat":"repeat","background-position":"center center","background-size":"auto","background-attachment":"scroll","background-type":"","background-media":"","overlay-type":"","overlay-color":"","overlay-opacity":"","overlay-gradient":""},"tablet":{"background-color":"var(--ast-global-color-5)","background-image":"","background-repeat":"repeat","background-position":"center center","background-size":"auto","background-attachment":"scroll","background-type":"","background-media":"","overlay-type":"","overlay-color":"","overlay-opacity":"","overlay-gradient":""},"mobile":{"background-color":"var(--ast-global-color-5)","background-image":"","background-repeat":"repeat","background-position":"center center","background-size":"auto","background-attachment":"scroll","background-type":"","background-media":"","overlay-type":"","overlay-color":"","overlay-opacity":"","overlay-gradient":""}},"footnotes":""},"class_list":["post-28","page","type-page","status-publish","hentry"],"post_mailing_queue_ids":[],"_links":{"self":[{"href":"https:\/\/agora.xtec.cat\/escolaponent\/wp-json\/wp\/v2\/pages\/28","targetHints":{"allow":["GET"]}}],"collection":[{"href":"https:\/\/agora.xtec.cat\/escolaponent\/wp-json\/wp\/v2\/pages"}],"about":[{"href":"https:\/\/agora.xtec.cat\/escolaponent\/wp-json\/wp\/v2\/types\/page"}],"author":[{"embeddable":true,"href":"https:\/\/agora.xtec.cat\/escolaponent\/wp-json\/wp\/v2\/users\/1"}],"replies":[{"embeddable":true,"href":"https:\/\/agora.xtec.cat\/escolaponent\/wp-json\/wp\/v2\/comments?post=28"}],"version-history":[{"count":9,"href":"https:\/\/agora.xtec.cat\/escolaponent\/wp-json\/wp\/v2\/pages\/28\/revisions"}],"predecessor-version":[{"id":18631,"href":"https:\/\/agora.xtec.cat\/escolaponent\/wp-json\/wp\/v2\/pages\/28\/revisions\/18631"}],"up":[{"embeddable":true,"href":"https:\/\/agora.xtec.cat\/escolaponent\/wp-json\/wp\/v2\/pages\/22"}],"wp:attachment":[{"href":"https:\/\/agora.xtec.cat\/escolaponent\/wp-json\/wp\/v2\/media?parent=28"}],"curies":[{"name":"wp","href":"https:\/\/api.w.org\/{rel}","templated":true}]}}