{"id":235,"date":"2016-03-06T22:03:54","date_gmt":"2016-03-06T21:03:54","guid":{"rendered":"http:\/\/agora.xtec.cat\/escolaponent\/?page_id=235"},"modified":"2021-03-11T12:24:31","modified_gmt":"2021-03-11T11:24:31","slug":"eix-transversal","status":"publish","type":"page","link":"https:\/\/agora.xtec.cat\/escolaponent\/projecte-educatiu\/eix-transversal\/","title":{"rendered":"Eix Transversal"},"content":{"rendered":"<p>A l&#8217;escola cada curs triem un tema com\u00fa per a tots els infants de l&#8217;escola. A partir d&#8217;aquest eix es fan diferents propostes des de les tutories, cicles, especialitats&#8230;<\/p>\n<p>A final de curs organitzem un<b> taller intercicle\u00a0<\/b>on tots els infants de l&#8217;escola es barregen des de P3 fins a 6\u00e8. Aquesta activitat es fa al llarg de tot el mat\u00ed.<\/p>\n<p><span style=\"color: #000000; font-size: large;\"><span lang=\"EN-US\">Fins ara hem treballat:\u00a0<b>ViscA Terrassa!, l&#8217;@rt i els audiovisuals<span style=\"font-size: large;\">, \u00a0Land Art, el medi ambient, les ci\u00e8ncies, l&#8217;Educaci\u00f3 en valors, l&#8217;esport i l&#8217;activitat f\u00edsica i la literatura Universal, conviure en un m\u00f3n de difer\u00e8ncies.<\/span><\/b><\/span><\/span><\/p>\n<p><span style=\"color: #000000; font-size: large;\"><span lang=\"EN-US\"><span style=\"font-size: large;\">Aquest curs treballarem<\/span><b><span style=\"font-size: large;\"> &#8221; Camins escolars&#8221;.<\/span><\/b><\/span><\/span><\/p>\n<p style=\"text-align: center;\" align=\"left\"><a href=\"https:\/\/agora.xtec.cat\/escolaponent\/wp-content\/uploads\/usu881\/2021\/02\/logo-camins.jpg\"><img loading=\"lazy\" decoding=\"async\" class=\"alignnone size-medium wp-image-13852\" src=\"https:\/\/agora.xtec.cat\/escolaponent\/wp-content\/uploads\/usu881\/2021\/02\/logo-camins-300x222.jpg\" alt=\"\" width=\"300\" height=\"222\" srcset=\"https:\/\/agora.xtec.cat\/escolaponent\/wp-content\/uploads\/usu881\/2021\/02\/logo-camins-300x222.jpg 300w, https:\/\/agora.xtec.cat\/escolaponent\/wp-content\/uploads\/usu881\/2021\/02\/logo-camins.jpg 677w\" sizes=\"auto, (max-width: 300px) 100vw, 300px\" \/><\/a><\/p>\n<p align=\"left\"><span style=\"color: #000000; font-size: large;\">\u00a0<\/span><\/p>\n","protected":false},"excerpt":{"rendered":"<p>A l&#8217;escola cada curs triem un tema com\u00fa per a tots els infants de l&#8217;escola. A partir d&#8217;aquest eix es fan diferents propostes des de les tutories, cicles, especialitats&#8230; A final de curs organitzem un taller intercicle\u00a0on tots els infants de l&#8217;escola es barregen des de P3 fins a 6\u00e8. Aquesta activitat es fa al [&hellip;]<\/p>\n","protected":false},"author":1,"featured_media":0,"parent":64,"menu_order":70,"comment_status":"closed","ping_status":"closed","template":"","meta":{"_bbp_topic_count":0,"_bbp_reply_count":0,"_bbp_total_topic_count":0,"_bbp_total_reply_count":0,"_bbp_voice_count":0,"_bbp_anonymous_reply_count":0,"_bbp_topic_count_hidden":0,"_bbp_reply_count_hidden":0,"_bbp_forum_subforum_count":0,"site-sidebar-layout":"default","site-content-layout":"","ast-site-content-layout":"","site-content-style":"default","site-sidebar-style":"default","ast-global-header-display":"","ast-banner-title-visibility":"","ast-main-header-display":"","ast-hfb-above-header-display":"","ast-hfb-below-header-display":"","ast-hfb-mobile-header-display":"","site-post-title":"","ast-breadcrumbs-content":"","ast-featured-img":"","footer-sml-layout":"","theme-transparent-header-meta":"","adv-header-id-meta":"","stick-header-meta":"","header-above-stick-meta":"","header-main-stick-meta":"","header-below-stick-meta":"","astra-migrate-meta-layouts":"default","ast-page-background-enabled":"default","ast-page-background-meta":{"desktop":{"background-color":"var(--ast-global-color-4)","background-image":"","background-repeat":"repeat","background-position":"center center","background-size":"auto","background-attachment":"scroll","background-type":"","background-media":"","overlay-type":"","overlay-color":"","overlay-opacity":"","overlay-gradient":""},"tablet":{"background-color":"","background-image":"","background-repeat":"repeat","background-position":"center center","background-size":"auto","background-attachment":"scroll","background-type":"","background-media":"","overlay-type":"","overlay-color":"","overlay-opacity":"","overlay-gradient":""},"mobile":{"background-color":"","background-image":"","background-repeat":"repeat","background-position":"center center","background-size":"auto","background-attachment":"scroll","background-type":"","background-media":"","overlay-type":"","overlay-color":"","overlay-opacity":"","overlay-gradient":""}},"ast-content-background-meta":{"desktop":{"background-color":"var(--ast-global-color-5)","background-image":"","background-repeat":"repeat","background-position":"center center","background-size":"auto","background-attachment":"scroll","background-type":"","background-media":"","overlay-type":"","overlay-color":"","overlay-opacity":"","overlay-gradient":""},"tablet":{"background-color":"var(--ast-global-color-5)","background-image":"","background-repeat":"repeat","background-position":"center center","background-size":"auto","background-attachment":"scroll","background-type":"","background-media":"","overlay-type":"","overlay-color":"","overlay-opacity":"","overlay-gradient":""},"mobile":{"background-color":"var(--ast-global-color-5)","background-image":"","background-repeat":"repeat","background-position":"center center","background-size":"auto","background-attachment":"scroll","background-type":"","background-media":"","overlay-type":"","overlay-color":"","overlay-opacity":"","overlay-gradient":""}},"footnotes":""},"class_list":["post-235","page","type-page","status-publish","hentry"],"post_mailing_queue_ids":[],"_links":{"self":[{"href":"https:\/\/agora.xtec.cat\/escolaponent\/wp-json\/wp\/v2\/pages\/235","targetHints":{"allow":["GET"]}}],"collection":[{"href":"https:\/\/agora.xtec.cat\/escolaponent\/wp-json\/wp\/v2\/pages"}],"about":[{"href":"https:\/\/agora.xtec.cat\/escolaponent\/wp-json\/wp\/v2\/types\/page"}],"author":[{"embeddable":true,"href":"https:\/\/agora.xtec.cat\/escolaponent\/wp-json\/wp\/v2\/users\/1"}],"replies":[{"embeddable":true,"href":"https:\/\/agora.xtec.cat\/escolaponent\/wp-json\/wp\/v2\/comments?post=235"}],"version-history":[{"count":5,"href":"https:\/\/agora.xtec.cat\/escolaponent\/wp-json\/wp\/v2\/pages\/235\/revisions"}],"predecessor-version":[{"id":14011,"href":"https:\/\/agora.xtec.cat\/escolaponent\/wp-json\/wp\/v2\/pages\/235\/revisions\/14011"}],"up":[{"embeddable":true,"href":"https:\/\/agora.xtec.cat\/escolaponent\/wp-json\/wp\/v2\/pages\/64"}],"wp:attachment":[{"href":"https:\/\/agora.xtec.cat\/escolaponent\/wp-json\/wp\/v2\/media?parent=235"}],"curies":[{"name":"wp","href":"https:\/\/api.w.org\/{rel}","templated":true}]}}