{"id":20262,"date":"2025-12-10T09:44:17","date_gmt":"2025-12-10T08:44:17","guid":{"rendered":"https:\/\/agora.xtec.cat\/escolaponent\/?page_id=20262"},"modified":"2025-12-10T09:44:17","modified_gmt":"2025-12-10T08:44:17","slug":"projecte-de-convivencia","status":"publish","type":"page","link":"https:\/\/agora.xtec.cat\/escolaponent\/projecte-de-convivencia\/","title":{"rendered":"Projecte de conviv\u00e8ncia"},"content":{"rendered":"<p>A l\u2019escola treballem cada dia per construir un entorn segur, respectu\u00f3s i acollidor on tots els membres de la comunitat educativa se sentin valorats. El <span style=\"text-decoration: underline;\">Projecte de Conviv\u00e8ncia<\/span> recull les l\u00ednies d\u2019actuaci\u00f3, els objectius i les estrat\u00e8gies que utilitzem per fomentar relacions positives, la resoluci\u00f3 pac\u00edfica de conflictes i el benestar emocional de l\u2019alumnat.<\/p>\n<p><a href=\"https:\/\/drive.google.com\/file\/d\/1y69Usb9hcj7XIC5m2-wjMcD7cNaJ1fTr\/view?usp=sharing\"><img loading=\"lazy\" decoding=\"async\" class=\"alignnone  wp-image-20263\" src=\"https:\/\/agora.xtec.cat\/escolaponent\/wp-content\/uploads\/usu881\/2025\/12\/mans.png\" alt=\"\" width=\"175\" height=\"168\" srcset=\"https:\/\/agora.xtec.cat\/escolaponent\/wp-content\/uploads\/usu881\/2025\/12\/mans.png 738w, https:\/\/agora.xtec.cat\/escolaponent\/wp-content\/uploads\/usu881\/2025\/12\/mans-300x288.png 300w\" sizes=\"auto, (max-width: 175px) 100vw, 175px\" \/>Projecte de conviv\u00e8ncia<\/a><\/p>\n<p>&nbsp;<\/p>\n","protected":false},"excerpt":{"rendered":"<p>A l\u2019escola treballem cada dia per construir un entorn segur, respectu\u00f3s i acollidor on tots els membres de la comunitat educativa se sentin valorats. El Projecte de Conviv\u00e8ncia recull les l\u00ednies d\u2019actuaci\u00f3, els objectius i les estrat\u00e8gies que utilitzem per fomentar relacions positives, la resoluci\u00f3 pac\u00edfica de conflictes i el benestar emocional de l\u2019alumnat. Projecte [&hellip;]<\/p>\n","protected":false},"author":91,"featured_media":0,"parent":0,"menu_order":0,"comment_status":"closed","ping_status":"closed","template":"","meta":{"_bbp_topic_count":0,"_bbp_reply_count":0,"_bbp_total_topic_count":0,"_bbp_total_reply_count":0,"_bbp_voice_count":0,"_bbp_anonymous_reply_count":0,"_bbp_topic_count_hidden":0,"_bbp_reply_count_hidden":0,"_bbp_forum_subforum_count":0,"site-sidebar-layout":"default","site-content-layout":"","ast-site-content-layout":"default","site-content-style":"default","site-sidebar-style":"default","ast-global-header-display":"","ast-banner-title-visibility":"","ast-main-header-display":"","ast-hfb-above-header-display":"","ast-hfb-below-header-display":"","ast-hfb-mobile-header-display":"","site-post-title":"","ast-breadcrumbs-content":"","ast-featured-img":"","footer-sml-layout":"","theme-transparent-header-meta":"default","adv-header-id-meta":"","stick-header-meta":"","header-above-stick-meta":"","header-main-stick-meta":"","header-below-stick-meta":"","astra-migrate-meta-layouts":"set","ast-page-background-enabled":"default","ast-page-background-meta":{"desktop":{"background-color":"var(--ast-global-color-4)","background-image":"","background-repeat":"repeat","background-position":"center center","background-size":"auto","background-attachment":"scroll","background-type":"","background-media":"","overlay-type":"","overlay-color":"","overlay-opacity":"","overlay-gradient":""},"tablet":{"background-color":"","background-image":"","background-repeat":"repeat","background-position":"center center","background-size":"auto","background-attachment":"scroll","background-type":"","background-media":"","overlay-type":"","overlay-color":"","overlay-opacity":"","overlay-gradient":""},"mobile":{"background-color":"","background-image":"","background-repeat":"repeat","background-position":"center center","background-size":"auto","background-attachment":"scroll","background-type":"","background-media":"","overlay-type":"","overlay-color":"","overlay-opacity":"","overlay-gradient":""}},"ast-content-background-meta":{"desktop":{"background-color":"var(--ast-global-color-5)","background-image":"","background-repeat":"repeat","background-position":"center center","background-size":"auto","background-attachment":"scroll","background-type":"","background-media":"","overlay-type":"","overlay-color":"","overlay-opacity":"","overlay-gradient":""},"tablet":{"background-color":"var(--ast-global-color-5)","background-image":"","background-repeat":"repeat","background-position":"center center","background-size":"auto","background-attachment":"scroll","background-type":"","background-media":"","overlay-type":"","overlay-color":"","overlay-opacity":"","overlay-gradient":""},"mobile":{"background-color":"var(--ast-global-color-5)","background-image":"","background-repeat":"repeat","background-position":"center center","background-size":"auto","background-attachment":"scroll","background-type":"","background-media":"","overlay-type":"","overlay-color":"","overlay-opacity":"","overlay-gradient":""}},"footnotes":""},"class_list":["post-20262","page","type-page","status-publish","hentry"],"post_mailing_queue_ids":[],"_links":{"self":[{"href":"https:\/\/agora.xtec.cat\/escolaponent\/wp-json\/wp\/v2\/pages\/20262","targetHints":{"allow":["GET"]}}],"collection":[{"href":"https:\/\/agora.xtec.cat\/escolaponent\/wp-json\/wp\/v2\/pages"}],"about":[{"href":"https:\/\/agora.xtec.cat\/escolaponent\/wp-json\/wp\/v2\/types\/page"}],"author":[{"embeddable":true,"href":"https:\/\/agora.xtec.cat\/escolaponent\/wp-json\/wp\/v2\/users\/91"}],"replies":[{"embeddable":true,"href":"https:\/\/agora.xtec.cat\/escolaponent\/wp-json\/wp\/v2\/comments?post=20262"}],"version-history":[{"count":1,"href":"https:\/\/agora.xtec.cat\/escolaponent\/wp-json\/wp\/v2\/pages\/20262\/revisions"}],"predecessor-version":[{"id":20266,"href":"https:\/\/agora.xtec.cat\/escolaponent\/wp-json\/wp\/v2\/pages\/20262\/revisions\/20266"}],"wp:attachment":[{"href":"https:\/\/agora.xtec.cat\/escolaponent\/wp-json\/wp\/v2\/media?parent=20262"}],"curies":[{"name":"wp","href":"https:\/\/api.w.org\/{rel}","templated":true}]}}