{"id":20171,"date":"2025-11-20T10:55:35","date_gmt":"2025-11-20T09:55:35","guid":{"rendered":"https:\/\/agora.xtec.cat\/escolaponent\/?page_id=20171"},"modified":"2025-11-20T10:56:40","modified_gmt":"2025-11-20T09:56:40","slug":"innovacio-i-digitalitzacio","status":"publish","type":"page","link":"https:\/\/agora.xtec.cat\/escolaponent\/innovacio-i-digitalitzacio\/","title":{"rendered":"Innovaci\u00f3 i digitalitzaci\u00f3"},"content":{"rendered":"<p><span style=\"font-weight: 400;\">En l\u00ednies generals, el desenvolupament de la compet\u00e8ncia digital al Centre t\u00e9 <strong>una de les seves fortaleses <\/strong>en la <strong>rob\u00f2tica i el pensament computacional<\/strong> que es vesteix de la seg\u00fcent manera:<\/span><\/p>\n<ul>\n<li style=\"font-weight: 400;\" aria-level=\"1\"><span style=\"font-weight: 400;\"><strong>A Infantil <\/strong>es fan ambients de rob\u00f2tica i programaci\u00f3 amb Bee-Bots i material manipulatiu.\u00a0<\/span><\/li>\n<li style=\"font-weight: 400;\" aria-level=\"1\"><span style=\"font-weight: 400;\"><strong>A Mitjans<\/strong> es fa rob\u00f2tica als ambients amb Lego Spike Essential i espais en grups redu\u00efts on es treballa amb Bee-Bots, Scratch Junior i Scratch amb tauletes i ordinadors.<\/span><\/li>\n<li style=\"font-weight: 400;\" aria-level=\"1\"><span style=\"font-weight: 400;\"><strong>A Grans<\/strong> es fan ambients amb Lego Mindstrom i aquest curs hem iniciat el projecte PCMAT, un programa impulsat pel ministeri d&#8217;educaci\u00f3 per a millorar la compet\u00e8ncia matem\u00e0tica de l\u2019alumnat a trav\u00e9s del pensament computacional, la programaci\u00f3 i la rob\u00f2tica educativa.<\/span><\/li>\n<\/ul>\n<p><span style=\"font-weight: 400;\">A m\u00e9s, s\u2019han s&#8217;apliquen diverses propostes amb <strong>impressi\u00f3 3D<\/strong> de forma puntual i s&#8217;implementa l&#8217;us de les <strong>cricut<\/strong> per tal de donar vida als projectes art\u00edstics de l&#8217;alumnat.<\/span><\/p>\n<p>Quant als <strong>entorns virtuals d&#8217;aprenentatge<\/strong>, a<span style=\"font-weight: 400;\"> partir de 4t s\u2019aplica l\u2019usuari @ponent.cat a ple rendiment per a les aplicacions del workspace (classroom, drive, mail, documents, presentacions, canva\u2026)\u00a0 afavorint que l&#8217;alumnat treballi de forma digital i cooperativa. <\/span><span style=\"font-weight: 400;\">A m\u00e9s, amb l&#8217;alumnat de 5\u00e8 i 6\u00e8 s\u2019implementa la plataforma Fiction Express, una plataforma de lectura innovadora que connecta autors i lectors fomentant el di\u00e0leg creatiu entre ells per anar creant les hist\u00f2ries.<\/span><\/p>\n","protected":false},"excerpt":{"rendered":"<p>En l\u00ednies generals, el desenvolupament de la compet\u00e8ncia digital al Centre t\u00e9 una de les seves fortaleses en la rob\u00f2tica i el pensament computacional que es vesteix de la seg\u00fcent manera: A Infantil es fan ambients de rob\u00f2tica i programaci\u00f3 amb Bee-Bots i material manipulatiu.\u00a0 A Mitjans es fa rob\u00f2tica als ambients amb Lego Spike [&hellip;]<\/p>\n","protected":false},"author":90,"featured_media":0,"parent":0,"menu_order":0,"comment_status":"closed","ping_status":"closed","template":"","meta":{"_bbp_topic_count":0,"_bbp_reply_count":0,"_bbp_total_topic_count":0,"_bbp_total_reply_count":0,"_bbp_voice_count":0,"_bbp_anonymous_reply_count":0,"_bbp_topic_count_hidden":0,"_bbp_reply_count_hidden":0,"_bbp_forum_subforum_count":0,"site-sidebar-layout":"default","site-content-layout":"","ast-site-content-layout":"default","site-content-style":"default","site-sidebar-style":"default","ast-global-header-display":"","ast-banner-title-visibility":"","ast-main-header-display":"","ast-hfb-above-header-display":"","ast-hfb-below-header-display":"","ast-hfb-mobile-header-display":"","site-post-title":"","ast-breadcrumbs-content":"","ast-featured-img":"","footer-sml-layout":"","theme-transparent-header-meta":"default","adv-header-id-meta":"","stick-header-meta":"","header-above-stick-meta":"","header-main-stick-meta":"","header-below-stick-meta":"","astra-migrate-meta-layouts":"set","ast-page-background-enabled":"default","ast-page-background-meta":{"desktop":{"background-color":"var(--ast-global-color-4)","background-image":"","background-repeat":"repeat","background-position":"center center","background-size":"auto","background-attachment":"scroll","background-type":"","background-media":"","overlay-type":"","overlay-color":"","overlay-opacity":"","overlay-gradient":""},"tablet":{"background-color":"","background-image":"","background-repeat":"repeat","background-position":"center center","background-size":"auto","background-attachment":"scroll","background-type":"","background-media":"","overlay-type":"","overlay-color":"","overlay-opacity":"","overlay-gradient":""},"mobile":{"background-color":"","background-image":"","background-repeat":"repeat","background-position":"center center","background-size":"auto","background-attachment":"scroll","background-type":"","background-media":"","overlay-type":"","overlay-color":"","overlay-opacity":"","overlay-gradient":""}},"ast-content-background-meta":{"desktop":{"background-color":"var(--ast-global-color-5)","background-image":"","background-repeat":"repeat","background-position":"center center","background-size":"auto","background-attachment":"scroll","background-type":"","background-media":"","overlay-type":"","overlay-color":"","overlay-opacity":"","overlay-gradient":""},"tablet":{"background-color":"var(--ast-global-color-5)","background-image":"","background-repeat":"repeat","background-position":"center center","background-size":"auto","background-attachment":"scroll","background-type":"","background-media":"","overlay-type":"","overlay-color":"","overlay-opacity":"","overlay-gradient":""},"mobile":{"background-color":"var(--ast-global-color-5)","background-image":"","background-repeat":"repeat","background-position":"center center","background-size":"auto","background-attachment":"scroll","background-type":"","background-media":"","overlay-type":"","overlay-color":"","overlay-opacity":"","overlay-gradient":""}},"footnotes":""},"class_list":["post-20171","page","type-page","status-publish","hentry"],"post_mailing_queue_ids":[],"_links":{"self":[{"href":"https:\/\/agora.xtec.cat\/escolaponent\/wp-json\/wp\/v2\/pages\/20171","targetHints":{"allow":["GET"]}}],"collection":[{"href":"https:\/\/agora.xtec.cat\/escolaponent\/wp-json\/wp\/v2\/pages"}],"about":[{"href":"https:\/\/agora.xtec.cat\/escolaponent\/wp-json\/wp\/v2\/types\/page"}],"author":[{"embeddable":true,"href":"https:\/\/agora.xtec.cat\/escolaponent\/wp-json\/wp\/v2\/users\/90"}],"replies":[{"embeddable":true,"href":"https:\/\/agora.xtec.cat\/escolaponent\/wp-json\/wp\/v2\/comments?post=20171"}],"version-history":[{"count":2,"href":"https:\/\/agora.xtec.cat\/escolaponent\/wp-json\/wp\/v2\/pages\/20171\/revisions"}],"predecessor-version":[{"id":20177,"href":"https:\/\/agora.xtec.cat\/escolaponent\/wp-json\/wp\/v2\/pages\/20171\/revisions\/20177"}],"wp:attachment":[{"href":"https:\/\/agora.xtec.cat\/escolaponent\/wp-json\/wp\/v2\/media?parent=20171"}],"curies":[{"name":"wp","href":"https:\/\/api.w.org\/{rel}","templated":true}]}}