{"id":20150,"date":"2025-11-18T21:00:46","date_gmt":"2025-11-18T20:00:46","guid":{"rendered":"https:\/\/agora.xtec.cat\/escolaponent\/?page_id=20150"},"modified":"2025-11-18T21:00:46","modified_gmt":"2025-11-18T20:00:46","slug":"metodologia-primaria","status":"publish","type":"page","link":"https:\/\/agora.xtec.cat\/escolaponent\/metodologia-primaria\/","title":{"rendered":"Metodologia Prim\u00e0ria"},"content":{"rendered":"<p>A prim\u00e0ria, al nostre centre entenem que aprendre \u00e9s una aventura que els nens i nenes viuen de manera activa i amb sentit. Treballem a partir de la investigaci\u00f3, la creativitat i el treball en equip, adaptant-nos a all\u00f2 que cada alumne necessita i sap fer millor. Ells i elles s\u00f3n els protagonistes, i els ajudem a cr\u00e9ixer tant acad\u00e8micament com emocionalment.<\/p>\n<p><strong>Aprenentatge actiu<\/strong><\/p>\n<p>Els infants aprenen fent com resolent reptes, experimentant i participant en situacions d\u2019aprenentatge reals. Aix\u00f2 els permet entendre els continguts d\u2019una manera pr\u00e0ctica i significativa, molt m\u00e9s enll\u00e0 de memoritzar.<\/p>\n<p data-start=\"657\" data-end=\"877\"><strong>Aprenentatge personalitzat<\/strong><\/p>\n<p data-start=\"657\" data-end=\"877\">Cada alumne t\u00e9 el seu ritme i el seu cam\u00ed. Per aix\u00f2 adaptem activitats i recursos, oferim suport personalitzat quan cal i treballem amb codoc\u00e8ncia. Acompanyem de prop les possibles dificultats i reforcem la confian\u00e7a i l\u2019autonomia de l&#8217;alumnat.<\/p>\n<p data-start=\"657\" data-end=\"877\"><strong>Desenvolupament de compet\u00e8ncies<\/strong><\/p>\n<p data-start=\"657\" data-end=\"877\">A m\u00e9s dels continguts, treballem les habilitats socials i emocionals perqu\u00e8 l&#8217;alumnat aprengui a relacionar-se amb respecte. A m\u00e9s,\u00a0 fem cercles restauratius perqu\u00e8 l\u2019alumnat pugui expressar-se, escoltar i resoldre conflictes de forma constructiva. De la mateixa forma, fomentem la seva autonomia i responsabilitat amb la presa de decisions i iniciativa personal.<\/p>\n<p data-start=\"657\" data-end=\"877\"><strong>Entorn motivador i segur<\/strong><\/p>\n<p data-start=\"657\" data-end=\"877\">Sabem que l&#8217;escola \u00e9s un ambient segur, on cada infant se sent\u00a0 valorat, respectat i escoltat. Fomentem un ambient de confian\u00e7a i motivaci\u00f3, i organitzem els espais perqu\u00e8 tothom hi pugui participar i aprendre amb comoditat.<\/p>\n","protected":false},"excerpt":{"rendered":"<p>A prim\u00e0ria, al nostre centre entenem que aprendre \u00e9s una aventura que els nens i nenes viuen de manera activa i amb sentit. Treballem a partir de la investigaci\u00f3, la creativitat i el treball en equip, adaptant-nos a all\u00f2 que cada alumne necessita i sap fer millor. Ells i elles s\u00f3n els protagonistes, i els [&hellip;]<\/p>\n","protected":false},"author":91,"featured_media":0,"parent":0,"menu_order":0,"comment_status":"closed","ping_status":"closed","template":"","meta":{"_bbp_topic_count":0,"_bbp_reply_count":0,"_bbp_total_topic_count":0,"_bbp_total_reply_count":0,"_bbp_voice_count":0,"_bbp_anonymous_reply_count":0,"_bbp_topic_count_hidden":0,"_bbp_reply_count_hidden":0,"_bbp_forum_subforum_count":0,"site-sidebar-layout":"default","site-content-layout":"","ast-site-content-layout":"default","site-content-style":"default","site-sidebar-style":"default","ast-global-header-display":"","ast-banner-title-visibility":"","ast-main-header-display":"","ast-hfb-above-header-display":"","ast-hfb-below-header-display":"","ast-hfb-mobile-header-display":"","site-post-title":"","ast-breadcrumbs-content":"","ast-featured-img":"","footer-sml-layout":"","theme-transparent-header-meta":"default","adv-header-id-meta":"","stick-header-meta":"","header-above-stick-meta":"","header-main-stick-meta":"","header-below-stick-meta":"","astra-migrate-meta-layouts":"set","ast-page-background-enabled":"default","ast-page-background-meta":{"desktop":{"background-color":"var(--ast-global-color-4)","background-image":"","background-repeat":"repeat","background-position":"center center","background-size":"auto","background-attachment":"scroll","background-type":"","background-media":"","overlay-type":"","overlay-color":"","overlay-opacity":"","overlay-gradient":""},"tablet":{"background-color":"","background-image":"","background-repeat":"repeat","background-position":"center center","background-size":"auto","background-attachment":"scroll","background-type":"","background-media":"","overlay-type":"","overlay-color":"","overlay-opacity":"","overlay-gradient":""},"mobile":{"background-color":"","background-image":"","background-repeat":"repeat","background-position":"center center","background-size":"auto","background-attachment":"scroll","background-type":"","background-media":"","overlay-type":"","overlay-color":"","overlay-opacity":"","overlay-gradient":""}},"ast-content-background-meta":{"desktop":{"background-color":"var(--ast-global-color-5)","background-image":"","background-repeat":"repeat","background-position":"center center","background-size":"auto","background-attachment":"scroll","background-type":"","background-media":"","overlay-type":"","overlay-color":"","overlay-opacity":"","overlay-gradient":""},"tablet":{"background-color":"var(--ast-global-color-5)","background-image":"","background-repeat":"repeat","background-position":"center center","background-size":"auto","background-attachment":"scroll","background-type":"","background-media":"","overlay-type":"","overlay-color":"","overlay-opacity":"","overlay-gradient":""},"mobile":{"background-color":"var(--ast-global-color-5)","background-image":"","background-repeat":"repeat","background-position":"center center","background-size":"auto","background-attachment":"scroll","background-type":"","background-media":"","overlay-type":"","overlay-color":"","overlay-opacity":"","overlay-gradient":""}},"footnotes":""},"class_list":["post-20150","page","type-page","status-publish","hentry"],"post_mailing_queue_ids":[],"_links":{"self":[{"href":"https:\/\/agora.xtec.cat\/escolaponent\/wp-json\/wp\/v2\/pages\/20150","targetHints":{"allow":["GET"]}}],"collection":[{"href":"https:\/\/agora.xtec.cat\/escolaponent\/wp-json\/wp\/v2\/pages"}],"about":[{"href":"https:\/\/agora.xtec.cat\/escolaponent\/wp-json\/wp\/v2\/types\/page"}],"author":[{"embeddable":true,"href":"https:\/\/agora.xtec.cat\/escolaponent\/wp-json\/wp\/v2\/users\/91"}],"replies":[{"embeddable":true,"href":"https:\/\/agora.xtec.cat\/escolaponent\/wp-json\/wp\/v2\/comments?post=20150"}],"version-history":[{"count":1,"href":"https:\/\/agora.xtec.cat\/escolaponent\/wp-json\/wp\/v2\/pages\/20150\/revisions"}],"predecessor-version":[{"id":20153,"href":"https:\/\/agora.xtec.cat\/escolaponent\/wp-json\/wp\/v2\/pages\/20150\/revisions\/20153"}],"wp:attachment":[{"href":"https:\/\/agora.xtec.cat\/escolaponent\/wp-json\/wp\/v2\/media?parent=20150"}],"curies":[{"name":"wp","href":"https:\/\/api.w.org\/{rel}","templated":true}]}}