{"id":19023,"date":"2025-02-10T21:48:50","date_gmt":"2025-02-10T20:48:50","guid":{"rendered":"https:\/\/agora.xtec.cat\/escolaponent-tarragona\/?page_id=19023"},"modified":"2025-09-20T12:17:22","modified_gmt":"2025-09-20T10:17:22","slug":"equip-huma-2","status":"publish","type":"page","link":"https:\/\/agora.xtec.cat\/escolaponent-tarragona\/lescola\/equip-huma-2\/","title":{"rendered":"Equip hum\u00e0"},"content":{"rendered":"\n<h3 class=\"wp-block-heading has-text-align-left has-ast-global-color-6-color has-text-color has-link-color wp-elements-7ef43d2f5bae3dbc62e5d834b2ca9ace\" id=\"g9651e9623292\">Equip directiu<\/h3>\n\n\n\n<div class=\"wp-block-columns are-vertically-aligned-top is-layout-flex wp-container-core-columns-is-layout-1 wp-block-columns-is-layout-flex\" style=\"border-style:none;border-width:0px;border-radius:0px;margin-top:0;margin-bottom:0;padding-top:0;padding-right:0;padding-bottom:0;padding-left:0\">\n<div class=\"wp-block-column is-vertically-aligned-top is-layout-flow wp-block-column-is-layout-flow\" style=\"flex-basis:200px\"><\/div>\n\n\n\n<div class=\"wp-block-column is-vertically-aligned-top is-layout-flow wp-block-column-is-layout-flow\" style=\"flex-basis:500px\">\n<figure class=\"wp-block-table is-style-stripes\"><table class=\"has-ast-global-color-1-color has-text-color has-link-color has-fixed-layout\"><tbody><tr><td><strong>Directora<\/strong><\/td><td>Ana P\u00e0mies<\/td><\/tr><tr><td><strong>Cap d&#8217;estudis<\/strong><\/td><td>Susana Guijarro<\/td><\/tr><tr><td><strong>Secret\u00e0ria<\/strong><\/td><td>Georgina Boluda<\/td><\/tr><\/tbody><\/table><\/figure>\n<\/div>\n\n\n\n<div class=\"wp-block-column is-vertically-aligned-top is-layout-flow wp-block-column-is-layout-flow\" style=\"flex-basis:200px\"><\/div>\n<\/div>\n\n\n\n<h3 class=\"wp-block-heading has-text-align-left has-ast-global-color-6-color has-text-color has-link-color wp-elements-c1065a1a2fdc6762eaaf9fe23ab53768\" id=\"gfc54db4122cf\">Educaci\u00f3 Infantil<\/h3>\n\n\n\n<div class=\"wp-block-columns are-vertically-aligned-top is-layout-flex wp-container-core-columns-is-layout-2 wp-block-columns-is-layout-flex\" style=\"border-style:none;border-width:0px;border-radius:0px;margin-top:0;margin-bottom:0;padding-top:0;padding-right:0;padding-bottom:0;padding-left:0\">\n<div class=\"wp-block-column is-vertically-aligned-top is-layout-flow wp-block-column-is-layout-flow\" style=\"flex-basis:200px\"><\/div>\n\n\n\n<div class=\"wp-block-column is-vertically-aligned-top is-layout-flow wp-block-column-is-layout-flow\" style=\"flex-basis:500px\">\n<figure class=\"wp-block-table is-style-stripes\"><table class=\"has-ast-global-color-1-color has-text-color has-link-color has-fixed-layout\"><tbody><tr><td><strong>Infantil 3<\/strong><\/td><td>Mireia G.<\/td><\/tr><tr><td><strong>TEEI<\/strong><\/td><td>Eva G.<\/td><\/tr><tr><td><strong>Infantil 4<\/strong><\/td><td>Maria P.<\/td><\/tr><tr><td><strong>Infantil 5<\/strong><\/td><td>Maria C.<\/td><\/tr><tr><td><strong>Refor\u00e7<\/strong><\/td><td>Ana P. <\/td><\/tr><\/tbody><\/table><\/figure>\n<\/div>\n\n\n\n<div class=\"wp-block-column is-vertically-aligned-top is-layout-flow wp-block-column-is-layout-flow\" style=\"flex-basis:200px\"><\/div>\n<\/div>\n\n\n\n<h3 class=\"wp-block-heading has-text-align-left has-ast-global-color-6-color has-text-color has-link-color wp-elements-d2f3eb719be2477227474da0fcb4c774\" id=\"g74e7044bf80c\">Educaci\u00f3 Prim\u00e0ria<\/h3>\n\n\n\n<div class=\"wp-block-columns are-vertically-aligned-top is-layout-flex wp-container-core-columns-is-layout-3 wp-block-columns-is-layout-flex\" style=\"border-style:none;border-width:0px;border-radius:0px;margin-top:0;margin-bottom:0;padding-top:0;padding-right:0;padding-bottom:0;padding-left:0\">\n<div class=\"wp-block-column is-vertically-aligned-top is-layout-flow wp-block-column-is-layout-flow\" style=\"flex-basis:200px\"><\/div>\n\n\n\n<div class=\"wp-block-column is-vertically-aligned-top is-layout-flow wp-block-column-is-layout-flow\" style=\"flex-basis:500px\">\n<figure class=\"wp-block-table is-style-stripes\"><table class=\"has-ast-global-color-1-color has-text-color has-link-color has-fixed-layout\"><tbody><tr><td><strong>1r<\/strong><\/td><td>Ana M.<\/td><\/tr><tr><td><strong>2n<\/strong><\/td><td>Tere A.<\/td><\/tr><tr><td><strong>3r<\/strong><\/td><td>Esther H.<\/td><\/tr><tr><td><strong>4t<\/strong><\/td><td>Elena S.<\/td><\/tr><tr><td><strong>5\u00e8<\/strong><\/td><td>Laura M.<\/td><\/tr><tr><td><strong>6\u00e8<\/strong><\/td><td>Sandra O.<\/td><\/tr><tr><td><strong>Refor\u00e7<\/strong><\/td><td>Dani M., Susana G. i Marian P.<\/td><\/tr><\/tbody><\/table><\/figure>\n<\/div>\n\n\n\n<div class=\"wp-block-column is-vertically-aligned-top is-layout-flow wp-block-column-is-layout-flow\" style=\"flex-basis:200px\"><\/div>\n<\/div>\n\n\n\n<h3 class=\"wp-block-heading has-text-align-left has-ast-global-color-6-color has-text-color has-link-color wp-elements-7cfe4d78da675941160343592eeede4c\" id=\"g74e7044bf80c\">Especialistes<\/h3>\n\n\n\n<div class=\"wp-block-columns are-vertically-aligned-top is-layout-flex wp-container-core-columns-is-layout-4 wp-block-columns-is-layout-flex\" style=\"border-style:none;border-width:0px;border-radius:0px;margin-top:0;margin-bottom:0;padding-top:0;padding-right:0;padding-bottom:0;padding-left:0\">\n<div class=\"wp-block-column is-vertically-aligned-top is-layout-flow wp-block-column-is-layout-flow\" style=\"flex-basis:200px\"><\/div>\n\n\n\n<div class=\"wp-block-column is-vertically-aligned-top is-layout-flow wp-block-column-is-layout-flow\" style=\"flex-basis:500px\">\n<figure class=\"wp-block-table is-style-stripes\"><table class=\"has-ast-global-color-1-color has-text-color has-link-color has-fixed-layout\"><tbody><tr><td><strong>Educaci\u00f3 especial<\/strong><\/td><td>Montse Ll. <\/td><\/tr><tr><td><strong>SIEI<\/strong><\/td><td>Miguel B.<\/td><\/tr><tr><td><strong>EEE<\/strong><\/td><td>Noemi R.<\/td><\/tr><tr><td><strong>Llengua anglesa<\/strong><\/td><td>Llum R. i Tere A.<\/td><\/tr><tr><td><strong>Educaci\u00f3 f\u00edsica<\/strong><\/td><td>Gl\u00f2ria C.<\/td><\/tr><tr><td><strong>Educaci\u00f3 musical<\/strong><\/td><td>Georgina B. <\/td><\/tr><\/tbody><\/table><\/figure>\n<\/div>\n\n\n\n<div class=\"wp-block-column is-vertically-aligned-top is-layout-flow wp-block-column-is-layout-flow\" style=\"flex-basis:200px\"><\/div>\n<\/div>\n\n\n\n<h3 class=\"wp-block-heading has-text-align-left has-ast-global-color-6-color has-text-color has-link-color wp-elements-4434a2ca9271d62db796aa710369a3de\" id=\"gc3af9f6e29c3\">Personal no docent<\/h3>\n\n\n\n<div class=\"wp-block-columns are-vertically-aligned-top is-layout-flex wp-container-core-columns-is-layout-5 wp-block-columns-is-layout-flex\" style=\"border-style:none;border-width:0px;border-radius:0px;margin-top:0;margin-bottom:0;padding-top:0;padding-right:0;padding-bottom:0;padding-left:0\">\n<div class=\"wp-block-column is-vertically-aligned-top is-layout-flow wp-block-column-is-layout-flow\" style=\"flex-basis:200px\"><\/div>\n\n\n\n<div class=\"wp-block-column is-vertically-aligned-top is-layout-flow wp-block-column-is-layout-flow\" style=\"flex-basis:500px\">\n<figure class=\"wp-block-table is-style-stripes\"><table class=\"has-ast-global-color-1-color has-text-color has-link-color has-fixed-layout\"><tbody><tr><td><strong>Conserge<\/strong><\/td><td>Rosa R.<\/td><\/tr><tr><td><strong>TIS<\/strong><\/td><td>Miriam A. <\/td><\/tr><tr><td><strong>Administratiu<\/strong><\/td><td>\u00d3scar G.<\/td><\/tr><\/tbody><\/table><\/figure>\n<\/div>\n\n\n\n<div class=\"wp-block-column is-vertically-aligned-top is-layout-flow wp-block-column-is-layout-flow\" style=\"flex-basis:200px\"><\/div>\n<\/div>\n\n\n<div class=\"has-text-align-right wp-block-post-date__modified-date wp-block-post-date\"><time datetime=\"2025-09-20T12:17:22+02:00\">20 de setembre de 2025<\/time><\/div>","protected":false},"excerpt":{"rendered":"<p>Equip directiu Directora Ana P\u00e0mies Cap d&#8217;estudis Susana Guijarro Secret\u00e0ria Georgina Boluda Educaci\u00f3 Infantil Infantil 3 Mireia G. TEEI Eva [&hellip;]<\/p>\n","protected":false},"author":1,"featured_media":0,"parent":22,"menu_order":0,"comment_status":"closed","ping_status":"close","template":"","meta":{"_bbp_topic_count":0,"_bbp_reply_count":0,"_bbp_total_topic_count":0,"_bbp_total_reply_count":0,"_bbp_voice_count":0,"_bbp_anonymous_reply_count":0,"_bbp_topic_count_hidden":0,"_bbp_reply_count_hidden":0,"_bbp_forum_subforum_count":0,"site-sidebar-layout":"default","site-content-layout":"","ast-site-content-layout":"default","site-content-style":"default","site-sidebar-style":"default","ast-global-header-display":"","ast-banner-title-visibility":"","ast-main-header-display":"","ast-hfb-above-header-display":"","ast-hfb-below-header-display":"","ast-hfb-mobile-header-display":"","site-post-title":"","ast-breadcrumbs-content":"","ast-featured-img":"","footer-sml-layout":"","theme-transparent-header-meta":"","adv-header-id-meta":"","stick-header-meta":"","header-above-stick-meta":"","header-main-stick-meta":"","header-below-stick-meta":"","astra-migrate-meta-layouts":"set","ast-page-background-enabled":"default","ast-page-background-meta":{"desktop":{"background-color":"var(--ast-global-color-4)","background-image":"","background-repeat":"repeat","background-position":"center center","background-size":"auto","background-attachment":"scroll","background-type":"","background-media":"","overlay-type":"","overlay-color":"","overlay-opacity":"","overlay-gradient":""},"tablet":{"background-color":"","background-image":"","background-repeat":"repeat","background-position":"center center","background-size":"auto","background-attachment":"scroll","background-type":"","background-media":"","overlay-type":"","overlay-color":"","overlay-opacity":"","overlay-gradient":""},"mobile":{"background-color":"","background-image":"","background-repeat":"repeat","background-position":"center center","background-size":"auto","background-attachment":"scroll","background-type":"","background-media":"","overlay-type":"","overlay-color":"","overlay-opacity":"","overlay-gradient":""}},"ast-content-background-meta":{"desktop":{"background-color":"var(--ast-global-color-5)","background-image":"","background-repeat":"repeat","background-position":"center center","background-size":"auto","background-attachment":"scroll","background-type":"","background-media":"","overlay-type":"","overlay-color":"","overlay-opacity":"","overlay-gradient":""},"tablet":{"background-color":"var(--ast-global-color-5)","background-image":"","background-repeat":"repeat","background-position":"center center","background-size":"auto","background-attachment":"scroll","background-type":"","background-media":"","overlay-type":"","overlay-color":"","overlay-opacity":"","overlay-gradient":""},"mobile":{"background-color":"var(--ast-global-color-5)","background-image":"","background-repeat":"repeat","background-position":"center center","background-size":"auto","background-attachment":"scroll","background-type":"","background-media":"","overlay-type":"","overlay-color":"","overlay-opacity":"","overlay-gradient":""}},"footnotes":""},"class_list":["post-19023","page","type-page","status-publish","hentry"],"post_mailing_queue_ids":[],"_links":{"self":[{"href":"https:\/\/agora.xtec.cat\/escolaponent-tarragona\/wp-json\/wp\/v2\/pages\/19023","targetHints":{"allow":["GET"]}}],"collection":[{"href":"https:\/\/agora.xtec.cat\/escolaponent-tarragona\/wp-json\/wp\/v2\/pages"}],"about":[{"href":"https:\/\/agora.xtec.cat\/escolaponent-tarragona\/wp-json\/wp\/v2\/types\/page"}],"author":[{"embeddable":true,"href":"https:\/\/agora.xtec.cat\/escolaponent-tarragona\/wp-json\/wp\/v2\/users\/1"}],"replies":[{"embeddable":true,"href":"https:\/\/agora.xtec.cat\/escolaponent-tarragona\/wp-json\/wp\/v2\/comments?post=19023"}],"version-history":[{"count":6,"href":"https:\/\/agora.xtec.cat\/escolaponent-tarragona\/wp-json\/wp\/v2\/pages\/19023\/revisions"}],"predecessor-version":[{"id":19634,"href":"https:\/\/agora.xtec.cat\/escolaponent-tarragona\/wp-json\/wp\/v2\/pages\/19023\/revisions\/19634"}],"up":[{"embeddable":true,"href":"https:\/\/agora.xtec.cat\/escolaponent-tarragona\/wp-json\/wp\/v2\/pages\/22"}],"wp:attachment":[{"href":"https:\/\/agora.xtec.cat\/escolaponent-tarragona\/wp-json\/wp\/v2\/media?parent=19023"}],"curies":[{"name":"wp","href":"https:\/\/api.w.org\/{rel}","templated":true}]}}