{"id":6171,"date":"2019-11-07T11:08:32","date_gmt":"2019-11-07T10:08:32","guid":{"rendered":"http:\/\/agora.xtec.cat\/escolapoblenou\/?page_id=6171"},"modified":"2020-03-24T20:39:43","modified_gmt":"2020-03-24T19:39:43","slug":"xarxes-pel-canvi","status":"publish","type":"page","link":"https:\/\/agora.xtec.cat\/escolapoblenou\/projecte-educatiu\/xarxes-pel-canvi\/","title":{"rendered":"Xarxes per al canvi"},"content":{"rendered":"<p>\u00c9s un programa del Consorci d\u2019Educaci\u00f3 de Barcelona, amb la col\u00b7laboraci\u00f3 de Rosa Sensat, Escola Nova 21 i l\u2019ICE de la Universitat Aut\u00f2noma de Barcelona, que <span class=\"JsGRdQ\">sumen esfor\u00e7os per la innovaci\u00f3, amb el repte que en tres anys tots els centres educatius de la ciutat puguin estar immersos en algun projecte de millora sostenible des del treball en xarxa<\/span>.<\/p>\n<p>Xarxes per al Canvi promou i facilita al centre educatiu la participaci\u00f3 en una xarxa de centres pr\u00f2xima territorialment per tal d\u2019afavorir i compartir la transformaci\u00f3 educativa dins el mateix centre i de forma sist\u00e8mica amb l\u2019entorn.<\/p>\n<p class=\"_04xlpA direction-ltr align-start para-style-body\"><span class=\"JsGRdQ\">La nostra escola forma part de la Xarxa 19. Sant Mart\u00ed, juntament amb les seg\u00fcents escoles:<\/span><\/p>\n<p class=\"_04xlpA direction-ltr align-start para-style-body\"><span class=\"JsGRdQ\">Escola Bac de Roda, Escola Brasil, Escola Catal\u00f2nia, Escola Els Porxos, Escola La Caixa, Institut Infanta Isabel d&#8217;Arag\u00f3, Institut Joan d&#8217;\u00c0ustria i San Francisco.<\/span><\/p>\n<p class=\"_04xlpA direction-ltr align-start para-style-body\"><span class=\"JsGRdQ\">L&#8217;objectiu principal \u00e9s compartir les actuacions i projectes innovadors de cada centre i treballar en xarxa per millorar la qualitat de l&#8217;ensenyament.<\/span><\/p>\n<p><a href=\"https:\/\/agora.xtec.cat\/escolapoblenou\/wp-content\/uploads\/usu1516\/2019\/11\/Captura1.jpg\"><img loading=\"lazy\" decoding=\"async\" class=\"wp-image-6172 size-medium alignnone aligncenter\" src=\"https:\/\/agora.xtec.cat\/escolapoblenou\/wp-content\/uploads\/usu1516\/2019\/11\/Captura1-300x210.jpg\" alt=\"\" width=\"300\" height=\"210\" srcset=\"https:\/\/agora.xtec.cat\/escolapoblenou\/wp-content\/uploads\/usu1516\/2019\/11\/Captura1-300x210.jpg 300w, https:\/\/agora.xtec.cat\/escolapoblenou\/wp-content\/uploads\/usu1516\/2019\/11\/Captura1.jpg 380w\" sizes=\"auto, (max-width: 300px) 100vw, 300px\" \/><\/a><\/p>\n<p><a href=\"http:\/\/transformacioeducativa.cat\/xxcanvi\">Web de Xarxes pel canvi<\/a><\/p>\n","protected":false},"excerpt":{"rendered":"<p>\u00c9s un programa del Consorci d\u2019Educaci\u00f3 de Barcelona, amb la col\u00b7laboraci\u00f3 de Rosa Sensat, Escola Nova 21 i l\u2019ICE de la Universitat Aut\u00f2noma de Barcelona, que sumen esfor\u00e7os per la innovaci\u00f3, amb el repte que en tres anys tots els centres educatius de la ciutat puguin estar immersos en algun projecte de millora sostenible des [&hellip;]<\/p>\n","protected":false},"author":8,"featured_media":0,"parent":64,"menu_order":3,"comment_status":"closed","ping_status":"closed","template":"page-templates\/side-menu.php","meta":{"_bbp_topic_count":0,"_bbp_reply_count":0,"_bbp_total_topic_count":0,"_bbp_total_reply_count":0,"_bbp_voice_count":0,"_bbp_anonymous_reply_count":0,"_bbp_topic_count_hidden":0,"_bbp_reply_count_hidden":0,"_bbp_forum_subforum_count":0,"site-sidebar-layout":"default","site-content-layout":"","ast-site-content-layout":"","site-content-style":"default","site-sidebar-style":"default","ast-global-header-display":"","ast-banner-title-visibility":"","ast-main-header-display":"","ast-hfb-above-header-display":"","ast-hfb-below-header-display":"","ast-hfb-mobile-header-display":"","site-post-title":"","ast-breadcrumbs-content":"","ast-featured-img":"","footer-sml-layout":"","theme-transparent-header-meta":"","adv-header-id-meta":"","stick-header-meta":"","header-above-stick-meta":"","header-main-stick-meta":"","header-below-stick-meta":"","astra-migrate-meta-layouts":"default","ast-page-background-enabled":"default","ast-page-background-meta":{"desktop":{"background-color":"var(--ast-global-color-4)","background-image":"","background-repeat":"repeat","background-position":"center center","background-size":"auto","background-attachment":"scroll","background-type":"","background-media":"","overlay-type":"","overlay-color":"","overlay-opacity":"","overlay-gradient":""},"tablet":{"background-color":"","background-image":"","background-repeat":"repeat","background-position":"center center","background-size":"auto","background-attachment":"scroll","background-type":"","background-media":"","overlay-type":"","overlay-color":"","overlay-opacity":"","overlay-gradient":""},"mobile":{"background-color":"","background-image":"","background-repeat":"repeat","background-position":"center center","background-size":"auto","background-attachment":"scroll","background-type":"","background-media":"","overlay-type":"","overlay-color":"","overlay-opacity":"","overlay-gradient":""}},"ast-content-background-meta":{"desktop":{"background-color":"var(--ast-global-color-5)","background-image":"","background-repeat":"repeat","background-position":"center center","background-size":"auto","background-attachment":"scroll","background-type":"","background-media":"","overlay-type":"","overlay-color":"","overlay-opacity":"","overlay-gradient":""},"tablet":{"background-color":"var(--ast-global-color-5)","background-image":"","background-repeat":"repeat","background-position":"center center","background-size":"auto","background-attachment":"scroll","background-type":"","background-media":"","overlay-type":"","overlay-color":"","overlay-opacity":"","overlay-gradient":""},"mobile":{"background-color":"var(--ast-global-color-5)","background-image":"","background-repeat":"repeat","background-position":"center center","background-size":"auto","background-attachment":"scroll","background-type":"","background-media":"","overlay-type":"","overlay-color":"","overlay-opacity":"","overlay-gradient":""}},"footnotes":""},"class_list":["post-6171","page","type-page","status-publish","hentry"],"post_mailing_queue_ids":[],"_links":{"self":[{"href":"https:\/\/agora.xtec.cat\/escolapoblenou\/wp-json\/wp\/v2\/pages\/6171","targetHints":{"allow":["GET"]}}],"collection":[{"href":"https:\/\/agora.xtec.cat\/escolapoblenou\/wp-json\/wp\/v2\/pages"}],"about":[{"href":"https:\/\/agora.xtec.cat\/escolapoblenou\/wp-json\/wp\/v2\/types\/page"}],"author":[{"embeddable":true,"href":"https:\/\/agora.xtec.cat\/escolapoblenou\/wp-json\/wp\/v2\/users\/8"}],"replies":[{"embeddable":true,"href":"https:\/\/agora.xtec.cat\/escolapoblenou\/wp-json\/wp\/v2\/comments?post=6171"}],"version-history":[{"count":3,"href":"https:\/\/agora.xtec.cat\/escolapoblenou\/wp-json\/wp\/v2\/pages\/6171\/revisions"}],"predecessor-version":[{"id":6836,"href":"https:\/\/agora.xtec.cat\/escolapoblenou\/wp-json\/wp\/v2\/pages\/6171\/revisions\/6836"}],"up":[{"embeddable":true,"href":"https:\/\/agora.xtec.cat\/escolapoblenou\/wp-json\/wp\/v2\/pages\/64"}],"wp:attachment":[{"href":"https:\/\/agora.xtec.cat\/escolapoblenou\/wp-json\/wp\/v2\/media?parent=6171"}],"curies":[{"name":"wp","href":"https:\/\/api.w.org\/{rel}","templated":true}]}}