{"id":6153,"date":"2019-11-06T12:37:12","date_gmt":"2019-11-06T11:37:12","guid":{"rendered":"http:\/\/agora.xtec.cat\/escolapoblenou\/?page_id=6153"},"modified":"2020-03-24T20:41:08","modified_gmt":"2020-03-24T19:41:08","slug":"123-emocio","status":"publish","type":"page","link":"https:\/\/agora.xtec.cat\/escolapoblenou\/projecte-educatiu\/123-emocio\/","title":{"rendered":"1,2,3, Emoci\u00f3"},"content":{"rendered":"<p>Programa promogut per l\u2019Ag\u00e8ncia de Salut P\u00fablica de Barcelona que t\u00e9 por objectiu la promoci\u00f3 de la salut i la prevenci\u00f3 de conductes de risc mitjan\u00e7ant el desenvolupament de compet\u00e8ncies emocionals dels infants del segon cicle d\u2019educaci\u00f3 infantil (P3, P4 i P5). Al llarg de sis unitats tem\u00e0tiques (pertinen\u00e7a, autoestima, amistat, reptes, just\u00edcia i assetjament, i canvis, p\u00e8rdua i mort) es treballen cinc compet\u00e8ncies emocionals: consci\u00e8ncia emocional, regulaci\u00f3 emocional, autonomia emocional, compet\u00e8ncia social i habilitats de vida i benestar.<br \/>\n<a href=\"https:\/\/www.edubcn.cat\/rcs_gene\/extra\/05_convocatoria_unificada_programes\/2019_2020\/B0701_1_2_3_EMOCIO_DESCRIPTIVA.pdf\" target=\"_blank\" rel=\"noopener noreferrer\"><img loading=\"lazy\" decoding=\"async\" class=\"aligncenter wp-image-6154 size-full\" src=\"https:\/\/agora.xtec.cat\/escolapoblenou\/wp-content\/uploads\/usu1516\/2019\/11\/Captura.png\" alt=\"\" width=\"620\" height=\"333\" srcset=\"https:\/\/agora.xtec.cat\/escolapoblenou\/wp-content\/uploads\/usu1516\/2019\/11\/Captura.png 620w, https:\/\/agora.xtec.cat\/escolapoblenou\/wp-content\/uploads\/usu1516\/2019\/11\/Captura-300x161.png 300w\" sizes=\"auto, (max-width: 620px) 100vw, 620px\" \/><\/a><\/p>\n","protected":false},"excerpt":{"rendered":"<p>Programa promogut per l\u2019Ag\u00e8ncia de Salut P\u00fablica de Barcelona que t\u00e9 por objectiu la promoci\u00f3 de la salut i la prevenci\u00f3 de conductes de risc mitjan\u00e7ant el desenvolupament de compet\u00e8ncies emocionals dels infants del segon cicle d\u2019educaci\u00f3 infantil (P3, P4 i P5). Al llarg de sis unitats tem\u00e0tiques (pertinen\u00e7a, autoestima, amistat, reptes, just\u00edcia i assetjament, [&hellip;]<\/p>\n","protected":false},"author":8,"featured_media":0,"parent":64,"menu_order":6,"comment_status":"closed","ping_status":"closed","template":"page-templates\/side-menu.php","meta":{"_bbp_topic_count":0,"_bbp_reply_count":0,"_bbp_total_topic_count":0,"_bbp_total_reply_count":0,"_bbp_voice_count":0,"_bbp_anonymous_reply_count":0,"_bbp_topic_count_hidden":0,"_bbp_reply_count_hidden":0,"_bbp_forum_subforum_count":0,"site-sidebar-layout":"default","site-content-layout":"","ast-site-content-layout":"","site-content-style":"default","site-sidebar-style":"default","ast-global-header-display":"","ast-banner-title-visibility":"","ast-main-header-display":"","ast-hfb-above-header-display":"","ast-hfb-below-header-display":"","ast-hfb-mobile-header-display":"","site-post-title":"","ast-breadcrumbs-content":"","ast-featured-img":"","footer-sml-layout":"","theme-transparent-header-meta":"","adv-header-id-meta":"","stick-header-meta":"","header-above-stick-meta":"","header-main-stick-meta":"","header-below-stick-meta":"","astra-migrate-meta-layouts":"default","ast-page-background-enabled":"default","ast-page-background-meta":{"desktop":{"background-color":"var(--ast-global-color-4)","background-image":"","background-repeat":"repeat","background-position":"center center","background-size":"auto","background-attachment":"scroll","background-type":"","background-media":"","overlay-type":"","overlay-color":"","overlay-opacity":"","overlay-gradient":""},"tablet":{"background-color":"","background-image":"","background-repeat":"repeat","background-position":"center center","background-size":"auto","background-attachment":"scroll","background-type":"","background-media":"","overlay-type":"","overlay-color":"","overlay-opacity":"","overlay-gradient":""},"mobile":{"background-color":"","background-image":"","background-repeat":"repeat","background-position":"center center","background-size":"auto","background-attachment":"scroll","background-type":"","background-media":"","overlay-type":"","overlay-color":"","overlay-opacity":"","overlay-gradient":""}},"ast-content-background-meta":{"desktop":{"background-color":"var(--ast-global-color-5)","background-image":"","background-repeat":"repeat","background-position":"center center","background-size":"auto","background-attachment":"scroll","background-type":"","background-media":"","overlay-type":"","overlay-color":"","overlay-opacity":"","overlay-gradient":""},"tablet":{"background-color":"var(--ast-global-color-5)","background-image":"","background-repeat":"repeat","background-position":"center center","background-size":"auto","background-attachment":"scroll","background-type":"","background-media":"","overlay-type":"","overlay-color":"","overlay-opacity":"","overlay-gradient":""},"mobile":{"background-color":"var(--ast-global-color-5)","background-image":"","background-repeat":"repeat","background-position":"center center","background-size":"auto","background-attachment":"scroll","background-type":"","background-media":"","overlay-type":"","overlay-color":"","overlay-opacity":"","overlay-gradient":""}},"footnotes":""},"class_list":["post-6153","page","type-page","status-publish","hentry"],"post_mailing_queue_ids":[],"_links":{"self":[{"href":"https:\/\/agora.xtec.cat\/escolapoblenou\/wp-json\/wp\/v2\/pages\/6153","targetHints":{"allow":["GET"]}}],"collection":[{"href":"https:\/\/agora.xtec.cat\/escolapoblenou\/wp-json\/wp\/v2\/pages"}],"about":[{"href":"https:\/\/agora.xtec.cat\/escolapoblenou\/wp-json\/wp\/v2\/types\/page"}],"author":[{"embeddable":true,"href":"https:\/\/agora.xtec.cat\/escolapoblenou\/wp-json\/wp\/v2\/users\/8"}],"replies":[{"embeddable":true,"href":"https:\/\/agora.xtec.cat\/escolapoblenou\/wp-json\/wp\/v2\/comments?post=6153"}],"version-history":[{"count":2,"href":"https:\/\/agora.xtec.cat\/escolapoblenou\/wp-json\/wp\/v2\/pages\/6153\/revisions"}],"predecessor-version":[{"id":6837,"href":"https:\/\/agora.xtec.cat\/escolapoblenou\/wp-json\/wp\/v2\/pages\/6153\/revisions\/6837"}],"up":[{"embeddable":true,"href":"https:\/\/agora.xtec.cat\/escolapoblenou\/wp-json\/wp\/v2\/pages\/64"}],"wp:attachment":[{"href":"https:\/\/agora.xtec.cat\/escolapoblenou\/wp-json\/wp\/v2\/media?parent=6153"}],"curies":[{"name":"wp","href":"https:\/\/api.w.org\/{rel}","templated":true}]}}